{"id":1114,"date":"2018-04-12T22:25:29","date_gmt":"2018-04-13T05:25:29","guid":{"rendered":"https:\/\/www.bentleymore.com\/?page_id=1114"},"modified":"2026-02-26T08:00:07","modified_gmt":"2026-02-26T15:00:07","slug":"resenas","status":"publish","type":"page","link":"https:\/\/www.bentleymore.com\/es\/reviews\/","title":{"rendered":"Opiniones"},"content":{"rendered":"<div class=\"review-container\">\n<h2>Valoramos tus comentarios<\/h2>\n<h3>Si te ha gustado nuestro servicio, comparte tu experiencia con otras personas<\/h3>\n<div class=\"review-left\"><img decoding=\"async\" src=\"\/wp-content\/uploads\/2018\/04\/yelp_logo.png\" \/><br \/>\n<a class=\"review-button\" href=\"https:\/\/www.yelp.com\/writeareview\/biz\/qmYO7e_IzHbrj3MBvd5IiA?return_url=%2Fbiz%2FqmYO7e_IzHbrj3MBvd5IiA&amp;source=biz_details_war_button\" target=\"_blank\" rel=\"noopener\">HAGA CLIC AQU\u00cd PARA DEJARNOS UNA OPINI\u00d3N EN YELP<\/a><\/div>\n<div class=\"review-right\"><img decoding=\"async\" src=\"https:\/\/www.bentleymore.com\/wp-content\/uploads\/2018\/04\/google_logo.png\" \/><br \/>\n<a class=\"review-button\" href=\"http:\/\/search.google.com\/local\/writereview?placeid=ChIJrd9bxobe3IARsCRyS60tCtY\" target=\"_blank\" rel=\"noopener\">HAGA CLIC AQU\u00cd PARA DEJARNOS UNA OPINI\u00d3N EN GOOGLE<\/a><\/div>\n<div class=\"review-bottom\"><img decoding=\"async\" src=\"\/wp-content\/uploads\/2018\/04\/facebook_logo.png\" \/><br \/>\n<a class=\"review-button\" href=\"https:\/\/www.facebook.com\/pg\/BentleyMoreLLP\/reviews\/?ref=page_internal\" target=\"_blank\" rel=\"noopener\">HAGA CLIC AQU\u00cd PARA DEJARNOS UNA OPINI\u00d3N EN FACEBOOK<\/a><\/div>\n<div class=\"wistia-review\">\n<p style=\"text-align: center; margin: 0; padding: 0;\">MIRA ESTE V\u00cdDEO SOBRE C\u00d3MO ESCRIBIR UNA OPINI\u00d3N EN GOOGLE<\/p>\n<p><script src=\"\/\/fast.wistia.com\/embed\/medias\/uptwyj8l7a.jsonp\" async><\/script><br \/>\n<script src=\"\/\/fast.wistia.com\/assets\/external\/E-v1.js\" async><\/script><\/p>\n<div class=\"wistia_responsive_padding\" style=\"padding: 56.25% 0 0 0; position: relative;\">\n<div class=\"wistia_responsive_wrapper\" style=\"height: 100%; left: 0; position: absolute; top: 0; width: 100%;\">\n<div class=\"wistia_embed wistia_async_uptwyj8l7a videoFoam=true\" style=\"height: 100%; width: 100%;\"><\/div>\n<\/div>\n<\/div>\n<\/div>\n<\/div>","protected":false},"excerpt":{"rendered":"<p>We value your feedback If you liked our service please tell others about your experience CLICK HERE TO REVIEW US ON YELP CLICK HERE TO REVIEW US ON GOOGLE CLICK HERE TO REVIEW US ON FACEBOOK WATCH THIS VIDEO ON HOW TO WRITE A REVIEW ON GOOGLE<\/p>","protected":false},"author":4,"featured_media":0,"parent":0,"menu_order":0,"comment_status":"closed","ping_status":"closed","template":"","meta":{"_acf_changed":false,"footnotes":""},"class_list":["post-1114","page","type-page","status-publish","hentry"],"acf":[],"yoast_head":"<!-- This site is optimized with the Yoast SEO Premium plugin v26.7 (Yoast SEO v27.4) - https:\/\/yoast.com\/product\/yoast-seo-premium-wordpress\/ -->\n<title>Reviews &amp; Client Testimonials - Bentley &amp; More LLP<\/title>\n<meta name=\"description\" content=\"Read client reviews of Bentley &amp; More LLP. See how our trial lawyers fight for justice in personal injury &amp; workers\u2019 comp cases. Share your story today.\" \/>\n<meta name=\"robots\" content=\"index, follow, max-snippet:-1, max-image-preview:large, max-video-preview:-1\" \/>\n<link rel=\"canonical\" href=\"https:\/\/www.bentleymore.com\/es\/resenas\/\" \/>\n<meta property=\"og:locale\" content=\"es_MX\" \/>\n<meta property=\"og:type\" content=\"article\" \/>\n<meta property=\"og:title\" content=\"Reviews\" \/>\n<meta property=\"og:description\" content=\"Read client reviews of Bentley &amp; More LLP. See how our trial lawyers fight for justice in personal injury &amp; workers\u2019 comp cases. Share your story today.\" \/>\n<meta property=\"og:url\" content=\"https:\/\/www.bentleymore.com\/es\/resenas\/\" \/>\n<meta property=\"og:site_name\" content=\"Bentley &amp; More LLP\" \/>\n<meta property=\"article:publisher\" content=\"https:\/\/www.facebook.com\/BentleyMoreLLP\/\" \/>\n<meta property=\"article:modified_time\" content=\"2026-02-26T15:00:07+00:00\" \/>\n<meta property=\"og:image\" content=\"https:\/\/www.bentleymore.com\/wp-content\/uploads\/2018\/04\/google_logo.png\" \/>\n<meta name=\"twitter:card\" content=\"summary_large_image\" \/>\n<meta name=\"twitter:site\" content=\"@bentleymore\" \/>\n<meta name=\"twitter:label1\" content=\"Tiempo de lectura\" \/>\n\t<meta name=\"twitter:data1\" content=\"1 minuto\" \/>\n<script type=\"application\/ld+json\" class=\"yoast-schema-graph\">{\"@context\":\"https:\\\/\\\/schema.org\",\"@graph\":[{\"@type\":\"WebPage\",\"@id\":\"https:\\\/\\\/www.bentleymore.com\\\/reviews\\\/\",\"url\":\"https:\\\/\\\/www.bentleymore.com\\\/reviews\\\/\",\"name\":\"Reviews & Client Testimonials - Bentley & More LLP\",\"isPartOf\":{\"@id\":\"https:\\\/\\\/www.bentleymore.com\\\/#website\"},\"primaryImageOfPage\":{\"@id\":\"https:\\\/\\\/www.bentleymore.com\\\/reviews\\\/#primaryimage\"},\"image\":{\"@id\":\"https:\\\/\\\/www.bentleymore.com\\\/reviews\\\/#primaryimage\"},\"thumbnailUrl\":\"https:\\\/\\\/www.bentleymore.com\\\/wp-content\\\/uploads\\\/2018\\\/04\\\/google_logo.png\",\"datePublished\":\"2018-04-13T05:25:29+00:00\",\"dateModified\":\"2026-02-26T15:00:07+00:00\",\"description\":\"Read client reviews of Bentley & More LLP. See how our trial lawyers fight for justice in personal injury & workers\u2019 comp cases. Share your story today.\",\"breadcrumb\":{\"@id\":\"https:\\\/\\\/www.bentleymore.com\\\/reviews\\\/#breadcrumb\"},\"inLanguage\":\"es\",\"potentialAction\":[{\"@type\":\"ReadAction\",\"target\":[\"https:\\\/\\\/www.bentleymore.com\\\/reviews\\\/\"]}]},{\"@type\":\"ImageObject\",\"inLanguage\":\"es\",\"@id\":\"https:\\\/\\\/www.bentleymore.com\\\/reviews\\\/#primaryimage\",\"url\":\"https:\\\/\\\/www.bentleymore.com\\\/wp-content\\\/uploads\\\/2018\\\/04\\\/google_logo.png\",\"contentUrl\":\"https:\\\/\\\/www.bentleymore.com\\\/wp-content\\\/uploads\\\/2018\\\/04\\\/google_logo.png\"},{\"@type\":\"BreadcrumbList\",\"@id\":\"https:\\\/\\\/www.bentleymore.com\\\/reviews\\\/#breadcrumb\",\"itemListElement\":[{\"@type\":\"ListItem\",\"position\":1,\"name\":\"Home\",\"item\":\"https:\\\/\\\/www.bentleymore.com\\\/\"},{\"@type\":\"ListItem\",\"position\":2,\"name\":\"Reviews\"}]},{\"@type\":\"WebSite\",\"@id\":\"https:\\\/\\\/www.bentleymore.com\\\/#website\",\"url\":\"https:\\\/\\\/www.bentleymore.com\\\/\",\"name\":\"Bentley & More LLP\",\"description\":\"Real Trial Lawyers\",\"publisher\":{\"@id\":\"https:\\\/\\\/www.bentleymore.com\\\/#organization\"},\"alternateName\":\"Bentley & More\",\"potentialAction\":[{\"@type\":\"SearchAction\",\"target\":{\"@type\":\"EntryPoint\",\"urlTemplate\":\"https:\\\/\\\/www.bentleymore.com\\\/?s={search_term_string}\"},\"query-input\":{\"@type\":\"PropertyValueSpecification\",\"valueRequired\":true,\"valueName\":\"search_term_string\"}}],\"inLanguage\":\"es\"},{\"@type\":\"Organization\",\"@id\":\"https:\\\/\\\/www.bentleymore.com\\\/#organization\",\"name\":\"Bentley & More LLP\",\"alternateName\":\"Bentley & More\",\"url\":\"https:\\\/\\\/www.bentleymore.com\\\/\",\"logo\":{\"@type\":\"ImageObject\",\"inLanguage\":\"es\",\"@id\":\"https:\\\/\\\/www.bentleymore.com\\\/#\\\/schema\\\/logo\\\/image\\\/\",\"url\":\"https:\\\/\\\/www.bentleymore.com\\\/wp-content\\\/uploads\\\/2023\\\/04\\\/logo.png\",\"contentUrl\":\"https:\\\/\\\/www.bentleymore.com\\\/wp-content\\\/uploads\\\/2023\\\/04\\\/logo.png\",\"width\":462,\"height\":109,\"caption\":\"Bentley & More LLP\"},\"image\":{\"@id\":\"https:\\\/\\\/www.bentleymore.com\\\/#\\\/schema\\\/logo\\\/image\\\/\"},\"sameAs\":[\"https:\\\/\\\/www.facebook.com\\\/BentleyMoreLLP\\\/\",\"https:\\\/\\\/x.com\\\/bentleymore\",\"https:\\\/\\\/www.instagram.com\\\/bentleyandmorellp\\\/\",\"https:\\\/\\\/www.yelp.com\\\/biz\\\/bentley-and-more-irvine\",\"https:\\\/\\\/www.linkedin.com\\\/company\\\/bentley-&-more-llp\\\/\",\"https:\\\/\\\/maps.app.goo.gl\\\/RZrMqUo474ugpWBRA\",\"https:\\\/\\\/www.bestlawyers.com\\\/firms\\\/bentley-more-llp\\\/75461\\\/US\",\"https:\\\/\\\/www.orangecountylawyers.com\\\/attorneys\\\/bentley-more-llp\\\/\",\"https:\\\/\\\/profiles.superlawyers.com\\\/california\\\/newport-beach\\\/lawfirm\\\/bentley-and-more-llp\\\/ce1e2f49-0a84-468f-bc17-eade2a364682.html\",\"https:\\\/\\\/uphelp.org\\\/sponsors\\\/bentley-more-llp\\\/\",\"https:\\\/\\\/law.usnews.com\\\/law-firms\\\/bentley-&-more-llp-160536\",\"https:\\\/\\\/www.martindale.com\\\/organization\\\/bentley-more-llp-158828293\\\/newport-beach-california-161028413-f\\\/\",\"https:\\\/\\\/lawyers.findlaw.com\\\/profile\\\/lawfirm\\\/bentley--more-llp\\\/ca\\\/newport-beach\\\/NTAwMzkxM18x\",\"https:\\\/\\\/www.bestlawfirms.com\\\/firms\\\/bentley-more-llp\\\/75461\\\/US\",\"https:\\\/\\\/natlawreview.com\\\/organization\\\/bentley-more-llp\",\"https:\\\/\\\/bentley-more-llp.wheree.com\\\/\",\"https:\\\/\\\/www.callupcontact.com\\\/b\\\/businessprofile\\\/Bentley_amp_More_LLP\\\/9968345\"],\"telephone\":\"+19498703800\",\"legalName\":\"Bentley & More LLP\"}]}<\/script>\n<!-- \/ Yoast SEO Premium plugin. -->","yoast_head_json":{"title":"Opiniones y testimonios de clientes - Bentley &amp; More LLP","description":"Lee las opiniones de los clientes sobre Bentley &amp; More LLP. Descubre c\u00f3mo nuestros abogados litigantes luchan por la justicia en casos de lesiones personales y de indemnizaci\u00f3n laboral. Comparte tu historia hoy mismo.","robots":{"index":"index","follow":"follow","max-snippet":"max-snippet:-1","max-image-preview":"max-image-preview:large","max-video-preview":"max-video-preview:-1"},"canonical":"https:\/\/www.bentleymore.com\/es\/resenas\/","og_locale":"es_MX","og_type":"article","og_title":"Reviews","og_description":"Read client reviews of Bentley & More LLP. See how our trial lawyers fight for justice in personal injury & workers\u2019 comp cases. Share your story today.","og_url":"https:\/\/www.bentleymore.com\/es\/resenas\/","og_site_name":"Bentley &amp; More LLP","article_publisher":"https:\/\/www.facebook.com\/BentleyMoreLLP\/","article_modified_time":"2026-02-26T15:00:07+00:00","og_image":[{"url":"https:\/\/www.bentleymore.com\/wp-content\/uploads\/2018\/04\/google_logo.png","type":"","width":"","height":""}],"twitter_card":"summary_large_image","twitter_site":"@bentleymore","twitter_misc":{"Tiempo de lectura":"1 minuto"},"schema":{"@context":"https:\/\/schema.org","@graph":[{"@type":"WebPage","@id":"https:\/\/www.bentleymore.com\/reviews\/","url":"https:\/\/www.bentleymore.com\/reviews\/","name":"Opiniones y testimonios de clientes - Bentley &amp; More LLP","isPartOf":{"@id":"https:\/\/www.bentleymore.com\/#website"},"primaryImageOfPage":{"@id":"https:\/\/www.bentleymore.com\/reviews\/#primaryimage"},"image":{"@id":"https:\/\/www.bentleymore.com\/reviews\/#primaryimage"},"thumbnailUrl":"https:\/\/www.bentleymore.com\/wp-content\/uploads\/2018\/04\/google_logo.png","datePublished":"2018-04-13T05:25:29+00:00","dateModified":"2026-02-26T15:00:07+00:00","description":"Lee las opiniones de los clientes sobre Bentley &amp; More LLP. Descubre c\u00f3mo nuestros abogados litigantes luchan por la justicia en casos de lesiones personales y de indemnizaci\u00f3n laboral. Comparte tu historia hoy mismo.","breadcrumb":{"@id":"https:\/\/www.bentleymore.com\/reviews\/#breadcrumb"},"inLanguage":"es","potentialAction":[{"@type":"ReadAction","target":["https:\/\/www.bentleymore.com\/reviews\/"]}]},{"@type":"ImageObject","inLanguage":"es","@id":"https:\/\/www.bentleymore.com\/reviews\/#primaryimage","url":"https:\/\/www.bentleymore.com\/wp-content\/uploads\/2018\/04\/google_logo.png","contentUrl":"https:\/\/www.bentleymore.com\/wp-content\/uploads\/2018\/04\/google_logo.png"},{"@type":"BreadcrumbList","@id":"https:\/\/www.bentleymore.com\/reviews\/#breadcrumb","itemListElement":[{"@type":"ListItem","position":1,"name":"Home","item":"https:\/\/www.bentleymore.com\/"},{"@type":"ListItem","position":2,"name":"Reviews"}]},{"@type":"WebSite","@id":"https:\/\/www.bentleymore.com\/#website","url":"https:\/\/www.bentleymore.com\/","name":"Bentley &amp; More LLP","description":"Abogados litigantes de verdad","publisher":{"@id":"https:\/\/www.bentleymore.com\/#organization"},"alternateName":"Bentley & More","potentialAction":[{"@type":"SearchAction","target":{"@type":"EntryPoint","urlTemplate":"https:\/\/www.bentleymore.com\/?s={search_term_string}"},"query-input":{"@type":"PropertyValueSpecification","valueRequired":true,"valueName":"search_term_string"}}],"inLanguage":"es"},{"@type":"Organization","@id":"https:\/\/www.bentleymore.com\/#organization","name":"Bentley &amp; More LLP","alternateName":"Bentley & More","url":"https:\/\/www.bentleymore.com\/","logo":{"@type":"ImageObject","inLanguage":"es","@id":"https:\/\/www.bentleymore.com\/#\/schema\/logo\/image\/","url":"https:\/\/www.bentleymore.com\/wp-content\/uploads\/2023\/04\/logo.png","contentUrl":"https:\/\/www.bentleymore.com\/wp-content\/uploads\/2023\/04\/logo.png","width":462,"height":109,"caption":"Bentley & More LLP"},"image":{"@id":"https:\/\/www.bentleymore.com\/#\/schema\/logo\/image\/"},"sameAs":["https:\/\/www.facebook.com\/BentleyMoreLLP\/","https:\/\/x.com\/bentleymore","https:\/\/www.instagram.com\/bentleyandmorellp\/","https:\/\/www.yelp.com\/biz\/bentley-and-more-irvine","https:\/\/www.linkedin.com\/company\/bentley-&-more-llp\/","https:\/\/maps.app.goo.gl\/RZrMqUo474ugpWBRA","https:\/\/www.bestlawyers.com\/firms\/bentley-more-llp\/75461\/US","https:\/\/www.orangecountylawyers.com\/attorneys\/bentley-more-llp\/","https:\/\/profiles.superlawyers.com\/california\/newport-beach\/lawfirm\/bentley-and-more-llp\/ce1e2f49-0a84-468f-bc17-eade2a364682.html","https:\/\/uphelp.org\/sponsors\/bentley-more-llp\/","https:\/\/law.usnews.com\/law-firms\/bentley-&-more-llp-160536","https:\/\/www.martindale.com\/organization\/bentley-more-llp-158828293\/newport-beach-california-161028413-f\/","https:\/\/lawyers.findlaw.com\/profile\/lawfirm\/bentley--more-llp\/ca\/newport-beach\/NTAwMzkxM18x","https:\/\/www.bestlawfirms.com\/firms\/bentley-more-llp\/75461\/US","https:\/\/natlawreview.com\/organization\/bentley-more-llp","https:\/\/bentley-more-llp.wheree.com\/","https:\/\/www.callupcontact.com\/b\/businessprofile\/Bentley_amp_More_LLP\/9968345"],"telephone":"+19498703800","legalName":"Bentley & More LLP"}]}},"_links":{"self":[{"href":"https:\/\/www.bentleymore.com\/es\/wp-json\/wp\/v2\/pages\/1114","targetHints":{"allow":["GET"]}}],"collection":[{"href":"https:\/\/www.bentleymore.com\/es\/wp-json\/wp\/v2\/pages"}],"about":[{"href":"https:\/\/www.bentleymore.com\/es\/wp-json\/wp\/v2\/types\/page"}],"author":[{"embeddable":true,"href":"https:\/\/www.bentleymore.com\/es\/wp-json\/wp\/v2\/users\/4"}],"replies":[{"embeddable":true,"href":"https:\/\/www.bentleymore.com\/es\/wp-json\/wp\/v2\/comments?post=1114"}],"version-history":[{"count":1,"href":"https:\/\/www.bentleymore.com\/es\/wp-json\/wp\/v2\/pages\/1114\/revisions"}],"predecessor-version":[{"id":7314,"href":"https:\/\/www.bentleymore.com\/es\/wp-json\/wp\/v2\/pages\/1114\/revisions\/7314"}],"wp:attachment":[{"href":"https:\/\/www.bentleymore.com\/es\/wp-json\/wp\/v2\/media?parent=1114"}],"curies":[{"name":"wp","href":"https:\/\/api.w.org\/{rel}","templated":true}]}}