{"id":1329,"date":"2025-10-15T11:07:11","date_gmt":"2025-10-15T18:07:11","guid":{"rendered":"https:\/\/www.bentleymore.com\/?page_id=1329"},"modified":"2026-03-04T22:30:53","modified_gmt":"2026-03-05T05:30:53","slug":"abogado-especializado-en-explosiones-de-cigarrillos-electronicos-en-san-bernardino","status":"publish","type":"page","link":"https:\/\/www.bentleymore.com\/es\/san-bernardino-ecigarette-explosion-lawyer\/","title":{"rendered":"Abogado especializado en explosiones de cigarrillos electr\u00f3nicos San Bernardino"},"content":{"rendered":"<h2 data-pm-slice=\"1 1 []\"><span class=\"ez-toc-section\" id=\"e-cigarette-explosion-attorney-in-san-bernardino-ca\"><\/span><span data-sheets-root=\"1\">Abogado especializado en explosiones de cigarrillos electr\u00f3nicos en San Bernardino, California<\/span><span class=\"ez-toc-section-end\"><\/span><\/h2>\n<p data-pm-slice=\"1 1 []\">Los cigarrillos electr\u00f3nicos, o e-cigarrillos, pueden ser peligrosos para los consumidores. En todo Estados Unidos se han presentado m\u00e1s de cien demandas por responsabilidad civil por productos defectuosos y por lesiones personales relacionadas con e-cigarrillos que se han incendiado o han explotado en manos de los usuarios. <a href=\"https:\/\/www.bentleymore.com\/es\/\">Bentley &amp; More LLP<\/a> est\u00e1 aqu\u00ed para ayudar a las v\u00edctimas de incidentes relacionados con cigarrillos electr\u00f3nicos en San Bernardino y California. Nuestro <strong>Abogados especializados en explosiones de cigarrillos electr\u00f3nicos San Bernardino<\/strong> podemos ayudarte a alcanzar tus objetivos legales mediante servicios personalizados y estrategias de eficacia probada. Descubre c\u00f3mo podemos ayudarte durante una evaluaci\u00f3n gratuita de tu caso.<\/p>\n<p style=\"text-align: center;\"><a class=\"onsite-btn\" href=\"\/es\/contactenos\/\" target=\"_self\" rel=\"noopener nofollow\">Programa una consulta gratuita<\/a><\/p>\n<div id=\"ez-toc-container\" class=\"ez-toc-v2_0_82_2 counter-hierarchy ez-toc-counter ez-toc-transparent ez-toc-container-direction\">\n<div class=\"ez-toc-title-container\">\n<p class=\"ez-toc-title ez-toc-toggle\" style=\"cursor:pointer\">Gu\u00eda sobre la explosi\u00f3n del cigarrillo electr\u00f3nico San Bernardino<\/p>\n<span class=\"ez-toc-title-toggle\"><a href=\"#\" class=\"ez-toc-pull-right ez-toc-btn ez-toc-btn-xs ez-toc-btn-default ez-toc-toggle\" aria-label=\"Toggle Table of Content\"><span class=\"ez-toc-js-icon-con\"><span class=\"\"><span class=\"eztoc-hide\" style=\"display:none;\">Alternar<\/span><span class=\"ez-toc-icon-toggle-span\"><svg style=\"fill: #999;color:#999\" xmlns=\"http:\/\/www.w3.org\/2000\/svg\" class=\"list-377408\" width=\"20px\" height=\"20px\" viewbox=\"0 0 24 24\" fill=\"none\"><path d=\"M6 6H4v2h2V6zm14 0H8v2h12V6zM4 11h2v2H4v-2zm16 0H8v2h12v-2zM4 16h2v2H4v-2zm16 0H8v2h12v-2z\" fill=\"currentColor\"><\/path><\/svg><svg style=\"fill: #999;color:#999\" class=\"arrow-unsorted-368013\" xmlns=\"http:\/\/www.w3.org\/2000\/svg\" width=\"10px\" height=\"10px\" viewbox=\"0 0 24 24\" version=\"1.2\" baseprofile=\"tiny\"><path d=\"M18.2 9.3l-6.2-6.3-6.2 6.3c-.2.2-.3.4-.3.7s.1.5.3.7c.2.2.4.3.7.3h11c.3 0 .5-.1.7-.3.2-.2.3-.5.3-.7s-.1-.5-.3-.7zM5.8 14.7l6.2 6.3 6.2-6.3c.2-.2.3-.5.3-.7s-.1-.5-.3-.7c-.2-.2-.4-.3-.7-.3h-11c-.3 0-.5.1-.7.3-.2.2-.3.5-.3.7s.1.5.3.7z\"\/><\/svg><\/span><\/span><\/span><\/a><\/span><\/div>\n<nav><ul class='ez-toc-list ez-toc-list-level-1 eztoc-toggle-hide-by-default' ><li class='ez-toc-page-1 ez-toc-heading-level-2'><a class=\"ez-toc-link ez-toc-heading-1\" href=\"https:\/\/www.bentleymore.com\/es\/san-bernardino-ecigarette-explosion-lawyer\/#e-cigarette-explosion-attorney-in-san-bernardino-ca\" >Abogado especializado en explosiones de cigarrillos electr\u00f3nicos en San Bernardino, California<\/a><\/li><li class='ez-toc-page-1 ez-toc-heading-level-2'><a class=\"ez-toc-link ez-toc-heading-2\" href=\"https:\/\/www.bentleymore.com\/es\/san-bernardino-ecigarette-explosion-lawyer\/#what-are-e-cigarettes\" >\u00bfQu\u00e9 son los cigarrillos electr\u00f3nicos?<\/a><\/li><li class='ez-toc-page-1 ez-toc-heading-level-2'><a class=\"ez-toc-link ez-toc-heading-3\" href=\"https:\/\/www.bentleymore.com\/es\/san-bernardino-ecigarette-explosion-lawyer\/#what-are-the-potential-defects-of-e-cigarettes\" >\u00bfCu\u00e1les son los posibles riesgos de los cigarrillos electr\u00f3nicos?<\/a><\/li><li class='ez-toc-page-1 ez-toc-heading-level-2'><a class=\"ez-toc-link ez-toc-heading-4\" href=\"https:\/\/www.bentleymore.com\/es\/san-bernardino-ecigarette-explosion-lawyer\/#what-are-the-injuries-from-defective-e-cigarettes\" >\u00bfCu\u00e1les son las lesiones que pueden provocar los cigarrillos electr\u00f3nicos defectuosos?<\/a><\/li><li class='ez-toc-page-1 ez-toc-heading-level-2'><a class=\"ez-toc-link ez-toc-heading-5\" href=\"https:\/\/www.bentleymore.com\/es\/san-bernardino-ecigarette-explosion-lawyer\/#who-is-liable-for-e-cig-injuries\" >\u00bfQui\u00e9n es responsable de los da\u00f1os causados por los cigarrillos electr\u00f3nicos?<\/a><\/li><li class='ez-toc-page-1 ez-toc-heading-level-2'><a class=\"ez-toc-link ez-toc-heading-6\" href=\"https:\/\/www.bentleymore.com\/es\/san-bernardino-ecigarette-explosion-lawyer\/#get-help-from-experienced-injury-attorneys-today\" >Pida ayuda hoy mismo a abogados con experiencia en lesiones<\/a><\/li><\/ul><\/nav><\/div>\n\n<div style=\"background: #f1f1f1; padding: 30px 30px; margin: 30px 0px; border-left: 7px solid #4C6875;\">\n<h2><span class=\"ez-toc-section\" id=\"what-are-e-cigarettes\"><\/span>\u00bfQu\u00e9 son los cigarrillos electr\u00f3nicos?<span class=\"ez-toc-section-end\"><\/span><\/h2>\n<p><img loading=\"lazy\" decoding=\"async\" class=\"alignright size-medium wp-image-6801\" src=\"https:\/\/www.bentleymore.com\/wp-content\/uploads\/2025\/08\/Ones-To-Watch-Firm-Logo-300x101.png\" alt=\"A tener en cuenta - Logotipo de la empresa\" width=\"300\" height=\"101\" srcset=\"https:\/\/www.bentleymore.com\/wp-content\/uploads\/2025\/08\/Ones-To-Watch-Firm-Logo-300x101.png 300w, https:\/\/www.bentleymore.com\/wp-content\/uploads\/2025\/08\/Ones-To-Watch-Firm-Logo-1024x345.png 1024w, https:\/\/www.bentleymore.com\/wp-content\/uploads\/2025\/08\/Ones-To-Watch-Firm-Logo-768x258.png 768w, https:\/\/www.bentleymore.com\/wp-content\/uploads\/2025\/08\/Ones-To-Watch-Firm-Logo-1536x517.png 1536w, https:\/\/www.bentleymore.com\/wp-content\/uploads\/2025\/08\/Ones-To-Watch-Firm-Logo-2048x689.png 2048w\" sizes=\"auto, (max-width: 300px) 100vw, 300px\" \/>Los cigarrillos electr\u00f3nicos, vaporizadores o plumas de vapeo permiten a los usuarios inhalar nicotina vaporizada en lugar de tener que fumar tabaco. Estos \u201ccigarrillos sin humo\u201d han experimentado un auge en popularidad desde su invenci\u00f3n en 2004, convirti\u00e9ndose en un dispositivo muy utilizado por adultos y adolescentes de todo el mundo. Si bien muchas personas a\u00fan tienen dudas sobre la seguridad de los cigarrillos electr\u00f3nicos en lo que respecta a la salud personal, existen pruebas significativas que cuestionan su seguridad en materia de responsabilidad por productos defectuosos.<\/p>\n<\/div>\n<h2><span class=\"ez-toc-section\" id=\"what-are-the-potential-defects-of-e-cigarettes\"><\/span>\u00bfCu\u00e1les son los posibles riesgos de los cigarrillos electr\u00f3nicos?<span class=\"ez-toc-section-end\"><\/span><\/h2>\n<p>Las demandas contra los cigarrillos electr\u00f3nicos alegan que las bater\u00edas de ionen litio que contienen estos dispositivos son propensas a fallos de funcionamiento y a sobrecalentarse. Los defectos de las bater\u00edas podr\u00edan provocar que el cigarrillo electr\u00f3nico se incendie o explote sin previo aviso. La explosi\u00f3n de las bater\u00edas puede causar lesiones personales graves, incluso mortales, incendios en viviendas y da\u00f1os materiales considerables. Tal fue el caso de un <a href=\"http:\/\/www.latimes.com\/local\/lanow\/la-me-ln-electronic-cigarette-lawsuits-20180221-story.html\" target=\"_blank\" rel=\"noopener noreferrer\">Glendale, v\u00edctima de California<\/a> con quemaduras de segundo y tercer grado en las piernas y los genitales, a quien represent\u00f3 el bufete Bentley &amp; More LLP. Los posibles defectos de las bater\u00edas suponen un grave riesgo para los consumidores que utilizan cigarrillos electr\u00f3nicos.<\/p>\n<h2><span class=\"ez-toc-section\" id=\"what-are-the-injuries-from-defective-e-cigarettes\"><\/span><img loading=\"lazy\" decoding=\"async\" class=\"alignright wp-image-6703\" src=\"https:\/\/www.bentleymore.com\/wp-content\/uploads\/2025\/06\/LA-Wildfires-Lawsuit-Post-240x300.png\" alt=\"Publicaci\u00f3n sobre la demanda por los incendios forestales de Los \u00c1ngeles\" width=\"173\" height=\"216\" srcset=\"https:\/\/www.bentleymore.com\/wp-content\/uploads\/2025\/06\/LA-Wildfires-Lawsuit-Post-240x300.png 240w, https:\/\/www.bentleymore.com\/wp-content\/uploads\/2025\/06\/LA-Wildfires-Lawsuit-Post-819x1024.png 819w, https:\/\/www.bentleymore.com\/wp-content\/uploads\/2025\/06\/LA-Wildfires-Lawsuit-Post-768x960.png 768w, https:\/\/www.bentleymore.com\/wp-content\/uploads\/2025\/06\/LA-Wildfires-Lawsuit-Post.png 1080w\" sizes=\"auto, (max-width: 173px) 100vw, 173px\" \/>\u00bfCu\u00e1les son las lesiones que pueden provocar los cigarrillos electr\u00f3nicos defectuosos?<span class=\"ez-toc-section-end\"><\/span><\/h2>\n<p>Las lesiones objeto de las demandas relacionadas con los cigarrillos electr\u00f3nicos han sido, en su mayor\u00eda, quemaduras y lesiones causadas por explosiones, como amputaciones traum\u00e1ticas. Las v\u00edctimas han sufrido quemaduras t\u00e9rmicas a causa de incendios provocados por cigarrillos electr\u00f3nicos, as\u00ed como quemaduras qu\u00edmicas por los ingredientes que componen el dispositivo de vapeo. Algunos han presentado demandas por dispositivos que explotan mientras se usan, causando lesiones como la p\u00e9rdida de dientes; cortes y laceraciones en la lengua, las mejillas y los labios; lesiones faciales; p\u00e9rdida de ojos; amputaciones; y lesiones graves en las manos y los dedos. Las v\u00edctimas han perdido dedos, han sufrido quemaduras catastr\u00f3ficas de tercer grado y han quedado desfiguradas de forma permanente por cigarrillos electr\u00f3nicos defectuosos. Incluso ha habido demandas por homicidio culposo.<\/p>\n<h2><span class=\"ez-toc-section\" id=\"who-is-liable-for-e-cig-injuries\"><\/span>\u00bfQui\u00e9n es responsable de los da\u00f1os causados por los cigarrillos electr\u00f3nicos?<span class=\"ez-toc-section-end\"><\/span><\/h2>\n<p>Bentley y sus socios culpan a la industria del cigarrillo electr\u00f3nico, junto con los fabricantes de bater\u00edas y los mayoristas de dispositivos, por no haber ejercido un control interno ni haber evitado las lesiones a los consumidores. Las demandas actuales por responsabilidad civil por productos defectuosos relacionadas con los cigarrillos electr\u00f3nicos han incluido como demandados tanto a fabricantes de dispositivos como a minoristas. Algunos de los productores y proveedores de bater\u00edas de litio m\u00e1s destacados del mundo se ven involucrados en estas demandas, entre ellos LG Chem, Sevia USA y Kangertech. Nuestro bufete Southern California puede ayudarle a enfrentarse a grandes corporaciones internacionales en busca de justicia.<\/p>\n<h2><span class=\"ez-toc-section\" id=\"get-help-from-experienced-injury-attorneys-today\"><\/span>Pida ayuda hoy mismo a abogados con experiencia en lesiones<span class=\"ez-toc-section-end\"><\/span><\/h2>\n<p><img loading=\"lazy\" decoding=\"async\" class=\"alignright size-full wp-image-6911\" src=\"https:\/\/www.bentleymore.com\/wp-content\/uploads\/2025\/10\/sl-badge-l-g-2023.png\" alt=\"sl-badge-l-g-2023\" width=\"181\" height=\"150\" \/>El responsable de Bentley &amp; More LLP <a href=\"https:\/\/www.bentleymore.com\/es\/abogado-especializado-en-lesiones-personales-en-san-bernardino\/\">Abogados especializados en lesiones personales de San Bernardino<\/a> Hemos gestionado reclamaciones por responsabilidad civil por productos defectuosos relacionadas con cigarrillos electr\u00f3nicos defectuosos y peligrosos. Nuestro bufete ha representado a clientes en decenas de demandas civiles presentadas en los condados de Riverside, San Diego, Placer y Santa B\u00e1rbara. Hemos ayudado a clientes que han sufrido lesiones graves y catastr\u00f3ficas causadas por cigarrillos electr\u00f3nicos, y es posible que podamos ayudarle a usted tambi\u00e9n. <a href=\"https:\/\/www.bentleymore.com\/es\/contactenos\/\">Cont\u00e1ctanos<\/a> P\u00f3ngase en contacto con nosotros de inmediato si cree que tiene motivos para presentar una demanda contra una o m\u00e1s partes por lesiones relacionadas con los cigarrillos electr\u00f3nicos. Analizaremos su caso durante una evaluaci\u00f3n gratuita de su caso de lesiones en Orange County.<\/p>\n<p style=\"text-align: center;\"><a class=\"onsite-btn\" href=\"\/es\/contactenos\/\" target=\"_self\" rel=\"noopener nofollow\">Programa una consulta gratuita<\/a><\/p>","protected":false},"excerpt":{"rendered":"<p>E-Cigarette Explosion Attorney in San Bernardino, CA Electronic cigarettes, or e-cigarettes, may be dangerous to consumers. Over one hundred product liability and personal injury claims have appeared around the U.S. regarding e-cigs that have caught fire or exploded on users. Bentley &amp; More LLP is here to help victims involved in e-cigarette incidents in San&#8230; <a href=\"https:\/\/www.bentleymore.com\/es\/san-bernardino-ecigarette-explosion-lawyer\/\">Leer m\u00e1s<\/a><\/p>","protected":false},"author":4,"featured_media":0,"parent":0,"menu_order":0,"comment_status":"closed","ping_status":"closed","template":"template-san-bernardino.php","meta":{"_acf_changed":false,"footnotes":""},"class_list":["post-1329","page","type-page","status-publish","hentry"],"acf":[],"yoast_head":"<!-- This site is optimized with the Yoast SEO Premium plugin v26.7 (Yoast SEO v27.4) - https:\/\/yoast.com\/product\/yoast-seo-premium-wordpress\/ -->\n<title>San Bernardino E-Cigarette Explosion Lawyer - Free Consultation<\/title>\n<meta name=\"description\" content=\"Injured by an e-cigarette explosion? Our San Bernardino attorneys help victims secure compensation for burns, injuries, and property damage. Call now.\" \/>\n<meta name=\"robots\" content=\"index, follow, max-snippet:-1, max-image-preview:large, max-video-preview:-1\" \/>\n<link rel=\"canonical\" href=\"https:\/\/www.bentleymore.com\/es\/abogado-especializado-en-explosiones-de-cigarrillos-electronicos-en-san-bernardino\/\" \/>\n<meta property=\"og:locale\" content=\"es_MX\" \/>\n<meta property=\"og:type\" content=\"article\" \/>\n<meta property=\"og:title\" content=\"San Bernardino E-Cigarette Explosion Lawyer\" \/>\n<meta property=\"og:description\" content=\"Injured by an e-cigarette explosion? Our San Bernardino attorneys help victims secure compensation for burns, injuries, and property damage. Call now.\" \/>\n<meta property=\"og:url\" content=\"https:\/\/www.bentleymore.com\/es\/abogado-especializado-en-explosiones-de-cigarrillos-electronicos-en-san-bernardino\/\" \/>\n<meta property=\"og:site_name\" content=\"Bentley &amp; More LLP\" \/>\n<meta property=\"article:publisher\" content=\"https:\/\/www.facebook.com\/BentleyMoreLLP\/\" \/>\n<meta property=\"article:modified_time\" content=\"2026-03-05T05:30:53+00:00\" \/>\n<meta property=\"og:image\" content=\"https:\/\/www.bentleymore.com\/wp-content\/uploads\/2025\/08\/Ones-To-Watch-Firm-Logo-scaled.png\" \/>\n\t<meta property=\"og:image:width\" content=\"2560\" \/>\n\t<meta property=\"og:image:height\" content=\"861\" \/>\n\t<meta property=\"og:image:type\" content=\"image\/png\" \/>\n<meta name=\"twitter:card\" content=\"summary_large_image\" \/>\n<meta name=\"twitter:site\" content=\"@bentleymore\" \/>\n<meta name=\"twitter:label1\" content=\"Tiempo de lectura\" \/>\n\t<meta name=\"twitter:data1\" content=\"4 minutos\" \/>\n<script type=\"application\/ld+json\" class=\"yoast-schema-graph\">{\"@context\":\"https:\\\/\\\/schema.org\",\"@graph\":[{\"@type\":\"WebPage\",\"@id\":\"https:\\\/\\\/www.bentleymore.com\\\/san-bernardino-ecigarette-explosion-lawyer\\\/\",\"url\":\"https:\\\/\\\/www.bentleymore.com\\\/san-bernardino-ecigarette-explosion-lawyer\\\/\",\"name\":\"San Bernardino E-Cigarette Explosion Lawyer - Free Consultation\",\"isPartOf\":{\"@id\":\"https:\\\/\\\/www.bentleymore.com\\\/#website\"},\"primaryImageOfPage\":{\"@id\":\"https:\\\/\\\/www.bentleymore.com\\\/san-bernardino-ecigarette-explosion-lawyer\\\/#primaryimage\"},\"image\":{\"@id\":\"https:\\\/\\\/www.bentleymore.com\\\/san-bernardino-ecigarette-explosion-lawyer\\\/#primaryimage\"},\"thumbnailUrl\":\"https:\\\/\\\/www.bentleymore.com\\\/wp-content\\\/uploads\\\/2025\\\/08\\\/Ones-To-Watch-Firm-Logo-300x101.png\",\"datePublished\":\"2025-10-15T18:07:11+00:00\",\"dateModified\":\"2026-03-05T05:30:53+00:00\",\"description\":\"Injured by an e-cigarette explosion? Our San Bernardino attorneys help victims secure compensation for burns, injuries, and property damage. Call now.\",\"breadcrumb\":{\"@id\":\"https:\\\/\\\/www.bentleymore.com\\\/san-bernardino-ecigarette-explosion-lawyer\\\/#breadcrumb\"},\"inLanguage\":\"es\",\"potentialAction\":[{\"@type\":\"ReadAction\",\"target\":[\"https:\\\/\\\/www.bentleymore.com\\\/san-bernardino-ecigarette-explosion-lawyer\\\/\"]}]},{\"@type\":\"ImageObject\",\"inLanguage\":\"es\",\"@id\":\"https:\\\/\\\/www.bentleymore.com\\\/san-bernardino-ecigarette-explosion-lawyer\\\/#primaryimage\",\"url\":\"https:\\\/\\\/www.bentleymore.com\\\/wp-content\\\/uploads\\\/2025\\\/08\\\/Ones-To-Watch-Firm-Logo-300x101.png\",\"contentUrl\":\"https:\\\/\\\/www.bentleymore.com\\\/wp-content\\\/uploads\\\/2025\\\/08\\\/Ones-To-Watch-Firm-Logo-300x101.png\"},{\"@type\":\"BreadcrumbList\",\"@id\":\"https:\\\/\\\/www.bentleymore.com\\\/san-bernardino-ecigarette-explosion-lawyer\\\/#breadcrumb\",\"itemListElement\":[{\"@type\":\"ListItem\",\"position\":1,\"name\":\"Home\",\"item\":\"https:\\\/\\\/www.bentleymore.com\\\/\"},{\"@type\":\"ListItem\",\"position\":2,\"name\":\"San Bernardino E-Cigarette Explosion Lawyer\"}]},{\"@type\":\"WebSite\",\"@id\":\"https:\\\/\\\/www.bentleymore.com\\\/#website\",\"url\":\"https:\\\/\\\/www.bentleymore.com\\\/\",\"name\":\"Bentley & More LLP\",\"description\":\"Real Trial Lawyers\",\"publisher\":{\"@id\":\"https:\\\/\\\/www.bentleymore.com\\\/#organization\"},\"alternateName\":\"Bentley & More\",\"potentialAction\":[{\"@type\":\"SearchAction\",\"target\":{\"@type\":\"EntryPoint\",\"urlTemplate\":\"https:\\\/\\\/www.bentleymore.com\\\/?s={search_term_string}\"},\"query-input\":{\"@type\":\"PropertyValueSpecification\",\"valueRequired\":true,\"valueName\":\"search_term_string\"}}],\"inLanguage\":\"es\"},{\"@type\":\"Organization\",\"@id\":\"https:\\\/\\\/www.bentleymore.com\\\/#organization\",\"name\":\"Bentley & More LLP\",\"alternateName\":\"Bentley & More\",\"url\":\"https:\\\/\\\/www.bentleymore.com\\\/\",\"logo\":{\"@type\":\"ImageObject\",\"inLanguage\":\"es\",\"@id\":\"https:\\\/\\\/www.bentleymore.com\\\/#\\\/schema\\\/logo\\\/image\\\/\",\"url\":\"https:\\\/\\\/www.bentleymore.com\\\/wp-content\\\/uploads\\\/2023\\\/04\\\/logo.png\",\"contentUrl\":\"https:\\\/\\\/www.bentleymore.com\\\/wp-content\\\/uploads\\\/2023\\\/04\\\/logo.png\",\"width\":462,\"height\":109,\"caption\":\"Bentley & More LLP\"},\"image\":{\"@id\":\"https:\\\/\\\/www.bentleymore.com\\\/#\\\/schema\\\/logo\\\/image\\\/\"},\"sameAs\":[\"https:\\\/\\\/www.facebook.com\\\/BentleyMoreLLP\\\/\",\"https:\\\/\\\/x.com\\\/bentleymore\",\"https:\\\/\\\/www.instagram.com\\\/bentleyandmorellp\\\/\",\"https:\\\/\\\/www.yelp.com\\\/biz\\\/bentley-and-more-irvine\",\"https:\\\/\\\/www.linkedin.com\\\/company\\\/bentley-&-more-llp\\\/\",\"https:\\\/\\\/maps.app.goo.gl\\\/RZrMqUo474ugpWBRA\",\"https:\\\/\\\/www.bestlawyers.com\\\/firms\\\/bentley-more-llp\\\/75461\\\/US\",\"https:\\\/\\\/www.orangecountylawyers.com\\\/attorneys\\\/bentley-more-llp\\\/\",\"https:\\\/\\\/profiles.superlawyers.com\\\/california\\\/newport-beach\\\/lawfirm\\\/bentley-and-more-llp\\\/ce1e2f49-0a84-468f-bc17-eade2a364682.html\",\"https:\\\/\\\/uphelp.org\\\/sponsors\\\/bentley-more-llp\\\/\",\"https:\\\/\\\/law.usnews.com\\\/law-firms\\\/bentley-&-more-llp-160536\",\"https:\\\/\\\/www.martindale.com\\\/organization\\\/bentley-more-llp-158828293\\\/newport-beach-california-161028413-f\\\/\",\"https:\\\/\\\/lawyers.findlaw.com\\\/profile\\\/lawfirm\\\/bentley--more-llp\\\/ca\\\/newport-beach\\\/NTAwMzkxM18x\",\"https:\\\/\\\/www.bestlawfirms.com\\\/firms\\\/bentley-more-llp\\\/75461\\\/US\",\"https:\\\/\\\/natlawreview.com\\\/organization\\\/bentley-more-llp\",\"https:\\\/\\\/bentley-more-llp.wheree.com\\\/\",\"https:\\\/\\\/www.callupcontact.com\\\/b\\\/businessprofile\\\/Bentley_amp_More_LLP\\\/9968345\"],\"telephone\":\"+19498703800\",\"legalName\":\"Bentley & More LLP\"}]}<\/script>\n<!-- \/ Yoast SEO Premium plugin. -->","yoast_head_json":{"title":"Abogado especializado en explosiones de cigarrillos electr\u00f3nicos San Bernardino - Consulta gratuita","description":"\u00bfHa sufrido lesiones por la explosi\u00f3n de un cigarrillo electr\u00f3nico? Nuestros abogados de San Bernardino ayudan a las v\u00edctimas a obtener una indemnizaci\u00f3n por quemaduras, lesiones y da\u00f1os materiales. Llame ahora.","robots":{"index":"index","follow":"follow","max-snippet":"max-snippet:-1","max-image-preview":"max-image-preview:large","max-video-preview":"max-video-preview:-1"},"canonical":"https:\/\/www.bentleymore.com\/es\/abogado-especializado-en-explosiones-de-cigarrillos-electronicos-en-san-bernardino\/","og_locale":"es_MX","og_type":"article","og_title":"San Bernardino E-Cigarette Explosion Lawyer","og_description":"Injured by an e-cigarette explosion? Our San Bernardino attorneys help victims secure compensation for burns, injuries, and property damage. Call now.","og_url":"https:\/\/www.bentleymore.com\/es\/abogado-especializado-en-explosiones-de-cigarrillos-electronicos-en-san-bernardino\/","og_site_name":"Bentley &amp; More LLP","article_publisher":"https:\/\/www.facebook.com\/BentleyMoreLLP\/","article_modified_time":"2026-03-05T05:30:53+00:00","og_image":[{"width":2560,"height":861,"url":"https:\/\/www.bentleymore.com\/wp-content\/uploads\/2025\/08\/Ones-To-Watch-Firm-Logo-scaled.png","type":"image\/png"}],"twitter_card":"summary_large_image","twitter_site":"@bentleymore","twitter_misc":{"Tiempo de lectura":"4 minutos"},"schema":{"@context":"https:\/\/schema.org","@graph":[{"@type":"WebPage","@id":"https:\/\/www.bentleymore.com\/san-bernardino-ecigarette-explosion-lawyer\/","url":"https:\/\/www.bentleymore.com\/san-bernardino-ecigarette-explosion-lawyer\/","name":"Abogado especializado en explosiones de cigarrillos electr\u00f3nicos San Bernardino - Consulta gratuita","isPartOf":{"@id":"https:\/\/www.bentleymore.com\/#website"},"primaryImageOfPage":{"@id":"https:\/\/www.bentleymore.com\/san-bernardino-ecigarette-explosion-lawyer\/#primaryimage"},"image":{"@id":"https:\/\/www.bentleymore.com\/san-bernardino-ecigarette-explosion-lawyer\/#primaryimage"},"thumbnailUrl":"https:\/\/www.bentleymore.com\/wp-content\/uploads\/2025\/08\/Ones-To-Watch-Firm-Logo-300x101.png","datePublished":"2025-10-15T18:07:11+00:00","dateModified":"2026-03-05T05:30:53+00:00","description":"\u00bfHa sufrido lesiones por la explosi\u00f3n de un cigarrillo electr\u00f3nico? Nuestros abogados de San Bernardino ayudan a las v\u00edctimas a obtener una indemnizaci\u00f3n por quemaduras, lesiones y da\u00f1os materiales. Llame ahora.","breadcrumb":{"@id":"https:\/\/www.bentleymore.com\/san-bernardino-ecigarette-explosion-lawyer\/#breadcrumb"},"inLanguage":"es","potentialAction":[{"@type":"ReadAction","target":["https:\/\/www.bentleymore.com\/san-bernardino-ecigarette-explosion-lawyer\/"]}]},{"@type":"ImageObject","inLanguage":"es","@id":"https:\/\/www.bentleymore.com\/san-bernardino-ecigarette-explosion-lawyer\/#primaryimage","url":"https:\/\/www.bentleymore.com\/wp-content\/uploads\/2025\/08\/Ones-To-Watch-Firm-Logo-300x101.png","contentUrl":"https:\/\/www.bentleymore.com\/wp-content\/uploads\/2025\/08\/Ones-To-Watch-Firm-Logo-300x101.png"},{"@type":"BreadcrumbList","@id":"https:\/\/www.bentleymore.com\/san-bernardino-ecigarette-explosion-lawyer\/#breadcrumb","itemListElement":[{"@type":"ListItem","position":1,"name":"Home","item":"https:\/\/www.bentleymore.com\/"},{"@type":"ListItem","position":2,"name":"San Bernardino E-Cigarette Explosion Lawyer"}]},{"@type":"WebSite","@id":"https:\/\/www.bentleymore.com\/#website","url":"https:\/\/www.bentleymore.com\/","name":"Bentley &amp; More LLP","description":"Abogados litigantes de verdad","publisher":{"@id":"https:\/\/www.bentleymore.com\/#organization"},"alternateName":"Bentley & More","potentialAction":[{"@type":"SearchAction","target":{"@type":"EntryPoint","urlTemplate":"https:\/\/www.bentleymore.com\/?s={search_term_string}"},"query-input":{"@type":"PropertyValueSpecification","valueRequired":true,"valueName":"search_term_string"}}],"inLanguage":"es"},{"@type":"Organization","@id":"https:\/\/www.bentleymore.com\/#organization","name":"Bentley &amp; More LLP","alternateName":"Bentley & More","url":"https:\/\/www.bentleymore.com\/","logo":{"@type":"ImageObject","inLanguage":"es","@id":"https:\/\/www.bentleymore.com\/#\/schema\/logo\/image\/","url":"https:\/\/www.bentleymore.com\/wp-content\/uploads\/2023\/04\/logo.png","contentUrl":"https:\/\/www.bentleymore.com\/wp-content\/uploads\/2023\/04\/logo.png","width":462,"height":109,"caption":"Bentley & More LLP"},"image":{"@id":"https:\/\/www.bentleymore.com\/#\/schema\/logo\/image\/"},"sameAs":["https:\/\/www.facebook.com\/BentleyMoreLLP\/","https:\/\/x.com\/bentleymore","https:\/\/www.instagram.com\/bentleyandmorellp\/","https:\/\/www.yelp.com\/biz\/bentley-and-more-irvine","https:\/\/www.linkedin.com\/company\/bentley-&-more-llp\/","https:\/\/maps.app.goo.gl\/RZrMqUo474ugpWBRA","https:\/\/www.bestlawyers.com\/firms\/bentley-more-llp\/75461\/US","https:\/\/www.orangecountylawyers.com\/attorneys\/bentley-more-llp\/","https:\/\/profiles.superlawyers.com\/california\/newport-beach\/lawfirm\/bentley-and-more-llp\/ce1e2f49-0a84-468f-bc17-eade2a364682.html","https:\/\/uphelp.org\/sponsors\/bentley-more-llp\/","https:\/\/law.usnews.com\/law-firms\/bentley-&-more-llp-160536","https:\/\/www.martindale.com\/organization\/bentley-more-llp-158828293\/newport-beach-california-161028413-f\/","https:\/\/lawyers.findlaw.com\/profile\/lawfirm\/bentley--more-llp\/ca\/newport-beach\/NTAwMzkxM18x","https:\/\/www.bestlawfirms.com\/firms\/bentley-more-llp\/75461\/US","https:\/\/natlawreview.com\/organization\/bentley-more-llp","https:\/\/bentley-more-llp.wheree.com\/","https:\/\/www.callupcontact.com\/b\/businessprofile\/Bentley_amp_More_LLP\/9968345"],"telephone":"+19498703800","legalName":"Bentley & More LLP"}]}},"_links":{"self":[{"href":"https:\/\/www.bentleymore.com\/es\/wp-json\/wp\/v2\/pages\/1329","targetHints":{"allow":["GET"]}}],"collection":[{"href":"https:\/\/www.bentleymore.com\/es\/wp-json\/wp\/v2\/pages"}],"about":[{"href":"https:\/\/www.bentleymore.com\/es\/wp-json\/wp\/v2\/types\/page"}],"author":[{"embeddable":true,"href":"https:\/\/www.bentleymore.com\/es\/wp-json\/wp\/v2\/users\/4"}],"replies":[{"embeddable":true,"href":"https:\/\/www.bentleymore.com\/es\/wp-json\/wp\/v2\/comments?post=1329"}],"version-history":[{"count":2,"href":"https:\/\/www.bentleymore.com\/es\/wp-json\/wp\/v2\/pages\/1329\/revisions"}],"predecessor-version":[{"id":7392,"href":"https:\/\/www.bentleymore.com\/es\/wp-json\/wp\/v2\/pages\/1329\/revisions\/7392"}],"wp:attachment":[{"href":"https:\/\/www.bentleymore.com\/es\/wp-json\/wp\/v2\/media?parent=1329"}],"curies":[{"name":"wp","href":"https:\/\/api.w.org\/{rel}","templated":true}]}}