{"id":1832,"date":"2018-12-03T16:46:28","date_gmt":"2018-12-03T23:46:28","guid":{"rendered":"https:\/\/www.bentleymore.com\/?page_id=1832"},"modified":"2026-03-05T21:31:11","modified_gmt":"2026-03-06T04:31:11","slug":"abogados-de-paradise-camp-fire","status":"publish","type":"page","link":"https:\/\/www.bentleymore.com\/es\/paradise-camp-fire-attorneys\/","title":{"rendered":"Abogado especializado en el incendio de Paradise Camp"},"content":{"rendered":"<div id=\"ez-toc-container\" class=\"ez-toc-v2_0_82_2 counter-hierarchy ez-toc-counter ez-toc-transparent ez-toc-container-direction\">\n<div class=\"ez-toc-title-container\">\n<p class=\"ez-toc-title ez-toc-toggle\" style=\"cursor:pointer\">\u00cdndice<\/p>\n<span class=\"ez-toc-title-toggle\"><a href=\"#\" class=\"ez-toc-pull-right ez-toc-btn ez-toc-btn-xs ez-toc-btn-default ez-toc-toggle\" aria-label=\"Toggle Table of Content\"><span class=\"ez-toc-js-icon-con\"><span class=\"\"><span class=\"eztoc-hide\" style=\"display:none;\">Alternar<\/span><span class=\"ez-toc-icon-toggle-span\"><svg style=\"fill: #999;color:#999\" xmlns=\"http:\/\/www.w3.org\/2000\/svg\" class=\"list-377408\" width=\"20px\" height=\"20px\" viewbox=\"0 0 24 24\" fill=\"none\"><path d=\"M6 6H4v2h2V6zm14 0H8v2h12V6zM4 11h2v2H4v-2zm16 0H8v2h12v-2zM4 16h2v2H4v-2zm16 0H8v2h12v-2z\" fill=\"currentColor\"><\/path><\/svg><svg style=\"fill: #999;color:#999\" class=\"arrow-unsorted-368013\" xmlns=\"http:\/\/www.w3.org\/2000\/svg\" width=\"10px\" height=\"10px\" viewbox=\"0 0 24 24\" version=\"1.2\" baseprofile=\"tiny\"><path d=\"M18.2 9.3l-6.2-6.3-6.2 6.3c-.2.2-.3.4-.3.7s.1.5.3.7c.2.2.4.3.7.3h11c.3 0 .5-.1.7-.3.2-.2.3-.5.3-.7s-.1-.5-.3-.7zM5.8 14.7l6.2 6.3 6.2-6.3c.2-.2.3-.5.3-.7s-.1-.5-.3-.7c-.2-.2-.4-.3-.7-.3h-11c-.3 0-.5.1-.7.3-.2.2-.3.5-.3.7s.1.5.3.7z\"\/><\/svg><\/span><\/span><\/span><\/a><\/span><\/div>\n<nav><ul class='ez-toc-list ez-toc-list-level-1 eztoc-toggle-hide-by-default' ><li class='ez-toc-page-1 ez-toc-heading-level-2'><a class=\"ez-toc-link ez-toc-heading-1\" href=\"https:\/\/www.bentleymore.com\/es\/paradise-camp-fire-attorneys\/#paradise-camp-fire-lawyer-in-paradise-ca\" >Abogado especializado en el incendio de Paradise Camp en Paradise, California<\/a><\/li><li class='ez-toc-page-1 ez-toc-heading-level-2'><a class=\"ez-toc-link ez-toc-heading-2\" href=\"https:\/\/www.bentleymore.com\/es\/paradise-camp-fire-attorneys\/#what-to-do-after-the-camp-fire\" >Qu\u00e9 hacer tras el incendio Camp Fire<\/a><\/li><li class='ez-toc-page-1 ez-toc-heading-level-2'><a class=\"ez-toc-link ez-toc-heading-3\" href=\"https:\/\/www.bentleymore.com\/es\/paradise-camp-fire-attorneys\/#dealing-with-insurance-companies-after-a-wildfire\" >C\u00f3mo tratar con las compa\u00f1\u00edas de seguros tras un incendio forestal<\/a><\/li><li class='ez-toc-page-1 ez-toc-heading-level-2'><a class=\"ez-toc-link ez-toc-heading-4\" href=\"https:\/\/www.bentleymore.com\/es\/paradise-camp-fire-attorneys\/#what-is-insurance-bad-faith\" >\u00bfQu\u00e9 es la mala fe en materia de seguros?<\/a><\/li><\/ul><\/nav><\/div>\n<h2><span class=\"ez-toc-section\" id=\"paradise-camp-fire-lawyer-in-paradise-ca\"><\/span><span data-sheets-root=\"1\">Abogado especializado en el incendio de Paradise Camp en Paradise, California<\/span><span class=\"ez-toc-section-end\"><\/span><\/h2>\n<p>El reciente incendio Camp Fire arras\u00f3 Paradise y las comunidades vecinas. Con m\u00e1s de 18 000 estructuras destruidas y decenas de v\u00edctimas mortales, se trata del incendio m\u00e1s mort\u00edfero y destructivo de la historia de California. Si su familia ha sufrido p\u00e9rdidas o lesiones como consecuencia del incendio Camp Fire, es posible que se enfrente a problemas con el seguro, retrasos en la tramitaci\u00f3n de las reclamaciones y otras dificultades. El <a href=\"https:\/\/www.bentleymore.com\/es\/abogado-especializado-en-incendios-forestales-en-el-condado-de-orange\/\">Abogados especializados en incendios forestales de California<\/a> En Bentley &amp; More LLP nos comprometemos a ayudarte a comprender tus opciones legales tras este desastre. Ponte en contacto con nosotros hoy mismo para programar una consulta inicial gratuita.<\/p>\n<h2><span class=\"ez-toc-section\" id=\"what-to-do-after-the-camp-fire\"><\/span>Qu\u00e9 hacer tras el incendio Camp Fire<span class=\"ez-toc-section-end\"><\/span><\/h2>\n<p>Ahora que el incendio Paradise Camp Fire ha sido extinguido, muchos residentes se sienten desorientados y no saben a qui\u00e9n acudir en busca de ayuda. Es importante comprender c\u00f3mo tus acciones pueden afectar la tramitaci\u00f3n de tu reclamaci\u00f3n. Los abogados de Bentley &amp; More LLP recomiendan tomar las siguientes medidas para proteger tus reclamaciones y facilitar el proceso:<\/p>\n<ol>\n<li><strong>Conserve todas las pruebas<\/strong>. Guarde copias de toda la correspondencia que mantenga con su compa\u00f1\u00eda de seguros, as\u00ed como copias de sus facturas y expedientes m\u00e9dicos. Guarde los recibos de hoteles o de medios de transporte alternativos, como los autos de alquiler.<\/li>\n<li><strong>Haz un inventario de tus p\u00e9rdidas<\/strong>. Muchas personas en Paradise perdieron sus hogares y todas sus pertenencias, por lo que este paso puede resultar dif\u00edcil. Sin embargo, es importante que haga un inventario de sus p\u00e9rdidas lo mejor que pueda. Siempre que sea posible, incluya la fecha aproximada de compra y el valor de compra de cada art\u00edculo de valor.<\/li>\n<li><strong>Pide que te lo pongan todo por escrito<\/strong>. No te f\u00edes de las promesas de un perito de seguros: recuerda que est\u00e1s tratando con una empresa con fines de lucro que pierde dinero por cada siniestro que paga.<\/li>\n<li><strong>P\u00f3ngase en contacto con un abogado<\/strong>. Es recomendable que un abogado revise todas las reclamaciones y ofertas antes de llegar a cualquier acuerdo o firmar el contrato. Esto te ayuda a asegurarte de que recibes una indemnizaci\u00f3n justa por tus p\u00e9rdidas.<\/li>\n<\/ol>\n<h2><span class=\"ez-toc-section\" id=\"dealing-with-insurance-companies-after-a-wildfire\"><\/span>C\u00f3mo tratar con las compa\u00f1\u00edas de seguros tras un incendio forestal<span class=\"ez-toc-section-end\"><\/span><\/h2>\n<p>Los incendios a gran escala, como el Paradise Camp Fire, pueden generar una serie de problemas, especialmente con las compa\u00f1\u00edas de seguros. Como asegurado, b\u00e1sicamente pagas cada mes por una promesa. A cambio de tu dinero, tu compa\u00f1\u00eda de seguros se compromete a pagar una indemnizaci\u00f3n que cubra el valor real en efectivo de tu vivienda, siempre y cuando tu reclamaci\u00f3n cumpla con los t\u00e9rminos de tu p\u00f3liza.<\/p>\n<p>Por desgracia, no todas las compa\u00f1\u00edas de seguros cumplen sus promesas cuando llega el momento. Recurren a diversas t\u00e1cticas para pagar lo menos posible por las reclamaciones o para rechazarlas directamente. Conocer las obligaciones que tiene la aseguradora contigo es una de las mejores formas de proteger a tu familia frente a los abusos de las aseguradoras.<\/p>\n<h2><span class=\"ez-toc-section\" id=\"what-is-insurance-bad-faith\"><\/span>\u00bfQu\u00e9 es la mala fe en materia de seguros?<span class=\"ez-toc-section-end\"><\/span><\/h2>\n<p>Las leyes de seguros del estado de California exigen que todas las aseguradoras act\u00faen de buena fe y con equidad al investigar y pagar las reclamaciones. En otras palabras, deben actuar con imparcialidad y honestidad al evaluar la veracidad de una reclamaci\u00f3n y su valor real. El incumplimiento de esta obligaci\u00f3n se denomina \u00abmala fe\u00bb y puede acarrear consecuencias financieras adicionales para la aseguradora. Si se descubre que una compa\u00f1\u00eda de seguros ha actuado de mala fe, no solo ser\u00e1 responsable de pagar la reclamaci\u00f3n en cuesti\u00f3n, sino que tambi\u00e9n podr\u00eda tener que pagar una indemnizaci\u00f3n adicional por da\u00f1os y perjuicios. Si tiene una reclamaci\u00f3n por mala fe, p\u00f3ngase en contacto con nuestro <a href=\"https:\/\/www.bentleymore.com\/es\/abogado-especializado-en-casos-de-mala-fe-en-seguros-en-santa-ana\/\">Abogados especializados en seguros de mala fe Irvine<\/a>.<\/p>\n<p>La mala fe en materia de seguros puede manifestarse de muchas formas, pero algunos de los ejemplos m\u00e1s comunes son:<\/p>\n<ul>\n<li>Hacer una oferta \u201ca la baja\u201d para compensar las p\u00e9rdidas<\/li>\n<li>Denegar una reclamaci\u00f3n sin investigar<\/li>\n<li>Manipular los resultados de una investigaci\u00f3n<\/li>\n<li>Retrasar injustificadamente la resoluci\u00f3n de una reclamaci\u00f3n<\/li>\n<\/ul>\n<p>Algunas compa\u00f1\u00edas de seguros intentan aprovecharse del desconocimiento que tienen los asegurados sobre la legislaci\u00f3n en materia de seguros para salirse con la suya con acciones de mala fe. Si sospecha que su compa\u00f1\u00eda de seguros no est\u00e1 actuando con honestidad o imparcialidad al tramitar su reclamaci\u00f3n, p\u00f3ngase en contacto con el <a href=\"https:\/\/www.bentleymore.com\/es\/abogado-especializado-en-lesiones-personales-en-anaheim\/\">Abogados especializados en lesiones personales de Anaheim<\/a> en Bentley &amp; More LLP lo antes posible. El simple hecho de contar con representaci\u00f3n legal puede hacer que las aseguradoras se tomen tu reclamo m\u00e1s en serio.<\/p>\n<p><em>Si ha sufrido p\u00e9rdidas a causa del incendio Paradise Camp Fire, p\u00f3ngase en contacto con los abogados de Bentley &amp; More LLP para analizar sus opciones legales en una consulta inicial gratuita lo antes posible.<\/em><\/p>","protected":false},"excerpt":{"rendered":"<p>Paradise Camp Fire Lawyer in Paradise, CA California\u2019s recent Camp Fire ravaged Paradise and surrounding communities. With more than 18,000 structures destroyed and dozens killed, it\u2019s the deadliest and most destructive fire in California history. If your family suffered losses or injury as a result of the Camp Fire, you may be dealing with insurance&#8230; <a href=\"https:\/\/www.bentleymore.com\/es\/paradise-camp-fire-attorneys\/\">Leer m\u00e1s<\/a><\/p>","protected":false},"author":4,"featured_media":0,"parent":0,"menu_order":0,"comment_status":"closed","ping_status":"closed","template":"","meta":{"_acf_changed":false,"footnotes":""},"class_list":["post-1832","page","type-page","status-publish","hentry"],"acf":[],"yoast_head":"<!-- This site is optimized with the Yoast SEO Premium plugin v26.7 (Yoast SEO v27.5) - https:\/\/yoast.com\/product\/yoast-seo-premium-wordpress\/ -->\n<title>Paradise Camp Fire Attorney - Free Consultation<\/title>\n<meta name=\"description\" content=\"Searching for Paradise Camp Fire Attorney for wildfire losses? Bentley &amp; More LLP. handles fire damage litigation. Get free consultation.\" \/>\n<meta name=\"robots\" content=\"index, follow, max-snippet:-1, max-image-preview:large, max-video-preview:-1\" \/>\n<link rel=\"canonical\" href=\"https:\/\/www.bentleymore.com\/es\/abogados-de-paradise-camp-fire\/\" \/>\n<meta property=\"og:locale\" content=\"es_MX\" \/>\n<meta property=\"og:type\" content=\"article\" \/>\n<meta property=\"og:title\" content=\"Paradise Camp Fire Attorney\" \/>\n<meta property=\"og:description\" content=\"Searching for Paradise Camp Fire Attorney for wildfire losses? Bentley &amp; More LLP. handles fire damage litigation. Get free consultation.\" \/>\n<meta property=\"og:url\" content=\"https:\/\/www.bentleymore.com\/es\/abogados-de-paradise-camp-fire\/\" \/>\n<meta property=\"og:site_name\" content=\"Bentley &amp; More LLP\" \/>\n<meta property=\"article:publisher\" content=\"https:\/\/www.facebook.com\/BentleyMoreLLP\/\" \/>\n<meta property=\"article:modified_time\" content=\"2026-03-06T04:31:11+00:00\" \/>\n<meta property=\"og:image\" content=\"https:\/\/www.bentleymore.com\/wp-content\/uploads\/2023\/04\/logo.png\" \/>\n\t<meta property=\"og:image:width\" content=\"462\" \/>\n\t<meta property=\"og:image:height\" content=\"109\" \/>\n\t<meta property=\"og:image:type\" content=\"image\/png\" \/>\n<meta name=\"twitter:card\" content=\"summary_large_image\" \/>\n<meta name=\"twitter:site\" content=\"@bentleymore\" \/>\n<meta name=\"twitter:label1\" content=\"Tiempo de lectura\" \/>\n\t<meta name=\"twitter:data1\" content=\"3 minutos\" \/>\n<script type=\"application\/ld+json\" class=\"yoast-schema-graph\">{\"@context\":\"https:\\\/\\\/schema.org\",\"@graph\":[{\"@type\":\"WebPage\",\"@id\":\"https:\\\/\\\/www.bentleymore.com\\\/paradise-camp-fire-attorneys\\\/\",\"url\":\"https:\\\/\\\/www.bentleymore.com\\\/paradise-camp-fire-attorneys\\\/\",\"name\":\"Paradise Camp Fire Attorney - Free Consultation\",\"isPartOf\":{\"@id\":\"https:\\\/\\\/www.bentleymore.com\\\/#website\"},\"datePublished\":\"2018-12-03T23:46:28+00:00\",\"dateModified\":\"2026-03-06T04:31:11+00:00\",\"description\":\"Searching for Paradise Camp Fire Attorney for wildfire losses? Bentley & More LLP. handles fire damage litigation. Get free consultation.\",\"breadcrumb\":{\"@id\":\"https:\\\/\\\/www.bentleymore.com\\\/paradise-camp-fire-attorneys\\\/#breadcrumb\"},\"inLanguage\":\"es\",\"potentialAction\":[{\"@type\":\"ReadAction\",\"target\":[\"https:\\\/\\\/www.bentleymore.com\\\/paradise-camp-fire-attorneys\\\/\"]}]},{\"@type\":\"BreadcrumbList\",\"@id\":\"https:\\\/\\\/www.bentleymore.com\\\/paradise-camp-fire-attorneys\\\/#breadcrumb\",\"itemListElement\":[{\"@type\":\"ListItem\",\"position\":1,\"name\":\"Home\",\"item\":\"https:\\\/\\\/www.bentleymore.com\\\/\"},{\"@type\":\"ListItem\",\"position\":2,\"name\":\"Paradise Camp Fire Attorney\"}]},{\"@type\":\"WebSite\",\"@id\":\"https:\\\/\\\/www.bentleymore.com\\\/#website\",\"url\":\"https:\\\/\\\/www.bentleymore.com\\\/\",\"name\":\"Bentley & More LLP\",\"description\":\"Real Trial Lawyers\",\"publisher\":{\"@id\":\"https:\\\/\\\/www.bentleymore.com\\\/#organization\"},\"alternateName\":\"Bentley & More\",\"potentialAction\":[{\"@type\":\"SearchAction\",\"target\":{\"@type\":\"EntryPoint\",\"urlTemplate\":\"https:\\\/\\\/www.bentleymore.com\\\/?s={search_term_string}\"},\"query-input\":{\"@type\":\"PropertyValueSpecification\",\"valueRequired\":true,\"valueName\":\"search_term_string\"}}],\"inLanguage\":\"es\"},{\"@type\":\"Organization\",\"@id\":\"https:\\\/\\\/www.bentleymore.com\\\/#organization\",\"name\":\"Bentley & More LLP\",\"alternateName\":\"Bentley & More\",\"url\":\"https:\\\/\\\/www.bentleymore.com\\\/\",\"logo\":{\"@type\":\"ImageObject\",\"inLanguage\":\"es\",\"@id\":\"https:\\\/\\\/www.bentleymore.com\\\/#\\\/schema\\\/logo\\\/image\\\/\",\"url\":\"https:\\\/\\\/www.bentleymore.com\\\/wp-content\\\/uploads\\\/2023\\\/04\\\/logo.png\",\"contentUrl\":\"https:\\\/\\\/www.bentleymore.com\\\/wp-content\\\/uploads\\\/2023\\\/04\\\/logo.png\",\"width\":462,\"height\":109,\"caption\":\"Bentley & More LLP\"},\"image\":{\"@id\":\"https:\\\/\\\/www.bentleymore.com\\\/#\\\/schema\\\/logo\\\/image\\\/\"},\"sameAs\":[\"https:\\\/\\\/www.facebook.com\\\/BentleyMoreLLP\\\/\",\"https:\\\/\\\/x.com\\\/bentleymore\",\"https:\\\/\\\/www.instagram.com\\\/bentleyandmorellp\\\/\",\"https:\\\/\\\/www.yelp.com\\\/biz\\\/bentley-and-more-irvine\",\"https:\\\/\\\/www.linkedin.com\\\/company\\\/bentley-&-more-llp\\\/\",\"https:\\\/\\\/maps.app.goo.gl\\\/RZrMqUo474ugpWBRA\",\"https:\\\/\\\/www.bestlawyers.com\\\/firms\\\/bentley-more-llp\\\/75461\\\/US\",\"https:\\\/\\\/www.orangecountylawyers.com\\\/attorneys\\\/bentley-more-llp\\\/\",\"https:\\\/\\\/profiles.superlawyers.com\\\/california\\\/newport-beach\\\/lawfirm\\\/bentley-and-more-llp\\\/ce1e2f49-0a84-468f-bc17-eade2a364682.html\",\"https:\\\/\\\/uphelp.org\\\/sponsors\\\/bentley-more-llp\\\/\",\"https:\\\/\\\/law.usnews.com\\\/law-firms\\\/bentley-&-more-llp-160536\",\"https:\\\/\\\/www.martindale.com\\\/organization\\\/bentley-more-llp-158828293\\\/newport-beach-california-161028413-f\\\/\",\"https:\\\/\\\/lawyers.findlaw.com\\\/profile\\\/lawfirm\\\/bentley--more-llp\\\/ca\\\/newport-beach\\\/NTAwMzkxM18x\",\"https:\\\/\\\/www.bestlawfirms.com\\\/firms\\\/bentley-more-llp\\\/75461\\\/US\",\"https:\\\/\\\/natlawreview.com\\\/organization\\\/bentley-more-llp\",\"https:\\\/\\\/bentley-more-llp.wheree.com\\\/\",\"https:\\\/\\\/www.callupcontact.com\\\/b\\\/businessprofile\\\/Bentley_amp_More_LLP\\\/9968345\"],\"telephone\":\"+19498703800\",\"legalName\":\"Bentley & More LLP\"}]}<\/script>\n<!-- \/ Yoast SEO Premium plugin. -->","yoast_head_json":{"title":"Abogado especializado en el incendio de Paradise Camp: consulta gratuita","description":"\u00bfBusca un abogado especializado en el incendio Camp Fire para reclamar por p\u00e9rdidas causadas por el incendio forestal? Bentley &amp; More LLP se encarga de litigios por da\u00f1os causados por incendios. Obtenga una consulta gratuita.","robots":{"index":"index","follow":"follow","max-snippet":"max-snippet:-1","max-image-preview":"max-image-preview:large","max-video-preview":"max-video-preview:-1"},"canonical":"https:\/\/www.bentleymore.com\/es\/abogados-de-paradise-camp-fire\/","og_locale":"es_MX","og_type":"article","og_title":"Paradise Camp Fire Attorney","og_description":"Searching for Paradise Camp Fire Attorney for wildfire losses? Bentley & More LLP. handles fire damage litigation. Get free consultation.","og_url":"https:\/\/www.bentleymore.com\/es\/abogados-de-paradise-camp-fire\/","og_site_name":"Bentley &amp; More LLP","article_publisher":"https:\/\/www.facebook.com\/BentleyMoreLLP\/","article_modified_time":"2026-03-06T04:31:11+00:00","og_image":[{"width":462,"height":109,"url":"https:\/\/www.bentleymore.com\/wp-content\/uploads\/2023\/04\/logo.png","type":"image\/png"}],"twitter_card":"summary_large_image","twitter_site":"@bentleymore","twitter_misc":{"Tiempo de lectura":"3 minutos"},"schema":{"@context":"https:\/\/schema.org","@graph":[{"@type":"WebPage","@id":"https:\/\/www.bentleymore.com\/paradise-camp-fire-attorneys\/","url":"https:\/\/www.bentleymore.com\/paradise-camp-fire-attorneys\/","name":"Abogado especializado en el incendio de Paradise Camp: consulta gratuita","isPartOf":{"@id":"https:\/\/www.bentleymore.com\/#website"},"datePublished":"2018-12-03T23:46:28+00:00","dateModified":"2026-03-06T04:31:11+00:00","description":"\u00bfBusca un abogado especializado en el incendio Camp Fire para reclamar por p\u00e9rdidas causadas por el incendio forestal? Bentley &amp; More LLP se encarga de litigios por da\u00f1os causados por incendios. Obtenga una consulta gratuita.","breadcrumb":{"@id":"https:\/\/www.bentleymore.com\/paradise-camp-fire-attorneys\/#breadcrumb"},"inLanguage":"es","potentialAction":[{"@type":"ReadAction","target":["https:\/\/www.bentleymore.com\/paradise-camp-fire-attorneys\/"]}]},{"@type":"BreadcrumbList","@id":"https:\/\/www.bentleymore.com\/paradise-camp-fire-attorneys\/#breadcrumb","itemListElement":[{"@type":"ListItem","position":1,"name":"Home","item":"https:\/\/www.bentleymore.com\/"},{"@type":"ListItem","position":2,"name":"Paradise Camp Fire Attorney"}]},{"@type":"WebSite","@id":"https:\/\/www.bentleymore.com\/#website","url":"https:\/\/www.bentleymore.com\/","name":"Bentley &amp; More LLP","description":"Abogados litigantes de verdad","publisher":{"@id":"https:\/\/www.bentleymore.com\/#organization"},"alternateName":"Bentley & More","potentialAction":[{"@type":"SearchAction","target":{"@type":"EntryPoint","urlTemplate":"https:\/\/www.bentleymore.com\/?s={search_term_string}"},"query-input":{"@type":"PropertyValueSpecification","valueRequired":true,"valueName":"search_term_string"}}],"inLanguage":"es"},{"@type":"Organization","@id":"https:\/\/www.bentleymore.com\/#organization","name":"Bentley &amp; More LLP","alternateName":"Bentley & More","url":"https:\/\/www.bentleymore.com\/","logo":{"@type":"ImageObject","inLanguage":"es","@id":"https:\/\/www.bentleymore.com\/#\/schema\/logo\/image\/","url":"https:\/\/www.bentleymore.com\/wp-content\/uploads\/2023\/04\/logo.png","contentUrl":"https:\/\/www.bentleymore.com\/wp-content\/uploads\/2023\/04\/logo.png","width":462,"height":109,"caption":"Bentley & More LLP"},"image":{"@id":"https:\/\/www.bentleymore.com\/#\/schema\/logo\/image\/"},"sameAs":["https:\/\/www.facebook.com\/BentleyMoreLLP\/","https:\/\/x.com\/bentleymore","https:\/\/www.instagram.com\/bentleyandmorellp\/","https:\/\/www.yelp.com\/biz\/bentley-and-more-irvine","https:\/\/www.linkedin.com\/company\/bentley-&-more-llp\/","https:\/\/maps.app.goo.gl\/RZrMqUo474ugpWBRA","https:\/\/www.bestlawyers.com\/firms\/bentley-more-llp\/75461\/US","https:\/\/www.orangecountylawyers.com\/attorneys\/bentley-more-llp\/","https:\/\/profiles.superlawyers.com\/california\/newport-beach\/lawfirm\/bentley-and-more-llp\/ce1e2f49-0a84-468f-bc17-eade2a364682.html","https:\/\/uphelp.org\/sponsors\/bentley-more-llp\/","https:\/\/law.usnews.com\/law-firms\/bentley-&-more-llp-160536","https:\/\/www.martindale.com\/organization\/bentley-more-llp-158828293\/newport-beach-california-161028413-f\/","https:\/\/lawyers.findlaw.com\/profile\/lawfirm\/bentley--more-llp\/ca\/newport-beach\/NTAwMzkxM18x","https:\/\/www.bestlawfirms.com\/firms\/bentley-more-llp\/75461\/US","https:\/\/natlawreview.com\/organization\/bentley-more-llp","https:\/\/bentley-more-llp.wheree.com\/","https:\/\/www.callupcontact.com\/b\/businessprofile\/Bentley_amp_More_LLP\/9968345"],"telephone":"+19498703800","legalName":"Bentley & More LLP"}]}},"_links":{"self":[{"href":"https:\/\/www.bentleymore.com\/es\/wp-json\/wp\/v2\/pages\/1832","targetHints":{"allow":["GET"]}}],"collection":[{"href":"https:\/\/www.bentleymore.com\/es\/wp-json\/wp\/v2\/pages"}],"about":[{"href":"https:\/\/www.bentleymore.com\/es\/wp-json\/wp\/v2\/types\/page"}],"author":[{"embeddable":true,"href":"https:\/\/www.bentleymore.com\/es\/wp-json\/wp\/v2\/users\/4"}],"replies":[{"embeddable":true,"href":"https:\/\/www.bentleymore.com\/es\/wp-json\/wp\/v2\/comments?post=1832"}],"version-history":[{"count":2,"href":"https:\/\/www.bentleymore.com\/es\/wp-json\/wp\/v2\/pages\/1832\/revisions"}],"predecessor-version":[{"id":7463,"href":"https:\/\/www.bentleymore.com\/es\/wp-json\/wp\/v2\/pages\/1832\/revisions\/7463"}],"wp:attachment":[{"href":"https:\/\/www.bentleymore.com\/es\/wp-json\/wp\/v2\/media?parent=1832"}],"curies":[{"name":"wp","href":"https:\/\/api.w.org\/{rel}","templated":true}]}}