{"id":1834,"date":"2018-12-03T17:07:00","date_gmt":"2018-12-04T00:07:00","guid":{"rendered":"https:\/\/www.bentleymore.com\/?page_id=1834"},"modified":"2026-03-06T02:45:38","modified_gmt":"2026-03-06T09:45:38","slug":"incendio-de-henley","status":"publish","type":"page","link":"https:\/\/www.bentleymore.com\/es\/orange-county-wildfire-lawyer\/henley-fire\/","title":{"rendered":"Orange County Abogado especializado en incendios en Henley"},"content":{"rendered":"<div id=\"ez-toc-container\" class=\"ez-toc-v2_0_82_2 counter-hierarchy ez-toc-counter ez-toc-transparent ez-toc-container-direction\">\n<div class=\"ez-toc-title-container\">\n<p class=\"ez-toc-title ez-toc-toggle\" style=\"cursor:pointer\">\u00cdndice<\/p>\n<span class=\"ez-toc-title-toggle\"><a href=\"#\" class=\"ez-toc-pull-right ez-toc-btn ez-toc-btn-xs ez-toc-btn-default ez-toc-toggle\" aria-label=\"Mostrar\/ocultar \u00edndice\"><span class=\"ez-toc-js-icon-con\"><span class=\"\"><span class=\"eztoc-hide\" style=\"display:none;\">Alternar<\/span><span class=\"ez-toc-icon-toggle-span\"><svg style=\"fill: #999;color:#999\" xmlns=\"http:\/\/www.w3.org\/2000\/svg\" class=\"list-377408\" width=\"20px\" height=\"20px\" viewbox=\"0 0 24 24\" fill=\"none\"><path d=\"M6 6H4v2h2V6zm14 0H8v2h12V6zM4 11h2v2H4v-2zm16 0H8v2h12v-2zM4 16h2v2H4v-2zm16 0H8v2h12v-2z\" fill=\"currentColor\"><\/path><\/svg><svg style=\"fill: #999;color:#999\" class=\"arrow-unsorted-368013\" xmlns=\"http:\/\/www.w3.org\/2000\/svg\" width=\"10px\" height=\"10px\" viewbox=\"0 0 24 24\" version=\"1.2\" baseprofile=\"tiny\"><path d=\"M18.2 9.3l-6.2-6.3-6.2 6.3c-.2.2-.3.4-.3.7s.1.5.3.7c.2.2.4.3.7.3h11c.3 0 .5-.1.7-.3.2-.2.3-.5.3-.7s-.1-.5-.3-.7zM5.8 14.7l6.2 6.3 6.2-6.3c.2-.2.3-.5.3-.7s-.1-.5-.3-.7c-.2-.2-.4-.3-.7-.3h-11c-.3 0-.5.1-.7.3-.2.2-.3.5-.3.7s.1.5.3.7z\"\/><\/svg><\/span><\/span><\/span><\/a><\/span><\/div>\n<nav><ul class='ez-toc-list ez-toc-list-level-1 eztoc-toggle-hide-by-default' ><li class='ez-toc-page-1 ez-toc-heading-level-2'><a class=\"ez-toc-link ez-toc-heading-1\" href=\"https:\/\/www.bentleymore.com\/es\/orange-county-wildfire-lawyer\/henley-fire\/#henley-fire-attorney-in-orange-county-ca\" >Abogado especializado en incendios en Henley, Orange County, California<\/a><\/li><li class='ez-toc-page-1 ez-toc-heading-level-2'><a class=\"ez-toc-link ez-toc-heading-2\" href=\"https:\/\/www.bentleymore.com\/es\/orange-county-wildfire-lawyer\/henley-fire\/#take-action-after-the-klamathon-fire\" >Act\u00faa tras el incendio de Klamathon<\/a><ul class='ez-toc-list-level-3' ><li class='ez-toc-heading-level-3'><a class=\"ez-toc-link ez-toc-heading-3\" href=\"https:\/\/www.bentleymore.com\/es\/orange-county-wildfire-lawyer\/henley-fire\/#insurance-headaches-after-a-wildfire\" >Problemas con el seguro tras un incendio forestal<\/a><\/li><\/ul><\/li><li class='ez-toc-page-1 ez-toc-heading-level-2'><a class=\"ez-toc-link ez-toc-heading-4\" href=\"https:\/\/www.bentleymore.com\/es\/orange-county-wildfire-lawyer\/henley-fire\/#insurance-bad-faith\" >Mala fe en materia de seguros<\/a><\/li><\/ul><\/nav><\/div>\n<h2><span class=\"ez-toc-section\" id=\"henley-fire-attorney-in-orange-county-ca\"><\/span>Abogado especializado en incendios en Henley, Orange County, California<span class=\"ez-toc-section-end\"><\/span><\/h2>\n<p>La zona California ha sido escenario de algunos de los incendios m\u00e1s devastadores de la historia. El reciente incendio Klamathon en Henley arras\u00f3 m\u00e1s de 38 000 acres, destruy\u00f3 decenas de edificios y caus\u00f3 numerosas lesiones. Si su familia sufri\u00f3 da\u00f1os materiales u otras p\u00e9rdidas a causa del incendio Klamathon, es posible que a\u00fan se encuentre en el proceso de recuperar la normalidad en su vida.<\/p>\n<p>Lamentablemente, las compa\u00f1\u00edas de seguros pueden tardar en pagar las indemnizaciones tras un desastre. Conocer tus opciones legales es el primer paso para obtener una indemnizaci\u00f3n justa por tu reclamaci\u00f3n al seguro. <a href=\"https:\/\/www.bentleymore.com\/es\/contactenos\/\">P\u00f3ngase en contacto con los abogados<\/a> P\u00f3ngase en contacto hoy mismo con Bentley &amp; More LLP para programar una evaluaci\u00f3n gratuita de su caso.<\/p>\n<h2><span class=\"ez-toc-section\" id=\"take-action-after-the-klamathon-fire\"><\/span>Act\u00faa tras el incendio de Klamathon<span class=\"ez-toc-section-end\"><\/span><\/h2>\n<p>El incendio de Klamathon caus\u00f3 importantes da\u00f1os materiales, y es posible que muchos residentes se encuentren en proceso de negociaci\u00f3n con sus compa\u00f1\u00edas de seguros. Si sientes que te est\u00e1n dando largas, toma medidas para proteger y reforzar tu reclamaci\u00f3n al seguro:<\/p>\n<ol>\n<li><strong>Haz un inventario de todas tus p\u00e9rdidas<\/strong>. Puede resultar dif\u00edcil recordar todas tus pertenencias, pero asignar un valor y una fecha de compra a tus art\u00edculos m\u00e1s costosos puede ayudarte a determinar el valor de tu reclamaci\u00f3n. Ve habitaci\u00f3n por habitaci\u00f3n y elabora una lista de lo que has perdido, indicando la fecha de compra y el valor aproximado en el momento de la compra.<\/li>\n<li><strong>Guarda todas las pruebas<\/strong>. Guarde copias de los recibos de hoteles o de medios de transporte alternativos, como alquileres de autos o viajes en Uber. Si usted o sus seres queridos recibieron atenci\u00f3n m\u00e9dica, guarde copias de todas las facturas.<\/li>\n<li><strong>No te f\u00edes de lo que te diga una aseguradora<\/strong>. Las promesas verbales no tienen validez ante un tribunal. Aseg\u00farate de que todo quede por escrito, pero no firmes ninguna declaraci\u00f3n ni acuerdo de reclamaci\u00f3n sin consultar antes con un abogado.<\/li>\n<li><strong>P\u00f3ngase en contacto con un abogado<\/strong>. Un abogado es la \u00fanica persona en la mesa que vela por sus intereses y puede maximizar sus posibilidades de obtener una indemnizaci\u00f3n justa por sus p\u00e9rdidas.<\/li>\n<\/ol>\n<h3><span class=\"ez-toc-section\" id=\"insurance-headaches-after-a-wildfire\"><\/span>Problemas con el seguro tras un incendio forestal<span class=\"ez-toc-section-end\"><\/span><\/h3>\n<p>Los sucesos que provocan una destrucci\u00f3n a gran escala, como el incendio de Klamathon, pueden dar lugar a diversos problemas, especialmente en lo que respecta a las compa\u00f1\u00edas de seguros. Cuando contratas una p\u00f3liza de seguro de vivienda, pagas tus primas cada mes con la expectativa de que tu aseguradora te indemnice cuando m\u00e1s lo necesites. Es probable que su p\u00f3liza de seguro se base en el valor real de reposici\u00f3n en efectivo, lo que significa que deber\u00eda recibir un pago por el costo de reconstruir su vivienda y reemplazar su contenido. No hacerlo podr\u00eda constituir mala fe por parte de la aseguradora.<\/p>\n<p>Desafortunadamente, no todas las compa\u00f1\u00edas de seguros pagan las indemnizaciones en su totalidad o a tiempo. Es importante recordar que se trata de empresas con fines de lucro, y que cada indemnizaci\u00f3n que pagan supone una p\u00e9rdida para ellas. Por otro lado, tu compa\u00f1\u00eda de seguros tiene una responsabilidad contigo, y comprender esta relaci\u00f3n es una de las mejores formas de proteger tu reclamaci\u00f3n<\/p>\n<h2><span class=\"ez-toc-section\" id=\"insurance-bad-faith\"><\/span>Mala fe en materia de seguros<span class=\"ez-toc-section-end\"><\/span><\/h2>\n<p>La ley de seguros California establece que todas las compa\u00f1\u00edas de seguros deben actuar de buena fe y con equidad al investigar y evaluar las reclamaciones. En otras palabras, deben actuar con honestidad y equidad en su proceso de toma de decisiones, incluso cuando ello les suponga un resultado desfavorable. Cuando una compa\u00f1\u00eda de seguros act\u00faa de mala fe, usted, como asegurado, tiene la opci\u00f3n de presentar una demanda contra ella para reclamar una indemnizaci\u00f3n adicional por da\u00f1os y perjuicios.<\/p>\n<p>La mala fe en materia de seguros puede manifestarse de diversas formas, pero algunas de las quejas m\u00e1s comunes incluyen:<\/p>\n<ul>\n<li>Denegaci\u00f3n rotunda de la reclamaci\u00f3n sin fundamento<\/li>\n<li>Retrasar una investigaci\u00f3n<\/li>\n<li>Mentir sobre los resultados de una investigaci\u00f3n o manipular el curso de una evaluaci\u00f3n<\/li>\n<li>Correspondencia inadecuada con el asegurado<\/li>\n<\/ul>\n<p>Los peritos de siniestros y las compa\u00f1\u00edas de seguros pueden aprovechar la falta de conocimiento del asegurado o su situaci\u00f3n de desesperaci\u00f3n para actuar de mala fe, por ejemplo, ofreciendo una indemnizaci\u00f3n muy inferior al valor de reposici\u00f3n. Si sospecha que su aseguradora se est\u00e1 aprovechando de usted, p\u00f3ngase en contacto con la <a href=\"https:\/\/www.bentleymore.com\/es\/abogado-especializado-en-lesiones-personales-en-el-condado-de-orange\/\">Orange County, abogados especializados en lesiones personales<\/a> en nuestro bufete de abogados Southern California lo antes posible. Contar con representaci\u00f3n legal puede hacer que su compa\u00f1\u00eda de seguros se tome su reclamaci\u00f3n m\u00e1s en serio.<\/p>\n<p><em>Si ha sufrido da\u00f1os materiales a causa del incendio de Klamathon en Henley, p\u00f3ngase en contacto hoy mismo con los abogados de Bentley and More, LLP y programe una evaluaci\u00f3n gratuita de su caso.<\/em><\/p>\n<p>&nbsp;<\/p>","protected":false},"excerpt":{"rendered":"<p>Henley Fire Attorney in Orange County, CA California has been the scene of some of the most devastating fires in history. The recent Klamathon fire in Henley burned over 38,000 acres, destroying dozens of structures and causing many more injuries. If your family suffered property damage or other losses in the Klamathon fire, you may&#8230; <a href=\"https:\/\/www.bentleymore.com\/es\/orange-county-wildfire-lawyer\/henley-fire\/\">Leer m\u00e1s<\/a><\/p>","protected":false},"author":4,"featured_media":0,"parent":1826,"menu_order":0,"comment_status":"closed","ping_status":"closed","template":"","meta":{"_acf_changed":false,"footnotes":""},"class_list":["post-1834","page","type-page","status-publish","hentry"],"acf":[],"yoast_head":"<!-- This site is optimized with the Yoast SEO Premium plugin v26.7 (Yoast SEO v27.6) - https:\/\/yoast.com\/product\/yoast-seo-premium-wordpress\/ -->\n<title>Orange County Henley Fire Lawyer - Free Consultation<\/title>\n<meta name=\"description\" content=\"Need an Orange County Henley Fire Lawyer for wildfire property losses? Bentley &amp; More LLP. handles fire damage claims. Get free consultation.\" \/>\n<meta name=\"robots\" content=\"index, follow, max-snippet:-1, max-image-preview:large, max-video-preview:-1\" \/>\n<link rel=\"canonical\" href=\"https:\/\/www.bentleymore.com\/es\/abogado-especializado-en-incendios-forestales-en-el-condado-de-orange\/incendio-de-henley\/\" \/>\n<meta property=\"og:locale\" content=\"es_MX\" \/>\n<meta property=\"og:type\" content=\"article\" \/>\n<meta property=\"og:title\" content=\"Orange County Henley Fire Lawyer\" \/>\n<meta property=\"og:description\" content=\"Need an Orange County Henley Fire Lawyer for wildfire property losses? Bentley &amp; More LLP. handles fire damage claims. Get free consultation.\" \/>\n<meta property=\"og:url\" content=\"https:\/\/www.bentleymore.com\/es\/abogado-especializado-en-incendios-forestales-en-el-condado-de-orange\/incendio-de-henley\/\" \/>\n<meta property=\"og:site_name\" content=\"Bentley &amp; More LLP\" \/>\n<meta property=\"article:publisher\" content=\"https:\/\/www.facebook.com\/BentleyMoreLLP\/\" \/>\n<meta property=\"article:modified_time\" content=\"2026-03-06T09:45:38+00:00\" \/>\n<meta property=\"og:image\" content=\"https:\/\/www.bentleymore.com\/wp-content\/uploads\/2023\/04\/logo.png\" \/>\n\t<meta property=\"og:image:width\" content=\"462\" \/>\n\t<meta property=\"og:image:height\" content=\"109\" \/>\n\t<meta property=\"og:image:type\" content=\"image\/png\" \/>\n<meta name=\"twitter:card\" content=\"summary_large_image\" \/>\n<meta name=\"twitter:site\" content=\"@bentleymore\" \/>\n<meta name=\"twitter:label1\" content=\"Tiempo de lectura\" \/>\n\t<meta name=\"twitter:data1\" content=\"3 minutos\" \/>\n<script type=\"application\/ld+json\" class=\"yoast-schema-graph\">{\"@context\":\"https:\\\/\\\/schema.org\",\"@graph\":[{\"@type\":\"WebPage\",\"@id\":\"https:\\\/\\\/www.bentleymore.com\\\/orange-county-wildfire-lawyer\\\/henley-fire\\\/\",\"url\":\"https:\\\/\\\/www.bentleymore.com\\\/orange-county-wildfire-lawyer\\\/henley-fire\\\/\",\"name\":\"Orange County Henley Fire Lawyer - Free Consultation\",\"isPartOf\":{\"@id\":\"https:\\\/\\\/www.bentleymore.com\\\/#website\"},\"datePublished\":\"2018-12-04T00:07:00+00:00\",\"dateModified\":\"2026-03-06T09:45:38+00:00\",\"description\":\"Need an Orange County Henley Fire Lawyer for wildfire property losses? Bentley & More LLP. handles fire damage claims. Get free consultation.\",\"breadcrumb\":{\"@id\":\"https:\\\/\\\/www.bentleymore.com\\\/orange-county-wildfire-lawyer\\\/henley-fire\\\/#breadcrumb\"},\"inLanguage\":\"es\",\"potentialAction\":[{\"@type\":\"ReadAction\",\"target\":[\"https:\\\/\\\/www.bentleymore.com\\\/orange-county-wildfire-lawyer\\\/henley-fire\\\/\"]}]},{\"@type\":\"BreadcrumbList\",\"@id\":\"https:\\\/\\\/www.bentleymore.com\\\/orange-county-wildfire-lawyer\\\/henley-fire\\\/#breadcrumb\",\"itemListElement\":[{\"@type\":\"ListItem\",\"position\":1,\"name\":\"Home\",\"item\":\"https:\\\/\\\/www.bentleymore.com\\\/\"},{\"@type\":\"ListItem\",\"position\":2,\"name\":\"Orange County Wildfire Lawyer\",\"item\":\"https:\\\/\\\/www.bentleymore.com\\\/orange-county-wildfire-lawyer\\\/\"},{\"@type\":\"ListItem\",\"position\":3,\"name\":\"Orange County Henley Fire Lawyer\"}]},{\"@type\":\"WebSite\",\"@id\":\"https:\\\/\\\/www.bentleymore.com\\\/#website\",\"url\":\"https:\\\/\\\/www.bentleymore.com\\\/\",\"name\":\"Bentley & More LLP\",\"description\":\"Real Trial Lawyers\",\"publisher\":{\"@id\":\"https:\\\/\\\/www.bentleymore.com\\\/#organization\"},\"alternateName\":\"Bentley & More\",\"potentialAction\":[{\"@type\":\"SearchAction\",\"target\":{\"@type\":\"EntryPoint\",\"urlTemplate\":\"https:\\\/\\\/www.bentleymore.com\\\/?s={search_term_string}\"},\"query-input\":{\"@type\":\"PropertyValueSpecification\",\"valueRequired\":true,\"valueName\":\"search_term_string\"}}],\"inLanguage\":\"es\"},{\"@type\":\"Organization\",\"@id\":\"https:\\\/\\\/www.bentleymore.com\\\/#organization\",\"name\":\"Bentley & More LLP\",\"alternateName\":\"Bentley & More\",\"url\":\"https:\\\/\\\/www.bentleymore.com\\\/\",\"logo\":{\"@type\":\"ImageObject\",\"inLanguage\":\"es\",\"@id\":\"https:\\\/\\\/www.bentleymore.com\\\/#\\\/schema\\\/logo\\\/image\\\/\",\"url\":\"https:\\\/\\\/www.bentleymore.com\\\/wp-content\\\/uploads\\\/2023\\\/04\\\/logo.png\",\"contentUrl\":\"https:\\\/\\\/www.bentleymore.com\\\/wp-content\\\/uploads\\\/2023\\\/04\\\/logo.png\",\"width\":462,\"height\":109,\"caption\":\"Bentley & More LLP\"},\"image\":{\"@id\":\"https:\\\/\\\/www.bentleymore.com\\\/#\\\/schema\\\/logo\\\/image\\\/\"},\"sameAs\":[\"https:\\\/\\\/www.facebook.com\\\/BentleyMoreLLP\\\/\",\"https:\\\/\\\/x.com\\\/bentleymore\",\"https:\\\/\\\/www.instagram.com\\\/bentleyandmorellp\\\/\",\"https:\\\/\\\/www.yelp.com\\\/biz\\\/bentley-and-more-irvine\",\"https:\\\/\\\/www.linkedin.com\\\/company\\\/bentley-&-more-llp\\\/\",\"https:\\\/\\\/maps.app.goo.gl\\\/RZrMqUo474ugpWBRA\",\"https:\\\/\\\/www.bestlawyers.com\\\/firms\\\/bentley-more-llp\\\/75461\\\/US\",\"https:\\\/\\\/www.orangecountylawyers.com\\\/attorneys\\\/bentley-more-llp\\\/\",\"https:\\\/\\\/profiles.superlawyers.com\\\/california\\\/newport-beach\\\/lawfirm\\\/bentley-and-more-llp\\\/ce1e2f49-0a84-468f-bc17-eade2a364682.html\",\"https:\\\/\\\/uphelp.org\\\/sponsors\\\/bentley-more-llp\\\/\",\"https:\\\/\\\/law.usnews.com\\\/law-firms\\\/bentley-&-more-llp-160536\",\"https:\\\/\\\/www.martindale.com\\\/organization\\\/bentley-more-llp-158828293\\\/newport-beach-california-161028413-f\\\/\",\"https:\\\/\\\/lawyers.findlaw.com\\\/profile\\\/lawfirm\\\/bentley--more-llp\\\/ca\\\/newport-beach\\\/NTAwMzkxM18x\",\"https:\\\/\\\/www.bestlawfirms.com\\\/firms\\\/bentley-more-llp\\\/75461\\\/US\",\"https:\\\/\\\/natlawreview.com\\\/organization\\\/bentley-more-llp\",\"https:\\\/\\\/bentley-more-llp.wheree.com\\\/\",\"https:\\\/\\\/www.callupcontact.com\\\/b\\\/businessprofile\\\/Bentley_amp_More_LLP\\\/9968345\"],\"telephone\":\"+19498703800\",\"legalName\":\"Bentley & More LLP\"}]}<\/script>\n<!-- \/ Yoast SEO Premium plugin. -->","yoast_head_json":{"title":"Orange County Abogado especializado en incendios en Henley - Consulta gratuita","description":"\u00bfNecesita un abogado especializado en incendios en Henley (Orange County) para reclamaciones por p\u00e9rdidas materiales causadas por incendios forestales? Bentley &amp; More LLP se encarga de reclamaciones por da\u00f1os causados por incendios. Obtenga una consulta gratuita.","robots":{"index":"index","follow":"follow","max-snippet":"max-snippet:-1","max-image-preview":"max-image-preview:large","max-video-preview":"max-video-preview:-1"},"canonical":"https:\/\/www.bentleymore.com\/es\/abogado-especializado-en-incendios-forestales-en-el-condado-de-orange\/incendio-de-henley\/","og_locale":"es_MX","og_type":"article","og_title":"Orange County Henley Fire Lawyer","og_description":"Need an Orange County Henley Fire Lawyer for wildfire property losses? Bentley & More LLP. handles fire damage claims. Get free consultation.","og_url":"https:\/\/www.bentleymore.com\/es\/abogado-especializado-en-incendios-forestales-en-el-condado-de-orange\/incendio-de-henley\/","og_site_name":"Bentley &amp; More LLP","article_publisher":"https:\/\/www.facebook.com\/BentleyMoreLLP\/","article_modified_time":"2026-03-06T09:45:38+00:00","og_image":[{"width":462,"height":109,"url":"https:\/\/www.bentleymore.com\/wp-content\/uploads\/2023\/04\/logo.png","type":"image\/png"}],"twitter_card":"summary_large_image","twitter_site":"@bentleymore","twitter_misc":{"Tiempo de lectura":"3 minutos"},"schema":{"@context":"https:\/\/schema.org","@graph":[{"@type":"WebPage","@id":"https:\/\/www.bentleymore.com\/orange-county-wildfire-lawyer\/henley-fire\/","url":"https:\/\/www.bentleymore.com\/orange-county-wildfire-lawyer\/henley-fire\/","name":"Orange County Abogado especializado en incendios en Henley - Consulta gratuita","isPartOf":{"@id":"https:\/\/www.bentleymore.com\/#website"},"datePublished":"2018-12-04T00:07:00+00:00","dateModified":"2026-03-06T09:45:38+00:00","description":"\u00bfNecesita un abogado especializado en incendios en Henley (Orange County) para reclamaciones por p\u00e9rdidas materiales causadas por incendios forestales? Bentley &amp; More LLP se encarga de reclamaciones por da\u00f1os causados por incendios. Obtenga una consulta gratuita.","breadcrumb":{"@id":"https:\/\/www.bentleymore.com\/orange-county-wildfire-lawyer\/henley-fire\/#breadcrumb"},"inLanguage":"es","potentialAction":[{"@type":"ReadAction","target":["https:\/\/www.bentleymore.com\/orange-county-wildfire-lawyer\/henley-fire\/"]}]},{"@type":"BreadcrumbList","@id":"https:\/\/www.bentleymore.com\/orange-county-wildfire-lawyer\/henley-fire\/#breadcrumb","itemListElement":[{"@type":"ListItem","position":1,"name":"Home","item":"https:\/\/www.bentleymore.com\/"},{"@type":"ListItem","position":2,"name":"Orange County Wildfire Lawyer","item":"https:\/\/www.bentleymore.com\/orange-county-wildfire-lawyer\/"},{"@type":"ListItem","position":3,"name":"Orange County Henley Fire Lawyer"}]},{"@type":"WebSite","@id":"https:\/\/www.bentleymore.com\/#website","url":"https:\/\/www.bentleymore.com\/","name":"Bentley &amp; More LLP","description":"Abogados litigantes de verdad","publisher":{"@id":"https:\/\/www.bentleymore.com\/#organization"},"alternateName":"Bentley & More","potentialAction":[{"@type":"SearchAction","target":{"@type":"EntryPoint","urlTemplate":"https:\/\/www.bentleymore.com\/?s={search_term_string}"},"query-input":{"@type":"PropertyValueSpecification","valueRequired":true,"valueName":"search_term_string"}}],"inLanguage":"es"},{"@type":"Organization","@id":"https:\/\/www.bentleymore.com\/#organization","name":"Bentley &amp; More LLP","alternateName":"Bentley & More","url":"https:\/\/www.bentleymore.com\/","logo":{"@type":"ImageObject","inLanguage":"es","@id":"https:\/\/www.bentleymore.com\/#\/schema\/logo\/image\/","url":"https:\/\/www.bentleymore.com\/wp-content\/uploads\/2023\/04\/logo.png","contentUrl":"https:\/\/www.bentleymore.com\/wp-content\/uploads\/2023\/04\/logo.png","width":462,"height":109,"caption":"Bentley & More LLP"},"image":{"@id":"https:\/\/www.bentleymore.com\/#\/schema\/logo\/image\/"},"sameAs":["https:\/\/www.facebook.com\/BentleyMoreLLP\/","https:\/\/x.com\/bentleymore","https:\/\/www.instagram.com\/bentleyandmorellp\/","https:\/\/www.yelp.com\/biz\/bentley-and-more-irvine","https:\/\/www.linkedin.com\/company\/bentley-&-more-llp\/","https:\/\/maps.app.goo.gl\/RZrMqUo474ugpWBRA","https:\/\/www.bestlawyers.com\/firms\/bentley-more-llp\/75461\/US","https:\/\/www.orangecountylawyers.com\/attorneys\/bentley-more-llp\/","https:\/\/profiles.superlawyers.com\/california\/newport-beach\/lawfirm\/bentley-and-more-llp\/ce1e2f49-0a84-468f-bc17-eade2a364682.html","https:\/\/uphelp.org\/sponsors\/bentley-more-llp\/","https:\/\/law.usnews.com\/law-firms\/bentley-&-more-llp-160536","https:\/\/www.martindale.com\/organization\/bentley-more-llp-158828293\/newport-beach-california-161028413-f\/","https:\/\/lawyers.findlaw.com\/profile\/lawfirm\/bentley--more-llp\/ca\/newport-beach\/NTAwMzkxM18x","https:\/\/www.bestlawfirms.com\/firms\/bentley-more-llp\/75461\/US","https:\/\/natlawreview.com\/organization\/bentley-more-llp","https:\/\/bentley-more-llp.wheree.com\/","https:\/\/www.callupcontact.com\/b\/businessprofile\/Bentley_amp_More_LLP\/9968345"],"telephone":"+19498703800","legalName":"Bentley & More LLP"}]}},"_links":{"self":[{"href":"https:\/\/www.bentleymore.com\/es\/wp-json\/wp\/v2\/pages\/1834","targetHints":{"allow":["GET"]}}],"collection":[{"href":"https:\/\/www.bentleymore.com\/es\/wp-json\/wp\/v2\/pages"}],"about":[{"href":"https:\/\/www.bentleymore.com\/es\/wp-json\/wp\/v2\/types\/page"}],"author":[{"embeddable":true,"href":"https:\/\/www.bentleymore.com\/es\/wp-json\/wp\/v2\/users\/4"}],"replies":[{"embeddable":true,"href":"https:\/\/www.bentleymore.com\/es\/wp-json\/wp\/v2\/comments?post=1834"}],"version-history":[{"count":2,"href":"https:\/\/www.bentleymore.com\/es\/wp-json\/wp\/v2\/pages\/1834\/revisions"}],"predecessor-version":[{"id":7623,"href":"https:\/\/www.bentleymore.com\/es\/wp-json\/wp\/v2\/pages\/1834\/revisions\/7623"}],"up":[{"embeddable":true,"href":"https:\/\/www.bentleymore.com\/es\/wp-json\/wp\/v2\/pages\/1826"}],"wp:attachment":[{"href":"https:\/\/www.bentleymore.com\/es\/wp-json\/wp\/v2\/media?parent=1834"}],"curies":[{"name":"wp","href":"https:\/\/api.w.org\/{rel}","templated":true}]}}