{"id":196,"date":"2017-11-05T18:17:38","date_gmt":"2017-11-05T18:17:38","guid":{"rendered":"http:\/\/bentleymore.1p21.io\/?page_id=196"},"modified":"2026-02-26T07:55:00","modified_gmt":"2026-02-26T14:55:00","slug":"gracias","status":"publish","type":"page","link":"https:\/\/www.bentleymore.com\/es\/thank-you\/","title":{"rendered":"Gracias"},"content":{"rendered":"<p>Gracias por su solicitud; nos pondremos en contacto con usted en breve. Para asuntos urgentes, ll\u00e1menos al (949) 870-3800.<\/p>\n<p><!-- Global site tag (gtag.js) - Google Ads: 722108951 --><br \/>\n<script async src=\"https:\/\/www.googletagmanager.com\/gtag\/js?id=AW-722108951\"><\/script><br \/>\n<script>\n  window.dataLayer = window.dataLayer || [];\n  function gtag(){dataLayer.push(arguments);}\n  gtag('js', new Date());<\/p>\n<p>  gtag('config', 'AW-722108951');\n<\/script><\/p>\n<p><!-- Event snippet for Thank You Page (bentleymore.com) conversion page --><br \/>\n<script>\n  gtag('event', 'conversion', {'send_to': 'AW-722108951\/haUpCOz5wqYBEJeEqtgC'});\n<\/script><\/p>","protected":false},"excerpt":{"rendered":"<p>Gracias por su solicitud; nos pondremos en contacto con usted en breve. Para asuntos urgentes, ll\u00e1menos al (949) 870-3800.<\/p>","protected":false},"author":4,"featured_media":0,"parent":0,"menu_order":0,"comment_status":"closed","ping_status":"closed","template":"","meta":{"_acf_changed":false,"footnotes":""},"class_list":["post-196","page","type-page","status-publish","hentry"],"acf":[],"yoast_head":"<!-- This site is optimized with the Yoast SEO Premium plugin v26.7 (Yoast SEO v27.4) - https:\/\/yoast.com\/product\/yoast-seo-premium-wordpress\/ -->\n<title>Thank You | Bentley &amp; More LLP<\/title>\n<meta name=\"description\" content=\"Thank you for contacting Bentley &amp; More LLP. Our legal team will respond shortly\u2014learn more about our trial lawyers and schedule your free consultation.\" \/>\n<meta name=\"robots\" content=\"noindex, nofollow\" \/>\n<meta property=\"og:locale\" content=\"es_MX\" \/>\n<meta property=\"og:type\" content=\"article\" \/>\n<meta property=\"og:title\" content=\"Thank You\" \/>\n<meta property=\"og:description\" content=\"Thank you for contacting Bentley &amp; More LLP. Our legal team will respond shortly\u2014learn more about our trial lawyers and schedule your free consultation.\" \/>\n<meta property=\"og:url\" content=\"https:\/\/www.bentleymore.com\/es\/gracias\/\" \/>\n<meta property=\"og:site_name\" content=\"Bentley &amp; More LLP\" \/>\n<meta property=\"article:publisher\" content=\"https:\/\/www.facebook.com\/BentleyMoreLLP\/\" \/>\n<meta property=\"article:modified_time\" content=\"2026-02-26T14:55:00+00:00\" \/>\n<meta property=\"og:image\" content=\"https:\/\/www.bentleymore.com\/wp-content\/uploads\/2023\/04\/logo.png\" \/>\n\t<meta property=\"og:image:width\" content=\"462\" \/>\n\t<meta property=\"og:image:height\" content=\"109\" \/>\n\t<meta property=\"og:image:type\" content=\"image\/png\" \/>\n<meta name=\"twitter:card\" content=\"summary_large_image\" \/>\n<meta name=\"twitter:site\" content=\"@bentleymore\" \/>\n<meta name=\"twitter:label1\" content=\"Tiempo de lectura\" \/>\n\t<meta name=\"twitter:data1\" content=\"1 minuto\" \/>\n<script type=\"application\/ld+json\" class=\"yoast-schema-graph\">{\"@context\":\"https:\\\/\\\/schema.org\",\"@graph\":[{\"@type\":\"WebPage\",\"@id\":\"https:\\\/\\\/www.bentleymore.com\\\/thank-you\\\/\",\"url\":\"https:\\\/\\\/www.bentleymore.com\\\/thank-you\\\/\",\"name\":\"Thank You | Bentley & More LLP\",\"isPartOf\":{\"@id\":\"https:\\\/\\\/www.bentleymore.com\\\/#website\"},\"datePublished\":\"2017-11-05T18:17:38+00:00\",\"dateModified\":\"2026-02-26T14:55:00+00:00\",\"description\":\"Thank you for contacting Bentley & More LLP. Our legal team will respond shortly\u2014learn more about our trial lawyers and schedule your free consultation.\",\"breadcrumb\":{\"@id\":\"https:\\\/\\\/www.bentleymore.com\\\/thank-you\\\/#breadcrumb\"},\"inLanguage\":\"es\",\"potentialAction\":[{\"@type\":\"ReadAction\",\"target\":[\"https:\\\/\\\/www.bentleymore.com\\\/thank-you\\\/\"]}]},{\"@type\":\"BreadcrumbList\",\"@id\":\"https:\\\/\\\/www.bentleymore.com\\\/thank-you\\\/#breadcrumb\",\"itemListElement\":[{\"@type\":\"ListItem\",\"position\":1,\"name\":\"Home\",\"item\":\"https:\\\/\\\/www.bentleymore.com\\\/\"},{\"@type\":\"ListItem\",\"position\":2,\"name\":\"Thank You\"}]},{\"@type\":\"WebSite\",\"@id\":\"https:\\\/\\\/www.bentleymore.com\\\/#website\",\"url\":\"https:\\\/\\\/www.bentleymore.com\\\/\",\"name\":\"Bentley & More LLP\",\"description\":\"Real Trial Lawyers\",\"publisher\":{\"@id\":\"https:\\\/\\\/www.bentleymore.com\\\/#organization\"},\"alternateName\":\"Bentley & More\",\"potentialAction\":[{\"@type\":\"SearchAction\",\"target\":{\"@type\":\"EntryPoint\",\"urlTemplate\":\"https:\\\/\\\/www.bentleymore.com\\\/?s={search_term_string}\"},\"query-input\":{\"@type\":\"PropertyValueSpecification\",\"valueRequired\":true,\"valueName\":\"search_term_string\"}}],\"inLanguage\":\"es\"},{\"@type\":\"Organization\",\"@id\":\"https:\\\/\\\/www.bentleymore.com\\\/#organization\",\"name\":\"Bentley & More LLP\",\"alternateName\":\"Bentley & More\",\"url\":\"https:\\\/\\\/www.bentleymore.com\\\/\",\"logo\":{\"@type\":\"ImageObject\",\"inLanguage\":\"es\",\"@id\":\"https:\\\/\\\/www.bentleymore.com\\\/#\\\/schema\\\/logo\\\/image\\\/\",\"url\":\"https:\\\/\\\/www.bentleymore.com\\\/wp-content\\\/uploads\\\/2023\\\/04\\\/logo.png\",\"contentUrl\":\"https:\\\/\\\/www.bentleymore.com\\\/wp-content\\\/uploads\\\/2023\\\/04\\\/logo.png\",\"width\":462,\"height\":109,\"caption\":\"Bentley & More LLP\"},\"image\":{\"@id\":\"https:\\\/\\\/www.bentleymore.com\\\/#\\\/schema\\\/logo\\\/image\\\/\"},\"sameAs\":[\"https:\\\/\\\/www.facebook.com\\\/BentleyMoreLLP\\\/\",\"https:\\\/\\\/x.com\\\/bentleymore\",\"https:\\\/\\\/www.instagram.com\\\/bentleyandmorellp\\\/\",\"https:\\\/\\\/www.yelp.com\\\/biz\\\/bentley-and-more-irvine\",\"https:\\\/\\\/www.linkedin.com\\\/company\\\/bentley-&-more-llp\\\/\",\"https:\\\/\\\/maps.app.goo.gl\\\/RZrMqUo474ugpWBRA\",\"https:\\\/\\\/www.bestlawyers.com\\\/firms\\\/bentley-more-llp\\\/75461\\\/US\",\"https:\\\/\\\/www.orangecountylawyers.com\\\/attorneys\\\/bentley-more-llp\\\/\",\"https:\\\/\\\/profiles.superlawyers.com\\\/california\\\/newport-beach\\\/lawfirm\\\/bentley-and-more-llp\\\/ce1e2f49-0a84-468f-bc17-eade2a364682.html\",\"https:\\\/\\\/uphelp.org\\\/sponsors\\\/bentley-more-llp\\\/\",\"https:\\\/\\\/law.usnews.com\\\/law-firms\\\/bentley-&-more-llp-160536\",\"https:\\\/\\\/www.martindale.com\\\/organization\\\/bentley-more-llp-158828293\\\/newport-beach-california-161028413-f\\\/\",\"https:\\\/\\\/lawyers.findlaw.com\\\/profile\\\/lawfirm\\\/bentley--more-llp\\\/ca\\\/newport-beach\\\/NTAwMzkxM18x\",\"https:\\\/\\\/www.bestlawfirms.com\\\/firms\\\/bentley-more-llp\\\/75461\\\/US\",\"https:\\\/\\\/natlawreview.com\\\/organization\\\/bentley-more-llp\",\"https:\\\/\\\/bentley-more-llp.wheree.com\\\/\",\"https:\\\/\\\/www.callupcontact.com\\\/b\\\/businessprofile\\\/Bentley_amp_More_LLP\\\/9968345\"],\"telephone\":\"+19498703800\",\"legalName\":\"Bentley & More LLP\"}]}<\/script>\n<!-- \/ Yoast SEO Premium plugin. -->","yoast_head_json":{"title":"Gracias | Bentley &amp; More LLP","description":"Gracias por ponerse en contacto con Bentley &amp; More LLP. Nuestro equipo legal se pondr\u00e1 en contacto con usted en breve. Obtenga m\u00e1s informaci\u00f3n sobre nuestros abogados litigantes y programe su consulta gratuita.","robots":{"index":"noindex","follow":"nofollow"},"og_locale":"es_MX","og_type":"article","og_title":"Thank You","og_description":"Thank you for contacting Bentley & More LLP. Our legal team will respond shortly\u2014learn more about our trial lawyers and schedule your free consultation.","og_url":"https:\/\/www.bentleymore.com\/es\/gracias\/","og_site_name":"Bentley &amp; More LLP","article_publisher":"https:\/\/www.facebook.com\/BentleyMoreLLP\/","article_modified_time":"2026-02-26T14:55:00+00:00","og_image":[{"width":462,"height":109,"url":"https:\/\/www.bentleymore.com\/wp-content\/uploads\/2023\/04\/logo.png","type":"image\/png"}],"twitter_card":"summary_large_image","twitter_site":"@bentleymore","twitter_misc":{"Tiempo de lectura":"1 minuto"},"schema":{"@context":"https:\/\/schema.org","@graph":[{"@type":"WebPage","@id":"https:\/\/www.bentleymore.com\/thank-you\/","url":"https:\/\/www.bentleymore.com\/thank-you\/","name":"Gracias | Bentley &amp; More LLP","isPartOf":{"@id":"https:\/\/www.bentleymore.com\/#website"},"datePublished":"2017-11-05T18:17:38+00:00","dateModified":"2026-02-26T14:55:00+00:00","description":"Gracias por ponerse en contacto con Bentley &amp; More LLP. Nuestro equipo legal se pondr\u00e1 en contacto con usted en breve. Obtenga m\u00e1s informaci\u00f3n sobre nuestros abogados litigantes y programe su consulta gratuita.","breadcrumb":{"@id":"https:\/\/www.bentleymore.com\/thank-you\/#breadcrumb"},"inLanguage":"es","potentialAction":[{"@type":"ReadAction","target":["https:\/\/www.bentleymore.com\/thank-you\/"]}]},{"@type":"BreadcrumbList","@id":"https:\/\/www.bentleymore.com\/thank-you\/#breadcrumb","itemListElement":[{"@type":"ListItem","position":1,"name":"Home","item":"https:\/\/www.bentleymore.com\/"},{"@type":"ListItem","position":2,"name":"Thank You"}]},{"@type":"WebSite","@id":"https:\/\/www.bentleymore.com\/#website","url":"https:\/\/www.bentleymore.com\/","name":"Bentley &amp; More LLP","description":"Abogados litigantes de verdad","publisher":{"@id":"https:\/\/www.bentleymore.com\/#organization"},"alternateName":"Bentley & More","potentialAction":[{"@type":"SearchAction","target":{"@type":"EntryPoint","urlTemplate":"https:\/\/www.bentleymore.com\/?s={search_term_string}"},"query-input":{"@type":"PropertyValueSpecification","valueRequired":true,"valueName":"search_term_string"}}],"inLanguage":"es"},{"@type":"Organization","@id":"https:\/\/www.bentleymore.com\/#organization","name":"Bentley &amp; More LLP","alternateName":"Bentley & More","url":"https:\/\/www.bentleymore.com\/","logo":{"@type":"ImageObject","inLanguage":"es","@id":"https:\/\/www.bentleymore.com\/#\/schema\/logo\/image\/","url":"https:\/\/www.bentleymore.com\/wp-content\/uploads\/2023\/04\/logo.png","contentUrl":"https:\/\/www.bentleymore.com\/wp-content\/uploads\/2023\/04\/logo.png","width":462,"height":109,"caption":"Bentley & More LLP"},"image":{"@id":"https:\/\/www.bentleymore.com\/#\/schema\/logo\/image\/"},"sameAs":["https:\/\/www.facebook.com\/BentleyMoreLLP\/","https:\/\/x.com\/bentleymore","https:\/\/www.instagram.com\/bentleyandmorellp\/","https:\/\/www.yelp.com\/biz\/bentley-and-more-irvine","https:\/\/www.linkedin.com\/company\/bentley-&-more-llp\/","https:\/\/maps.app.goo.gl\/RZrMqUo474ugpWBRA","https:\/\/www.bestlawyers.com\/firms\/bentley-more-llp\/75461\/US","https:\/\/www.orangecountylawyers.com\/attorneys\/bentley-more-llp\/","https:\/\/profiles.superlawyers.com\/california\/newport-beach\/lawfirm\/bentley-and-more-llp\/ce1e2f49-0a84-468f-bc17-eade2a364682.html","https:\/\/uphelp.org\/sponsors\/bentley-more-llp\/","https:\/\/law.usnews.com\/law-firms\/bentley-&-more-llp-160536","https:\/\/www.martindale.com\/organization\/bentley-more-llp-158828293\/newport-beach-california-161028413-f\/","https:\/\/lawyers.findlaw.com\/profile\/lawfirm\/bentley--more-llp\/ca\/newport-beach\/NTAwMzkxM18x","https:\/\/www.bestlawfirms.com\/firms\/bentley-more-llp\/75461\/US","https:\/\/natlawreview.com\/organization\/bentley-more-llp","https:\/\/bentley-more-llp.wheree.com\/","https:\/\/www.callupcontact.com\/b\/businessprofile\/Bentley_amp_More_LLP\/9968345"],"telephone":"+19498703800","legalName":"Bentley & More LLP"}]}},"_links":{"self":[{"href":"https:\/\/www.bentleymore.com\/es\/wp-json\/wp\/v2\/pages\/196","targetHints":{"allow":["GET"]}}],"collection":[{"href":"https:\/\/www.bentleymore.com\/es\/wp-json\/wp\/v2\/pages"}],"about":[{"href":"https:\/\/www.bentleymore.com\/es\/wp-json\/wp\/v2\/types\/page"}],"author":[{"embeddable":true,"href":"https:\/\/www.bentleymore.com\/es\/wp-json\/wp\/v2\/users\/4"}],"replies":[{"embeddable":true,"href":"https:\/\/www.bentleymore.com\/es\/wp-json\/wp\/v2\/comments?post=196"}],"version-history":[{"count":2,"href":"https:\/\/www.bentleymore.com\/es\/wp-json\/wp\/v2\/pages\/196\/revisions"}],"predecessor-version":[{"id":7310,"href":"https:\/\/www.bentleymore.com\/es\/wp-json\/wp\/v2\/pages\/196\/revisions\/7310"}],"wp:attachment":[{"href":"https:\/\/www.bentleymore.com\/es\/wp-json\/wp\/v2\/media?parent=196"}],"curies":[{"name":"wp","href":"https:\/\/api.w.org\/{rel}","templated":true}]}}