{"id":2435,"date":"2019-09-27T15:29:06","date_gmt":"2019-09-27T22:29:06","guid":{"rendered":"https:\/\/www.bentleymore.com\/?page_id=2435"},"modified":"2026-03-06T00:27:56","modified_gmt":"2026-03-06T07:27:56","slug":"abogado-especializado-en-enfermedades-relacionadas-con-el-vapeo-de-juul-en-el-condado-de-orange","status":"publish","type":"page","link":"https:\/\/www.bentleymore.com\/es\/orange-county-juul-vaping-illness-lawyer\/","title":{"rendered":"Orange County: Abogado especializado en enfermedades relacionadas con el vapeo de JUUL"},"content":{"rendered":"<div id=\"ez-toc-container\" class=\"ez-toc-v2_0_82_2 counter-hierarchy ez-toc-counter ez-toc-transparent ez-toc-container-direction\">\n<div class=\"ez-toc-title-container\">\n<p class=\"ez-toc-title ez-toc-toggle\" style=\"cursor:pointer\">\u00cdndice<\/p>\n<span class=\"ez-toc-title-toggle\"><a href=\"#\" class=\"ez-toc-pull-right ez-toc-btn ez-toc-btn-xs ez-toc-btn-default ez-toc-toggle\" aria-label=\"Toggle Table of Content\"><span class=\"ez-toc-js-icon-con\"><span class=\"\"><span class=\"eztoc-hide\" style=\"display:none;\">Alternar<\/span><span class=\"ez-toc-icon-toggle-span\"><svg style=\"fill: #999;color:#999\" xmlns=\"http:\/\/www.w3.org\/2000\/svg\" class=\"list-377408\" width=\"20px\" height=\"20px\" viewbox=\"0 0 24 24\" fill=\"none\"><path d=\"M6 6H4v2h2V6zm14 0H8v2h12V6zM4 11h2v2H4v-2zm16 0H8v2h12v-2zM4 16h2v2H4v-2zm16 0H8v2h12v-2z\" fill=\"currentColor\"><\/path><\/svg><svg style=\"fill: #999;color:#999\" class=\"arrow-unsorted-368013\" xmlns=\"http:\/\/www.w3.org\/2000\/svg\" width=\"10px\" height=\"10px\" viewbox=\"0 0 24 24\" version=\"1.2\" baseprofile=\"tiny\"><path d=\"M18.2 9.3l-6.2-6.3-6.2 6.3c-.2.2-.3.4-.3.7s.1.5.3.7c.2.2.4.3.7.3h11c.3 0 .5-.1.7-.3.2-.2.3-.5.3-.7s-.1-.5-.3-.7zM5.8 14.7l6.2 6.3 6.2-6.3c.2-.2.3-.5.3-.7s-.1-.5-.3-.7c-.2-.2-.4-.3-.7-.3h-11c-.3 0-.5.1-.7.3-.2.2-.3.5-.3.7s.1.5.3.7z\"\/><\/svg><\/span><\/span><\/span><\/a><\/span><\/div>\n<nav><ul class='ez-toc-list ez-toc-list-level-1 eztoc-toggle-hide-by-default' ><li class='ez-toc-page-1 ez-toc-heading-level-2'><a class=\"ez-toc-link ez-toc-heading-1\" href=\"https:\/\/www.bentleymore.com\/es\/orange-county-juul-vaping-illness-lawyer\/#juul-vaping-illness-attorney-in-orange-county-ca\" >Abogado especializado en enfermedades relacionadas con el vapeo de JUUL en Orange County, California<\/a><\/li><li class='ez-toc-page-1 ez-toc-heading-level-2'><a class=\"ez-toc-link ez-toc-heading-2\" href=\"https:\/\/www.bentleymore.com\/es\/orange-county-juul-vaping-illness-lawyer\/#juuls-rise-to-success\" >El ascenso al \u00e9xito de JUUL<\/a><\/li><li class='ez-toc-page-1 ez-toc-heading-level-2'><a class=\"ez-toc-link ez-toc-heading-3\" href=\"https:\/\/www.bentleymore.com\/es\/orange-county-juul-vaping-illness-lawyer\/#the-vaping-epidemic\" >La epidemia del vapeo<\/a><\/li><li class='ez-toc-page-1 ez-toc-heading-level-2'><a class=\"ez-toc-link ez-toc-heading-4\" href=\"https:\/\/www.bentleymore.com\/es\/orange-county-juul-vaping-illness-lawyer\/#health-consequences\" >Consecuencias para la salud<\/a><\/li><li class='ez-toc-page-1 ez-toc-heading-level-2'><a class=\"ez-toc-link ez-toc-heading-5\" href=\"https:\/\/www.bentleymore.com\/es\/orange-county-juul-vaping-illness-lawyer\/#pursuing-legal-action-against-juul\" >Iniciar acciones legales contra JUUL<\/a><ul class='ez-toc-list-level-3' ><li class='ez-toc-heading-level-3'><a class=\"ez-toc-link ez-toc-heading-6\" href=\"https:\/\/www.bentleymore.com\/es\/orange-county-juul-vaping-illness-lawyer\/#about-bentley-more-llp\" >Acerca de Bentley &amp; More LLP<\/a><\/li><\/ul><\/li><\/ul><\/nav><\/div>\n<h2><span class=\"ez-toc-section\" id=\"juul-vaping-illness-attorney-in-orange-county-ca\"><\/span><span data-sheets-root=\"1\">Abogado especializado en enfermedades relacionadas con el vapeo de JUUL en Orange County, California<\/span><span class=\"ez-toc-section-end\"><\/span><\/h2>\n<p><strong>\u00bfT\u00fa o tu hijo son adictos a JUUL?<\/strong><\/p>\n<p><strong>Si no sabes qu\u00e9 es JUUL, no eres el \u00fanico; sigue leyendo.<\/strong><\/p>\n<p>Un producto muy adictivo y nocivo est\u00e1 inundando el mercado, con unos ingresos que alcanzaron los 13 000 millones de d\u00f3lares solo en 2018, y este peque\u00f1o y enga\u00f1oso producto tiene como objetivo a los menores. Lamentablemente, la mayor\u00eda de los padres nunca ha o\u00eddo hablar de este dispositivo debido a la estrategia de mercadotecnia de la empresa, que se dirige a los menores a trav\u00e9s de las redes sociales. El producto cabe en el bolsillo de una camisa o en el bolsillo delantero, puede pasar f\u00e1cilmente por una memoria USB y produce un vapor que se disipa r\u00e1pidamente y puede ser indetectable. La mayor\u00eda de los padres no tienen idea de que el producto es JUUL, un dispositivo de cigarrillo electr\u00f3nico con nicotina que se usa de manera generalizada. Es hora de hablar con sus adolescentes.<\/p>\n<p>Esto es solo una peque\u00f1a parte de lo que necesitas saber:<\/p>\n<h2><span class=\"ez-toc-section\" id=\"juuls-rise-to-success\"><\/span>El ascenso al \u00e9xito de JUUL<span class=\"ez-toc-section-end\"><\/span><\/h2>\n<p>JUUL entr\u00f3 en el mercado en 2015 con una llamativa campa\u00f1a de marketing y una fuerte presencia en las redes sociales. Seg\u00fan un estudio de la Universidad de Stanford, la publicidad de JUUL durante sus primeros seis meses en el mercado estaba claramente dirigida a los j\u00f3venes.<\/p>\n<p>Los dispositivos JUUL son elegantes y discretos, y sus c\u00e1psulas de nicotina est\u00e1n disponibles en sabores atractivos como mango, crema, menta y frutas, todos ellos de gran popularidad.<\/p>\n<h2><span class=\"ez-toc-section\" id=\"the-vaping-epidemic\"><\/span>La epidemia del vapeo<span class=\"ez-toc-section-end\"><\/span><\/h2>\n<p>El \u00e9xito de JUUL se ha logrado a costa del aumento de la adicci\u00f3n a la nicotina entre los menores: los CDC informaron de un aumento del 78 % en el n\u00famero de estudiantes de secundaria que consum\u00edan cigarrillos electr\u00f3nicos entre 2017 y 2018. En 2018, el consumo actual de cigarrillos electr\u00f3nicos era del 20,8 % entre los estudiantes de secundaria y del 4,9 % entre los de primaria. Peor a\u00fan, el 63 % de los usuarios de JUUL no sab\u00eda que el producto siempre contiene nicotina.<\/p>\n<p>JUUL afirma que una c\u00e1psula JUUL de nicotina 5% tiene el mismo contenido de nicotina que un paquete tradicional de cigarrillos. Sin embargo, la f\u00f3rmula patentada de JUUL contiene sales de nicotina en lugar de nicotina libre, que es la que se utiliza tradicionalmente en los cigarrillos electr\u00f3nicos. Los estudios indican que la f\u00f3rmula exclusiva de JUUL permite que el cuerpo absorba una mayor concentraci\u00f3n de nicotina en menos tiempo, lo que posiblemente aumenta su poder adictivo.<\/p>\n<h2><span class=\"ez-toc-section\" id=\"health-consequences\"><\/span>Consecuencias para la salud<span class=\"ez-toc-section-end\"><\/span><\/h2>\n<p>La adicci\u00f3n a la nicotina es un fen\u00f3meno habitual entre los usuarios de JUUL. La nicotina es una sustancia cancer\u00edgena y un producto qu\u00edmico t\u00f3xico asociado a problemas cardiovasculares, reproductivos e inmunosupresores.<\/p>\n<p>En 2018, la FDA recibi\u00f3 tres informes a trav\u00e9s de su Portal de Notificaci\u00f3n de Seguridad que relacionaban el uso de JUUL con convulsiones. Desde entonces, la FDA ha recopilado 127 informes que asocian el uso de cigarrillos electr\u00f3nicos con convulsiones, y est\u00e1 investigando una posible relaci\u00f3n. Los CDC tambi\u00e9n han relacionado un brote reciente de enfermedad pulmonar grave con el uso de cigarrillos electr\u00f3nicos.<\/p>\n<h2><span class=\"ez-toc-section\" id=\"pursuing-legal-action-against-juul\"><\/span>Iniciar acciones legales contra JUUL<span class=\"ez-toc-section-end\"><\/span><\/h2>\n<p>A pesar de la gran cantidad de investigaciones que relacionan a JUUL con el consumo de cigarrillos electr\u00f3nicos y la adicci\u00f3n a la nicotina tanto entre adultos como entre menores, JUUL sigue sacando provecho de sus productos adictivos. Aunque la empresa ha dado algunos pasos tentativos para frenar el uso generalizado de sus productos entre los menores \u2014mediante la renuncia de su exdirector ejecutivo y la suspensi\u00f3n de sus campa\u00f1as publicitarias en EE. UU.\u2014, el da\u00f1o ya est\u00e1 hecho. Decenas de miles de adolescentes son adictos a JUUL, y sus padres luchan por reparar el impacto devastador que el producto ha causado.<\/p>\n<p>Creemos que JUUL se dirigi\u00f3 intencionalmente a los menores, y que la composici\u00f3n de su producto aumenta el riesgo de adicci\u00f3n a la nicotina y de efectos adversos para la salud.<\/p>\n<p>Si ha sufrido problemas de salud a causa de JUUL, p\u00f3ngase en contacto con nuestros abogados de inmediato para analizar sus opciones de acci\u00f3n legal. Nuestros abogados cuentan con una amplia experiencia en litigios contra fabricantes de cigarrillos electr\u00f3nicos, y creemos que JUUL debe rendir cuentas por los da\u00f1os causados por sus productos.<\/p>\n<h3><span class=\"ez-toc-section\" id=\"about-bentley-more-llp\"><\/span>Acerca de Bentley &amp; More LLP<span class=\"ez-toc-section-end\"><\/span><\/h3>\n<p>Bentley &amp; More LLP es l\u00edder a nivel nacional en litigios relacionados con los cigarrillos electr\u00f3nicos; su socio fundador, Greg Bentley, logr\u00f3 el primer veredicto de un jurado en el pa\u00eds contra un distribuidor o minorista de cigarrillos electr\u00f3nicos, y ha aparecido como experto en la materia en el programa \u00abDr. Oz Show\u00bb, en el Wall Street Journal, en art\u00edculos extensos en Buzzfeed, y en numerosas publicaciones de abogados especializados en derecho del consumidor. La firma ha llevado a cabo con \u00e9xito m\u00e1s de 200 acciones legales contra fabricantes, distribuidores y minoristas de cigarrillos electr\u00f3nicos en todo el pa\u00eds. <a href=\"\/es\/\">Bentley &amp; More LLP<\/a> se encuentra a la vanguardia nacional en el desarrollo de las tendencias en el \u00e1mbito de los litigios relacionados con los cigarrillos electr\u00f3nicos. El bufete tambi\u00e9n se especializa en la representaci\u00f3n de consumidores en los \u00e1mbitos de lesiones personales graves, responsabilidad por productos defectuosos, mala fe de las aseguradoras e indemnizaci\u00f3n laboral, con especial experiencia en asuntos que abarcan m\u00faltiples \u00e1mbitos. Para m\u00e1s informaci\u00f3n, p\u00f3ngase en contacto con Bentley &amp; More LLP en bentleymore.com o llamando al (949) 870-3800.<\/p>","protected":false},"excerpt":{"rendered":"<p>JUUL Vaping Illness Attorney in Orange County, CA Are you or your child addicted to JUUL? If you don\u2019t know what JUUL is, you are not alone\u2014keep reading. A very addictive and harmful product is flooding the market to the tune of $1 billion in revenue in 2018 alone, and this sneaky little product is&#8230; <a href=\"https:\/\/www.bentleymore.com\/es\/orange-county-juul-vaping-illness-lawyer\/\">Leer m\u00e1s<\/a><\/p>","protected":false},"author":4,"featured_media":0,"parent":0,"menu_order":0,"comment_status":"closed","ping_status":"closed","template":"","meta":{"_acf_changed":false,"footnotes":""},"class_list":["post-2435","page","type-page","status-publish","hentry"],"acf":[],"yoast_head":"<!-- This site is optimized with the Yoast SEO Premium plugin v26.7 (Yoast SEO v27.5) - https:\/\/yoast.com\/product\/yoast-seo-premium-wordpress\/ -->\n<title>Orange County JUUL Vaping Illness Lawyer - Free Consultation<\/title>\n<meta name=\"description\" content=\"Want Orange County JUUL Vaping Illness Lawyer? Bentley &amp; More LLP. handles product liability injury claims. Book your free consultation.\" \/>\n<meta name=\"robots\" content=\"index, follow, max-snippet:-1, max-image-preview:large, max-video-preview:-1\" \/>\n<link rel=\"canonical\" href=\"https:\/\/www.bentleymore.com\/es\/abogado-especializado-en-enfermedades-relacionadas-con-el-vapeo-de-juul-en-el-condado-de-orange\/\" \/>\n<meta property=\"og:locale\" content=\"es_MX\" \/>\n<meta property=\"og:type\" content=\"article\" \/>\n<meta property=\"og:title\" content=\"Orange County JUUL Vaping Illness Lawyer\" \/>\n<meta property=\"og:description\" content=\"Want Orange County JUUL Vaping Illness Lawyer? Bentley &amp; More LLP. handles product liability injury claims. Book your free consultation.\" \/>\n<meta property=\"og:url\" content=\"https:\/\/www.bentleymore.com\/es\/abogado-especializado-en-enfermedades-relacionadas-con-el-vapeo-de-juul-en-el-condado-de-orange\/\" \/>\n<meta property=\"og:site_name\" content=\"Bentley &amp; More LLP\" \/>\n<meta property=\"article:publisher\" content=\"https:\/\/www.facebook.com\/BentleyMoreLLP\/\" \/>\n<meta property=\"article:modified_time\" content=\"2026-03-06T07:27:56+00:00\" \/>\n<meta property=\"og:image\" content=\"https:\/\/www.bentleymore.com\/wp-content\/uploads\/2023\/04\/logo.png\" \/>\n\t<meta property=\"og:image:width\" content=\"462\" \/>\n\t<meta property=\"og:image:height\" content=\"109\" \/>\n\t<meta property=\"og:image:type\" content=\"image\/png\" \/>\n<meta name=\"twitter:card\" content=\"summary_large_image\" \/>\n<meta name=\"twitter:site\" content=\"@bentleymore\" \/>\n<meta name=\"twitter:label1\" content=\"Tiempo de lectura\" \/>\n\t<meta name=\"twitter:data1\" content=\"4 minutos\" \/>\n<script type=\"application\/ld+json\" class=\"yoast-schema-graph\">{\"@context\":\"https:\\\/\\\/schema.org\",\"@graph\":[{\"@type\":\"WebPage\",\"@id\":\"https:\\\/\\\/www.bentleymore.com\\\/orange-county-juul-vaping-illness-lawyer\\\/\",\"url\":\"https:\\\/\\\/www.bentleymore.com\\\/orange-county-juul-vaping-illness-lawyer\\\/\",\"name\":\"Orange County JUUL Vaping Illness Lawyer - Free Consultation\",\"isPartOf\":{\"@id\":\"https:\\\/\\\/www.bentleymore.com\\\/#website\"},\"datePublished\":\"2019-09-27T22:29:06+00:00\",\"dateModified\":\"2026-03-06T07:27:56+00:00\",\"description\":\"Want Orange County JUUL Vaping Illness Lawyer? Bentley & More LLP. handles product liability injury claims. Book your free consultation.\",\"breadcrumb\":{\"@id\":\"https:\\\/\\\/www.bentleymore.com\\\/orange-county-juul-vaping-illness-lawyer\\\/#breadcrumb\"},\"inLanguage\":\"es\",\"potentialAction\":[{\"@type\":\"ReadAction\",\"target\":[\"https:\\\/\\\/www.bentleymore.com\\\/orange-county-juul-vaping-illness-lawyer\\\/\"]}]},{\"@type\":\"BreadcrumbList\",\"@id\":\"https:\\\/\\\/www.bentleymore.com\\\/orange-county-juul-vaping-illness-lawyer\\\/#breadcrumb\",\"itemListElement\":[{\"@type\":\"ListItem\",\"position\":1,\"name\":\"Home\",\"item\":\"https:\\\/\\\/www.bentleymore.com\\\/\"},{\"@type\":\"ListItem\",\"position\":2,\"name\":\"Orange County JUUL Vaping Illness Lawyer\"}]},{\"@type\":\"WebSite\",\"@id\":\"https:\\\/\\\/www.bentleymore.com\\\/#website\",\"url\":\"https:\\\/\\\/www.bentleymore.com\\\/\",\"name\":\"Bentley & More LLP\",\"description\":\"Real Trial Lawyers\",\"publisher\":{\"@id\":\"https:\\\/\\\/www.bentleymore.com\\\/#organization\"},\"alternateName\":\"Bentley & More\",\"potentialAction\":[{\"@type\":\"SearchAction\",\"target\":{\"@type\":\"EntryPoint\",\"urlTemplate\":\"https:\\\/\\\/www.bentleymore.com\\\/?s={search_term_string}\"},\"query-input\":{\"@type\":\"PropertyValueSpecification\",\"valueRequired\":true,\"valueName\":\"search_term_string\"}}],\"inLanguage\":\"es\"},{\"@type\":\"Organization\",\"@id\":\"https:\\\/\\\/www.bentleymore.com\\\/#organization\",\"name\":\"Bentley & More LLP\",\"alternateName\":\"Bentley & More\",\"url\":\"https:\\\/\\\/www.bentleymore.com\\\/\",\"logo\":{\"@type\":\"ImageObject\",\"inLanguage\":\"es\",\"@id\":\"https:\\\/\\\/www.bentleymore.com\\\/#\\\/schema\\\/logo\\\/image\\\/\",\"url\":\"https:\\\/\\\/www.bentleymore.com\\\/wp-content\\\/uploads\\\/2023\\\/04\\\/logo.png\",\"contentUrl\":\"https:\\\/\\\/www.bentleymore.com\\\/wp-content\\\/uploads\\\/2023\\\/04\\\/logo.png\",\"width\":462,\"height\":109,\"caption\":\"Bentley & More LLP\"},\"image\":{\"@id\":\"https:\\\/\\\/www.bentleymore.com\\\/#\\\/schema\\\/logo\\\/image\\\/\"},\"sameAs\":[\"https:\\\/\\\/www.facebook.com\\\/BentleyMoreLLP\\\/\",\"https:\\\/\\\/x.com\\\/bentleymore\",\"https:\\\/\\\/www.instagram.com\\\/bentleyandmorellp\\\/\",\"https:\\\/\\\/www.yelp.com\\\/biz\\\/bentley-and-more-irvine\",\"https:\\\/\\\/www.linkedin.com\\\/company\\\/bentley-&-more-llp\\\/\",\"https:\\\/\\\/maps.app.goo.gl\\\/RZrMqUo474ugpWBRA\",\"https:\\\/\\\/www.bestlawyers.com\\\/firms\\\/bentley-more-llp\\\/75461\\\/US\",\"https:\\\/\\\/www.orangecountylawyers.com\\\/attorneys\\\/bentley-more-llp\\\/\",\"https:\\\/\\\/profiles.superlawyers.com\\\/california\\\/newport-beach\\\/lawfirm\\\/bentley-and-more-llp\\\/ce1e2f49-0a84-468f-bc17-eade2a364682.html\",\"https:\\\/\\\/uphelp.org\\\/sponsors\\\/bentley-more-llp\\\/\",\"https:\\\/\\\/law.usnews.com\\\/law-firms\\\/bentley-&-more-llp-160536\",\"https:\\\/\\\/www.martindale.com\\\/organization\\\/bentley-more-llp-158828293\\\/newport-beach-california-161028413-f\\\/\",\"https:\\\/\\\/lawyers.findlaw.com\\\/profile\\\/lawfirm\\\/bentley--more-llp\\\/ca\\\/newport-beach\\\/NTAwMzkxM18x\",\"https:\\\/\\\/www.bestlawfirms.com\\\/firms\\\/bentley-more-llp\\\/75461\\\/US\",\"https:\\\/\\\/natlawreview.com\\\/organization\\\/bentley-more-llp\",\"https:\\\/\\\/bentley-more-llp.wheree.com\\\/\",\"https:\\\/\\\/www.callupcontact.com\\\/b\\\/businessprofile\\\/Bentley_amp_More_LLP\\\/9968345\"],\"telephone\":\"+19498703800\",\"legalName\":\"Bentley & More LLP\"}]}<\/script>\n<!-- \/ Yoast SEO Premium plugin. -->","yoast_head_json":{"title":"Abogado especializado en enfermedades relacionadas con el vapeo de JUUL Orange County - Consulta gratuita","description":"\u00bfNecesita un abogado especializado en enfermedades relacionadas con el vapeo de JUUL Orange County? Bentley &amp; More LLP se encarga de reclamaciones por lesiones relacionadas con la responsabilidad por productos defectuosos. Reserve su consulta gratuita.","robots":{"index":"index","follow":"follow","max-snippet":"max-snippet:-1","max-image-preview":"max-image-preview:large","max-video-preview":"max-video-preview:-1"},"canonical":"https:\/\/www.bentleymore.com\/es\/abogado-especializado-en-enfermedades-relacionadas-con-el-vapeo-de-juul-en-el-condado-de-orange\/","og_locale":"es_MX","og_type":"article","og_title":"Orange County JUUL Vaping Illness Lawyer","og_description":"Want Orange County JUUL Vaping Illness Lawyer? Bentley & More LLP. handles product liability injury claims. Book your free consultation.","og_url":"https:\/\/www.bentleymore.com\/es\/abogado-especializado-en-enfermedades-relacionadas-con-el-vapeo-de-juul-en-el-condado-de-orange\/","og_site_name":"Bentley &amp; More LLP","article_publisher":"https:\/\/www.facebook.com\/BentleyMoreLLP\/","article_modified_time":"2026-03-06T07:27:56+00:00","og_image":[{"width":462,"height":109,"url":"https:\/\/www.bentleymore.com\/wp-content\/uploads\/2023\/04\/logo.png","type":"image\/png"}],"twitter_card":"summary_large_image","twitter_site":"@bentleymore","twitter_misc":{"Tiempo de lectura":"4 minutos"},"schema":{"@context":"https:\/\/schema.org","@graph":[{"@type":"WebPage","@id":"https:\/\/www.bentleymore.com\/orange-county-juul-vaping-illness-lawyer\/","url":"https:\/\/www.bentleymore.com\/orange-county-juul-vaping-illness-lawyer\/","name":"Abogado especializado en enfermedades relacionadas con el vapeo de JUUL Orange County - Consulta gratuita","isPartOf":{"@id":"https:\/\/www.bentleymore.com\/#website"},"datePublished":"2019-09-27T22:29:06+00:00","dateModified":"2026-03-06T07:27:56+00:00","description":"\u00bfNecesita un abogado especializado en enfermedades relacionadas con el vapeo de JUUL Orange County? Bentley &amp; More LLP se encarga de reclamaciones por lesiones relacionadas con la responsabilidad por productos defectuosos. Reserve su consulta gratuita.","breadcrumb":{"@id":"https:\/\/www.bentleymore.com\/orange-county-juul-vaping-illness-lawyer\/#breadcrumb"},"inLanguage":"es","potentialAction":[{"@type":"ReadAction","target":["https:\/\/www.bentleymore.com\/orange-county-juul-vaping-illness-lawyer\/"]}]},{"@type":"BreadcrumbList","@id":"https:\/\/www.bentleymore.com\/orange-county-juul-vaping-illness-lawyer\/#breadcrumb","itemListElement":[{"@type":"ListItem","position":1,"name":"Home","item":"https:\/\/www.bentleymore.com\/"},{"@type":"ListItem","position":2,"name":"Orange County JUUL Vaping Illness Lawyer"}]},{"@type":"WebSite","@id":"https:\/\/www.bentleymore.com\/#website","url":"https:\/\/www.bentleymore.com\/","name":"Bentley &amp; More LLP","description":"Abogados litigantes de verdad","publisher":{"@id":"https:\/\/www.bentleymore.com\/#organization"},"alternateName":"Bentley & More","potentialAction":[{"@type":"SearchAction","target":{"@type":"EntryPoint","urlTemplate":"https:\/\/www.bentleymore.com\/?s={search_term_string}"},"query-input":{"@type":"PropertyValueSpecification","valueRequired":true,"valueName":"search_term_string"}}],"inLanguage":"es"},{"@type":"Organization","@id":"https:\/\/www.bentleymore.com\/#organization","name":"Bentley &amp; More LLP","alternateName":"Bentley & More","url":"https:\/\/www.bentleymore.com\/","logo":{"@type":"ImageObject","inLanguage":"es","@id":"https:\/\/www.bentleymore.com\/#\/schema\/logo\/image\/","url":"https:\/\/www.bentleymore.com\/wp-content\/uploads\/2023\/04\/logo.png","contentUrl":"https:\/\/www.bentleymore.com\/wp-content\/uploads\/2023\/04\/logo.png","width":462,"height":109,"caption":"Bentley & More LLP"},"image":{"@id":"https:\/\/www.bentleymore.com\/#\/schema\/logo\/image\/"},"sameAs":["https:\/\/www.facebook.com\/BentleyMoreLLP\/","https:\/\/x.com\/bentleymore","https:\/\/www.instagram.com\/bentleyandmorellp\/","https:\/\/www.yelp.com\/biz\/bentley-and-more-irvine","https:\/\/www.linkedin.com\/company\/bentley-&-more-llp\/","https:\/\/maps.app.goo.gl\/RZrMqUo474ugpWBRA","https:\/\/www.bestlawyers.com\/firms\/bentley-more-llp\/75461\/US","https:\/\/www.orangecountylawyers.com\/attorneys\/bentley-more-llp\/","https:\/\/profiles.superlawyers.com\/california\/newport-beach\/lawfirm\/bentley-and-more-llp\/ce1e2f49-0a84-468f-bc17-eade2a364682.html","https:\/\/uphelp.org\/sponsors\/bentley-more-llp\/","https:\/\/law.usnews.com\/law-firms\/bentley-&-more-llp-160536","https:\/\/www.martindale.com\/organization\/bentley-more-llp-158828293\/newport-beach-california-161028413-f\/","https:\/\/lawyers.findlaw.com\/profile\/lawfirm\/bentley--more-llp\/ca\/newport-beach\/NTAwMzkxM18x","https:\/\/www.bestlawfirms.com\/firms\/bentley-more-llp\/75461\/US","https:\/\/natlawreview.com\/organization\/bentley-more-llp","https:\/\/bentley-more-llp.wheree.com\/","https:\/\/www.callupcontact.com\/b\/businessprofile\/Bentley_amp_More_LLP\/9968345"],"telephone":"+19498703800","legalName":"Bentley & More LLP"}]}},"_links":{"self":[{"href":"https:\/\/www.bentleymore.com\/es\/wp-json\/wp\/v2\/pages\/2435","targetHints":{"allow":["GET"]}}],"collection":[{"href":"https:\/\/www.bentleymore.com\/es\/wp-json\/wp\/v2\/pages"}],"about":[{"href":"https:\/\/www.bentleymore.com\/es\/wp-json\/wp\/v2\/types\/page"}],"author":[{"embeddable":true,"href":"https:\/\/www.bentleymore.com\/es\/wp-json\/wp\/v2\/users\/4"}],"replies":[{"embeddable":true,"href":"https:\/\/www.bentleymore.com\/es\/wp-json\/wp\/v2\/comments?post=2435"}],"version-history":[{"count":2,"href":"https:\/\/www.bentleymore.com\/es\/wp-json\/wp\/v2\/pages\/2435\/revisions"}],"predecessor-version":[{"id":7545,"href":"https:\/\/www.bentleymore.com\/es\/wp-json\/wp\/v2\/pages\/2435\/revisions\/7545"}],"wp:attachment":[{"href":"https:\/\/www.bentleymore.com\/es\/wp-json\/wp\/v2\/media?parent=2435"}],"curies":[{"name":"wp","href":"https:\/\/api.w.org\/{rel}","templated":true}]}}