{"id":2443,"date":"2019-10-02T15:42:38","date_gmt":"2019-10-02T22:42:38","guid":{"rendered":"https:\/\/www.bentleymore.com\/?page_id=2443"},"modified":"2026-03-06T04:36:08","modified_gmt":"2026-03-06T11:36:08","slug":"abogado-especializado-en-enfermedades-relacionadas-con-el-vapeo-de-cigarrillos-electronicos-en-el-condado-de-orange","status":"publish","type":"page","link":"https:\/\/www.bentleymore.com\/es\/orange-county-e-cigarette-vaping-illness-lawyer\/","title":{"rendered":"Abogado especializado en enfermedades relacionadas con el vapeo de cigarrillos electr\u00f3nicos Orange County"},"content":{"rendered":"<div id=\"ez-toc-container\" class=\"ez-toc-v2_0_82_2 counter-hierarchy ez-toc-counter ez-toc-transparent ez-toc-container-direction\">\n<div class=\"ez-toc-title-container\">\n<p class=\"ez-toc-title ez-toc-toggle\" style=\"cursor:pointer\">\u00cdndice<\/p>\n<span class=\"ez-toc-title-toggle\"><a href=\"#\" class=\"ez-toc-pull-right ez-toc-btn ez-toc-btn-xs ez-toc-btn-default ez-toc-toggle\" aria-label=\"Toggle Table of Content\"><span class=\"ez-toc-js-icon-con\"><span class=\"\"><span class=\"eztoc-hide\" style=\"display:none;\">Alternar<\/span><span class=\"ez-toc-icon-toggle-span\"><svg style=\"fill: #999;color:#999\" xmlns=\"http:\/\/www.w3.org\/2000\/svg\" class=\"list-377408\" width=\"20px\" height=\"20px\" viewbox=\"0 0 24 24\" fill=\"none\"><path d=\"M6 6H4v2h2V6zm14 0H8v2h12V6zM4 11h2v2H4v-2zm16 0H8v2h12v-2zM4 16h2v2H4v-2zm16 0H8v2h12v-2z\" fill=\"currentColor\"><\/path><\/svg><svg style=\"fill: #999;color:#999\" class=\"arrow-unsorted-368013\" xmlns=\"http:\/\/www.w3.org\/2000\/svg\" width=\"10px\" height=\"10px\" viewbox=\"0 0 24 24\" version=\"1.2\" baseprofile=\"tiny\"><path d=\"M18.2 9.3l-6.2-6.3-6.2 6.3c-.2.2-.3.4-.3.7s.1.5.3.7c.2.2.4.3.7.3h11c.3 0 .5-.1.7-.3.2-.2.3-.5.3-.7s-.1-.5-.3-.7zM5.8 14.7l6.2 6.3 6.2-6.3c.2-.2.3-.5.3-.7s-.1-.5-.3-.7c-.2-.2-.4-.3-.7-.3h-11c-.3 0-.5.1-.7.3-.2.2-.3.5-.3.7s.1.5.3.7z\"\/><\/svg><\/span><\/span><\/span><\/a><\/span><\/div>\n<nav><ul class='ez-toc-list ez-toc-list-level-1 eztoc-toggle-hide-by-default' ><li class='ez-toc-page-1 ez-toc-heading-level-2'><a class=\"ez-toc-link ez-toc-heading-1\" href=\"https:\/\/www.bentleymore.com\/es\/orange-county-e-cigarette-vaping-illness-lawyer\/#e-cigarette-vaping-illness-attorney-in-orange-county-ca\" >Abogado especializado en enfermedades relacionadas con el vapeo de cigarrillos electr\u00f3nicos en Orange County, California<\/a><\/li><li class='ez-toc-page-1 ez-toc-heading-level-2'><a class=\"ez-toc-link ez-toc-heading-2\" href=\"https:\/\/www.bentleymore.com\/es\/orange-county-e-cigarette-vaping-illness-lawyer\/#what-devices-cause-vaping-illness\" >\u00bfQu\u00e9 dispositivos provocan la enfermedad relacionada con el vapeo?<\/a><\/li><li class='ez-toc-page-1 ez-toc-heading-level-2'><a class=\"ez-toc-link ez-toc-heading-3\" href=\"https:\/\/www.bentleymore.com\/es\/orange-county-e-cigarette-vaping-illness-lawyer\/#common-signs-and-symptoms-of-vaping-illness\" >Signos y s\u00edntomas comunes de la enfermedad relacionada con el vapeo<\/a><\/li><li class='ez-toc-page-1 ez-toc-heading-level-2'><a class=\"ez-toc-link ez-toc-heading-4\" href=\"https:\/\/www.bentleymore.com\/es\/orange-county-e-cigarette-vaping-illness-lawyer\/#how-many-people-have-died-from-vaping-illness\" >\u00bfCu\u00e1ntas personas han fallecido a causa de enfermedades relacionadas con el vapeo?<\/a><\/li><li class='ez-toc-page-1 ez-toc-heading-level-2'><a class=\"ez-toc-link ez-toc-heading-5\" href=\"https:\/\/www.bentleymore.com\/es\/orange-county-e-cigarette-vaping-illness-lawyer\/#have-any-states-banned-vapes\" >\u00bfHay alg\u00fan estado que haya prohibido los cigarrillos electr\u00f3nicos?<\/a><\/li><li class='ez-toc-page-1 ez-toc-heading-level-2'><a class=\"ez-toc-link ez-toc-heading-6\" href=\"https:\/\/www.bentleymore.com\/es\/orange-county-e-cigarette-vaping-illness-lawyer\/#cdc-recommendations-for-avoiding-vaping-illness\" >Recomendaciones de los CDC para evitar enfermedades relacionadas con el vapeo<\/a><\/li><li class='ez-toc-page-1 ez-toc-heading-level-2'><a class=\"ez-toc-link ez-toc-heading-7\" href=\"https:\/\/www.bentleymore.com\/es\/orange-county-e-cigarette-vaping-illness-lawyer\/#what-to-do-if-you-contract-vaping-illness\" >Qu\u00e9 hacer si contraes una enfermedad relacionada con el vapeo<\/a><\/li><\/ul><\/nav><\/div>\n<h2><span class=\"ez-toc-section\" id=\"e-cigarette-vaping-illness-attorney-in-orange-county-ca\"><\/span><span data-sheets-root=\"1\">Abogado especializado en enfermedades relacionadas con el vapeo de cigarrillos electr\u00f3nicos en Orange County, California<\/span><span class=\"ez-toc-section-end\"><\/span><\/h2>\n<p>Los cigarrillos electr\u00f3nicos son un dispositivo relativamente nuevo en el mercado, y las marcas suelen afirmar que son una alternativa m\u00e1s saludable que el tabaco tradicional. Sin embargo, un brote reciente de enfermedades pulmonares relacionadas con el vapeo ha desmentido muchas de estas afirmaciones. Varias personas han fallecido y cientos han tenido que ser hospitalizadas como consecuencia de esta enfermedad.<\/p>\n<p>A medida que esta crisis sanitaria sigue agrav\u00e1ndose, est\u00e1n surgiendo demandas judiciales contra los fabricantes de cigarrillos electr\u00f3nicos. Si a usted o a un ser querido le han diagnosticado una enfermedad relacionada con el vapeo, p\u00f3ngase en contacto con los abogados especializados en enfermedades relacionadas con el vapeo de cigarrillos electr\u00f3nicos en <a href=\"\/es\/\">Bentley &amp; More, LLP<\/a> de inmediato.<\/p>\n<p>Tanto los Centros para el Control y la Prevenci\u00f3n de Enfermedades (CDC) como la Administraci\u00f3n de Alimentos y Medicamentos (FDA) han tomado medidas para intervenir durante esta crisis. Esto es lo que sabemos sobre el brote de lesiones pulmonares relacionadas con el vapeo.<\/p>\n<h2><span class=\"ez-toc-section\" id=\"what-devices-cause-vaping-illness\"><\/span>\u00bfQu\u00e9 dispositivos provocan la enfermedad relacionada con el vapeo?<span class=\"ez-toc-section-end\"><\/span><\/h2>\n<p>A la fecha de esta publicaci\u00f3n, los CDC a\u00fan no han determinado la causa exacta del brote. Tampoco han identificado ning\u00fan producto, sustancia o marca concretos como responsables del brote. Sin embargo, es muy probable que las sustancias qu\u00edmicas presentes en los l\u00edquidos para cigarrillos electr\u00f3nicos, que los usuarios inhalan a trav\u00e9s de los dispositivos de vapeo, puedan estar contribuyendo a la enfermedad.<\/p>\n<p>Investigaciones recientes del CDC y la FDA sugieren que el THC, el componente psicoactivo del cannabis, podr\u00eda tener un papel importante en el brote. Los CDC encuestaron a 514 pacientes y descubrieron que 77% de ellos usaban l\u00edquidos para vapeo que conten\u00edan THC, y 36% usaban exclusivamente productos con THC. En cambio, 57% de los pacientes usaban l\u00edquidos con nicotina y solo 16% usaban exclusivamente productos con nicotina.<\/p>\n<h2><span class=\"ez-toc-section\" id=\"common-signs-and-symptoms-of-vaping-illness\"><\/span>Signos y s\u00edntomas comunes de la enfermedad relacionada con el vapeo<span class=\"ez-toc-section-end\"><\/span><\/h2>\n<p>El inicio de la enfermedad relacionada con el vapeo var\u00eda de una persona a otra. Los s\u00edntomas pueden aparecer en el transcurso de unos pocos d\u00edas o tardar hasta varias semanas en manifestarse. Los pacientes afectados por este brote refieren muchos tipos diferentes de s\u00edntomas, entre los que se incluyen los siguientes.<\/p>\n<ul>\n<li>Tos<\/li>\n<li>Dificultad para respirar<\/li>\n<li>Dolor en el pecho<\/li>\n<li>N\u00e1useas y v\u00f3mitos<\/li>\n<li>Diarrea<\/li>\n<li>Dolor abdominal<\/li>\n<li>Fatiga<\/li>\n<li>Fiebre<\/li>\n<\/ul>\n<p>Si notas alguno de estos s\u00edntomas y crees que podr\u00edan ser un indicio de una enfermedad relacionada con el vapeo, acude al hospital lo antes posible.<\/p>\n<h2><span class=\"ez-toc-section\" id=\"how-many-people-have-died-from-vaping-illness\"><\/span>\u00bfCu\u00e1ntas personas han fallecido a causa de enfermedades relacionadas con el vapeo?<span class=\"ez-toc-section-end\"><\/span><\/h2>\n<p>Hasta octubre de 2019, aproximadamente 12 personas han fallecido en 10 estados a causa de enfermedades pulmonares relacionadas con el vapeo. Es posible que se produzcan m\u00e1s muertes en los pr\u00f3ximos meses. Adem\u00e1s, m\u00e1s de 805 personas han sido hospitalizadas a causa de esta afecci\u00f3n, con casos registrados en 46 estados y un territorio de los Estados Unidos. Todos los pacientes ten\u00edan antecedentes de consumo de cigarrillos electr\u00f3nicos y vaporizadores.<\/p>\n<p>Seg\u00fan los CDC, la mayor\u00eda de los pacientes son hombres, con 69%. Las v\u00edctimas de lesiones pulmonares relacionadas con el vapeo tambi\u00e9n son relativamente j\u00f3venes, ya que casi dos tercios tienen entre 18 y 34 a\u00f1os. 22% de los pacientes tienen entre 18 y 21 a\u00f1os, y 16% de los pacientes son menores de 18 a\u00f1os.<\/p>\n<h2><span class=\"ez-toc-section\" id=\"have-any-states-banned-vapes\"><\/span>\u00bfHay alg\u00fan estado que haya prohibido los cigarrillos electr\u00f3nicos?<span class=\"ez-toc-section-end\"><\/span><\/h2>\n<p>Solo unos pocos estados han prohibido los cigarrillos electr\u00f3nicos por diversas razones, desde preocupaciones normativas hasta medidas en respuesta a lesiones o enfermedades relacionadas con su uso. Nueva York y M\u00edchigan han prohibido la venta de todos los cigarrillos electr\u00f3nicos con sabores como respuesta al consumo entre menores de edad. Massachusetts est\u00e1 aplicando una prohibici\u00f3n de cuatro meses sobre todas las ventas de cigarrillos electr\u00f3nicos en todo el estado.<\/p>\n<p>A medida que el brote contin\u00faa y se va conociendo m\u00e1s informaci\u00f3n, es posible que veamos c\u00f3mo m\u00e1s estados y municipios proh\u00edben la venta de cigarrillos electr\u00f3nicos.<\/p>\n<h2><span class=\"ez-toc-section\" id=\"cdc-recommendations-for-avoiding-vaping-illness\"><\/span>Recomendaciones de los CDC para evitar enfermedades relacionadas con el vapeo<span class=\"ez-toc-section-end\"><\/span><\/h2>\n<p>Para mantenerse a salvo durante este brote, los CDC recomiendan que la poblaci\u00f3n tome las siguientes precauciones.<\/p>\n<ul>\n<li>Evite el uso de cigarrillos electr\u00f3nicos o productos para vapear, especialmente aquellos que contengan THC.<\/li>\n<li>Si nota alg\u00fan s\u00edntoma y ha consumido productos de vapeo, acuda al m\u00e9dico lo antes posible.<\/li>\n<li>Compra productos para vapeo de un fabricante de confianza y no les a\u00f1adas ninguna sustancia.<\/li>\n<li>No vuelva a fumar cigarrillos y acuda al m\u00e9dico si necesita ayuda para dejar de consumir productos del tabaco.<\/li>\n<\/ul>\n<h2><span class=\"ez-toc-section\" id=\"what-to-do-if-you-contract-vaping-illness\"><\/span>Qu\u00e9 hacer si contraes una enfermedad relacionada con el vapeo<span class=\"ez-toc-section-end\"><\/span><\/h2>\n<p>Si usas vaporizadores y cigarrillos electr\u00f3nicos con regularidad, deja de usar estos productos lo antes posible. Presta atenci\u00f3n a tus s\u00edntomas y, si notas algo inusual, busca atenci\u00f3n m\u00e9dica de inmediato. Lleva contigo tu vaporizador, tus l\u00edquidos para vapeo y el resto del equipo de vapeo.<\/p>\n<p>Una vez que haya recibido atenci\u00f3n m\u00e9dica, p\u00f3ngase en contacto con Bentley &amp; More LLP de inmediato. Nuestros abogados especializados en enfermedades relacionadas con el vapeo de cigarrillos electr\u00f3nicos colaboran estrechamente con las v\u00edctimas de lesiones causadas por el vapeo para reclamar una indemnizaci\u00f3n por sus da\u00f1os, desde el reembolso de los gastos m\u00e9dicos hasta las p\u00e9rdidas emocionales, como el dolor cr\u00f3nico y la disminuci\u00f3n de la calidad de vida.<\/p>\n<p><a href=\"https:\/\/www.bentleymore.com\/es\/contactenos\/\">Cont\u00e1ctenos hoy mismo<\/a> para programar una consulta gratuita con uno de nuestros abogados especializados en enfermedades relacionadas con el vapeo.<\/p>","protected":false},"excerpt":{"rendered":"<p>E-Cigarette Vaping Illness Attorney in Orange County, CA Vapes are a relatively new device on the market, with brands often claiming that an electronic cigarette is a healthier alternative to traditional tobacco. However, a recent outbreak of vaping-related lung illness has disproved many of these claims. Several people have died and hundreds have gone to&#8230; <a href=\"https:\/\/www.bentleymore.com\/es\/orange-county-e-cigarette-vaping-illness-lawyer\/\">Leer m\u00e1s<\/a><\/p>","protected":false},"author":4,"featured_media":0,"parent":0,"menu_order":0,"comment_status":"closed","ping_status":"closed","template":"","meta":{"_acf_changed":false,"footnotes":""},"class_list":["post-2443","page","type-page","status-publish","hentry"],"acf":[],"yoast_head":"<!-- This site is optimized with the Yoast SEO Premium plugin v26.7 (Yoast SEO v27.4) - https:\/\/yoast.com\/product\/yoast-seo-premium-wordpress\/ -->\n<title>Orange County E-Cigarette Vaping Illness Lawyer - Free Consultation<\/title>\n<meta name=\"description\" content=\"Trying to find Orange County E-Cigarette Vaping Illness Lawyer? Bentley &amp; More LLP. litigates product liability cases. Talk to our lawyers today.\" \/>\n<meta name=\"robots\" content=\"index, follow, max-snippet:-1, max-image-preview:large, max-video-preview:-1\" \/>\n<link rel=\"canonical\" href=\"https:\/\/www.bentleymore.com\/es\/abogado-especializado-en-enfermedades-relacionadas-con-el-vapeo-de-cigarrillos-electronicos-en-el-condado-de-orange\/\" \/>\n<meta property=\"og:locale\" content=\"es_MX\" \/>\n<meta property=\"og:type\" content=\"article\" \/>\n<meta property=\"og:title\" content=\"Orange County E-Cigarette Vaping Illness Lawyer\" \/>\n<meta property=\"og:description\" content=\"Trying to find Orange County E-Cigarette Vaping Illness Lawyer? Bentley &amp; More LLP. litigates product liability cases. Talk to our lawyers today.\" \/>\n<meta property=\"og:url\" content=\"https:\/\/www.bentleymore.com\/es\/abogado-especializado-en-enfermedades-relacionadas-con-el-vapeo-de-cigarrillos-electronicos-en-el-condado-de-orange\/\" \/>\n<meta property=\"og:site_name\" content=\"Bentley &amp; More LLP\" \/>\n<meta property=\"article:publisher\" content=\"https:\/\/www.facebook.com\/BentleyMoreLLP\/\" \/>\n<meta property=\"article:modified_time\" content=\"2026-03-06T11:36:08+00:00\" \/>\n<meta property=\"og:image\" content=\"https:\/\/www.bentleymore.com\/wp-content\/uploads\/2023\/04\/logo.png\" \/>\n\t<meta property=\"og:image:width\" content=\"462\" \/>\n\t<meta property=\"og:image:height\" content=\"109\" \/>\n\t<meta property=\"og:image:type\" content=\"image\/png\" \/>\n<meta name=\"twitter:card\" content=\"summary_large_image\" \/>\n<meta name=\"twitter:site\" content=\"@bentleymore\" \/>\n<meta name=\"twitter:label1\" content=\"Tiempo de lectura\" \/>\n\t<meta name=\"twitter:data1\" content=\"4 minutos\" \/>\n<script type=\"application\/ld+json\" class=\"yoast-schema-graph\">{\"@context\":\"https:\\\/\\\/schema.org\",\"@graph\":[{\"@type\":\"WebPage\",\"@id\":\"https:\\\/\\\/www.bentleymore.com\\\/orange-county-e-cigarette-vaping-illness-lawyer\\\/\",\"url\":\"https:\\\/\\\/www.bentleymore.com\\\/orange-county-e-cigarette-vaping-illness-lawyer\\\/\",\"name\":\"Orange County E-Cigarette Vaping Illness Lawyer - Free Consultation\",\"isPartOf\":{\"@id\":\"https:\\\/\\\/www.bentleymore.com\\\/#website\"},\"datePublished\":\"2019-10-02T22:42:38+00:00\",\"dateModified\":\"2026-03-06T11:36:08+00:00\",\"description\":\"Trying to find Orange County E-Cigarette Vaping Illness Lawyer? Bentley & More LLP. litigates product liability cases. Talk to our lawyers today.\",\"breadcrumb\":{\"@id\":\"https:\\\/\\\/www.bentleymore.com\\\/orange-county-e-cigarette-vaping-illness-lawyer\\\/#breadcrumb\"},\"inLanguage\":\"es\",\"potentialAction\":[{\"@type\":\"ReadAction\",\"target\":[\"https:\\\/\\\/www.bentleymore.com\\\/orange-county-e-cigarette-vaping-illness-lawyer\\\/\"]}]},{\"@type\":\"BreadcrumbList\",\"@id\":\"https:\\\/\\\/www.bentleymore.com\\\/orange-county-e-cigarette-vaping-illness-lawyer\\\/#breadcrumb\",\"itemListElement\":[{\"@type\":\"ListItem\",\"position\":1,\"name\":\"Home\",\"item\":\"https:\\\/\\\/www.bentleymore.com\\\/\"},{\"@type\":\"ListItem\",\"position\":2,\"name\":\"Orange County E-Cigarette Vaping Illness Lawyer\"}]},{\"@type\":\"WebSite\",\"@id\":\"https:\\\/\\\/www.bentleymore.com\\\/#website\",\"url\":\"https:\\\/\\\/www.bentleymore.com\\\/\",\"name\":\"Bentley & More LLP\",\"description\":\"Real Trial Lawyers\",\"publisher\":{\"@id\":\"https:\\\/\\\/www.bentleymore.com\\\/#organization\"},\"alternateName\":\"Bentley & More\",\"potentialAction\":[{\"@type\":\"SearchAction\",\"target\":{\"@type\":\"EntryPoint\",\"urlTemplate\":\"https:\\\/\\\/www.bentleymore.com\\\/?s={search_term_string}\"},\"query-input\":{\"@type\":\"PropertyValueSpecification\",\"valueRequired\":true,\"valueName\":\"search_term_string\"}}],\"inLanguage\":\"es\"},{\"@type\":\"Organization\",\"@id\":\"https:\\\/\\\/www.bentleymore.com\\\/#organization\",\"name\":\"Bentley & More LLP\",\"alternateName\":\"Bentley & More\",\"url\":\"https:\\\/\\\/www.bentleymore.com\\\/\",\"logo\":{\"@type\":\"ImageObject\",\"inLanguage\":\"es\",\"@id\":\"https:\\\/\\\/www.bentleymore.com\\\/#\\\/schema\\\/logo\\\/image\\\/\",\"url\":\"https:\\\/\\\/www.bentleymore.com\\\/wp-content\\\/uploads\\\/2023\\\/04\\\/logo.png\",\"contentUrl\":\"https:\\\/\\\/www.bentleymore.com\\\/wp-content\\\/uploads\\\/2023\\\/04\\\/logo.png\",\"width\":462,\"height\":109,\"caption\":\"Bentley & More LLP\"},\"image\":{\"@id\":\"https:\\\/\\\/www.bentleymore.com\\\/#\\\/schema\\\/logo\\\/image\\\/\"},\"sameAs\":[\"https:\\\/\\\/www.facebook.com\\\/BentleyMoreLLP\\\/\",\"https:\\\/\\\/x.com\\\/bentleymore\",\"https:\\\/\\\/www.instagram.com\\\/bentleyandmorellp\\\/\",\"https:\\\/\\\/www.yelp.com\\\/biz\\\/bentley-and-more-irvine\",\"https:\\\/\\\/www.linkedin.com\\\/company\\\/bentley-&-more-llp\\\/\",\"https:\\\/\\\/maps.app.goo.gl\\\/RZrMqUo474ugpWBRA\",\"https:\\\/\\\/www.bestlawyers.com\\\/firms\\\/bentley-more-llp\\\/75461\\\/US\",\"https:\\\/\\\/www.orangecountylawyers.com\\\/attorneys\\\/bentley-more-llp\\\/\",\"https:\\\/\\\/profiles.superlawyers.com\\\/california\\\/newport-beach\\\/lawfirm\\\/bentley-and-more-llp\\\/ce1e2f49-0a84-468f-bc17-eade2a364682.html\",\"https:\\\/\\\/uphelp.org\\\/sponsors\\\/bentley-more-llp\\\/\",\"https:\\\/\\\/law.usnews.com\\\/law-firms\\\/bentley-&-more-llp-160536\",\"https:\\\/\\\/www.martindale.com\\\/organization\\\/bentley-more-llp-158828293\\\/newport-beach-california-161028413-f\\\/\",\"https:\\\/\\\/lawyers.findlaw.com\\\/profile\\\/lawfirm\\\/bentley--more-llp\\\/ca\\\/newport-beach\\\/NTAwMzkxM18x\",\"https:\\\/\\\/www.bestlawfirms.com\\\/firms\\\/bentley-more-llp\\\/75461\\\/US\",\"https:\\\/\\\/natlawreview.com\\\/organization\\\/bentley-more-llp\",\"https:\\\/\\\/bentley-more-llp.wheree.com\\\/\",\"https:\\\/\\\/www.callupcontact.com\\\/b\\\/businessprofile\\\/Bentley_amp_More_LLP\\\/9968345\"],\"telephone\":\"+19498703800\",\"legalName\":\"Bentley & More LLP\"}]}<\/script>\n<!-- \/ Yoast SEO Premium plugin. -->","yoast_head_json":{"title":"Abogado especializado en enfermedades relacionadas con el vapeo de cigarrillos electr\u00f3nicos Orange County - Consulta gratuita","description":"\u00bfBusca un abogado especializado en enfermedades relacionadas con el vapeo del cigarrillo electr\u00f3nico Orange County? Bentley &amp; More LLP se dedica a la defensa de casos de responsabilidad por productos defectuosos. Hable hoy mismo con nuestros abogados.","robots":{"index":"index","follow":"follow","max-snippet":"max-snippet:-1","max-image-preview":"max-image-preview:large","max-video-preview":"max-video-preview:-1"},"canonical":"https:\/\/www.bentleymore.com\/es\/abogado-especializado-en-enfermedades-relacionadas-con-el-vapeo-de-cigarrillos-electronicos-en-el-condado-de-orange\/","og_locale":"es_MX","og_type":"article","og_title":"Orange County E-Cigarette Vaping Illness Lawyer","og_description":"Trying to find Orange County E-Cigarette Vaping Illness Lawyer? Bentley & More LLP. litigates product liability cases. Talk to our lawyers today.","og_url":"https:\/\/www.bentleymore.com\/es\/abogado-especializado-en-enfermedades-relacionadas-con-el-vapeo-de-cigarrillos-electronicos-en-el-condado-de-orange\/","og_site_name":"Bentley &amp; More LLP","article_publisher":"https:\/\/www.facebook.com\/BentleyMoreLLP\/","article_modified_time":"2026-03-06T11:36:08+00:00","og_image":[{"width":462,"height":109,"url":"https:\/\/www.bentleymore.com\/wp-content\/uploads\/2023\/04\/logo.png","type":"image\/png"}],"twitter_card":"summary_large_image","twitter_site":"@bentleymore","twitter_misc":{"Tiempo de lectura":"4 minutos"},"schema":{"@context":"https:\/\/schema.org","@graph":[{"@type":"WebPage","@id":"https:\/\/www.bentleymore.com\/orange-county-e-cigarette-vaping-illness-lawyer\/","url":"https:\/\/www.bentleymore.com\/orange-county-e-cigarette-vaping-illness-lawyer\/","name":"Abogado especializado en enfermedades relacionadas con el vapeo de cigarrillos electr\u00f3nicos Orange County - Consulta gratuita","isPartOf":{"@id":"https:\/\/www.bentleymore.com\/#website"},"datePublished":"2019-10-02T22:42:38+00:00","dateModified":"2026-03-06T11:36:08+00:00","description":"\u00bfBusca un abogado especializado en enfermedades relacionadas con el vapeo del cigarrillo electr\u00f3nico Orange County? Bentley &amp; More LLP se dedica a la defensa de casos de responsabilidad por productos defectuosos. Hable hoy mismo con nuestros abogados.","breadcrumb":{"@id":"https:\/\/www.bentleymore.com\/orange-county-e-cigarette-vaping-illness-lawyer\/#breadcrumb"},"inLanguage":"es","potentialAction":[{"@type":"ReadAction","target":["https:\/\/www.bentleymore.com\/orange-county-e-cigarette-vaping-illness-lawyer\/"]}]},{"@type":"BreadcrumbList","@id":"https:\/\/www.bentleymore.com\/orange-county-e-cigarette-vaping-illness-lawyer\/#breadcrumb","itemListElement":[{"@type":"ListItem","position":1,"name":"Home","item":"https:\/\/www.bentleymore.com\/"},{"@type":"ListItem","position":2,"name":"Orange County E-Cigarette Vaping Illness Lawyer"}]},{"@type":"WebSite","@id":"https:\/\/www.bentleymore.com\/#website","url":"https:\/\/www.bentleymore.com\/","name":"Bentley &amp; More LLP","description":"Abogados litigantes de verdad","publisher":{"@id":"https:\/\/www.bentleymore.com\/#organization"},"alternateName":"Bentley & More","potentialAction":[{"@type":"SearchAction","target":{"@type":"EntryPoint","urlTemplate":"https:\/\/www.bentleymore.com\/?s={search_term_string}"},"query-input":{"@type":"PropertyValueSpecification","valueRequired":true,"valueName":"search_term_string"}}],"inLanguage":"es"},{"@type":"Organization","@id":"https:\/\/www.bentleymore.com\/#organization","name":"Bentley &amp; More LLP","alternateName":"Bentley & More","url":"https:\/\/www.bentleymore.com\/","logo":{"@type":"ImageObject","inLanguage":"es","@id":"https:\/\/www.bentleymore.com\/#\/schema\/logo\/image\/","url":"https:\/\/www.bentleymore.com\/wp-content\/uploads\/2023\/04\/logo.png","contentUrl":"https:\/\/www.bentleymore.com\/wp-content\/uploads\/2023\/04\/logo.png","width":462,"height":109,"caption":"Bentley & More LLP"},"image":{"@id":"https:\/\/www.bentleymore.com\/#\/schema\/logo\/image\/"},"sameAs":["https:\/\/www.facebook.com\/BentleyMoreLLP\/","https:\/\/x.com\/bentleymore","https:\/\/www.instagram.com\/bentleyandmorellp\/","https:\/\/www.yelp.com\/biz\/bentley-and-more-irvine","https:\/\/www.linkedin.com\/company\/bentley-&-more-llp\/","https:\/\/maps.app.goo.gl\/RZrMqUo474ugpWBRA","https:\/\/www.bestlawyers.com\/firms\/bentley-more-llp\/75461\/US","https:\/\/www.orangecountylawyers.com\/attorneys\/bentley-more-llp\/","https:\/\/profiles.superlawyers.com\/california\/newport-beach\/lawfirm\/bentley-and-more-llp\/ce1e2f49-0a84-468f-bc17-eade2a364682.html","https:\/\/uphelp.org\/sponsors\/bentley-more-llp\/","https:\/\/law.usnews.com\/law-firms\/bentley-&-more-llp-160536","https:\/\/www.martindale.com\/organization\/bentley-more-llp-158828293\/newport-beach-california-161028413-f\/","https:\/\/lawyers.findlaw.com\/profile\/lawfirm\/bentley--more-llp\/ca\/newport-beach\/NTAwMzkxM18x","https:\/\/www.bestlawfirms.com\/firms\/bentley-more-llp\/75461\/US","https:\/\/natlawreview.com\/organization\/bentley-more-llp","https:\/\/bentley-more-llp.wheree.com\/","https:\/\/www.callupcontact.com\/b\/businessprofile\/Bentley_amp_More_LLP\/9968345"],"telephone":"+19498703800","legalName":"Bentley & More LLP"}]}},"_links":{"self":[{"href":"https:\/\/www.bentleymore.com\/es\/wp-json\/wp\/v2\/pages\/2443","targetHints":{"allow":["GET"]}}],"collection":[{"href":"https:\/\/www.bentleymore.com\/es\/wp-json\/wp\/v2\/pages"}],"about":[{"href":"https:\/\/www.bentleymore.com\/es\/wp-json\/wp\/v2\/types\/page"}],"author":[{"embeddable":true,"href":"https:\/\/www.bentleymore.com\/es\/wp-json\/wp\/v2\/users\/4"}],"replies":[{"embeddable":true,"href":"https:\/\/www.bentleymore.com\/es\/wp-json\/wp\/v2\/comments?post=2443"}],"version-history":[{"count":2,"href":"https:\/\/www.bentleymore.com\/es\/wp-json\/wp\/v2\/pages\/2443\/revisions"}],"predecessor-version":[{"id":7637,"href":"https:\/\/www.bentleymore.com\/es\/wp-json\/wp\/v2\/pages\/2443\/revisions\/7637"}],"wp:attachment":[{"href":"https:\/\/www.bentleymore.com\/es\/wp-json\/wp\/v2\/media?parent=2443"}],"curies":[{"name":"wp","href":"https:\/\/api.w.org\/{rel}","templated":true}]}}