{"id":265,"date":"2017-11-06T00:21:29","date_gmt":"2017-11-06T00:21:29","guid":{"rendered":"http:\/\/bentleymore.1p21.io\/?page_id=265"},"modified":"2026-03-06T00:53:24","modified_gmt":"2026-03-06T07:53:24","slug":"abogado-especializado-en-casos-de-abuso-sexual-en-irvine","status":"publish","type":"page","link":"https:\/\/www.bentleymore.com\/es\/irvine-sexual-abuse-lawyer\/","title":{"rendered":"Irvine Abogado especializado en abuso sexual"},"content":{"rendered":"<div id=\"ez-toc-container\" class=\"ez-toc-v2_0_82_2 counter-hierarchy ez-toc-counter ez-toc-transparent ez-toc-container-direction\">\n<div class=\"ez-toc-title-container\">\n<p class=\"ez-toc-title ez-toc-toggle\" style=\"cursor:pointer\">\u00cdndice<\/p>\n<span class=\"ez-toc-title-toggle\"><a href=\"#\" class=\"ez-toc-pull-right ez-toc-btn ez-toc-btn-xs ez-toc-btn-default ez-toc-toggle\" aria-label=\"Toggle Table of Content\"><span class=\"ez-toc-js-icon-con\"><span class=\"\"><span class=\"eztoc-hide\" style=\"display:none;\">Alternar<\/span><span class=\"ez-toc-icon-toggle-span\"><svg style=\"fill: #999;color:#999\" xmlns=\"http:\/\/www.w3.org\/2000\/svg\" class=\"list-377408\" width=\"20px\" height=\"20px\" viewbox=\"0 0 24 24\" fill=\"none\"><path d=\"M6 6H4v2h2V6zm14 0H8v2h12V6zM4 11h2v2H4v-2zm16 0H8v2h12v-2zM4 16h2v2H4v-2zm16 0H8v2h12v-2z\" fill=\"currentColor\"><\/path><\/svg><svg style=\"fill: #999;color:#999\" class=\"arrow-unsorted-368013\" xmlns=\"http:\/\/www.w3.org\/2000\/svg\" width=\"10px\" height=\"10px\" viewbox=\"0 0 24 24\" version=\"1.2\" baseprofile=\"tiny\"><path d=\"M18.2 9.3l-6.2-6.3-6.2 6.3c-.2.2-.3.4-.3.7s.1.5.3.7c.2.2.4.3.7.3h11c.3 0 .5-.1.7-.3.2-.2.3-.5.3-.7s-.1-.5-.3-.7zM5.8 14.7l6.2 6.3 6.2-6.3c.2-.2.3-.5.3-.7s-.1-.5-.3-.7c-.2-.2-.4-.3-.7-.3h-11c-.3 0-.5.1-.7.3-.2.2-.3.5-.3.7s.1.5.3.7z\"\/><\/svg><\/span><\/span><\/span><\/a><\/span><\/div>\n<nav><ul class='ez-toc-list ez-toc-list-level-1 eztoc-toggle-hide-by-default' ><li class='ez-toc-page-1 ez-toc-heading-level-2'><a class=\"ez-toc-link ez-toc-heading-1\" href=\"https:\/\/www.bentleymore.com\/es\/irvine-sexual-abuse-lawyer\/#sexual-abuse-attorney-in-irvine-ca\" >Abogado especializado en casos de abuso sexual en Irvine, California<\/a><\/li><li class='ez-toc-page-1 ez-toc-heading-level-2'><a class=\"ez-toc-link ez-toc-heading-2\" href=\"https:\/\/www.bentleymore.com\/es\/irvine-sexual-abuse-lawyer\/#filing-a-sexual-abuse-claim-in-irvine\" >C\u00f3mo presentar una demanda por abuso sexual en Irvine<\/a><\/li><li class='ez-toc-page-1 ez-toc-heading-level-2'><a class=\"ez-toc-link ez-toc-heading-3\" href=\"https:\/\/www.bentleymore.com\/es\/irvine-sexual-abuse-lawyer\/#hear-from-our-clients\" >Opiniones de nuestros clientes<\/a><\/li><li class='ez-toc-page-1 ez-toc-heading-level-2'><a class=\"ez-toc-link ez-toc-heading-4\" href=\"https:\/\/www.bentleymore.com\/es\/irvine-sexual-abuse-lawyer\/#how-our-irvine-sexual-abuse-law-firm-can-help\" >C\u00f3mo puede ayudarte nuestro bufete de abogados especializado en casos de abuso sexual Irvine<\/a><ul class='ez-toc-list-level-3' ><li class='ez-toc-heading-level-3'><a class=\"ez-toc-link ez-toc-heading-5\" href=\"https:\/\/www.bentleymore.com\/es\/irvine-sexual-abuse-lawyer\/#bentley-more-llp-office\" >Oficina de Bentley &amp; More LLP<\/a><\/li><\/ul><\/li><\/ul><\/nav><\/div>\n<h2><span class=\"ez-toc-section\" id=\"sexual-abuse-attorney-in-irvine-ca\"><\/span><span data-sheets-root=\"1\">Abogado especializado en casos de abuso sexual en Irvine, California<\/span><span class=\"ez-toc-section-end\"><\/span><\/h2>\n<p>El abuso sexual de cualquier tipo es un delito, y es de esperar que el autor de cualquier delito de agresi\u00f3n sexual sea objeto de acciones penales tras el incidente. Si bien es probable que el agresor se enfrente a penas de c\u00e1rcel, multas y otras sanciones, la \u00fanica forma en que una v\u00edctima de abuso sexual podr\u00e1 obtener una indemnizaci\u00f3n por sus p\u00e9rdidas es mediante una acci\u00f3n civil.<\/p>\n<p>Los abogados especializados en abuso sexual de Irvine de nuestro bufete de abogados de lesiones personales del sur de California comprenden lo angustiosos que son los casos de abuso sexual para las v\u00edctimas, y nos tomamos el tiempo necesario para conocer la situaci\u00f3n de nuestros clientes y ofrecerles la mejor representaci\u00f3n legal posible. Tras un incidente de abuso sexual, las sobrevivientes suelen sufrir complicaciones m\u00e9dicas f\u00edsicas, as\u00ed como un trauma psicol\u00f3gico derivado del incidente. Ofrecemos a nuestros clientes una representaci\u00f3n legal en\u00e9rgica incluso en los casos m\u00e1s complejos.<\/p>\n<p style=\"text-align: center;\"><a class=\"onsite-btn\" href=\"\/es\/contactenos\/\" target=\"_self\" rel=\"noopener nofollow\">Programa una consulta gratuita<\/a><\/p>\n<h2><span class=\"ez-toc-section\" id=\"filing-a-sexual-abuse-claim-in-irvine\"><\/span>C\u00f3mo presentar una demanda por abuso sexual en Irvine<span class=\"ez-toc-section-end\"><\/span><\/h2>\n<p><img loading=\"lazy\" decoding=\"async\" class=\"aligncenter wp-image-6831 size-large\" title=\"El mazo del juez, los documentos legales y la balanza de la justicia, que simbolizan la ley y las decisiones judiciales.\" src=\"https:\/\/www.bentleymore.com\/wp-content\/uploads\/2025\/10\/shutterstock_2012352206-1-1024x683.jpg\" alt=\"El mazo del juez, los documentos legales y la balanza de la justicia, que simbolizan la ley y las decisiones judiciales.\" width=\"1024\" height=\"683\" srcset=\"https:\/\/www.bentleymore.com\/wp-content\/uploads\/2025\/10\/shutterstock_2012352206-1-1024x683.jpg 1024w, https:\/\/www.bentleymore.com\/wp-content\/uploads\/2025\/10\/shutterstock_2012352206-1-300x200.jpg 300w, https:\/\/www.bentleymore.com\/wp-content\/uploads\/2025\/10\/shutterstock_2012352206-1-768x512.jpg 768w, https:\/\/www.bentleymore.com\/wp-content\/uploads\/2025\/10\/shutterstock_2012352206-1-1536x1024.jpg 1536w, https:\/\/www.bentleymore.com\/wp-content\/uploads\/2025\/10\/shutterstock_2012352206-1-2048x1365.jpg 2048w\" sizes=\"auto, (max-width: 1024px) 100vw, 1024px\" \/><\/p>\n<p>Una de las lamentables realidades a las que se enfrenta <strong>v\u00edctimas de abuso sexual<\/strong> es la escasa probabilidad de obtener una indemnizaci\u00f3n. A menos que el agresor sea especialmente acaudalado, es probable que los da\u00f1os y perjuicios en una demanda por abuso sexual superen el patrimonio personal del agresor. Las v\u00edctimas en demandas por abuso sexual pueden reclamar los gastos m\u00e9dicos derivados del tratamiento de los efectos f\u00edsicos del abuso y de cualquier da\u00f1o f\u00edsico permanente. Los demandantes tambi\u00e9n pueden reclamar los costos del tratamiento continuo, incluyendo medicamentos recetados, asesoramiento, terapia y otros tratamientos de rehabilitaci\u00f3n.<\/p>\n<p>En algunos casos, el demandado no dispone de activos suficientes para pagar la indemnizaci\u00f3n al demandante en un caso de abuso sexual. El abogado especializado en abuso sexual del demandante buscar\u00e1 otras v\u00edas de indemnizaci\u00f3n, incluyendo demandar a otros demandados que puedan compartir la responsabilidad por el abuso de la v\u00edctima. Por ejemplo, si una escuela o guarder\u00eda tiene conocimiento de un caso de abuso que afecta a un ni\u00f1o bajo su cuidado, pero no hace nada para detenerlo, el abogado del demandante puede presentar una demanda tanto contra el agresor como contra la organizaci\u00f3n por no haber hecho nada para detener el abuso.<\/p>\n<p>Contar con el abogado especializado en abuso sexual adecuado puede marcar una gran diferencia en un caso de abuso sexual. Cuando la acci\u00f3n civil de la v\u00edctima se lleva a cabo en paralelo a un proceso penal contra el acusado, el abogado del demandante puede utilizar pruebas del proceso penal en el caso civil. Tambi\u00e9n es importante se\u00f1alar que el nivel de prueba exigido en las demandas civiles es menor que en los procesos penales. Si el agresor logra eludir de alguna manera el enjuiciamiento penal, la v\u00edctima a\u00fan puede obtener una indemnizaci\u00f3n a trav\u00e9s de su acci\u00f3n civil.<\/p>\n<hr \/>\n<h2><span class=\"ez-toc-section\" id=\"hear-from-our-clients\"><\/span><em>Opiniones de nuestros clientes<\/em><span class=\"ez-toc-section-end\"><\/span><\/h2>\n<p><em>\u201cSolo quiero expresar lo mucho que aprecio a Bentley &amp; More LLP. Mi familia y yo trabajamos con Keith durante una etapa realmente dif\u00edcil de nuestra vida. \u00c9l y sus colaboradores son pacientes y atentos, y cada vez que ten\u00edamos alguna pregunta, nos brindaban ayuda y nos informaban con claridad. Hicieron que el proceso por el que pasamos fuera mucho m\u00e1s f\u00e1cil, y los recomiendo encarecidamente si buscas verdaderos profesionales a quienes no les importa ir m\u00e1s all\u00e1 por ti. \u00a1Gracias, Keith, y a todo el equipo de Bentley &amp; More!\u201d<\/em> \u2013 Inessa Ju\u00e1rez \u2b50\u2b50\u2b50\u2b50\u2b50<\/p>\n<p><strong><a href=\"https:\/\/maps.app.goo.gl\/miXe4z6hvj9b6NkM8\" target=\"_blank\" rel=\"noopener nofollow\">Opiniones de Google<\/a>.<\/strong><\/p>\n<hr \/>\n<h2><span class=\"ez-toc-section\" id=\"how-our-irvine-sexual-abuse-law-firm-can-help\"><\/span>C\u00f3mo puede ayudarte nuestro bufete de abogados especializado en casos de abuso sexual Irvine<span class=\"ez-toc-section-end\"><\/span><\/h2>\n<p><img loading=\"lazy\" decoding=\"async\" class=\"aligncenter wp-image-6493 size-full\" title=\"Abogado hablando con un cliente en un escritorio con documentos legales, un mazo y la balanza de la justicia mientras discuten un caso judicial.\" src=\"https:\/\/www.bentleymore.com\/wp-content\/uploads\/2025\/01\/consult-with-a-lawyer.jpg\" alt=\"Abogado hablando con un cliente en un escritorio con documentos legales, un mazo y la balanza de la justicia mientras discuten un caso judicial.\" width=\"1000\" height=\"667\" srcset=\"https:\/\/www.bentleymore.com\/wp-content\/uploads\/2025\/01\/consult-with-a-lawyer.jpg 1000w, https:\/\/www.bentleymore.com\/wp-content\/uploads\/2025\/01\/consult-with-a-lawyer-300x200.jpg 300w, https:\/\/www.bentleymore.com\/wp-content\/uploads\/2025\/01\/consult-with-a-lawyer-768x512.jpg 768w\" sizes=\"auto, (max-width: 1000px) 100vw, 1000px\" \/><\/p>\n<p>Los abogados especializados en casos de abuso sexual de Anaheim de Bentley &amp; More, LLP cuentan con la experiencia necesaria para manejar incluso los litigios m\u00e1s complejos. Entendemos el impacto devastador que un caso de abuso sexual puede tener en la v\u00edctima, por lo que hacemos todo lo posible para garantizar que nuestros clientes reciban una asistencia legal compasiva y completa en sus demandas civiles. Trabajamos en estrecha colaboraci\u00f3n con expertos m\u00e9dicos que pueden testificar ante el tribunal sobre los efectos m\u00e9dicos de un incidente de abuso sexual, proporcionando al juez y al jurado una imagen m\u00e1s clara de los da\u00f1os sufridos por el demandante.<\/p>\n<p>P\u00f3ngase en contacto con nuestro bufete para concertar una consulta sobre su caso de abuso sexual Irvine. <strong>Ayudamos a clientes de Orange County <\/strong>obtener una indemnizaci\u00f3n por diversos tipos de acciones civiles. Si se encuentra en la zona Riverside, p\u00f3ngase en contacto con nuestros abogados especializados en abuso sexual de Riverside. Si se encuentra en la zona San Bernardino, p\u00f3ngase en contacto con nuestros abogados especializados en abuso sexual de San Bernardino. Tambi\u00e9n sabemos c\u00f3mo colaborar con los fiscales penales para garantizar que salgan a la luz todas las pruebas necesarias en un caso, de modo que nuestros clientes reciban una indemnizaci\u00f3n justa por los da\u00f1os sufridos. <strong><a title=\"Cont\u00e1ctanos\" href=\"https:\/\/www.bentleymore.com\/es\/contactenos\/\" target=\"_blank\" rel=\"noopener noreferrer\">Cont\u00e1ctenos hoy mismo<\/a> <\/strong>para concertar una evaluaci\u00f3n gratuita de su caso con nuestro <strong><a title=\"Irvine Abogado especializado en lesiones personales\" href=\"\/es\/abogado-especializado-en-lesiones-personales-en-irvine\/\">Irvine: abogados especializados en lesiones personales<\/a>.<\/strong><\/p>\n<p style=\"text-align: center;\"><a class=\"onsite-btn\" href=\"\/es\/contactenos\/\" target=\"_self\" rel=\"noopener nofollow\">Programa una consulta gratuita<\/a><\/p>\n<p>&nbsp;<\/p>\n<h3><span class=\"ez-toc-section\" id=\"bentley-more-llp-office\"><\/span>Oficina de Bentley &amp; More LLP<span class=\"ez-toc-section-end\"><\/span><\/h3>\n<p><strong>Direcci\u00f3n<\/strong>: 4931 Birch Street Newport Beach, CA 92660<br \/>\n<strong>Tel\u00e9fono<\/strong>: <strong><a href=\"tel:949-870-3800\">(949) 870-3800<\/a><\/strong><br \/>\n<iframe loading=\"lazy\" style=\"border: 0;\" src=\"https:\/\/www.google.com\/maps\/embed?pb=!1m18!1m12!1m3!1d3441.670740215625!2d-117.8590126!3d33.667345!2m3!1f0!2f0!3f0!3m2!1i1024!2i768!4f13.1!3m3!1m2!1s0x80dcde86c65bdfad%3A0xd60a2dad4b7224b0!2sBentley%20%26%20More%20LLP!5e1!3m2!1sen!2sni!4v1759352169624!5m2!1sen!2sni\" width=\"600\" height=\"450\" allowfullscreen=\"allowfullscreen\"><\/iframe><\/p>","protected":false},"excerpt":{"rendered":"<p>Sexual Abuse Attorney in Irvine, CA Sexual abuse of any kind is a crime, and the perpetrator of any sexual assault crime will hopefully face criminal charges after the incident. While the offender will likely face jail time, fines, and other penalties, the only way a victim of sexual abuse will be able to secure&#8230; <a href=\"https:\/\/www.bentleymore.com\/es\/irvine-sexual-abuse-lawyer\/\">Leer m\u00e1s<\/a><\/p>","protected":false},"author":4,"featured_media":0,"parent":0,"menu_order":0,"comment_status":"closed","ping_status":"closed","template":"template-location.php","meta":{"_acf_changed":false,"footnotes":""},"class_list":["post-265","page","type-page","status-publish","hentry"],"acf":[],"yoast_head":"<!-- This site is optimized with the Yoast SEO Premium plugin v26.7 (Yoast SEO v27.5) - https:\/\/yoast.com\/product\/yoast-seo-premium-wordpress\/ -->\n<title>Irvine Sexual Abuse Lawyer - Free Consultation<\/title>\n<meta name=\"description\" content=\"Searching for Irvine Sexual Abuse Lawyer for justice? Bentley &amp; More LLP. handles abuse and assault claims. Get free consultation.\" \/>\n<meta name=\"robots\" content=\"index, follow, max-snippet:-1, max-image-preview:large, max-video-preview:-1\" \/>\n<link rel=\"canonical\" href=\"https:\/\/www.bentleymore.com\/es\/abogado-especializado-en-casos-de-abuso-sexual-en-irvine\/\" \/>\n<meta property=\"og:locale\" content=\"es_MX\" \/>\n<meta property=\"og:type\" content=\"article\" \/>\n<meta property=\"og:title\" content=\"Irvine Sexual Abuse Lawyer | Bentley &amp; More LLP\" \/>\n<meta property=\"og:description\" content=\"If you or someone you know experienced sexual abuse call Bentley &amp; More today at (949) 870-3800 for a FREE consultation\" \/>\n<meta property=\"og:url\" content=\"https:\/\/www.bentleymore.com\/es\/abogado-especializado-en-casos-de-abuso-sexual-en-irvine\/\" \/>\n<meta property=\"og:site_name\" content=\"Bentley &amp; More LLP\" \/>\n<meta property=\"article:publisher\" content=\"https:\/\/www.facebook.com\/BentleyMoreLLP\/\" \/>\n<meta property=\"article:modified_time\" content=\"2026-03-06T07:53:24+00:00\" \/>\n<meta property=\"og:image\" content=\"https:\/\/www.bentleymore.com\/wp-content\/uploads\/2025\/10\/shutterstock_2012352206-1-scaled.jpg\" \/>\n\t<meta property=\"og:image:width\" content=\"2560\" \/>\n\t<meta property=\"og:image:height\" content=\"1707\" \/>\n\t<meta property=\"og:image:type\" content=\"image\/jpeg\" \/>\n<meta name=\"twitter:card\" content=\"summary_large_image\" \/>\n<meta name=\"twitter:title\" content=\"Irvine Sexual Abuse Lawyer\" \/>\n<meta name=\"twitter:site\" content=\"@bentleymore\" \/>\n<meta name=\"twitter:label1\" content=\"Tiempo de lectura\" \/>\n\t<meta name=\"twitter:data1\" content=\"4 minutos\" \/>\n<script type=\"application\/ld+json\" class=\"yoast-schema-graph\">{\"@context\":\"https:\\\/\\\/schema.org\",\"@graph\":[{\"@type\":\"WebPage\",\"@id\":\"https:\\\/\\\/www.bentleymore.com\\\/irvine-sexual-abuse-lawyer\\\/\",\"url\":\"https:\\\/\\\/www.bentleymore.com\\\/irvine-sexual-abuse-lawyer\\\/\",\"name\":\"Irvine Sexual Abuse Lawyer - Free Consultation\",\"isPartOf\":{\"@id\":\"https:\\\/\\\/www.bentleymore.com\\\/#website\"},\"primaryImageOfPage\":{\"@id\":\"https:\\\/\\\/www.bentleymore.com\\\/irvine-sexual-abuse-lawyer\\\/#primaryimage\"},\"image\":{\"@id\":\"https:\\\/\\\/www.bentleymore.com\\\/irvine-sexual-abuse-lawyer\\\/#primaryimage\"},\"thumbnailUrl\":\"https:\\\/\\\/www.bentleymore.com\\\/wp-content\\\/uploads\\\/2025\\\/10\\\/shutterstock_2012352206-1-1024x683.jpg\",\"datePublished\":\"2017-11-06T00:21:29+00:00\",\"dateModified\":\"2026-03-06T07:53:24+00:00\",\"description\":\"Searching for Irvine Sexual Abuse Lawyer for justice? Bentley & More LLP. handles abuse and assault claims. Get free consultation.\",\"breadcrumb\":{\"@id\":\"https:\\\/\\\/www.bentleymore.com\\\/irvine-sexual-abuse-lawyer\\\/#breadcrumb\"},\"inLanguage\":\"es\",\"potentialAction\":[{\"@type\":\"ReadAction\",\"target\":[\"https:\\\/\\\/www.bentleymore.com\\\/irvine-sexual-abuse-lawyer\\\/\"]}]},{\"@type\":\"ImageObject\",\"inLanguage\":\"es\",\"@id\":\"https:\\\/\\\/www.bentleymore.com\\\/irvine-sexual-abuse-lawyer\\\/#primaryimage\",\"url\":\"https:\\\/\\\/www.bentleymore.com\\\/wp-content\\\/uploads\\\/2025\\\/10\\\/shutterstock_2012352206-1-1024x683.jpg\",\"contentUrl\":\"https:\\\/\\\/www.bentleymore.com\\\/wp-content\\\/uploads\\\/2025\\\/10\\\/shutterstock_2012352206-1-1024x683.jpg\"},{\"@type\":\"BreadcrumbList\",\"@id\":\"https:\\\/\\\/www.bentleymore.com\\\/irvine-sexual-abuse-lawyer\\\/#breadcrumb\",\"itemListElement\":[{\"@type\":\"ListItem\",\"position\":1,\"name\":\"Home\",\"item\":\"https:\\\/\\\/www.bentleymore.com\\\/\"},{\"@type\":\"ListItem\",\"position\":2,\"name\":\"Irvine Sexual Abuse Lawyer\"}]},{\"@type\":\"WebSite\",\"@id\":\"https:\\\/\\\/www.bentleymore.com\\\/#website\",\"url\":\"https:\\\/\\\/www.bentleymore.com\\\/\",\"name\":\"Bentley & More LLP\",\"description\":\"Real Trial Lawyers\",\"publisher\":{\"@id\":\"https:\\\/\\\/www.bentleymore.com\\\/#organization\"},\"alternateName\":\"Bentley & More\",\"potentialAction\":[{\"@type\":\"SearchAction\",\"target\":{\"@type\":\"EntryPoint\",\"urlTemplate\":\"https:\\\/\\\/www.bentleymore.com\\\/?s={search_term_string}\"},\"query-input\":{\"@type\":\"PropertyValueSpecification\",\"valueRequired\":true,\"valueName\":\"search_term_string\"}}],\"inLanguage\":\"es\"},{\"@type\":\"Organization\",\"@id\":\"https:\\\/\\\/www.bentleymore.com\\\/#organization\",\"name\":\"Bentley & More LLP\",\"alternateName\":\"Bentley & More\",\"url\":\"https:\\\/\\\/www.bentleymore.com\\\/\",\"logo\":{\"@type\":\"ImageObject\",\"inLanguage\":\"es\",\"@id\":\"https:\\\/\\\/www.bentleymore.com\\\/#\\\/schema\\\/logo\\\/image\\\/\",\"url\":\"https:\\\/\\\/www.bentleymore.com\\\/wp-content\\\/uploads\\\/2023\\\/04\\\/logo.png\",\"contentUrl\":\"https:\\\/\\\/www.bentleymore.com\\\/wp-content\\\/uploads\\\/2023\\\/04\\\/logo.png\",\"width\":462,\"height\":109,\"caption\":\"Bentley & More LLP\"},\"image\":{\"@id\":\"https:\\\/\\\/www.bentleymore.com\\\/#\\\/schema\\\/logo\\\/image\\\/\"},\"sameAs\":[\"https:\\\/\\\/www.facebook.com\\\/BentleyMoreLLP\\\/\",\"https:\\\/\\\/x.com\\\/bentleymore\",\"https:\\\/\\\/www.instagram.com\\\/bentleyandmorellp\\\/\",\"https:\\\/\\\/www.yelp.com\\\/biz\\\/bentley-and-more-irvine\",\"https:\\\/\\\/www.linkedin.com\\\/company\\\/bentley-&-more-llp\\\/\",\"https:\\\/\\\/maps.app.goo.gl\\\/RZrMqUo474ugpWBRA\",\"https:\\\/\\\/www.bestlawyers.com\\\/firms\\\/bentley-more-llp\\\/75461\\\/US\",\"https:\\\/\\\/www.orangecountylawyers.com\\\/attorneys\\\/bentley-more-llp\\\/\",\"https:\\\/\\\/profiles.superlawyers.com\\\/california\\\/newport-beach\\\/lawfirm\\\/bentley-and-more-llp\\\/ce1e2f49-0a84-468f-bc17-eade2a364682.html\",\"https:\\\/\\\/uphelp.org\\\/sponsors\\\/bentley-more-llp\\\/\",\"https:\\\/\\\/law.usnews.com\\\/law-firms\\\/bentley-&-more-llp-160536\",\"https:\\\/\\\/www.martindale.com\\\/organization\\\/bentley-more-llp-158828293\\\/newport-beach-california-161028413-f\\\/\",\"https:\\\/\\\/lawyers.findlaw.com\\\/profile\\\/lawfirm\\\/bentley--more-llp\\\/ca\\\/newport-beach\\\/NTAwMzkxM18x\",\"https:\\\/\\\/www.bestlawfirms.com\\\/firms\\\/bentley-more-llp\\\/75461\\\/US\",\"https:\\\/\\\/natlawreview.com\\\/organization\\\/bentley-more-llp\",\"https:\\\/\\\/bentley-more-llp.wheree.com\\\/\",\"https:\\\/\\\/www.callupcontact.com\\\/b\\\/businessprofile\\\/Bentley_amp_More_LLP\\\/9968345\"],\"telephone\":\"+19498703800\",\"legalName\":\"Bentley & More LLP\"}]}<\/script>\n<!-- \/ Yoast SEO Premium plugin. -->","yoast_head_json":{"title":"Irvine Abogado especializado en abuso sexual - Consulta gratuita","description":"\u00bfBusca un abogado especializado en casos de abuso sexual en Irvine para obtener justicia? Bentley &amp; More LLP se encarga de demandas por abuso y agresi\u00f3n. Obtenga una consulta gratuita.","robots":{"index":"index","follow":"follow","max-snippet":"max-snippet:-1","max-image-preview":"max-image-preview:large","max-video-preview":"max-video-preview:-1"},"canonical":"https:\/\/www.bentleymore.com\/es\/abogado-especializado-en-casos-de-abuso-sexual-en-irvine\/","og_locale":"es_MX","og_type":"article","og_title":"Irvine Sexual Abuse Lawyer | Bentley & More LLP","og_description":"If you or someone you know experienced sexual abuse call Bentley & More today at (949) 870-3800 for a FREE consultation","og_url":"https:\/\/www.bentleymore.com\/es\/abogado-especializado-en-casos-de-abuso-sexual-en-irvine\/","og_site_name":"Bentley &amp; More LLP","article_publisher":"https:\/\/www.facebook.com\/BentleyMoreLLP\/","article_modified_time":"2026-03-06T07:53:24+00:00","og_image":[{"width":2560,"height":1707,"url":"https:\/\/www.bentleymore.com\/wp-content\/uploads\/2025\/10\/shutterstock_2012352206-1-scaled.jpg","type":"image\/jpeg"}],"twitter_card":"summary_large_image","twitter_title":"Irvine Sexual Abuse Lawyer","twitter_site":"@bentleymore","twitter_misc":{"Tiempo de lectura":"4 minutos"},"schema":{"@context":"https:\/\/schema.org","@graph":[{"@type":"WebPage","@id":"https:\/\/www.bentleymore.com\/irvine-sexual-abuse-lawyer\/","url":"https:\/\/www.bentleymore.com\/irvine-sexual-abuse-lawyer\/","name":"Irvine Abogado especializado en abuso sexual - Consulta gratuita","isPartOf":{"@id":"https:\/\/www.bentleymore.com\/#website"},"primaryImageOfPage":{"@id":"https:\/\/www.bentleymore.com\/irvine-sexual-abuse-lawyer\/#primaryimage"},"image":{"@id":"https:\/\/www.bentleymore.com\/irvine-sexual-abuse-lawyer\/#primaryimage"},"thumbnailUrl":"https:\/\/www.bentleymore.com\/wp-content\/uploads\/2025\/10\/shutterstock_2012352206-1-1024x683.jpg","datePublished":"2017-11-06T00:21:29+00:00","dateModified":"2026-03-06T07:53:24+00:00","description":"\u00bfBusca un abogado especializado en casos de abuso sexual en Irvine para obtener justicia? Bentley &amp; More LLP se encarga de demandas por abuso y agresi\u00f3n. Obtenga una consulta gratuita.","breadcrumb":{"@id":"https:\/\/www.bentleymore.com\/irvine-sexual-abuse-lawyer\/#breadcrumb"},"inLanguage":"es","potentialAction":[{"@type":"ReadAction","target":["https:\/\/www.bentleymore.com\/irvine-sexual-abuse-lawyer\/"]}]},{"@type":"ImageObject","inLanguage":"es","@id":"https:\/\/www.bentleymore.com\/irvine-sexual-abuse-lawyer\/#primaryimage","url":"https:\/\/www.bentleymore.com\/wp-content\/uploads\/2025\/10\/shutterstock_2012352206-1-1024x683.jpg","contentUrl":"https:\/\/www.bentleymore.com\/wp-content\/uploads\/2025\/10\/shutterstock_2012352206-1-1024x683.jpg"},{"@type":"BreadcrumbList","@id":"https:\/\/www.bentleymore.com\/irvine-sexual-abuse-lawyer\/#breadcrumb","itemListElement":[{"@type":"ListItem","position":1,"name":"Home","item":"https:\/\/www.bentleymore.com\/"},{"@type":"ListItem","position":2,"name":"Irvine Sexual Abuse Lawyer"}]},{"@type":"WebSite","@id":"https:\/\/www.bentleymore.com\/#website","url":"https:\/\/www.bentleymore.com\/","name":"Bentley &amp; More LLP","description":"Abogados litigantes de verdad","publisher":{"@id":"https:\/\/www.bentleymore.com\/#organization"},"alternateName":"Bentley & More","potentialAction":[{"@type":"SearchAction","target":{"@type":"EntryPoint","urlTemplate":"https:\/\/www.bentleymore.com\/?s={search_term_string}"},"query-input":{"@type":"PropertyValueSpecification","valueRequired":true,"valueName":"search_term_string"}}],"inLanguage":"es"},{"@type":"Organization","@id":"https:\/\/www.bentleymore.com\/#organization","name":"Bentley &amp; More LLP","alternateName":"Bentley & More","url":"https:\/\/www.bentleymore.com\/","logo":{"@type":"ImageObject","inLanguage":"es","@id":"https:\/\/www.bentleymore.com\/#\/schema\/logo\/image\/","url":"https:\/\/www.bentleymore.com\/wp-content\/uploads\/2023\/04\/logo.png","contentUrl":"https:\/\/www.bentleymore.com\/wp-content\/uploads\/2023\/04\/logo.png","width":462,"height":109,"caption":"Bentley & More LLP"},"image":{"@id":"https:\/\/www.bentleymore.com\/#\/schema\/logo\/image\/"},"sameAs":["https:\/\/www.facebook.com\/BentleyMoreLLP\/","https:\/\/x.com\/bentleymore","https:\/\/www.instagram.com\/bentleyandmorellp\/","https:\/\/www.yelp.com\/biz\/bentley-and-more-irvine","https:\/\/www.linkedin.com\/company\/bentley-&-more-llp\/","https:\/\/maps.app.goo.gl\/RZrMqUo474ugpWBRA","https:\/\/www.bestlawyers.com\/firms\/bentley-more-llp\/75461\/US","https:\/\/www.orangecountylawyers.com\/attorneys\/bentley-more-llp\/","https:\/\/profiles.superlawyers.com\/california\/newport-beach\/lawfirm\/bentley-and-more-llp\/ce1e2f49-0a84-468f-bc17-eade2a364682.html","https:\/\/uphelp.org\/sponsors\/bentley-more-llp\/","https:\/\/law.usnews.com\/law-firms\/bentley-&-more-llp-160536","https:\/\/www.martindale.com\/organization\/bentley-more-llp-158828293\/newport-beach-california-161028413-f\/","https:\/\/lawyers.findlaw.com\/profile\/lawfirm\/bentley--more-llp\/ca\/newport-beach\/NTAwMzkxM18x","https:\/\/www.bestlawfirms.com\/firms\/bentley-more-llp\/75461\/US","https:\/\/natlawreview.com\/organization\/bentley-more-llp","https:\/\/bentley-more-llp.wheree.com\/","https:\/\/www.callupcontact.com\/b\/businessprofile\/Bentley_amp_More_LLP\/9968345"],"telephone":"+19498703800","legalName":"Bentley & More LLP"}]}},"_links":{"self":[{"href":"https:\/\/www.bentleymore.com\/es\/wp-json\/wp\/v2\/pages\/265","targetHints":{"allow":["GET"]}}],"collection":[{"href":"https:\/\/www.bentleymore.com\/es\/wp-json\/wp\/v2\/pages"}],"about":[{"href":"https:\/\/www.bentleymore.com\/es\/wp-json\/wp\/v2\/types\/page"}],"author":[{"embeddable":true,"href":"https:\/\/www.bentleymore.com\/es\/wp-json\/wp\/v2\/users\/4"}],"replies":[{"embeddable":true,"href":"https:\/\/www.bentleymore.com\/es\/wp-json\/wp\/v2\/comments?post=265"}],"version-history":[{"count":2,"href":"https:\/\/www.bentleymore.com\/es\/wp-json\/wp\/v2\/pages\/265\/revisions"}],"predecessor-version":[{"id":7567,"href":"https:\/\/www.bentleymore.com\/es\/wp-json\/wp\/v2\/pages\/265\/revisions\/7567"}],"wp:attachment":[{"href":"https:\/\/www.bentleymore.com\/es\/wp-json\/wp\/v2\/media?parent=265"}],"curies":[{"name":"wp","href":"https:\/\/api.w.org\/{rel}","templated":true}]}}