{"id":2700,"date":"2025-10-14T12:05:00","date_gmt":"2025-10-14T19:05:00","guid":{"rendered":"https:\/\/www.bentleymore.com\/?page_id=2700"},"modified":"2026-03-04T23:55:20","modified_gmt":"2026-03-05T06:55:20","slug":"abogado-especializado-en-casos-de-abuso-sexual-en-riverside","status":"publish","type":"page","link":"https:\/\/www.bentleymore.com\/es\/riverside-sexual-abuse-attorney\/","title":{"rendered":"Riverside Abogado especializado en abuso sexual"},"content":{"rendered":"<h2><span class=\"ez-toc-section\" id=\"sexual-abuse-lawyer-in-riverside-ca\"><\/span><span data-sheets-root=\"1\">Abogado especializado en casos de abuso sexual en Riverside, California<\/span><span class=\"ez-toc-section-end\"><\/span><\/h2>\n<p>El abuso y la agresi\u00f3n sexuales son actos abominables que pueden provocar en las v\u00edctimas un trauma emocional y psicol\u00f3gico devastador a largo plazo. Los autores de abusos sexuales suelen enfrentarse a cargos penales que conllevan penas de c\u00e1rcel y multas. En <a href=\"https:\/\/www.bentleymore.com\/es\/\">Bentley &amp; More LLP<\/a>, nuestro <strong>Abogados especializados en abuso sexual de Riverside<\/strong> queremos ayudar a las v\u00edctimas de abuso sexual a obtener la indemnizaci\u00f3n que se merecen por lo que les ha sucedido. <a href=\"https:\/\/www.bentleymore.com\/es\/contactenos\/\">Cont\u00e1ctanos<\/a> hoy mismo para hablar sobre su caso.<\/p>\n<p style=\"text-align: center;\"><a class=\"onsite-btn\" href=\"\/es\/contactenos\/\" target=\"_self\" rel=\"noopener nofollow\">Programa una consulta gratuita<\/a><\/p>\n<div id=\"ez-toc-container\" class=\"ez-toc-v2_0_82_2 counter-hierarchy ez-toc-counter ez-toc-transparent ez-toc-container-direction\">\n<div class=\"ez-toc-title-container\">\n<p class=\"ez-toc-title ez-toc-toggle\" style=\"cursor:pointer\">Riverside: Gu\u00eda sobre el abuso sexual<\/p>\n<span class=\"ez-toc-title-toggle\"><a href=\"#\" class=\"ez-toc-pull-right ez-toc-btn ez-toc-btn-xs ez-toc-btn-default ez-toc-toggle\" aria-label=\"Toggle Table of Content\"><span class=\"ez-toc-js-icon-con\"><span class=\"\"><span class=\"eztoc-hide\" style=\"display:none;\">Alternar<\/span><span class=\"ez-toc-icon-toggle-span\"><svg style=\"fill: #999;color:#999\" xmlns=\"http:\/\/www.w3.org\/2000\/svg\" class=\"list-377408\" width=\"20px\" height=\"20px\" viewbox=\"0 0 24 24\" fill=\"none\"><path d=\"M6 6H4v2h2V6zm14 0H8v2h12V6zM4 11h2v2H4v-2zm16 0H8v2h12v-2zM4 16h2v2H4v-2zm16 0H8v2h12v-2z\" fill=\"currentColor\"><\/path><\/svg><svg style=\"fill: #999;color:#999\" class=\"arrow-unsorted-368013\" xmlns=\"http:\/\/www.w3.org\/2000\/svg\" width=\"10px\" height=\"10px\" viewbox=\"0 0 24 24\" version=\"1.2\" baseprofile=\"tiny\"><path d=\"M18.2 9.3l-6.2-6.3-6.2 6.3c-.2.2-.3.4-.3.7s.1.5.3.7c.2.2.4.3.7.3h11c.3 0 .5-.1.7-.3.2-.2.3-.5.3-.7s-.1-.5-.3-.7zM5.8 14.7l6.2 6.3 6.2-6.3c.2-.2.3-.5.3-.7s-.1-.5-.3-.7c-.2-.2-.4-.3-.7-.3h-11c-.3 0-.5.1-.7.3-.2.2-.3.5-.3.7s.1.5.3.7z\"\/><\/svg><\/span><\/span><\/span><\/a><\/span><\/div>\n<nav><ul class='ez-toc-list ez-toc-list-level-1 eztoc-toggle-hide-by-default' ><li class='ez-toc-page-1 ez-toc-heading-level-2'><a class=\"ez-toc-link ez-toc-heading-1\" href=\"https:\/\/www.bentleymore.com\/es\/riverside-sexual-abuse-attorney\/#sexual-abuse-lawyer-in-riverside-ca\" >Abogado especializado en casos de abuso sexual en Riverside, California<\/a><\/li><li class='ez-toc-page-1 ez-toc-heading-level-2'><a class=\"ez-toc-link ez-toc-heading-2\" href=\"https:\/\/www.bentleymore.com\/es\/riverside-sexual-abuse-attorney\/#why-choose-bentley-more-for-your-riverside-sexual-abuse-case\" >\u00bfPor qu\u00e9 elegir a Bentley &amp; More para su caso de abuso sexual Riverside?<\/a><\/li><li class='ez-toc-page-1 ez-toc-heading-level-2'><a class=\"ez-toc-link ez-toc-heading-3\" href=\"https:\/\/www.bentleymore.com\/es\/riverside-sexual-abuse-attorney\/#how-will-a-riverside-sexual-abuse-lawyer-help\" >\u00bfC\u00f3mo puede ayudar un abogado especializado en abuso sexual en Riverside?<\/a><\/li><li class='ez-toc-page-1 ez-toc-heading-level-2'><a class=\"ez-toc-link ez-toc-heading-4\" href=\"https:\/\/www.bentleymore.com\/es\/riverside-sexual-abuse-attorney\/#sexual-abuse-statistics\" >Estad\u00edsticas sobre el abuso sexual<\/a><\/li><li class='ez-toc-page-1 ez-toc-heading-level-2'><a class=\"ez-toc-link ez-toc-heading-5\" href=\"https:\/\/www.bentleymore.com\/es\/riverside-sexual-abuse-attorney\/#compensation-in-riverside-sexual-abuse-cases\" >Indemnizaci\u00f3n en los casos de abuso sexual de Riverside<\/a><\/li><li class='ez-toc-page-1 ez-toc-heading-level-2'><a class=\"ez-toc-link ez-toc-heading-6\" href=\"https:\/\/www.bentleymore.com\/es\/riverside-sexual-abuse-attorney\/#contact-a-riverside-sexual-abuse-lawyer-today\" >P\u00f3ngase en contacto hoy mismo con un abogado especializado en casos de abuso sexual de A Riverside<\/a><\/li><\/ul><\/nav><\/div>\n\n<h2><span class=\"ez-toc-section\" id=\"why-choose-bentley-more-for-your-riverside-sexual-abuse-case\"><\/span>\u00bfPor qu\u00e9 elegir a Bentley &amp; More para su caso de abuso sexual Riverside?<span class=\"ez-toc-section-end\"><\/span><\/h2>\n<p><img loading=\"lazy\" decoding=\"async\" class=\"wp-image-5134 alignright\" src=\"https:\/\/www.bentleymore.com\/wp-content\/uploads\/2023\/02\/jpg-12-1.jpeg\" alt=\"Riverside: abogado especializado en casos de abuso sexual \" width=\"308\" height=\"231\" srcset=\"https:\/\/www.bentleymore.com\/wp-content\/uploads\/2023\/02\/jpg-12-1.jpeg 800w, https:\/\/www.bentleymore.com\/wp-content\/uploads\/2023\/02\/jpg-12-1-300x225.jpeg 300w, https:\/\/www.bentleymore.com\/wp-content\/uploads\/2023\/02\/jpg-12-1-768x576.jpeg 768w\" sizes=\"auto, (max-width: 308px) 100vw, 308px\" \/><\/p>\n<p>Si usted o un ser querido ha sido v\u00edctima de abuso sexual, necesita la ayuda de un abogado con amplia experiencia en el manejo de estos casos. El experimentado equipo legal de Bentley &amp; More, LLP est\u00e1 listo para ponerse a trabajar.<\/p>\n<ul>\n<li>Contamos con un historial de \u00e9xitos que se debe a que nuestros abogados adaptan cada soluci\u00f3n a las necesidades espec\u00edficas del cliente.<\/li>\n<li>Nuestros abogados cuentan con d\u00e9cadas de experiencia en litigios y negociaciones, que pondremos al servicio de su caso.<\/li>\n<li>Aceptamos casos de abuso sexual Riverside con honorarios contingentes. Nuestros clientes solo pagan los honorarios legales despu\u00e9s de que consigamos la indemnizaci\u00f3n a la que tienen derecho.<\/li>\n<\/ul>\n<h2><span class=\"ez-toc-section\" id=\"how-will-a-riverside-sexual-abuse-lawyer-help\"><\/span>\u00bfC\u00f3mo puede ayudar un abogado especializado en abuso sexual en Riverside?<span class=\"ez-toc-section-end\"><\/span><\/h2>\n<p>Un abogado especializado en casos de abuso sexual Riverside contar\u00e1 con la experiencia y los recursos necesarios para demandar a los agresores y reclamar una indemnizaci\u00f3n en su nombre de manera adecuada. Se encargar\u00e1 de:<\/p>\n<ul>\n<li>Llevar a cabo una investigaci\u00f3n exhaustiva de lo ocurrido y recabar todas las pruebas necesarias para demostrar que fuiste v\u00edctima de abuso sexual.<\/li>\n<li>asegurarse de que la v\u00edctima de abuso sexual reciba la atenci\u00f3n m\u00e9dica y el apoyo psicol\u00f3gico necesarios para superar esta situaci\u00f3n.<\/li>\n<li>negociar con todas las partes implicadas para llegar a un <a href=\"https:\/\/www.bentleymore.com\/es\/blog\/cual-es-una-indemnizacion-justa-por-danos-morales\/\">acuerdo justo<\/a> en nombre de la v\u00edctima o llevar el caso a juicio si es necesario.<\/li>\n<\/ul>\n<div style=\"background: #f1f1f1; padding: 30px 30px; margin: 30px 0px; border-left: 7px solid #4C6875;\">\n<h2><span class=\"ez-toc-section\" id=\"sexual-abuse-statistics\"><\/span>Estad\u00edsticas sobre el abuso sexual<span class=\"ez-toc-section-end\"><\/span><\/h2>\n<p><img loading=\"lazy\" decoding=\"async\" class=\"alignright wp-image-6910\" src=\"https:\/\/www.bentleymore.com\/wp-content\/uploads\/2025\/10\/173073-Keith-Philip-More-256x300.jpg\" alt=\"Keith-Philip-More\" width=\"203\" height=\"238\" srcset=\"https:\/\/www.bentleymore.com\/wp-content\/uploads\/2025\/10\/173073-Keith-Philip-More-256x300.jpg 256w, https:\/\/www.bentleymore.com\/wp-content\/uploads\/2025\/10\/173073-Keith-Philip-More.jpg 671w\" sizes=\"auto, (max-width: 203px) 100vw, 203px\" \/>Datos de <a href=\"https:\/\/www.rainn.org\/\">RAINN<\/a> muestra que cada 73 segundos una persona en Estados Unidos sufre una agresi\u00f3n sexual. Es una cifra impactante, y afecta tanto a hombres como a mujeres.<\/p>\n<ul>\n<li>Una de cada seis mujeres estadounidenses ha sido v\u00edctima de una violaci\u00f3n, ya sea consumada o en intento, a lo largo de su vida.<\/li>\n<li>Aproximadamente 31 % de los hombres estadounidenses han sido v\u00edctimas de una violaci\u00f3n, ya sea consumada o en intento, a lo largo de su vida.<\/li>\n<li>El 341 % de las v\u00edctimas de agresiones sexuales y violaciones son menores de 12 a\u00f1os.<\/li>\n<li>El 66% de las v\u00edctimas de agresiones sexuales y violaciones tiene entre 12 y 17 a\u00f1os.<\/li>\n<\/ul>\n<p>Uno de los obst\u00e1culos con los que se topan las v\u00edctimas de agresiones sexuales es que, a menudo, los agresores no disponen de los recursos necesarios para indemnizar adecuadamente a sus v\u00edctimas. Por eso exploramos todas las v\u00edas de indemnizaci\u00f3n.<\/p>\n<p>En muchos casos, podemos obtener una indemnizaci\u00f3n de las agencias u organizaciones para las que trabajaban los autores de las agresiones sexuales. A veces, los supervisores u otras personas intentan encubrir los abusos sexuales, y estas personas tambi\u00e9n deben rendir cuentas.<\/p>\n<\/div>\n<h2><span class=\"ez-toc-section\" id=\"compensation-in-riverside-sexual-abuse-cases\"><\/span>Indemnizaci\u00f3n en los casos de abuso sexual de Riverside<span class=\"ez-toc-section-end\"><\/span><\/h2>\n<p>Si t\u00fa o un ser querido hab\u00e9is sido v\u00edctimas de abuso sexual, deb\u00e9is buscar ayuda de un profesional cualificado de Riverside <a href=\"https:\/\/www.bentleymore.com\/es\/blog\/como-encontrar-al-mejor-abogado-especializado-en-lesiones-personales-cerca-de-mi\/\">abogado especializado en lesiones personales<\/a> lo antes posible. En Bentley &amp; More, LLP, nuestro equipo calificado y comprometido est\u00e1 listo para investigar a fondo su caso con el fin de garantizarle cualquier indemnizaci\u00f3n a la que tenga derecho. Esto puede incluir lo siguiente:<\/p>\n<ul>\n<li>Indemnizaci\u00f3n por da\u00f1os y perjuicios por dolor y sufrimiento<\/li>\n<li>Salarios y prestaciones no percibidos<\/li>\n<li>Reembolso por los servicios de asesoramiento necesarios<\/li>\n<\/ul>\n<h2><span class=\"ez-toc-section\" id=\"contact-a-riverside-sexual-abuse-lawyer-today\"><\/span>P\u00f3ngase en contacto hoy mismo con un abogado especializado en casos de abuso sexual de A Riverside<span class=\"ez-toc-section-end\"><\/span><\/h2>\n<p><img loading=\"lazy\" decoding=\"async\" class=\"alignright size-full wp-image-6911\" src=\"https:\/\/www.bentleymore.com\/wp-content\/uploads\/2025\/10\/sl-badge-l-g-2023.png\" alt=\"sl-badge-l-g-2023\" width=\"181\" height=\"150\" \/>Tambi\u00e9n trabajaremos para reclamar una indemnizaci\u00f3n por da\u00f1os y perjuicios contra los responsables, incluyendo al autor del abuso, as\u00ed como a cualquier persona u organismo que lo haya encubierto. Cuando necesite un <a href=\"https:\/\/www.bentleymore.com\/es\/abogados-especializados-en-lesiones-personales-en-riverside\/\">Riverside, abogado especializado en lesiones personales<\/a>, puede ponerse en contacto con nuestro bufete de abogados Southern California para una <a href=\"https:\/\/www.bentleymore.com\/es\/contactenos\/\">f<\/a>Consulta gratuita sobre su caso haciendo clic aqu\u00ed o llamando al <a href=\"tel:(949)870-3800\">(949)870-3800<\/a>.<\/p>\n<p style=\"text-align: center;\"><a class=\"onsite-btn\" href=\"\/es\/contactenos\/\" target=\"_self\" rel=\"noopener nofollow\">Programa una consulta gratuita<\/a><\/p>\n<p>&nbsp;<\/p>","protected":false},"excerpt":{"rendered":"<p>Sexual Abuse Lawyer in Riverside, CA Sexual abuse and assault are abhorrent and can leave victims suffering from devastating long-term emotional and psychological trauma. Perpetrators of sexual abuse often face criminal charges that carry jail time and fines. At Bentley &amp; More LLP, our Riverside sexual abuse lawyers want to help victims of sexual abuse&#8230; <a href=\"https:\/\/www.bentleymore.com\/es\/riverside-sexual-abuse-attorney\/\">Leer m\u00e1s<\/a><\/p>","protected":false},"author":4,"featured_media":0,"parent":0,"menu_order":0,"comment_status":"closed","ping_status":"closed","template":"template-riverside.php","meta":{"_acf_changed":false,"footnotes":""},"class_list":["post-2700","page","type-page","status-publish","hentry"],"acf":[],"yoast_head":"<!-- This site is optimized with the Yoast SEO Premium plugin v26.7 (Yoast SEO v27.5) - https:\/\/yoast.com\/product\/yoast-seo-premium-wordpress\/ -->\n<title>Riverside Sexual Abuse Attorney - Free Consultation<\/title>\n<meta name=\"description\" content=\"Want Riverside Sexual Abuse Attorney for justice? Bentley &amp; More LLP. handles abuse and assault claims. Schedule free consultation.\" \/>\n<meta name=\"robots\" content=\"index, follow, max-snippet:-1, max-image-preview:large, max-video-preview:-1\" \/>\n<link rel=\"canonical\" href=\"https:\/\/www.bentleymore.com\/es\/abogado-especializado-en-casos-de-abuso-sexual-en-riverside\/\" \/>\n<meta property=\"og:locale\" content=\"es_MX\" \/>\n<meta property=\"og:type\" content=\"article\" \/>\n<meta property=\"og:title\" content=\"Riverside Sexual Abuse Attorney\" \/>\n<meta property=\"og:description\" content=\"Want Riverside Sexual Abuse Attorney for justice? Bentley &amp; More LLP. handles abuse and assault claims. Schedule free consultation.\" \/>\n<meta property=\"og:url\" content=\"https:\/\/www.bentleymore.com\/es\/abogado-especializado-en-casos-de-abuso-sexual-en-riverside\/\" \/>\n<meta property=\"og:site_name\" content=\"Bentley &amp; More LLP\" \/>\n<meta property=\"article:publisher\" content=\"https:\/\/www.facebook.com\/BentleyMoreLLP\/\" \/>\n<meta property=\"article:modified_time\" content=\"2026-03-05T06:55:20+00:00\" \/>\n<meta property=\"og:image\" content=\"https:\/\/www.bentleymore.com\/wp-content\/uploads\/2023\/02\/jpg-12-1.jpeg\" \/>\n\t<meta property=\"og:image:width\" content=\"800\" \/>\n\t<meta property=\"og:image:height\" content=\"600\" \/>\n\t<meta property=\"og:image:type\" content=\"image\/jpeg\" \/>\n<meta name=\"twitter:card\" content=\"summary_large_image\" \/>\n<meta name=\"twitter:site\" content=\"@bentleymore\" \/>\n<meta name=\"twitter:label1\" content=\"Tiempo de lectura\" \/>\n\t<meta name=\"twitter:data1\" content=\"4 minutos\" \/>\n<script type=\"application\/ld+json\" class=\"yoast-schema-graph\">{\"@context\":\"https:\\\/\\\/schema.org\",\"@graph\":[{\"@type\":\"WebPage\",\"@id\":\"https:\\\/\\\/www.bentleymore.com\\\/riverside-sexual-abuse-attorney\\\/\",\"url\":\"https:\\\/\\\/www.bentleymore.com\\\/riverside-sexual-abuse-attorney\\\/\",\"name\":\"Riverside Sexual Abuse Attorney - Free Consultation\",\"isPartOf\":{\"@id\":\"https:\\\/\\\/www.bentleymore.com\\\/#website\"},\"primaryImageOfPage\":{\"@id\":\"https:\\\/\\\/www.bentleymore.com\\\/riverside-sexual-abuse-attorney\\\/#primaryimage\"},\"image\":{\"@id\":\"https:\\\/\\\/www.bentleymore.com\\\/riverside-sexual-abuse-attorney\\\/#primaryimage\"},\"thumbnailUrl\":\"https:\\\/\\\/www.bentleymore.com\\\/wp-content\\\/uploads\\\/2023\\\/02\\\/jpg-12-1.jpeg\",\"datePublished\":\"2025-10-14T19:05:00+00:00\",\"dateModified\":\"2026-03-05T06:55:20+00:00\",\"description\":\"Want Riverside Sexual Abuse Attorney for justice? Bentley & More LLP. handles abuse and assault claims. Schedule free consultation.\",\"breadcrumb\":{\"@id\":\"https:\\\/\\\/www.bentleymore.com\\\/riverside-sexual-abuse-attorney\\\/#breadcrumb\"},\"inLanguage\":\"es\",\"potentialAction\":[{\"@type\":\"ReadAction\",\"target\":[\"https:\\\/\\\/www.bentleymore.com\\\/riverside-sexual-abuse-attorney\\\/\"]}]},{\"@type\":\"ImageObject\",\"inLanguage\":\"es\",\"@id\":\"https:\\\/\\\/www.bentleymore.com\\\/riverside-sexual-abuse-attorney\\\/#primaryimage\",\"url\":\"https:\\\/\\\/www.bentleymore.com\\\/wp-content\\\/uploads\\\/2023\\\/02\\\/jpg-12-1.jpeg\",\"contentUrl\":\"https:\\\/\\\/www.bentleymore.com\\\/wp-content\\\/uploads\\\/2023\\\/02\\\/jpg-12-1.jpeg\"},{\"@type\":\"BreadcrumbList\",\"@id\":\"https:\\\/\\\/www.bentleymore.com\\\/riverside-sexual-abuse-attorney\\\/#breadcrumb\",\"itemListElement\":[{\"@type\":\"ListItem\",\"position\":1,\"name\":\"Home\",\"item\":\"https:\\\/\\\/www.bentleymore.com\\\/\"},{\"@type\":\"ListItem\",\"position\":2,\"name\":\"Riverside Sexual Abuse Attorney\"}]},{\"@type\":\"WebSite\",\"@id\":\"https:\\\/\\\/www.bentleymore.com\\\/#website\",\"url\":\"https:\\\/\\\/www.bentleymore.com\\\/\",\"name\":\"Bentley & More LLP\",\"description\":\"Real Trial Lawyers\",\"publisher\":{\"@id\":\"https:\\\/\\\/www.bentleymore.com\\\/#organization\"},\"alternateName\":\"Bentley & More\",\"potentialAction\":[{\"@type\":\"SearchAction\",\"target\":{\"@type\":\"EntryPoint\",\"urlTemplate\":\"https:\\\/\\\/www.bentleymore.com\\\/?s={search_term_string}\"},\"query-input\":{\"@type\":\"PropertyValueSpecification\",\"valueRequired\":true,\"valueName\":\"search_term_string\"}}],\"inLanguage\":\"es\"},{\"@type\":\"Organization\",\"@id\":\"https:\\\/\\\/www.bentleymore.com\\\/#organization\",\"name\":\"Bentley & More LLP\",\"alternateName\":\"Bentley & More\",\"url\":\"https:\\\/\\\/www.bentleymore.com\\\/\",\"logo\":{\"@type\":\"ImageObject\",\"inLanguage\":\"es\",\"@id\":\"https:\\\/\\\/www.bentleymore.com\\\/#\\\/schema\\\/logo\\\/image\\\/\",\"url\":\"https:\\\/\\\/www.bentleymore.com\\\/wp-content\\\/uploads\\\/2023\\\/04\\\/logo.png\",\"contentUrl\":\"https:\\\/\\\/www.bentleymore.com\\\/wp-content\\\/uploads\\\/2023\\\/04\\\/logo.png\",\"width\":462,\"height\":109,\"caption\":\"Bentley & More LLP\"},\"image\":{\"@id\":\"https:\\\/\\\/www.bentleymore.com\\\/#\\\/schema\\\/logo\\\/image\\\/\"},\"sameAs\":[\"https:\\\/\\\/www.facebook.com\\\/BentleyMoreLLP\\\/\",\"https:\\\/\\\/x.com\\\/bentleymore\",\"https:\\\/\\\/www.instagram.com\\\/bentleyandmorellp\\\/\",\"https:\\\/\\\/www.yelp.com\\\/biz\\\/bentley-and-more-irvine\",\"https:\\\/\\\/www.linkedin.com\\\/company\\\/bentley-&-more-llp\\\/\",\"https:\\\/\\\/maps.app.goo.gl\\\/RZrMqUo474ugpWBRA\",\"https:\\\/\\\/www.bestlawyers.com\\\/firms\\\/bentley-more-llp\\\/75461\\\/US\",\"https:\\\/\\\/www.orangecountylawyers.com\\\/attorneys\\\/bentley-more-llp\\\/\",\"https:\\\/\\\/profiles.superlawyers.com\\\/california\\\/newport-beach\\\/lawfirm\\\/bentley-and-more-llp\\\/ce1e2f49-0a84-468f-bc17-eade2a364682.html\",\"https:\\\/\\\/uphelp.org\\\/sponsors\\\/bentley-more-llp\\\/\",\"https:\\\/\\\/law.usnews.com\\\/law-firms\\\/bentley-&-more-llp-160536\",\"https:\\\/\\\/www.martindale.com\\\/organization\\\/bentley-more-llp-158828293\\\/newport-beach-california-161028413-f\\\/\",\"https:\\\/\\\/lawyers.findlaw.com\\\/profile\\\/lawfirm\\\/bentley--more-llp\\\/ca\\\/newport-beach\\\/NTAwMzkxM18x\",\"https:\\\/\\\/www.bestlawfirms.com\\\/firms\\\/bentley-more-llp\\\/75461\\\/US\",\"https:\\\/\\\/natlawreview.com\\\/organization\\\/bentley-more-llp\",\"https:\\\/\\\/bentley-more-llp.wheree.com\\\/\",\"https:\\\/\\\/www.callupcontact.com\\\/b\\\/businessprofile\\\/Bentley_amp_More_LLP\\\/9968345\"],\"telephone\":\"+19498703800\",\"legalName\":\"Bentley & More LLP\"}]}<\/script>\n<!-- \/ Yoast SEO Premium plugin. -->","yoast_head_json":{"title":"Riverside Abogado especializado en abuso sexual - Consulta gratuita","description":"\u00bfBusca un abogado especializado en abuso sexual en Riverside para obtener justicia? Bentley &amp; More LLP se encarga de casos de abuso y agresi\u00f3n. Concierte una consulta gratuita.","robots":{"index":"index","follow":"follow","max-snippet":"max-snippet:-1","max-image-preview":"max-image-preview:large","max-video-preview":"max-video-preview:-1"},"canonical":"https:\/\/www.bentleymore.com\/es\/abogado-especializado-en-casos-de-abuso-sexual-en-riverside\/","og_locale":"es_MX","og_type":"article","og_title":"Riverside Sexual Abuse Attorney","og_description":"Want Riverside Sexual Abuse Attorney for justice? Bentley & More LLP. handles abuse and assault claims. Schedule free consultation.","og_url":"https:\/\/www.bentleymore.com\/es\/abogado-especializado-en-casos-de-abuso-sexual-en-riverside\/","og_site_name":"Bentley &amp; More LLP","article_publisher":"https:\/\/www.facebook.com\/BentleyMoreLLP\/","article_modified_time":"2026-03-05T06:55:20+00:00","og_image":[{"width":800,"height":600,"url":"https:\/\/www.bentleymore.com\/wp-content\/uploads\/2023\/02\/jpg-12-1.jpeg","type":"image\/jpeg"}],"twitter_card":"summary_large_image","twitter_site":"@bentleymore","twitter_misc":{"Tiempo de lectura":"4 minutos"},"schema":{"@context":"https:\/\/schema.org","@graph":[{"@type":"WebPage","@id":"https:\/\/www.bentleymore.com\/riverside-sexual-abuse-attorney\/","url":"https:\/\/www.bentleymore.com\/riverside-sexual-abuse-attorney\/","name":"Riverside Abogado especializado en abuso sexual - Consulta gratuita","isPartOf":{"@id":"https:\/\/www.bentleymore.com\/#website"},"primaryImageOfPage":{"@id":"https:\/\/www.bentleymore.com\/riverside-sexual-abuse-attorney\/#primaryimage"},"image":{"@id":"https:\/\/www.bentleymore.com\/riverside-sexual-abuse-attorney\/#primaryimage"},"thumbnailUrl":"https:\/\/www.bentleymore.com\/wp-content\/uploads\/2023\/02\/jpg-12-1.jpeg","datePublished":"2025-10-14T19:05:00+00:00","dateModified":"2026-03-05T06:55:20+00:00","description":"\u00bfBusca un abogado especializado en abuso sexual en Riverside para obtener justicia? Bentley &amp; More LLP se encarga de casos de abuso y agresi\u00f3n. Concierte una consulta gratuita.","breadcrumb":{"@id":"https:\/\/www.bentleymore.com\/riverside-sexual-abuse-attorney\/#breadcrumb"},"inLanguage":"es","potentialAction":[{"@type":"ReadAction","target":["https:\/\/www.bentleymore.com\/riverside-sexual-abuse-attorney\/"]}]},{"@type":"ImageObject","inLanguage":"es","@id":"https:\/\/www.bentleymore.com\/riverside-sexual-abuse-attorney\/#primaryimage","url":"https:\/\/www.bentleymore.com\/wp-content\/uploads\/2023\/02\/jpg-12-1.jpeg","contentUrl":"https:\/\/www.bentleymore.com\/wp-content\/uploads\/2023\/02\/jpg-12-1.jpeg"},{"@type":"BreadcrumbList","@id":"https:\/\/www.bentleymore.com\/riverside-sexual-abuse-attorney\/#breadcrumb","itemListElement":[{"@type":"ListItem","position":1,"name":"Home","item":"https:\/\/www.bentleymore.com\/"},{"@type":"ListItem","position":2,"name":"Riverside Sexual Abuse Attorney"}]},{"@type":"WebSite","@id":"https:\/\/www.bentleymore.com\/#website","url":"https:\/\/www.bentleymore.com\/","name":"Bentley &amp; More LLP","description":"Abogados litigantes de verdad","publisher":{"@id":"https:\/\/www.bentleymore.com\/#organization"},"alternateName":"Bentley & More","potentialAction":[{"@type":"SearchAction","target":{"@type":"EntryPoint","urlTemplate":"https:\/\/www.bentleymore.com\/?s={search_term_string}"},"query-input":{"@type":"PropertyValueSpecification","valueRequired":true,"valueName":"search_term_string"}}],"inLanguage":"es"},{"@type":"Organization","@id":"https:\/\/www.bentleymore.com\/#organization","name":"Bentley &amp; More LLP","alternateName":"Bentley & More","url":"https:\/\/www.bentleymore.com\/","logo":{"@type":"ImageObject","inLanguage":"es","@id":"https:\/\/www.bentleymore.com\/#\/schema\/logo\/image\/","url":"https:\/\/www.bentleymore.com\/wp-content\/uploads\/2023\/04\/logo.png","contentUrl":"https:\/\/www.bentleymore.com\/wp-content\/uploads\/2023\/04\/logo.png","width":462,"height":109,"caption":"Bentley & More LLP"},"image":{"@id":"https:\/\/www.bentleymore.com\/#\/schema\/logo\/image\/"},"sameAs":["https:\/\/www.facebook.com\/BentleyMoreLLP\/","https:\/\/x.com\/bentleymore","https:\/\/www.instagram.com\/bentleyandmorellp\/","https:\/\/www.yelp.com\/biz\/bentley-and-more-irvine","https:\/\/www.linkedin.com\/company\/bentley-&-more-llp\/","https:\/\/maps.app.goo.gl\/RZrMqUo474ugpWBRA","https:\/\/www.bestlawyers.com\/firms\/bentley-more-llp\/75461\/US","https:\/\/www.orangecountylawyers.com\/attorneys\/bentley-more-llp\/","https:\/\/profiles.superlawyers.com\/california\/newport-beach\/lawfirm\/bentley-and-more-llp\/ce1e2f49-0a84-468f-bc17-eade2a364682.html","https:\/\/uphelp.org\/sponsors\/bentley-more-llp\/","https:\/\/law.usnews.com\/law-firms\/bentley-&-more-llp-160536","https:\/\/www.martindale.com\/organization\/bentley-more-llp-158828293\/newport-beach-california-161028413-f\/","https:\/\/lawyers.findlaw.com\/profile\/lawfirm\/bentley--more-llp\/ca\/newport-beach\/NTAwMzkxM18x","https:\/\/www.bestlawfirms.com\/firms\/bentley-more-llp\/75461\/US","https:\/\/natlawreview.com\/organization\/bentley-more-llp","https:\/\/bentley-more-llp.wheree.com\/","https:\/\/www.callupcontact.com\/b\/businessprofile\/Bentley_amp_More_LLP\/9968345"],"telephone":"+19498703800","legalName":"Bentley & More LLP"}]}},"_links":{"self":[{"href":"https:\/\/www.bentleymore.com\/es\/wp-json\/wp\/v2\/pages\/2700","targetHints":{"allow":["GET"]}}],"collection":[{"href":"https:\/\/www.bentleymore.com\/es\/wp-json\/wp\/v2\/pages"}],"about":[{"href":"https:\/\/www.bentleymore.com\/es\/wp-json\/wp\/v2\/types\/page"}],"author":[{"embeddable":true,"href":"https:\/\/www.bentleymore.com\/es\/wp-json\/wp\/v2\/users\/4"}],"replies":[{"embeddable":true,"href":"https:\/\/www.bentleymore.com\/es\/wp-json\/wp\/v2\/comments?post=2700"}],"version-history":[{"count":2,"href":"https:\/\/www.bentleymore.com\/es\/wp-json\/wp\/v2\/pages\/2700\/revisions"}],"predecessor-version":[{"id":7410,"href":"https:\/\/www.bentleymore.com\/es\/wp-json\/wp\/v2\/pages\/2700\/revisions\/7410"}],"wp:attachment":[{"href":"https:\/\/www.bentleymore.com\/es\/wp-json\/wp\/v2\/media?parent=2700"}],"curies":[{"name":"wp","href":"https:\/\/api.w.org\/{rel}","templated":true}]}}