{"id":2705,"date":"2025-10-15T12:12:06","date_gmt":"2025-10-15T19:12:06","guid":{"rendered":"https:\/\/www.bentleymore.com\/?page_id=2705"},"modified":"2026-03-04T22:29:18","modified_gmt":"2026-03-05T05:29:18","slug":"abogado-especializado-en-casos-de-abuso-sexual-en-san-bernardino","status":"publish","type":"page","link":"https:\/\/www.bentleymore.com\/es\/san-bernardino-sexual-abuse-lawyer\/","title":{"rendered":"San Bernardino: Abogado especializado en casos de abuso sexual"},"content":{"rendered":"<h2><span class=\"ez-toc-section\" id=\"sexual-abuse-attorney-in-san-bernardino-ca\"><\/span><span data-sheets-root=\"1\">Abogado especializado en casos de abuso sexual en San Bernardino, California<\/span><span class=\"ez-toc-section-end\"><\/span><\/h2>\n<p>El abuso y la agresi\u00f3n sexuales son delitos, y los autores de estos delitos deben enfrentarse a cargos penales, penas de c\u00e1rcel y multas. Sin embargo, las v\u00edctimas de abuso sexual tambi\u00e9n deben recibir una indemnizaci\u00f3n por sus p\u00e9rdidas mediante una acci\u00f3n civil. En <a href=\"\/es\/\">Bentley &amp; More LLP<\/a>, nuestro <strong>Abogados especializados en casos de abuso sexual de San Bernardino<\/strong> estamos listos para ayudarte si t\u00fa o un ser querido son v\u00edctimas de abuso sexual. <a href=\"https:\/\/www.bentleymore.com\/es\/contactenos\/\">Cont\u00e1ctenos hoy mismo<\/a> para una consulta gratuita.<\/p>\n<p style=\"text-align: center;\"><a class=\"onsite-btn\" href=\"\/es\/contactenos\/\" target=\"_self\" rel=\"noopener nofollow\">Programa una consulta gratuita<\/a><\/p>\n<div id=\"ez-toc-container\" class=\"ez-toc-v2_0_82_2 counter-hierarchy ez-toc-counter ez-toc-transparent ez-toc-container-direction\">\n<div class=\"ez-toc-title-container\">\n<p class=\"ez-toc-title ez-toc-toggle\" style=\"cursor:pointer\">Gu\u00eda sobre el abuso sexual de San Bernardino<\/p>\n<span class=\"ez-toc-title-toggle\"><a href=\"#\" class=\"ez-toc-pull-right ez-toc-btn ez-toc-btn-xs ez-toc-btn-default ez-toc-toggle\" aria-label=\"Toggle Table of Content\"><span class=\"ez-toc-js-icon-con\"><span class=\"\"><span class=\"eztoc-hide\" style=\"display:none;\">Alternar<\/span><span class=\"ez-toc-icon-toggle-span\"><svg style=\"fill: #999;color:#999\" xmlns=\"http:\/\/www.w3.org\/2000\/svg\" class=\"list-377408\" width=\"20px\" height=\"20px\" viewbox=\"0 0 24 24\" fill=\"none\"><path d=\"M6 6H4v2h2V6zm14 0H8v2h12V6zM4 11h2v2H4v-2zm16 0H8v2h12v-2zM4 16h2v2H4v-2zm16 0H8v2h12v-2z\" fill=\"currentColor\"><\/path><\/svg><svg style=\"fill: #999;color:#999\" class=\"arrow-unsorted-368013\" xmlns=\"http:\/\/www.w3.org\/2000\/svg\" width=\"10px\" height=\"10px\" viewbox=\"0 0 24 24\" version=\"1.2\" baseprofile=\"tiny\"><path d=\"M18.2 9.3l-6.2-6.3-6.2 6.3c-.2.2-.3.4-.3.7s.1.5.3.7c.2.2.4.3.7.3h11c.3 0 .5-.1.7-.3.2-.2.3-.5.3-.7s-.1-.5-.3-.7zM5.8 14.7l6.2 6.3 6.2-6.3c.2-.2.3-.5.3-.7s-.1-.5-.3-.7c-.2-.2-.4-.3-.7-.3h-11c-.3 0-.5.1-.7.3-.2.2-.3.5-.3.7s.1.5.3.7z\"\/><\/svg><\/span><\/span><\/span><\/a><\/span><\/div>\n<nav><ul class='ez-toc-list ez-toc-list-level-1 eztoc-toggle-hide-by-default' ><li class='ez-toc-page-1 ez-toc-heading-level-2'><a class=\"ez-toc-link ez-toc-heading-1\" href=\"https:\/\/www.bentleymore.com\/es\/san-bernardino-sexual-abuse-lawyer\/#sexual-abuse-attorney-in-san-bernardino-ca\" >Abogado especializado en casos de abuso sexual en San Bernardino, California<\/a><\/li><li class='ez-toc-page-1 ez-toc-heading-level-2'><a class=\"ez-toc-link ez-toc-heading-2\" href=\"https:\/\/www.bentleymore.com\/es\/san-bernardino-sexual-abuse-lawyer\/#why-is-bentley-more-llp-your-choice-for-this-case\" >\u00bfPor qu\u00e9 elegir a Bentley &amp; More, LLP para este caso?<\/a><\/li><li class='ez-toc-page-1 ez-toc-heading-level-2'><a class=\"ez-toc-link ez-toc-heading-3\" href=\"https:\/\/www.bentleymore.com\/es\/san-bernardino-sexual-abuse-lawyer\/#what-will-a-san-bernardino-sexual-assault-lawyer-do-to-help\" >\u00bfC\u00f3mo puede ayudar un abogado especializado en agresiones sexuales en San Bernardino?<\/a><\/li><li class='ez-toc-page-1 ez-toc-heading-level-2'><a class=\"ez-toc-link ez-toc-heading-4\" href=\"https:\/\/www.bentleymore.com\/es\/san-bernardino-sexual-abuse-lawyer\/#sexual-abuse-is-devastating-for-victims\" >El abuso sexual tiene consecuencias devastadoras para las v\u00edctimas<\/a><\/li><li class='ez-toc-page-1 ez-toc-heading-level-2'><a class=\"ez-toc-link ez-toc-heading-5\" href=\"https:\/\/www.bentleymore.com\/es\/san-bernardino-sexual-abuse-lawyer\/#what-compensation-is-available-for-sexual-abuse-cases-in-california\" >\u00bfQu\u00e9 indemnizaciones se pueden obtener en los casos de abuso sexual en California?<\/a><\/li><\/ul><\/nav><\/div>\n\n<h2><span class=\"ez-toc-section\" id=\"why-is-bentley-more-llp-your-choice-for-this-case\"><\/span>\u00bfPor qu\u00e9 elegir a Bentley &amp; More, LLP para este caso?<span class=\"ez-toc-section-end\"><\/span><\/h2>\n<p><img loading=\"lazy\" decoding=\"async\" class=\"alignright wp-image-6905\" src=\"https:\/\/www.bentleymore.com\/wp-content\/uploads\/2025\/10\/Best-Lawyers-Badge.png\" alt=\"Insignia de Best Lawyers\" width=\"228\" height=\"152\" \/>Las v\u00edctimas de abuso sexual y sus familiares necesitan la ayuda de un abogado especializado en lesiones en quien puedan confiar tanto a nivel personal como profesional. El experto equipo legal de Bentley &amp; More, LLP, con sede en el sur de California, est\u00e1 aqu\u00ed para ayudarles.<\/p>\n<ul>\n<li>Nos especializamos en trabajar en estrecha colaboraci\u00f3n con nuestros clientes para comprender a fondo sus vidas, sus historias personales y sus metas.<\/li>\n<li>Nuestros abogados litigantes cuentan con una amplia experiencia en la defensa de clientes que han sufrido abusos sexuales.<\/li>\n<li>Aceptamos todos los casos de abuso sexual relacionados con San Bernardino con honorarios contingentes, lo que significa que no tendr\u00e1s que pagar ning\u00fan gasto inicial ni de tu propio bolsillo por tu caso. Solo pagar\u00e1s los honorarios legales una vez que hayamos obtenido la indemnizaci\u00f3n que necesitas.<\/li>\n<\/ul>\n<div style=\"background: #f1f1f1; padding: 30px 30px; margin: 30px 0px; border-left: 7px solid #4C6875;\">\n<h2><span class=\"ez-toc-section\" id=\"what-will-a-san-bernardino-sexual-assault-lawyer-do-to-help\"><\/span>\u00bfC\u00f3mo puede ayudar un abogado especializado en agresiones sexuales en San Bernardino?<span class=\"ez-toc-section-end\"><\/span><\/h2>\n<p>Un abogado especializado en casos de abuso sexual de San Bernardino contar\u00e1 con los recursos y la experiencia necesarios para:<\/p>\n<ul>\n<li>recoger todas las pruebas relacionadas con el abuso sexual, incluyendo cualquier material de vigilancia, declaraciones de testigos presenciales y documentos que indiquen un encubrimiento del abuso.<\/li>\n<li>garantizar que las v\u00edctimas de abuso sexual reciban la atenci\u00f3n m\u00e9dica y el apoyo psicol\u00f3gico adecuados que necesitan.<\/li>\n<li>negociar un acuerdo justo para la v\u00edctima de abuso sexual.<\/li>\n<\/ul>\n<\/div>\n<h2><span class=\"ez-toc-section\" id=\"sexual-abuse-is-devastating-for-victims\"><\/span>El abuso sexual tiene consecuencias devastadoras para las v\u00edctimas<span class=\"ez-toc-section-end\"><\/span><\/h2>\n<p>El abuso sexual puede dejar a las v\u00edctimas no solo con lesiones f\u00edsicas, sino tambi\u00e9n con traumas emocionales y psicol\u00f3gicos que perduran mucho tiempo despu\u00e9s de que el abuso haya cesado. Seg\u00fan RAINN, cada 73 segundos alguien sufre una agresi\u00f3n sexual en este pa\u00eds. En Estados Unidos, casi una de cada seis mujeres ha sido v\u00edctima de una violaci\u00f3n consumada o intentada a lo largo de su vida. Aproximadamente el 31 % de los hombres ha sufrido una violaci\u00f3n consumada o intentada a lo largo de su vida.<\/p>\n<p>La mayor\u00eda de las v\u00edctimas de abuso sexual son ni\u00f1os. Las estad\u00edsticas indican que casi el 10 % de los ni\u00f1os sufrir\u00e1n abuso sexual antes de cumplir los 18 a\u00f1os. En casi el 90 % de estos casos, el ni\u00f1o conoce al autor del abuso.<\/p>\n<p>Aunque es posible que los autores individuales de los abusos sexuales no dispongan de los recursos econ\u00f3micos necesarios para indemnizar adecuadamente a sus v\u00edctimas, a menudo podemos reclamar una indemnizaci\u00f3n por otras v\u00edas. Esto puede incluir a las empresas u organismos para los que trabajaba el autor en el momento del abuso. En muchos casos, los supervisores u otras personas tratan activamente de encubrir el abuso. Estas personas tambi\u00e9n deben rendir cuentas.<\/p>\n<h2><span class=\"ez-toc-section\" id=\"what-compensation-is-available-for-sexual-abuse-cases-in-california\"><\/span>\u00bfQu\u00e9 indemnizaciones se pueden obtener en los casos de abuso sexual en California?<span class=\"ez-toc-section-end\"><\/span><\/h2>\n<p><img loading=\"lazy\" decoding=\"async\" class=\"alignright wp-image-6910\" src=\"https:\/\/www.bentleymore.com\/wp-content\/uploads\/2025\/10\/173073-Keith-Philip-More-256x300.jpg\" alt=\"Keith-Philip-More\" width=\"193\" height=\"226\" srcset=\"https:\/\/www.bentleymore.com\/wp-content\/uploads\/2025\/10\/173073-Keith-Philip-More-256x300.jpg 256w, https:\/\/www.bentleymore.com\/wp-content\/uploads\/2025\/10\/173073-Keith-Philip-More.jpg 671w\" sizes=\"auto, (max-width: 193px) 100vw, 193px\" \/>Si t\u00fa o un ser querido hab\u00e9is sido v\u00edctimas de abuso sexual, no dud\u00e9is en buscar ayuda de un profesional cualificado en San <a href=\"https:\/\/www.bentleymore.com\/es\/abogado-especializado-en-lesiones-personales-en-san-bernardino\/\">abogado especializado en lesiones personales en San Bernardino<\/a> para ayudarte a obtener una indemnizaci\u00f3n por lo ocurrido. En Bentley &amp; More, LLP, contamos con una orgullosa trayectoria defendiendo a las v\u00edctimas de abuso sexual. Nuestro equipo legal, compasivo y con amplia experiencia, investigar\u00e1 tu caso y trabajar\u00e1 para conseguir lo siguiente:<\/p>\n<ul>\n<li>Indemnizaci\u00f3n por da\u00f1os y perjuicios por dolor y sufrimiento<\/li>\n<li>Reembolso por cualquier servicio de asesoramiento que sea necesario<\/li>\n<li>Cualquier p\u00e9rdida de ingresos que hayas sufrido<\/li>\n<\/ul>\n<p>No dudaremos en reclamar una indemnizaci\u00f3n por da\u00f1os y perjuicios punitivos contra el autor de los abusos que haya sufrido, as\u00ed como contra cualquier persona, organismo o empresa que haya intentado encubrirlos. Si necesita un abogado especializado en casos de abuso sexual San Bernardino, puede <a href=\"https:\/\/www.bentleymore.com\/es\/contactenos\/\">Cont\u00e1ctenos<\/a> para una consulta gratuita sobre su caso, haga clic aqu\u00ed o llame al <a href=\"tel:(949)870-3800\">(949)870-3800<\/a>.<\/p>\n<p style=\"text-align: center;\"><a class=\"onsite-btn\" href=\"\/es\/contactenos\/\" target=\"_self\" rel=\"noopener nofollow\">Programa una consulta gratuita<\/a><\/p>\n<p>&nbsp;<\/p>","protected":false},"excerpt":{"rendered":"<p>Sexual Abuse Attorney in San Bernardino, CA Sexual abuse and assault is a crime, and the perpetrators of these crimes should face criminal charges, jail time, and fines. However, victims of sexual abuse should also be compensated for their losses through a civil action. At Bentley &amp; More LLP, our San Bernardino sexual abuse attorneys&#8230; <a href=\"https:\/\/www.bentleymore.com\/es\/san-bernardino-sexual-abuse-lawyer\/\">Leer m\u00e1s<\/a><\/p>","protected":false},"author":4,"featured_media":0,"parent":0,"menu_order":0,"comment_status":"closed","ping_status":"closed","template":"template-san-bernardino.php","meta":{"_acf_changed":false,"footnotes":""},"class_list":["post-2705","page","type-page","status-publish","hentry"],"acf":[],"yoast_head":"<!-- This site is optimized with the Yoast SEO Premium plugin v26.7 (Yoast SEO v27.4) - https:\/\/yoast.com\/product\/yoast-seo-premium-wordpress\/ -->\n<title>San Bernardino Sexual Abuse Lawyer - Free Consultation<\/title>\n<meta name=\"description\" content=\"Searching for San Bernardino Sexual Abuse Lawyer for justice? Bentley &amp; More LLP. handles abuse and assault claims. Get free consultation.\" \/>\n<meta name=\"robots\" content=\"index, follow, max-snippet:-1, max-image-preview:large, max-video-preview:-1\" \/>\n<link rel=\"canonical\" href=\"https:\/\/www.bentleymore.com\/es\/abogado-especializado-en-casos-de-abuso-sexual-en-san-bernardino\/\" \/>\n<meta property=\"og:locale\" content=\"es_MX\" \/>\n<meta property=\"og:type\" content=\"article\" \/>\n<meta property=\"og:title\" content=\"San Bernardino Sexual Abuse Lawyer\" \/>\n<meta property=\"og:description\" content=\"Searching for San Bernardino Sexual Abuse Lawyer for justice? Bentley &amp; More LLP. handles abuse and assault claims. Get free consultation.\" \/>\n<meta property=\"og:url\" content=\"https:\/\/www.bentleymore.com\/es\/abogado-especializado-en-casos-de-abuso-sexual-en-san-bernardino\/\" \/>\n<meta property=\"og:site_name\" content=\"Bentley &amp; More LLP\" \/>\n<meta property=\"article:publisher\" content=\"https:\/\/www.facebook.com\/BentleyMoreLLP\/\" \/>\n<meta property=\"article:modified_time\" content=\"2026-03-05T05:29:18+00:00\" \/>\n<meta property=\"og:image\" content=\"https:\/\/www.bentleymore.com\/wp-content\/uploads\/2025\/10\/Best-Lawyers-Badge.png\" \/>\n\t<meta property=\"og:image:width\" content=\"275\" \/>\n\t<meta property=\"og:image:height\" content=\"183\" \/>\n\t<meta property=\"og:image:type\" content=\"image\/png\" \/>\n<meta name=\"twitter:card\" content=\"summary_large_image\" \/>\n<meta name=\"twitter:site\" content=\"@bentleymore\" \/>\n<meta name=\"twitter:label1\" content=\"Tiempo de lectura\" \/>\n\t<meta name=\"twitter:data1\" content=\"4 minutos\" \/>\n<script type=\"application\/ld+json\" class=\"yoast-schema-graph\">{\"@context\":\"https:\\\/\\\/schema.org\",\"@graph\":[{\"@type\":\"WebPage\",\"@id\":\"https:\\\/\\\/www.bentleymore.com\\\/san-bernardino-sexual-abuse-lawyer\\\/\",\"url\":\"https:\\\/\\\/www.bentleymore.com\\\/san-bernardino-sexual-abuse-lawyer\\\/\",\"name\":\"San Bernardino Sexual Abuse Lawyer - Free Consultation\",\"isPartOf\":{\"@id\":\"https:\\\/\\\/www.bentleymore.com\\\/#website\"},\"primaryImageOfPage\":{\"@id\":\"https:\\\/\\\/www.bentleymore.com\\\/san-bernardino-sexual-abuse-lawyer\\\/#primaryimage\"},\"image\":{\"@id\":\"https:\\\/\\\/www.bentleymore.com\\\/san-bernardino-sexual-abuse-lawyer\\\/#primaryimage\"},\"thumbnailUrl\":\"https:\\\/\\\/www.bentleymore.com\\\/wp-content\\\/uploads\\\/2025\\\/10\\\/Best-Lawyers-Badge.png\",\"datePublished\":\"2025-10-15T19:12:06+00:00\",\"dateModified\":\"2026-03-05T05:29:18+00:00\",\"description\":\"Searching for San Bernardino Sexual Abuse Lawyer for justice? Bentley & More LLP. handles abuse and assault claims. Get free consultation.\",\"breadcrumb\":{\"@id\":\"https:\\\/\\\/www.bentleymore.com\\\/san-bernardino-sexual-abuse-lawyer\\\/#breadcrumb\"},\"inLanguage\":\"es\",\"potentialAction\":[{\"@type\":\"ReadAction\",\"target\":[\"https:\\\/\\\/www.bentleymore.com\\\/san-bernardino-sexual-abuse-lawyer\\\/\"]}]},{\"@type\":\"ImageObject\",\"inLanguage\":\"es\",\"@id\":\"https:\\\/\\\/www.bentleymore.com\\\/san-bernardino-sexual-abuse-lawyer\\\/#primaryimage\",\"url\":\"https:\\\/\\\/www.bentleymore.com\\\/wp-content\\\/uploads\\\/2025\\\/10\\\/Best-Lawyers-Badge.png\",\"contentUrl\":\"https:\\\/\\\/www.bentleymore.com\\\/wp-content\\\/uploads\\\/2025\\\/10\\\/Best-Lawyers-Badge.png\"},{\"@type\":\"BreadcrumbList\",\"@id\":\"https:\\\/\\\/www.bentleymore.com\\\/san-bernardino-sexual-abuse-lawyer\\\/#breadcrumb\",\"itemListElement\":[{\"@type\":\"ListItem\",\"position\":1,\"name\":\"Home\",\"item\":\"https:\\\/\\\/www.bentleymore.com\\\/\"},{\"@type\":\"ListItem\",\"position\":2,\"name\":\"San Bernardino Sexual Abuse Lawyer\"}]},{\"@type\":\"WebSite\",\"@id\":\"https:\\\/\\\/www.bentleymore.com\\\/#website\",\"url\":\"https:\\\/\\\/www.bentleymore.com\\\/\",\"name\":\"Bentley & More LLP\",\"description\":\"Real Trial Lawyers\",\"publisher\":{\"@id\":\"https:\\\/\\\/www.bentleymore.com\\\/#organization\"},\"alternateName\":\"Bentley & More\",\"potentialAction\":[{\"@type\":\"SearchAction\",\"target\":{\"@type\":\"EntryPoint\",\"urlTemplate\":\"https:\\\/\\\/www.bentleymore.com\\\/?s={search_term_string}\"},\"query-input\":{\"@type\":\"PropertyValueSpecification\",\"valueRequired\":true,\"valueName\":\"search_term_string\"}}],\"inLanguage\":\"es\"},{\"@type\":\"Organization\",\"@id\":\"https:\\\/\\\/www.bentleymore.com\\\/#organization\",\"name\":\"Bentley & More LLP\",\"alternateName\":\"Bentley & More\",\"url\":\"https:\\\/\\\/www.bentleymore.com\\\/\",\"logo\":{\"@type\":\"ImageObject\",\"inLanguage\":\"es\",\"@id\":\"https:\\\/\\\/www.bentleymore.com\\\/#\\\/schema\\\/logo\\\/image\\\/\",\"url\":\"https:\\\/\\\/www.bentleymore.com\\\/wp-content\\\/uploads\\\/2023\\\/04\\\/logo.png\",\"contentUrl\":\"https:\\\/\\\/www.bentleymore.com\\\/wp-content\\\/uploads\\\/2023\\\/04\\\/logo.png\",\"width\":462,\"height\":109,\"caption\":\"Bentley & More LLP\"},\"image\":{\"@id\":\"https:\\\/\\\/www.bentleymore.com\\\/#\\\/schema\\\/logo\\\/image\\\/\"},\"sameAs\":[\"https:\\\/\\\/www.facebook.com\\\/BentleyMoreLLP\\\/\",\"https:\\\/\\\/x.com\\\/bentleymore\",\"https:\\\/\\\/www.instagram.com\\\/bentleyandmorellp\\\/\",\"https:\\\/\\\/www.yelp.com\\\/biz\\\/bentley-and-more-irvine\",\"https:\\\/\\\/www.linkedin.com\\\/company\\\/bentley-&-more-llp\\\/\",\"https:\\\/\\\/maps.app.goo.gl\\\/RZrMqUo474ugpWBRA\",\"https:\\\/\\\/www.bestlawyers.com\\\/firms\\\/bentley-more-llp\\\/75461\\\/US\",\"https:\\\/\\\/www.orangecountylawyers.com\\\/attorneys\\\/bentley-more-llp\\\/\",\"https:\\\/\\\/profiles.superlawyers.com\\\/california\\\/newport-beach\\\/lawfirm\\\/bentley-and-more-llp\\\/ce1e2f49-0a84-468f-bc17-eade2a364682.html\",\"https:\\\/\\\/uphelp.org\\\/sponsors\\\/bentley-more-llp\\\/\",\"https:\\\/\\\/law.usnews.com\\\/law-firms\\\/bentley-&-more-llp-160536\",\"https:\\\/\\\/www.martindale.com\\\/organization\\\/bentley-more-llp-158828293\\\/newport-beach-california-161028413-f\\\/\",\"https:\\\/\\\/lawyers.findlaw.com\\\/profile\\\/lawfirm\\\/bentley--more-llp\\\/ca\\\/newport-beach\\\/NTAwMzkxM18x\",\"https:\\\/\\\/www.bestlawfirms.com\\\/firms\\\/bentley-more-llp\\\/75461\\\/US\",\"https:\\\/\\\/natlawreview.com\\\/organization\\\/bentley-more-llp\",\"https:\\\/\\\/bentley-more-llp.wheree.com\\\/\",\"https:\\\/\\\/www.callupcontact.com\\\/b\\\/businessprofile\\\/Bentley_amp_More_LLP\\\/9968345\"],\"telephone\":\"+19498703800\",\"legalName\":\"Bentley & More LLP\"}]}<\/script>\n<!-- \/ Yoast SEO Premium plugin. -->","yoast_head_json":{"title":"San Bernardino: Abogados especializados en abuso sexual - Consulta gratuita","description":"\u00bfBusca un abogado especializado en casos de abuso sexual en San Bernardino para obtener justicia? Bentley &amp; More LLP se encarga de demandas por abuso y agresi\u00f3n. Obtenga una consulta gratuita.","robots":{"index":"index","follow":"follow","max-snippet":"max-snippet:-1","max-image-preview":"max-image-preview:large","max-video-preview":"max-video-preview:-1"},"canonical":"https:\/\/www.bentleymore.com\/es\/abogado-especializado-en-casos-de-abuso-sexual-en-san-bernardino\/","og_locale":"es_MX","og_type":"article","og_title":"San Bernardino Sexual Abuse Lawyer","og_description":"Searching for San Bernardino Sexual Abuse Lawyer for justice? Bentley & More LLP. handles abuse and assault claims. Get free consultation.","og_url":"https:\/\/www.bentleymore.com\/es\/abogado-especializado-en-casos-de-abuso-sexual-en-san-bernardino\/","og_site_name":"Bentley &amp; More LLP","article_publisher":"https:\/\/www.facebook.com\/BentleyMoreLLP\/","article_modified_time":"2026-03-05T05:29:18+00:00","og_image":[{"width":275,"height":183,"url":"https:\/\/www.bentleymore.com\/wp-content\/uploads\/2025\/10\/Best-Lawyers-Badge.png","type":"image\/png"}],"twitter_card":"summary_large_image","twitter_site":"@bentleymore","twitter_misc":{"Tiempo de lectura":"4 minutos"},"schema":{"@context":"https:\/\/schema.org","@graph":[{"@type":"WebPage","@id":"https:\/\/www.bentleymore.com\/san-bernardino-sexual-abuse-lawyer\/","url":"https:\/\/www.bentleymore.com\/san-bernardino-sexual-abuse-lawyer\/","name":"San Bernardino: Abogados especializados en abuso sexual - Consulta gratuita","isPartOf":{"@id":"https:\/\/www.bentleymore.com\/#website"},"primaryImageOfPage":{"@id":"https:\/\/www.bentleymore.com\/san-bernardino-sexual-abuse-lawyer\/#primaryimage"},"image":{"@id":"https:\/\/www.bentleymore.com\/san-bernardino-sexual-abuse-lawyer\/#primaryimage"},"thumbnailUrl":"https:\/\/www.bentleymore.com\/wp-content\/uploads\/2025\/10\/Best-Lawyers-Badge.png","datePublished":"2025-10-15T19:12:06+00:00","dateModified":"2026-03-05T05:29:18+00:00","description":"\u00bfBusca un abogado especializado en casos de abuso sexual en San Bernardino para obtener justicia? Bentley &amp; More LLP se encarga de demandas por abuso y agresi\u00f3n. Obtenga una consulta gratuita.","breadcrumb":{"@id":"https:\/\/www.bentleymore.com\/san-bernardino-sexual-abuse-lawyer\/#breadcrumb"},"inLanguage":"es","potentialAction":[{"@type":"ReadAction","target":["https:\/\/www.bentleymore.com\/san-bernardino-sexual-abuse-lawyer\/"]}]},{"@type":"ImageObject","inLanguage":"es","@id":"https:\/\/www.bentleymore.com\/san-bernardino-sexual-abuse-lawyer\/#primaryimage","url":"https:\/\/www.bentleymore.com\/wp-content\/uploads\/2025\/10\/Best-Lawyers-Badge.png","contentUrl":"https:\/\/www.bentleymore.com\/wp-content\/uploads\/2025\/10\/Best-Lawyers-Badge.png"},{"@type":"BreadcrumbList","@id":"https:\/\/www.bentleymore.com\/san-bernardino-sexual-abuse-lawyer\/#breadcrumb","itemListElement":[{"@type":"ListItem","position":1,"name":"Home","item":"https:\/\/www.bentleymore.com\/"},{"@type":"ListItem","position":2,"name":"San Bernardino Sexual Abuse Lawyer"}]},{"@type":"WebSite","@id":"https:\/\/www.bentleymore.com\/#website","url":"https:\/\/www.bentleymore.com\/","name":"Bentley &amp; More LLP","description":"Abogados litigantes de verdad","publisher":{"@id":"https:\/\/www.bentleymore.com\/#organization"},"alternateName":"Bentley & More","potentialAction":[{"@type":"SearchAction","target":{"@type":"EntryPoint","urlTemplate":"https:\/\/www.bentleymore.com\/?s={search_term_string}"},"query-input":{"@type":"PropertyValueSpecification","valueRequired":true,"valueName":"search_term_string"}}],"inLanguage":"es"},{"@type":"Organization","@id":"https:\/\/www.bentleymore.com\/#organization","name":"Bentley &amp; More LLP","alternateName":"Bentley & More","url":"https:\/\/www.bentleymore.com\/","logo":{"@type":"ImageObject","inLanguage":"es","@id":"https:\/\/www.bentleymore.com\/#\/schema\/logo\/image\/","url":"https:\/\/www.bentleymore.com\/wp-content\/uploads\/2023\/04\/logo.png","contentUrl":"https:\/\/www.bentleymore.com\/wp-content\/uploads\/2023\/04\/logo.png","width":462,"height":109,"caption":"Bentley & More LLP"},"image":{"@id":"https:\/\/www.bentleymore.com\/#\/schema\/logo\/image\/"},"sameAs":["https:\/\/www.facebook.com\/BentleyMoreLLP\/","https:\/\/x.com\/bentleymore","https:\/\/www.instagram.com\/bentleyandmorellp\/","https:\/\/www.yelp.com\/biz\/bentley-and-more-irvine","https:\/\/www.linkedin.com\/company\/bentley-&-more-llp\/","https:\/\/maps.app.goo.gl\/RZrMqUo474ugpWBRA","https:\/\/www.bestlawyers.com\/firms\/bentley-more-llp\/75461\/US","https:\/\/www.orangecountylawyers.com\/attorneys\/bentley-more-llp\/","https:\/\/profiles.superlawyers.com\/california\/newport-beach\/lawfirm\/bentley-and-more-llp\/ce1e2f49-0a84-468f-bc17-eade2a364682.html","https:\/\/uphelp.org\/sponsors\/bentley-more-llp\/","https:\/\/law.usnews.com\/law-firms\/bentley-&-more-llp-160536","https:\/\/www.martindale.com\/organization\/bentley-more-llp-158828293\/newport-beach-california-161028413-f\/","https:\/\/lawyers.findlaw.com\/profile\/lawfirm\/bentley--more-llp\/ca\/newport-beach\/NTAwMzkxM18x","https:\/\/www.bestlawfirms.com\/firms\/bentley-more-llp\/75461\/US","https:\/\/natlawreview.com\/organization\/bentley-more-llp","https:\/\/bentley-more-llp.wheree.com\/","https:\/\/www.callupcontact.com\/b\/businessprofile\/Bentley_amp_More_LLP\/9968345"],"telephone":"+19498703800","legalName":"Bentley & More LLP"}]}},"_links":{"self":[{"href":"https:\/\/www.bentleymore.com\/es\/wp-json\/wp\/v2\/pages\/2705","targetHints":{"allow":["GET"]}}],"collection":[{"href":"https:\/\/www.bentleymore.com\/es\/wp-json\/wp\/v2\/pages"}],"about":[{"href":"https:\/\/www.bentleymore.com\/es\/wp-json\/wp\/v2\/types\/page"}],"author":[{"embeddable":true,"href":"https:\/\/www.bentleymore.com\/es\/wp-json\/wp\/v2\/users\/4"}],"replies":[{"embeddable":true,"href":"https:\/\/www.bentleymore.com\/es\/wp-json\/wp\/v2\/comments?post=2705"}],"version-history":[{"count":2,"href":"https:\/\/www.bentleymore.com\/es\/wp-json\/wp\/v2\/pages\/2705\/revisions"}],"predecessor-version":[{"id":7390,"href":"https:\/\/www.bentleymore.com\/es\/wp-json\/wp\/v2\/pages\/2705\/revisions\/7390"}],"wp:attachment":[{"href":"https:\/\/www.bentleymore.com\/es\/wp-json\/wp\/v2\/media?parent=2705"}],"curies":[{"name":"wp","href":"https:\/\/api.w.org\/{rel}","templated":true}]}}