{"id":2833,"date":"2020-03-26T10:57:49","date_gmt":"2020-03-26T17:57:49","guid":{"rendered":"https:\/\/www.bentleymore.com\/?page_id=2833"},"modified":"2026-02-26T07:55:10","modified_gmt":"2026-02-26T14:55:10","slug":"politica-de-privacidad","status":"publish","type":"page","link":"https:\/\/www.bentleymore.com\/es\/privacy-policy\/","title":{"rendered":"Pol\u00edtica de privacidad"},"content":{"rendered":"<p>Esta pol\u00edtica de privacidad describe las pr\u00e1cticas de privacidad de bentleymonre.com. Esta pol\u00edtica de privacidad se aplica exclusivamente a la informaci\u00f3n recopilada por este sitio web. En ella se le informar\u00e1 de lo siguiente:<\/p>\n<ul>\n<li>Qu\u00e9 informaci\u00f3n de car\u00e1cter personal se recopila sobre usted a trav\u00e9s del sitio web, c\u00f3mo se utiliza y con qui\u00e9n puede compartirse.<\/li>\n<li>\u00bfQu\u00e9 opciones tiene a su disposici\u00f3n en cuanto al uso de sus datos?.<\/li>\n<li>Los procedimientos de seguridad establecidos para proteger su informaci\u00f3n contra el uso indebido.<\/li>\n<li>C\u00f3mo puede corregir cualquier inexactitud en la informaci\u00f3n.<\/li>\n<\/ul>\n<h4>Recopilaci\u00f3n, uso y divulgaci\u00f3n de informaci\u00f3n<\/h4>\n<p>Somos los \u00fanicos propietarios de la informaci\u00f3n recopilada en este sitio. Solo tenemos acceso a la informaci\u00f3n que usted nos proporciona voluntariamente por correo electr\u00f3nico u otro medio de contacto directo, y solo recopilamos dicha informaci\u00f3n. No venderemos ni alquilaremos esta informaci\u00f3n a nadie.<\/p>\n<p>Utilizaremos tu informaci\u00f3n para responderte en relaci\u00f3n con el motivo por el que te has puesto en contacto con nosotros. No compartiremos tu informaci\u00f3n con terceros ajenos a nuestra organizaci\u00f3n, salvo en la medida en que sea necesario para atender tu solicitud, por ejemplo, para enviar un pedido.<\/p>\n<p>A menos que nos indiques lo contrario, es posible que nos pongamos en contacto contigo por correo electr\u00f3nico en el futuro para informarte sobre ofertas especiales, nuevos productos o servicios, o cambios en esta pol\u00edtica de privacidad.<\/p>\n<h4>SU ACCESO A LA INFORMACI\u00d3N Y SU CONTROL SOBRE ELLA<\/h4>\n<p>Puede optar por no recibir m\u00e1s comunicaciones nuestras en cualquier momento. Para ello, puede realizar las siguientes acciones en cualquier momento poni\u00e9ndose en contacto con nosotros a trav\u00e9s de la direcci\u00f3n de correo electr\u00f3nico o el n\u00famero de tel\u00e9fono que figuran en nuestro sitio web:<\/p>\n<ul>\n<li>Consulte qu\u00e9 datos tenemos sobre usted, si los hay.<\/li>\n<li>Modificar o corregir cualquier dato que tengamos sobre usted.<\/li>\n<li>Solicita que eliminemos cualquier dato que tengamos sobre ti.<\/li>\n<li>Comun\u00edquenos cualquier inquietud que tenga sobre el uso que hacemos de sus datos.<\/li>\n<\/ul>\n<h4>SEGURIDAD<\/h4>\n<p>Tomamos medidas para proteger su informaci\u00f3n. Cuando env\u00eda informaci\u00f3n confidencial a trav\u00e9s del sitio web, su informaci\u00f3n est\u00e1 protegida tanto en l\u00ednea como fuera de l\u00ednea.<\/p>\n<p>Siempre que recopilamos informaci\u00f3n confidencial (como datos de tarjetas de cr\u00e9dito), dicha informaci\u00f3n se cifra y se nos transmite de forma segura. Puede comprobarlo buscando el \u00edcono de un candado cerrado en la parte inferior de su navegador web, o verificando que la direcci\u00f3n de la p\u00e1gina web comience por \u201chttps\u201d.<\/p>\n<p>Si bien utilizamos el cifrado para proteger la informaci\u00f3n confidencial que se transmite en l\u00ednea, tambi\u00e9n protegemos su informaci\u00f3n fuera de l\u00ednea. Solo los empleados que necesitan la informaci\u00f3n para realizar una tarea espec\u00edfica (por ejemplo, facturaci\u00f3n o servicio al cliente) tienen acceso a la informaci\u00f3n de identificaci\u00f3n personal. Las computadoras y los servidores en los que almacenamos la informaci\u00f3n de identificaci\u00f3n personal se mantienen en un entorno seguro.<\/p>\n<p>Si tiene alguna pregunta sobre este sitio web, la recopilaci\u00f3n de informaci\u00f3n o su pol\u00edtica de privacidad en l\u00ednea, env\u00ede un correo electr\u00f3nico al administrador del sitio.<\/p>\n<h4>Mensajes SMS (mensajes de texto)<\/h4>\n<p>Al proporcionar su n\u00famero de tel\u00e9fono, acepta recibir mensajes de texto de Bentley &amp; More. Pueden aplicarse tarifas por mensajes y datos. La frecuencia de los mensajes puede variar.<\/p>\n<h4>AVISO LEGAL<\/h4>\n<p>La informaci\u00f3n que aparece en este sitio web es de car\u00e1cter general y no constituye asesoramiento jur\u00eddico ni opiniones sobre la situaci\u00f3n espec\u00edfica de ning\u00fan usuario.<\/p>\n<p>El hecho de enviar un formulario en l\u00ednea, enviar un correo electr\u00f3nico al bufete o consultar la informaci\u00f3n de este sitio web no establece una relaci\u00f3n abogado-cliente y no pretende constituir asesoramiento jur\u00eddico ni sustituir el asesoramiento jur\u00eddico que puede proporcionar un abogado colegiado.<\/p>\n<p>Bentley &amp; More LLP es una sociedad de responsabilidad limitada registrada.<\/p>","protected":false},"excerpt":{"rendered":"<p>This privacy policy discloses the privacy practices for bentleymonre.com. This privacy policy applies solely to information collected by this web site. It will notify you of the following: What personally identifiable information is collected from you through the web site, how it is used and with whom it may be shared. What choices are available&#8230; <a href=\"https:\/\/www.bentleymore.com\/es\/privacy-policy\/\">Leer m\u00e1s<\/a><\/p>","protected":false},"author":4,"featured_media":0,"parent":0,"menu_order":0,"comment_status":"closed","ping_status":"closed","template":"","meta":{"_acf_changed":false,"footnotes":""},"class_list":["post-2833","page","type-page","status-publish","hentry"],"acf":[],"yoast_head":"<!-- This site is optimized with the Yoast SEO Premium plugin v26.7 (Yoast SEO v27.5) - https:\/\/yoast.com\/product\/yoast-seo-premium-wordpress\/ -->\n<title>Your Privacy Matters | Bentley &amp; More Protects Your Info<\/title>\n<meta name=\"description\" content=\"Learn how Bentley &amp; More LLP protects your privacy. Read our full privacy policy and see how we safeguard your info\u2014your trust matters to us!\" \/>\n<meta name=\"robots\" content=\"noindex, nofollow\" \/>\n<meta property=\"og:locale\" content=\"es_MX\" \/>\n<meta property=\"og:type\" content=\"article\" \/>\n<meta property=\"og:title\" content=\"Privacy Policy\" \/>\n<meta property=\"og:description\" content=\"Learn how Bentley &amp; More LLP protects your privacy. Read our full privacy policy and see how we safeguard your info\u2014your trust matters to us!\" \/>\n<meta property=\"og:url\" content=\"https:\/\/www.bentleymore.com\/es\/politica-de-privacidad\/\" \/>\n<meta property=\"og:site_name\" content=\"Bentley &amp; More LLP\" \/>\n<meta property=\"article:publisher\" content=\"https:\/\/www.facebook.com\/BentleyMoreLLP\/\" \/>\n<meta property=\"article:modified_time\" content=\"2026-02-26T14:55:10+00:00\" \/>\n<meta property=\"og:image\" content=\"https:\/\/www.bentleymore.com\/wp-content\/uploads\/2023\/04\/logo.png\" \/>\n\t<meta property=\"og:image:width\" content=\"462\" \/>\n\t<meta property=\"og:image:height\" content=\"109\" \/>\n\t<meta property=\"og:image:type\" content=\"image\/png\" \/>\n<meta name=\"twitter:card\" content=\"summary_large_image\" \/>\n<meta name=\"twitter:site\" content=\"@bentleymore\" \/>\n<meta name=\"twitter:label1\" content=\"Tiempo de lectura\" \/>\n\t<meta name=\"twitter:data1\" content=\"3 minutos\" \/>\n<script type=\"application\/ld+json\" class=\"yoast-schema-graph\">{\"@context\":\"https:\\\/\\\/schema.org\",\"@graph\":[{\"@type\":\"WebPage\",\"@id\":\"https:\\\/\\\/www.bentleymore.com\\\/privacy-policy\\\/\",\"url\":\"https:\\\/\\\/www.bentleymore.com\\\/privacy-policy\\\/\",\"name\":\"Your Privacy Matters | Bentley & More Protects Your Info\",\"isPartOf\":{\"@id\":\"https:\\\/\\\/www.bentleymore.com\\\/#website\"},\"datePublished\":\"2020-03-26T17:57:49+00:00\",\"dateModified\":\"2026-02-26T14:55:10+00:00\",\"description\":\"Learn how Bentley & More LLP protects your privacy. Read our full privacy policy and see how we safeguard your info\u2014your trust matters to us!\",\"breadcrumb\":{\"@id\":\"https:\\\/\\\/www.bentleymore.com\\\/privacy-policy\\\/#breadcrumb\"},\"inLanguage\":\"es\",\"potentialAction\":[{\"@type\":\"ReadAction\",\"target\":[\"https:\\\/\\\/www.bentleymore.com\\\/privacy-policy\\\/\"]}]},{\"@type\":\"BreadcrumbList\",\"@id\":\"https:\\\/\\\/www.bentleymore.com\\\/privacy-policy\\\/#breadcrumb\",\"itemListElement\":[{\"@type\":\"ListItem\",\"position\":1,\"name\":\"Home\",\"item\":\"https:\\\/\\\/www.bentleymore.com\\\/\"},{\"@type\":\"ListItem\",\"position\":2,\"name\":\"Privacy Policy\"}]},{\"@type\":\"WebSite\",\"@id\":\"https:\\\/\\\/www.bentleymore.com\\\/#website\",\"url\":\"https:\\\/\\\/www.bentleymore.com\\\/\",\"name\":\"Bentley & More LLP\",\"description\":\"Real Trial Lawyers\",\"publisher\":{\"@id\":\"https:\\\/\\\/www.bentleymore.com\\\/#organization\"},\"alternateName\":\"Bentley & More\",\"potentialAction\":[{\"@type\":\"SearchAction\",\"target\":{\"@type\":\"EntryPoint\",\"urlTemplate\":\"https:\\\/\\\/www.bentleymore.com\\\/?s={search_term_string}\"},\"query-input\":{\"@type\":\"PropertyValueSpecification\",\"valueRequired\":true,\"valueName\":\"search_term_string\"}}],\"inLanguage\":\"es\"},{\"@type\":\"Organization\",\"@id\":\"https:\\\/\\\/www.bentleymore.com\\\/#organization\",\"name\":\"Bentley & More LLP\",\"alternateName\":\"Bentley & More\",\"url\":\"https:\\\/\\\/www.bentleymore.com\\\/\",\"logo\":{\"@type\":\"ImageObject\",\"inLanguage\":\"es\",\"@id\":\"https:\\\/\\\/www.bentleymore.com\\\/#\\\/schema\\\/logo\\\/image\\\/\",\"url\":\"https:\\\/\\\/www.bentleymore.com\\\/wp-content\\\/uploads\\\/2023\\\/04\\\/logo.png\",\"contentUrl\":\"https:\\\/\\\/www.bentleymore.com\\\/wp-content\\\/uploads\\\/2023\\\/04\\\/logo.png\",\"width\":462,\"height\":109,\"caption\":\"Bentley & More LLP\"},\"image\":{\"@id\":\"https:\\\/\\\/www.bentleymore.com\\\/#\\\/schema\\\/logo\\\/image\\\/\"},\"sameAs\":[\"https:\\\/\\\/www.facebook.com\\\/BentleyMoreLLP\\\/\",\"https:\\\/\\\/x.com\\\/bentleymore\",\"https:\\\/\\\/www.instagram.com\\\/bentleyandmorellp\\\/\",\"https:\\\/\\\/www.yelp.com\\\/biz\\\/bentley-and-more-irvine\",\"https:\\\/\\\/www.linkedin.com\\\/company\\\/bentley-&-more-llp\\\/\",\"https:\\\/\\\/maps.app.goo.gl\\\/RZrMqUo474ugpWBRA\",\"https:\\\/\\\/www.bestlawyers.com\\\/firms\\\/bentley-more-llp\\\/75461\\\/US\",\"https:\\\/\\\/www.orangecountylawyers.com\\\/attorneys\\\/bentley-more-llp\\\/\",\"https:\\\/\\\/profiles.superlawyers.com\\\/california\\\/newport-beach\\\/lawfirm\\\/bentley-and-more-llp\\\/ce1e2f49-0a84-468f-bc17-eade2a364682.html\",\"https:\\\/\\\/uphelp.org\\\/sponsors\\\/bentley-more-llp\\\/\",\"https:\\\/\\\/law.usnews.com\\\/law-firms\\\/bentley-&-more-llp-160536\",\"https:\\\/\\\/www.martindale.com\\\/organization\\\/bentley-more-llp-158828293\\\/newport-beach-california-161028413-f\\\/\",\"https:\\\/\\\/lawyers.findlaw.com\\\/profile\\\/lawfirm\\\/bentley--more-llp\\\/ca\\\/newport-beach\\\/NTAwMzkxM18x\",\"https:\\\/\\\/www.bestlawfirms.com\\\/firms\\\/bentley-more-llp\\\/75461\\\/US\",\"https:\\\/\\\/natlawreview.com\\\/organization\\\/bentley-more-llp\",\"https:\\\/\\\/bentley-more-llp.wheree.com\\\/\",\"https:\\\/\\\/www.callupcontact.com\\\/b\\\/businessprofile\\\/Bentley_amp_More_LLP\\\/9968345\"],\"telephone\":\"+19498703800\",\"legalName\":\"Bentley & More LLP\"}]}<\/script>\n<!-- \/ Yoast SEO Premium plugin. -->","yoast_head_json":{"title":"Tu privacidad es importante | Bentley &amp; More protege tu informaci\u00f3n","description":"Descubra c\u00f3mo Bentley &amp; More LLP protege su privacidad. Lea nuestra pol\u00edtica de privacidad completa y vea c\u00f3mo protegemos su informaci\u00f3n: \u00a1su confianza es importante para nosotros!","robots":{"index":"noindex","follow":"nofollow"},"og_locale":"es_MX","og_type":"article","og_title":"Privacy Policy","og_description":"Learn how Bentley & More LLP protects your privacy. Read our full privacy policy and see how we safeguard your info\u2014your trust matters to us!","og_url":"https:\/\/www.bentleymore.com\/es\/politica-de-privacidad\/","og_site_name":"Bentley &amp; More LLP","article_publisher":"https:\/\/www.facebook.com\/BentleyMoreLLP\/","article_modified_time":"2026-02-26T14:55:10+00:00","og_image":[{"width":462,"height":109,"url":"https:\/\/www.bentleymore.com\/wp-content\/uploads\/2023\/04\/logo.png","type":"image\/png"}],"twitter_card":"summary_large_image","twitter_site":"@bentleymore","twitter_misc":{"Tiempo de lectura":"3 minutos"},"schema":{"@context":"https:\/\/schema.org","@graph":[{"@type":"WebPage","@id":"https:\/\/www.bentleymore.com\/privacy-policy\/","url":"https:\/\/www.bentleymore.com\/privacy-policy\/","name":"Tu privacidad es importante | Bentley &amp; More protege tu informaci\u00f3n","isPartOf":{"@id":"https:\/\/www.bentleymore.com\/#website"},"datePublished":"2020-03-26T17:57:49+00:00","dateModified":"2026-02-26T14:55:10+00:00","description":"Descubra c\u00f3mo Bentley &amp; More LLP protege su privacidad. Lea nuestra pol\u00edtica de privacidad completa y vea c\u00f3mo protegemos su informaci\u00f3n: \u00a1su confianza es importante para nosotros!","breadcrumb":{"@id":"https:\/\/www.bentleymore.com\/privacy-policy\/#breadcrumb"},"inLanguage":"es","potentialAction":[{"@type":"ReadAction","target":["https:\/\/www.bentleymore.com\/privacy-policy\/"]}]},{"@type":"BreadcrumbList","@id":"https:\/\/www.bentleymore.com\/privacy-policy\/#breadcrumb","itemListElement":[{"@type":"ListItem","position":1,"name":"Home","item":"https:\/\/www.bentleymore.com\/"},{"@type":"ListItem","position":2,"name":"Privacy Policy"}]},{"@type":"WebSite","@id":"https:\/\/www.bentleymore.com\/#website","url":"https:\/\/www.bentleymore.com\/","name":"Bentley &amp; More LLP","description":"Abogados litigantes de verdad","publisher":{"@id":"https:\/\/www.bentleymore.com\/#organization"},"alternateName":"Bentley & More","potentialAction":[{"@type":"SearchAction","target":{"@type":"EntryPoint","urlTemplate":"https:\/\/www.bentleymore.com\/?s={search_term_string}"},"query-input":{"@type":"PropertyValueSpecification","valueRequired":true,"valueName":"search_term_string"}}],"inLanguage":"es"},{"@type":"Organization","@id":"https:\/\/www.bentleymore.com\/#organization","name":"Bentley &amp; More LLP","alternateName":"Bentley & More","url":"https:\/\/www.bentleymore.com\/","logo":{"@type":"ImageObject","inLanguage":"es","@id":"https:\/\/www.bentleymore.com\/#\/schema\/logo\/image\/","url":"https:\/\/www.bentleymore.com\/wp-content\/uploads\/2023\/04\/logo.png","contentUrl":"https:\/\/www.bentleymore.com\/wp-content\/uploads\/2023\/04\/logo.png","width":462,"height":109,"caption":"Bentley & More LLP"},"image":{"@id":"https:\/\/www.bentleymore.com\/#\/schema\/logo\/image\/"},"sameAs":["https:\/\/www.facebook.com\/BentleyMoreLLP\/","https:\/\/x.com\/bentleymore","https:\/\/www.instagram.com\/bentleyandmorellp\/","https:\/\/www.yelp.com\/biz\/bentley-and-more-irvine","https:\/\/www.linkedin.com\/company\/bentley-&-more-llp\/","https:\/\/maps.app.goo.gl\/RZrMqUo474ugpWBRA","https:\/\/www.bestlawyers.com\/firms\/bentley-more-llp\/75461\/US","https:\/\/www.orangecountylawyers.com\/attorneys\/bentley-more-llp\/","https:\/\/profiles.superlawyers.com\/california\/newport-beach\/lawfirm\/bentley-and-more-llp\/ce1e2f49-0a84-468f-bc17-eade2a364682.html","https:\/\/uphelp.org\/sponsors\/bentley-more-llp\/","https:\/\/law.usnews.com\/law-firms\/bentley-&-more-llp-160536","https:\/\/www.martindale.com\/organization\/bentley-more-llp-158828293\/newport-beach-california-161028413-f\/","https:\/\/lawyers.findlaw.com\/profile\/lawfirm\/bentley--more-llp\/ca\/newport-beach\/NTAwMzkxM18x","https:\/\/www.bestlawfirms.com\/firms\/bentley-more-llp\/75461\/US","https:\/\/natlawreview.com\/organization\/bentley-more-llp","https:\/\/bentley-more-llp.wheree.com\/","https:\/\/www.callupcontact.com\/b\/businessprofile\/Bentley_amp_More_LLP\/9968345"],"telephone":"+19498703800","legalName":"Bentley & More LLP"}]}},"_links":{"self":[{"href":"https:\/\/www.bentleymore.com\/es\/wp-json\/wp\/v2\/pages\/2833","targetHints":{"allow":["GET"]}}],"collection":[{"href":"https:\/\/www.bentleymore.com\/es\/wp-json\/wp\/v2\/pages"}],"about":[{"href":"https:\/\/www.bentleymore.com\/es\/wp-json\/wp\/v2\/types\/page"}],"author":[{"embeddable":true,"href":"https:\/\/www.bentleymore.com\/es\/wp-json\/wp\/v2\/users\/4"}],"replies":[{"embeddable":true,"href":"https:\/\/www.bentleymore.com\/es\/wp-json\/wp\/v2\/comments?post=2833"}],"version-history":[{"count":1,"href":"https:\/\/www.bentleymore.com\/es\/wp-json\/wp\/v2\/pages\/2833\/revisions"}],"predecessor-version":[{"id":7311,"href":"https:\/\/www.bentleymore.com\/es\/wp-json\/wp\/v2\/pages\/2833\/revisions\/7311"}],"wp:attachment":[{"href":"https:\/\/www.bentleymore.com\/es\/wp-json\/wp\/v2\/media?parent=2833"}],"curies":[{"name":"wp","href":"https:\/\/api.w.org\/{rel}","templated":true}]}}