{"id":3062,"date":"2020-06-08T11:15:22","date_gmt":"2020-06-08T18:15:22","guid":{"rendered":"https:\/\/www.bentleymore.com\/?page_id=3062"},"modified":"2026-03-06T04:36:15","modified_gmt":"2026-03-06T11:36:15","slug":"abogado-especializado-en-indemnizaciones-laborales-por-covid-19-en-el-condado-de-orange","status":"publish","type":"page","link":"https:\/\/www.bentleymore.com\/es\/orange-county-covid-19-workers-compensation-lawyer\/","title":{"rendered":"Orange County: Abogado especializado en indemnizaciones laborales por COVID-19"},"content":{"rendered":"<div id=\"ez-toc-container\" class=\"ez-toc-v2_0_82_2 counter-hierarchy ez-toc-counter ez-toc-transparent ez-toc-container-direction\">\n<div class=\"ez-toc-title-container\">\n<p class=\"ez-toc-title ez-toc-toggle\" style=\"cursor:pointer\">\u00cdndice<\/p>\n<span class=\"ez-toc-title-toggle\"><a href=\"#\" class=\"ez-toc-pull-right ez-toc-btn ez-toc-btn-xs ez-toc-btn-default ez-toc-toggle\" aria-label=\"Toggle Table of Content\"><span class=\"ez-toc-js-icon-con\"><span class=\"\"><span class=\"eztoc-hide\" style=\"display:none;\">Alternar<\/span><span class=\"ez-toc-icon-toggle-span\"><svg style=\"fill: #999;color:#999\" xmlns=\"http:\/\/www.w3.org\/2000\/svg\" class=\"list-377408\" width=\"20px\" height=\"20px\" viewbox=\"0 0 24 24\" fill=\"none\"><path d=\"M6 6H4v2h2V6zm14 0H8v2h12V6zM4 11h2v2H4v-2zm16 0H8v2h12v-2zM4 16h2v2H4v-2zm16 0H8v2h12v-2z\" fill=\"currentColor\"><\/path><\/svg><svg style=\"fill: #999;color:#999\" class=\"arrow-unsorted-368013\" xmlns=\"http:\/\/www.w3.org\/2000\/svg\" width=\"10px\" height=\"10px\" viewbox=\"0 0 24 24\" version=\"1.2\" baseprofile=\"tiny\"><path d=\"M18.2 9.3l-6.2-6.3-6.2 6.3c-.2.2-.3.4-.3.7s.1.5.3.7c.2.2.4.3.7.3h11c.3 0 .5-.1.7-.3.2-.2.3-.5.3-.7s-.1-.5-.3-.7zM5.8 14.7l6.2 6.3 6.2-6.3c.2-.2.3-.5.3-.7s-.1-.5-.3-.7c-.2-.2-.4-.3-.7-.3h-11c-.3 0-.5.1-.7.3-.2.2-.3.5-.3.7s.1.5.3.7z\"\/><\/svg><\/span><\/span><\/span><\/a><\/span><\/div>\n<nav><ul class='ez-toc-list ez-toc-list-level-1 eztoc-toggle-hide-by-default' ><li class='ez-toc-page-1 ez-toc-heading-level-2'><a class=\"ez-toc-link ez-toc-heading-1\" href=\"https:\/\/www.bentleymore.com\/es\/orange-county-covid-19-workers-compensation-lawyer\/#covid-19-workers-compensation-attorney-in-orange-county-ca\" >Abogado especializado en indemnizaciones laborales por COVID-19 en Orange County, California<\/a><\/li><li class='ez-toc-page-1 ez-toc-heading-level-2'><a class=\"ez-toc-link ez-toc-heading-2\" href=\"https:\/\/www.bentleymore.com\/es\/orange-county-covid-19-workers-compensation-lawyer\/#why-choose-bentley-more-llp\" >\u00bfPor qu\u00e9 elegir Bentley &amp; More, LLP?<\/a><\/li><li class='ez-toc-page-1 ez-toc-heading-level-2'><a class=\"ez-toc-link ez-toc-heading-3\" href=\"https:\/\/www.bentleymore.com\/es\/orange-county-covid-19-workers-compensation-lawyer\/#what-will-a-workers-compensation-attorney-do-to-help\" >\u00bfC\u00f3mo puede ayudar un abogado especializado en indemnizaciones por accidentes laborales?<\/a><\/li><li class='ez-toc-page-1 ez-toc-heading-level-2'><a class=\"ez-toc-link ez-toc-heading-4\" href=\"https:\/\/www.bentleymore.com\/es\/orange-county-covid-19-workers-compensation-lawyer\/#california-law-changes-for-covid-19-workers-comp-claims\" >Modificaciones a la ley California para las reclamaciones de indemnizaci\u00f3n laboral relacionadas con la COVID-19<\/a><\/li><li class='ez-toc-page-1 ez-toc-heading-level-2'><a class=\"ez-toc-link ez-toc-heading-5\" href=\"https:\/\/www.bentleymore.com\/es\/orange-county-covid-19-workers-compensation-lawyer\/#let-our-covid-19-workers-compensation-attorneys-help-today\" >Deja que nuestros abogados especializados en indemnizaciones laborales por COVID-19 te ayuden hoy mismo<\/a><\/li><\/ul><\/nav><\/div>\n<h2><span class=\"ez-toc-section\" id=\"covid-19-workers-compensation-attorney-in-orange-county-ca\"><\/span>Abogado especializado en indemnizaciones laborales por COVID-19 en Orange County, California<span class=\"ez-toc-section-end\"><\/span><\/h2>\n<p>La pandemia de COVID-19 se ha extendido por todo Estados Unidos y el estado de California. Aunque las \u00f3rdenes de confinamiento entraron en vigor con bastante rapidez e impidieron que muchas personas acudieran al trabajo, segu\u00eda habiendo numerosas excepciones a estas \u00f3rdenes en lo que respecta a los trabajadores considerados \u201cesenciales\u00bb.<\/p>\n<p>\u201dEn general, obtener una indemnizaci\u00f3n laboral por una enfermedad viral puede resultar complicado. Sin embargo, la ley California ha modificado la normativa en estos casos para facilitar la presentaci\u00f3n de ciertas reclamaciones de indemnizaci\u00f3n laboral por COVID-19. Si usted o un ser querido ha contra\u00eddo la COVID-19 durante el desempe\u00f1o de su trabajo, debe ponerse en contacto con un abogado especializado en indemnizaciones laborales por COVID-19 de Bentley &amp; More, LLP.<\/p>\n<h2><span class=\"ez-toc-section\" id=\"why-choose-bentley-more-llp\"><\/span>\u00bfPor qu\u00e9 elegir Bentley &amp; More, LLP?<span class=\"ez-toc-section-end\"><\/span><\/h2>\n<p>Si ha contra\u00eddo la COVID-19 en el trabajo, el equipo de abogados expertos de Bentley &amp; More, LLP est\u00e1 listo para ponerse a trabajar en su caso de indemnizaci\u00f3n laboral por coronavirus.<\/p>\n<ul>\n<li>Ofrecemos una representaci\u00f3n legal en\u00e9rgica a los trabajadores lesionados en todo el estado de California.<\/li>\n<li>Nos aseguramos de que cada cliente reciba una atenci\u00f3n personalizada y adaptamos el caso a sus necesidades.<\/li>\n<li>Aceptamos casos de indemnizaci\u00f3n laboral relacionados con la COVID-19 con honorarios contingentes, lo que significa que no cobraremos nuestros honorarios hasta que hayamos conseguido la indemnizaci\u00f3n que usted necesita.<\/li>\n<\/ul>\n<p><iframe loading=\"lazy\" title=\"Reproductor de v\u00eddeos de YouTube\" src=\"https:\/\/www.youtube.com\/embed\/uV7puEE-iRY\" width=\"315\" height=\"560\" frameborder=\"0\" allowfullscreen=\"allowfullscreen\"><span data-mce-type=\"bookmark\" style=\"display: inline-block; width: 0px; overflow: hidden; line-height: 0;\" class=\"mce_SELRES_start\"><\/span><span data-mce-type=\"bookmark\" style=\"display: inline-block; width: 0px; overflow: hidden; line-height: 0;\" class=\"mce_SELRES_start\"><\/span><span data-mce-type=\"bookmark\" style=\"display: inline-block; width: 0px; overflow: hidden; line-height: 0;\" class=\"mce_SELRES_start\"><\/span><\/iframe><\/p>\n<h2><span class=\"ez-toc-section\" id=\"what-will-a-workers-compensation-attorney-do-to-help\"><\/span>\u00bfC\u00f3mo puede ayudar un abogado especializado en indemnizaciones por accidentes laborales?<span class=\"ez-toc-section-end\"><\/span><\/h2>\n<p>Los casos de indemnizaci\u00f3n laboral pueden llegar a ser complejos, sobre todo si el empleador rechaza una reclamaci\u00f3n. Incluso con la presunci\u00f3n refutable que comentamos a continuaci\u00f3n, un <a href=\"https:\/\/www.bentleymore.com\/es\/abogados-especializados-en-indemnizaciones-por-accidentes-laborales-en-el-condado-de-orange\/\">Orange County: Abogado especializado en indemnizaciones por accidentes laborales<\/a> puede que sea necesario para poder ayudarte:<\/p>\n<ul>\n<li>Re\u00fana toda la documentaci\u00f3n relacionada con su diagn\u00f3stico de COVID-19.<\/li>\n<li>Aseg\u00farate de que te examine un profesional m\u00e9dico de confianza.<\/li>\n<li>Calcula correctamente tus p\u00e9rdidas totales.<\/li>\n<li>Gestiona cualquier proceso de apelaci\u00f3n que sea necesario en caso de que tu reclamaci\u00f3n se retrase o sea denegada.<\/li>\n<\/ul>\n<h2><span class=\"ez-toc-section\" id=\"california-law-changes-for-covid-19-workers-comp-claims\"><\/span>Modificaciones a la ley California para las reclamaciones de indemnizaci\u00f3n laboral relacionadas con la COVID-19<span class=\"ez-toc-section-end\"><\/span><\/h2>\n<p>El gobernador Gavin Newsom emiti\u00f3 un decreto ejecutivo el 6 de mayo de 2020 que establece una presunci\u00f3n refutable de que la enfermedad por COVID-19 de un trabajador se produjo en el curso de su empleo, a efectos de que este pueda obtener prestaciones a trav\u00e9s del seguro de accidentes de trabajo. Esto ayudar\u00e1 a ciertos empleados a obtener cobertura tras contraer esta enfermedad, ya que tradicionalmente resulta dif\u00edcil para los trabajadores obtener cobertura por un virus que se contrae de forma generalizada entre la poblaci\u00f3n. En otras palabras, esta orden ejecutiva impone al empleador la carga de probar que el diagn\u00f3stico de COVID-19 no se produjo en el trabajo.<\/p>\n<p>Para que se aplique esta presunci\u00f3n, el trabajador debe:<\/p>\n<ul>\n<li>Se le haya diagnosticado COVID-19 o haya dado positivo en una prueba realizada en los 14 d\u00edas posteriores a haber trabajado para su empleador en cualquier lugar que no sea su domicilio (esto se aplica al per\u00edodo comprendido entre el 19 de marzo de 2020 y el 5 de julio de 2020).<\/li>\n<li>Si al empleado se le diagnostica COVID-19 pero no se le ha realizado la prueba, dicho diagn\u00f3stico debe haber sido emitido por un m\u00e9dico colegiado y debe confirmarse en un plazo de 30 d\u00edas mediante pruebas adicionales.<\/li>\n<\/ul>\n<p>En virtud de este decreto ejecutivo, los empleados tendr\u00e1n derecho a todas las prestaciones de la indemnizaci\u00f3n por accidentes de trabajo. Es importante se\u00f1alar que el decreto ejecutivo se aplica \u00fanicamente a los trabajadores que deban trabajar fuera de sus hogares mientras est\u00e9n vigentes las \u00f3rdenes de confinamiento (trabajadores esenciales seg\u00fan la definici\u00f3n de la ley).<\/p>\n<h2><span class=\"ez-toc-section\" id=\"let-our-covid-19-workers-compensation-attorneys-help-today\"><\/span>Deja que nuestros abogados especializados en indemnizaciones laborales por COVID-19 te ayuden hoy mismo<span class=\"ez-toc-section-end\"><\/span><\/h2>\n<p>Si usted o un ser querido ha contra\u00eddo la COVID-19 en el trabajo, p\u00f3ngase en contacto hoy mismo con el equipo de Bentley &amp; More, LLP. Investigaremos a fondo su caso para garantizar que obtenga una indemnizaci\u00f3n completa por su reclamaci\u00f3n de indemnizaci\u00f3n laboral por coronavirus. Nuestro objetivo es asegurarnos de que reciba una cobertura total de sus gastos m\u00e9dicos y salarios perdidos. Si necesita un abogado especializado en indemnizaci\u00f3n laboral por COVID-19, puede ponerse en contacto con nosotros para una <a href=\"https:\/\/www.bentleymore.com\/es\/contactenos\/\">Consulta gratuita sobre su caso haciendo clic aqu\u00ed<\/a> o llamando al (949) 870-3800.<\/p>","protected":false},"excerpt":{"rendered":"<p>COVID-19 Workers&#8217; Compensation Attorney in Orange County, CA The COVID-19 pandemic has swept across the United States and the state of California. While stay at home orders went into effect fairly quickly and kept many people from going to work, there were still many exceptions to these orders concerning workers labeled as \u201cessential. \u201d In&#8230; <a href=\"https:\/\/www.bentleymore.com\/es\/orange-county-covid-19-workers-compensation-lawyer\/\">Leer m\u00e1s<\/a><\/p>","protected":false},"author":4,"featured_media":0,"parent":0,"menu_order":0,"comment_status":"closed","ping_status":"closed","template":"","meta":{"_acf_changed":false,"footnotes":""},"class_list":["post-3062","page","type-page","status-publish","hentry"],"acf":[],"yoast_head":"<!-- This site is optimized with the Yoast SEO Premium plugin v26.7 (Yoast SEO v27.4) - https:\/\/yoast.com\/product\/yoast-seo-premium-wordpress\/ -->\n<title>Orange County COVID-19 Workers&#039; Compensation Lawyer - Free Consultation<\/title>\n<meta name=\"description\" content=\"Searching for Orange County COVID-19 Workers&#039; Compensation Attorney for denied benefits? Bentley &amp; More LLP. handles workplace exposure claims.\" \/>\n<meta name=\"robots\" content=\"index, follow, max-snippet:-1, max-image-preview:large, max-video-preview:-1\" \/>\n<link rel=\"canonical\" href=\"https:\/\/www.bentleymore.com\/es\/abogado-especializado-en-indemnizaciones-laborales-por-covid-19-en-el-condado-de-orange\/\" \/>\n<meta property=\"og:locale\" content=\"es_MX\" \/>\n<meta property=\"og:type\" content=\"article\" \/>\n<meta property=\"og:title\" content=\"Orange County COVID-19 Workers&#039; Compensation Lawyer\" \/>\n<meta property=\"og:description\" content=\"Searching for Orange County COVID-19 Workers&#039; Compensation Attorney for denied benefits? Bentley &amp; More LLP. handles workplace exposure claims.\" \/>\n<meta property=\"og:url\" content=\"https:\/\/www.bentleymore.com\/es\/abogado-especializado-en-indemnizaciones-laborales-por-covid-19-en-el-condado-de-orange\/\" \/>\n<meta property=\"og:site_name\" content=\"Bentley &amp; More LLP\" \/>\n<meta property=\"article:publisher\" content=\"https:\/\/www.facebook.com\/BentleyMoreLLP\/\" \/>\n<meta property=\"article:modified_time\" content=\"2026-03-06T11:36:15+00:00\" \/>\n<meta property=\"og:image\" content=\"https:\/\/www.bentleymore.com\/wp-content\/uploads\/2023\/04\/logo.png\" \/>\n\t<meta property=\"og:image:width\" content=\"462\" \/>\n\t<meta property=\"og:image:height\" content=\"109\" \/>\n\t<meta property=\"og:image:type\" content=\"image\/png\" \/>\n<meta name=\"twitter:card\" content=\"summary_large_image\" \/>\n<meta name=\"twitter:site\" content=\"@bentleymore\" \/>\n<meta name=\"twitter:label1\" content=\"Tiempo de lectura\" \/>\n\t<meta name=\"twitter:data1\" content=\"3 minutos\" \/>\n<script type=\"application\/ld+json\" class=\"yoast-schema-graph\">{\"@context\":\"https:\\\/\\\/schema.org\",\"@graph\":[{\"@type\":\"WebPage\",\"@id\":\"https:\\\/\\\/www.bentleymore.com\\\/orange-county-covid-19-workers-compensation-lawyer\\\/\",\"url\":\"https:\\\/\\\/www.bentleymore.com\\\/orange-county-covid-19-workers-compensation-lawyer\\\/\",\"name\":\"Orange County COVID-19 Workers' Compensation Lawyer - Free Consultation\",\"isPartOf\":{\"@id\":\"https:\\\/\\\/www.bentleymore.com\\\/#website\"},\"datePublished\":\"2020-06-08T18:15:22+00:00\",\"dateModified\":\"2026-03-06T11:36:15+00:00\",\"description\":\"Searching for Orange County COVID-19 Workers' Compensation Attorney for denied benefits? Bentley & More LLP. handles workplace exposure claims.\",\"breadcrumb\":{\"@id\":\"https:\\\/\\\/www.bentleymore.com\\\/orange-county-covid-19-workers-compensation-lawyer\\\/#breadcrumb\"},\"inLanguage\":\"es\",\"potentialAction\":[{\"@type\":\"ReadAction\",\"target\":[\"https:\\\/\\\/www.bentleymore.com\\\/orange-county-covid-19-workers-compensation-lawyer\\\/\"]}]},{\"@type\":\"BreadcrumbList\",\"@id\":\"https:\\\/\\\/www.bentleymore.com\\\/orange-county-covid-19-workers-compensation-lawyer\\\/#breadcrumb\",\"itemListElement\":[{\"@type\":\"ListItem\",\"position\":1,\"name\":\"Home\",\"item\":\"https:\\\/\\\/www.bentleymore.com\\\/\"},{\"@type\":\"ListItem\",\"position\":2,\"name\":\"Orange County COVID-19 Workers&#8217; Compensation Lawyer\"}]},{\"@type\":\"WebSite\",\"@id\":\"https:\\\/\\\/www.bentleymore.com\\\/#website\",\"url\":\"https:\\\/\\\/www.bentleymore.com\\\/\",\"name\":\"Bentley & More LLP\",\"description\":\"Real Trial Lawyers\",\"publisher\":{\"@id\":\"https:\\\/\\\/www.bentleymore.com\\\/#organization\"},\"alternateName\":\"Bentley & More\",\"potentialAction\":[{\"@type\":\"SearchAction\",\"target\":{\"@type\":\"EntryPoint\",\"urlTemplate\":\"https:\\\/\\\/www.bentleymore.com\\\/?s={search_term_string}\"},\"query-input\":{\"@type\":\"PropertyValueSpecification\",\"valueRequired\":true,\"valueName\":\"search_term_string\"}}],\"inLanguage\":\"es\"},{\"@type\":\"Organization\",\"@id\":\"https:\\\/\\\/www.bentleymore.com\\\/#organization\",\"name\":\"Bentley & More LLP\",\"alternateName\":\"Bentley & More\",\"url\":\"https:\\\/\\\/www.bentleymore.com\\\/\",\"logo\":{\"@type\":\"ImageObject\",\"inLanguage\":\"es\",\"@id\":\"https:\\\/\\\/www.bentleymore.com\\\/#\\\/schema\\\/logo\\\/image\\\/\",\"url\":\"https:\\\/\\\/www.bentleymore.com\\\/wp-content\\\/uploads\\\/2023\\\/04\\\/logo.png\",\"contentUrl\":\"https:\\\/\\\/www.bentleymore.com\\\/wp-content\\\/uploads\\\/2023\\\/04\\\/logo.png\",\"width\":462,\"height\":109,\"caption\":\"Bentley & More LLP\"},\"image\":{\"@id\":\"https:\\\/\\\/www.bentleymore.com\\\/#\\\/schema\\\/logo\\\/image\\\/\"},\"sameAs\":[\"https:\\\/\\\/www.facebook.com\\\/BentleyMoreLLP\\\/\",\"https:\\\/\\\/x.com\\\/bentleymore\",\"https:\\\/\\\/www.instagram.com\\\/bentleyandmorellp\\\/\",\"https:\\\/\\\/www.yelp.com\\\/biz\\\/bentley-and-more-irvine\",\"https:\\\/\\\/www.linkedin.com\\\/company\\\/bentley-&-more-llp\\\/\",\"https:\\\/\\\/maps.app.goo.gl\\\/RZrMqUo474ugpWBRA\",\"https:\\\/\\\/www.bestlawyers.com\\\/firms\\\/bentley-more-llp\\\/75461\\\/US\",\"https:\\\/\\\/www.orangecountylawyers.com\\\/attorneys\\\/bentley-more-llp\\\/\",\"https:\\\/\\\/profiles.superlawyers.com\\\/california\\\/newport-beach\\\/lawfirm\\\/bentley-and-more-llp\\\/ce1e2f49-0a84-468f-bc17-eade2a364682.html\",\"https:\\\/\\\/uphelp.org\\\/sponsors\\\/bentley-more-llp\\\/\",\"https:\\\/\\\/law.usnews.com\\\/law-firms\\\/bentley-&-more-llp-160536\",\"https:\\\/\\\/www.martindale.com\\\/organization\\\/bentley-more-llp-158828293\\\/newport-beach-california-161028413-f\\\/\",\"https:\\\/\\\/lawyers.findlaw.com\\\/profile\\\/lawfirm\\\/bentley--more-llp\\\/ca\\\/newport-beach\\\/NTAwMzkxM18x\",\"https:\\\/\\\/www.bestlawfirms.com\\\/firms\\\/bentley-more-llp\\\/75461\\\/US\",\"https:\\\/\\\/natlawreview.com\\\/organization\\\/bentley-more-llp\",\"https:\\\/\\\/bentley-more-llp.wheree.com\\\/\",\"https:\\\/\\\/www.callupcontact.com\\\/b\\\/businessprofile\\\/Bentley_amp_More_LLP\\\/9968345\"],\"telephone\":\"+19498703800\",\"legalName\":\"Bentley & More LLP\"}]}<\/script>\n<!-- \/ Yoast SEO Premium plugin. -->","yoast_head_json":{"title":"Orange County: Abogado especializado en indemnizaciones laborales por COVID-19 - Consulta gratuita","description":"\u00bfBusca un abogado especializado en indemnizaciones laborales por COVID-19 (Orange County) debido a la denegaci\u00f3n de prestaciones? Bentley &amp; More LLP se encarga de reclamaciones por exposici\u00f3n en el lugar de trabajo.","robots":{"index":"index","follow":"follow","max-snippet":"max-snippet:-1","max-image-preview":"max-image-preview:large","max-video-preview":"max-video-preview:-1"},"canonical":"https:\/\/www.bentleymore.com\/es\/abogado-especializado-en-indemnizaciones-laborales-por-covid-19-en-el-condado-de-orange\/","og_locale":"es_MX","og_type":"article","og_title":"Orange County COVID-19 Workers' Compensation Lawyer","og_description":"Searching for Orange County COVID-19 Workers' Compensation Attorney for denied benefits? Bentley & More LLP. handles workplace exposure claims.","og_url":"https:\/\/www.bentleymore.com\/es\/abogado-especializado-en-indemnizaciones-laborales-por-covid-19-en-el-condado-de-orange\/","og_site_name":"Bentley &amp; More LLP","article_publisher":"https:\/\/www.facebook.com\/BentleyMoreLLP\/","article_modified_time":"2026-03-06T11:36:15+00:00","og_image":[{"width":462,"height":109,"url":"https:\/\/www.bentleymore.com\/wp-content\/uploads\/2023\/04\/logo.png","type":"image\/png"}],"twitter_card":"summary_large_image","twitter_site":"@bentleymore","twitter_misc":{"Tiempo de lectura":"3 minutos"},"schema":{"@context":"https:\/\/schema.org","@graph":[{"@type":"WebPage","@id":"https:\/\/www.bentleymore.com\/orange-county-covid-19-workers-compensation-lawyer\/","url":"https:\/\/www.bentleymore.com\/orange-county-covid-19-workers-compensation-lawyer\/","name":"Orange County: Abogado especializado en indemnizaciones laborales por COVID-19 - Consulta gratuita","isPartOf":{"@id":"https:\/\/www.bentleymore.com\/#website"},"datePublished":"2020-06-08T18:15:22+00:00","dateModified":"2026-03-06T11:36:15+00:00","description":"\u00bfBusca un abogado especializado en indemnizaciones laborales por COVID-19 (Orange County) debido a la denegaci\u00f3n de prestaciones? Bentley &amp; More LLP se encarga de reclamaciones por exposici\u00f3n en el lugar de trabajo.","breadcrumb":{"@id":"https:\/\/www.bentleymore.com\/orange-county-covid-19-workers-compensation-lawyer\/#breadcrumb"},"inLanguage":"es","potentialAction":[{"@type":"ReadAction","target":["https:\/\/www.bentleymore.com\/orange-county-covid-19-workers-compensation-lawyer\/"]}]},{"@type":"BreadcrumbList","@id":"https:\/\/www.bentleymore.com\/orange-county-covid-19-workers-compensation-lawyer\/#breadcrumb","itemListElement":[{"@type":"ListItem","position":1,"name":"Home","item":"https:\/\/www.bentleymore.com\/"},{"@type":"ListItem","position":2,"name":"Orange County COVID-19 Workers&#8217; Compensation Lawyer"}]},{"@type":"WebSite","@id":"https:\/\/www.bentleymore.com\/#website","url":"https:\/\/www.bentleymore.com\/","name":"Bentley &amp; More LLP","description":"Abogados litigantes de verdad","publisher":{"@id":"https:\/\/www.bentleymore.com\/#organization"},"alternateName":"Bentley & More","potentialAction":[{"@type":"SearchAction","target":{"@type":"EntryPoint","urlTemplate":"https:\/\/www.bentleymore.com\/?s={search_term_string}"},"query-input":{"@type":"PropertyValueSpecification","valueRequired":true,"valueName":"search_term_string"}}],"inLanguage":"es"},{"@type":"Organization","@id":"https:\/\/www.bentleymore.com\/#organization","name":"Bentley &amp; More LLP","alternateName":"Bentley & More","url":"https:\/\/www.bentleymore.com\/","logo":{"@type":"ImageObject","inLanguage":"es","@id":"https:\/\/www.bentleymore.com\/#\/schema\/logo\/image\/","url":"https:\/\/www.bentleymore.com\/wp-content\/uploads\/2023\/04\/logo.png","contentUrl":"https:\/\/www.bentleymore.com\/wp-content\/uploads\/2023\/04\/logo.png","width":462,"height":109,"caption":"Bentley & More LLP"},"image":{"@id":"https:\/\/www.bentleymore.com\/#\/schema\/logo\/image\/"},"sameAs":["https:\/\/www.facebook.com\/BentleyMoreLLP\/","https:\/\/x.com\/bentleymore","https:\/\/www.instagram.com\/bentleyandmorellp\/","https:\/\/www.yelp.com\/biz\/bentley-and-more-irvine","https:\/\/www.linkedin.com\/company\/bentley-&-more-llp\/","https:\/\/maps.app.goo.gl\/RZrMqUo474ugpWBRA","https:\/\/www.bestlawyers.com\/firms\/bentley-more-llp\/75461\/US","https:\/\/www.orangecountylawyers.com\/attorneys\/bentley-more-llp\/","https:\/\/profiles.superlawyers.com\/california\/newport-beach\/lawfirm\/bentley-and-more-llp\/ce1e2f49-0a84-468f-bc17-eade2a364682.html","https:\/\/uphelp.org\/sponsors\/bentley-more-llp\/","https:\/\/law.usnews.com\/law-firms\/bentley-&-more-llp-160536","https:\/\/www.martindale.com\/organization\/bentley-more-llp-158828293\/newport-beach-california-161028413-f\/","https:\/\/lawyers.findlaw.com\/profile\/lawfirm\/bentley--more-llp\/ca\/newport-beach\/NTAwMzkxM18x","https:\/\/www.bestlawfirms.com\/firms\/bentley-more-llp\/75461\/US","https:\/\/natlawreview.com\/organization\/bentley-more-llp","https:\/\/bentley-more-llp.wheree.com\/","https:\/\/www.callupcontact.com\/b\/businessprofile\/Bentley_amp_More_LLP\/9968345"],"telephone":"+19498703800","legalName":"Bentley & More LLP"}]}},"_links":{"self":[{"href":"https:\/\/www.bentleymore.com\/es\/wp-json\/wp\/v2\/pages\/3062","targetHints":{"allow":["GET"]}}],"collection":[{"href":"https:\/\/www.bentleymore.com\/es\/wp-json\/wp\/v2\/pages"}],"about":[{"href":"https:\/\/www.bentleymore.com\/es\/wp-json\/wp\/v2\/types\/page"}],"author":[{"embeddable":true,"href":"https:\/\/www.bentleymore.com\/es\/wp-json\/wp\/v2\/users\/4"}],"replies":[{"embeddable":true,"href":"https:\/\/www.bentleymore.com\/es\/wp-json\/wp\/v2\/comments?post=3062"}],"version-history":[{"count":2,"href":"https:\/\/www.bentleymore.com\/es\/wp-json\/wp\/v2\/pages\/3062\/revisions"}],"predecessor-version":[{"id":7633,"href":"https:\/\/www.bentleymore.com\/es\/wp-json\/wp\/v2\/pages\/3062\/revisions\/7633"}],"wp:attachment":[{"href":"https:\/\/www.bentleymore.com\/es\/wp-json\/wp\/v2\/media?parent=3062"}],"curies":[{"name":"wp","href":"https:\/\/api.w.org\/{rel}","templated":true}]}}