{"id":3066,"date":"2020-06-08T11:42:54","date_gmt":"2020-06-08T18:42:54","guid":{"rendered":"https:\/\/www.bentleymore.com\/?page_id=3066"},"modified":"2026-03-05T09:42:03","modified_gmt":"2026-03-05T16:42:03","slug":"abogado-especializado-en-lesiones-personales-en-redlands","status":"publish","type":"page","link":"https:\/\/www.bentleymore.com\/es\/redlands-personal-injury-lawyer\/","title":{"rendered":"Abogado especializado en lesiones personales en Redlands"},"content":{"rendered":"<div id=\"ez-toc-container\" class=\"ez-toc-v2_0_82_2 counter-hierarchy ez-toc-counter ez-toc-transparent ez-toc-container-direction\">\n<div class=\"ez-toc-title-container\">\n<p class=\"ez-toc-title ez-toc-toggle\" style=\"cursor:pointer\">\u00cdndice<\/p>\n<span class=\"ez-toc-title-toggle\"><a href=\"#\" class=\"ez-toc-pull-right ez-toc-btn ez-toc-btn-xs ez-toc-btn-default ez-toc-toggle\" aria-label=\"Toggle Table of Content\"><span class=\"ez-toc-js-icon-con\"><span class=\"\"><span class=\"eztoc-hide\" style=\"display:none;\">Alternar<\/span><span class=\"ez-toc-icon-toggle-span\"><svg style=\"fill: #999;color:#999\" xmlns=\"http:\/\/www.w3.org\/2000\/svg\" class=\"list-377408\" width=\"20px\" height=\"20px\" viewbox=\"0 0 24 24\" fill=\"none\"><path d=\"M6 6H4v2h2V6zm14 0H8v2h12V6zM4 11h2v2H4v-2zm16 0H8v2h12v-2zM4 16h2v2H4v-2zm16 0H8v2h12v-2z\" fill=\"currentColor\"><\/path><\/svg><svg style=\"fill: #999;color:#999\" class=\"arrow-unsorted-368013\" xmlns=\"http:\/\/www.w3.org\/2000\/svg\" width=\"10px\" height=\"10px\" viewbox=\"0 0 24 24\" version=\"1.2\" baseprofile=\"tiny\"><path d=\"M18.2 9.3l-6.2-6.3-6.2 6.3c-.2.2-.3.4-.3.7s.1.5.3.7c.2.2.4.3.7.3h11c.3 0 .5-.1.7-.3.2-.2.3-.5.3-.7s-.1-.5-.3-.7zM5.8 14.7l6.2 6.3 6.2-6.3c.2-.2.3-.5.3-.7s-.1-.5-.3-.7c-.2-.2-.4-.3-.7-.3h-11c-.3 0-.5.1-.7.3-.2.2-.3.5-.3.7s.1.5.3.7z\"\/><\/svg><\/span><\/span><\/span><\/a><\/span><\/div>\n<nav><ul class='ez-toc-list ez-toc-list-level-1 eztoc-toggle-hide-by-default' ><li class='ez-toc-page-1 ez-toc-heading-level-2'><a class=\"ez-toc-link ez-toc-heading-1\" href=\"https:\/\/www.bentleymore.com\/es\/redlands-personal-injury-lawyer\/#personal-injury-attorney-in-redlands-ca\" >Abogado especializado en lesiones personales en Redlands, California<\/a><\/li><li class='ez-toc-page-1 ez-toc-heading-level-2'><a class=\"ez-toc-link ez-toc-heading-2\" href=\"https:\/\/www.bentleymore.com\/es\/redlands-personal-injury-lawyer\/#why-choose-bentley-more-llp-for-your-redlands-injury-case\" >\u00bfPor qu\u00e9 elegir a Bentley &amp; More, LLP para su caso de lesiones en Redlands?<\/a><\/li><li class='ez-toc-page-1 ez-toc-heading-level-2'><a class=\"ez-toc-link ez-toc-heading-3\" href=\"https:\/\/www.bentleymore.com\/es\/redlands-personal-injury-lawyer\/#what-will-a-redlands-injury-attorney-do-to-help\" >\u00bfC\u00f3mo puede ayudar un abogado especializado en lesiones de Redlands?<\/a><\/li><li class='ez-toc-page-1 ez-toc-heading-level-2'><a class=\"ez-toc-link ez-toc-heading-4\" href=\"https:\/\/www.bentleymore.com\/es\/redlands-personal-injury-lawyer\/#redlands-personal-injury-cases-can-be-complex\" >Los casos de lesiones personales en Redlands pueden ser complejos<\/a><\/li><li class='ez-toc-page-1 ez-toc-heading-level-2'><a class=\"ez-toc-link ez-toc-heading-5\" href=\"https:\/\/www.bentleymore.com\/es\/redlands-personal-injury-lawyer\/#how-much-compensation-is-available\" >\u00bfA cu\u00e1nto asciende la indemnizaci\u00f3n?<\/a><\/li><\/ul><\/nav><\/div>\n<h2><span class=\"ez-toc-section\" id=\"personal-injury-attorney-in-redlands-ca\"><\/span><span data-sheets-root=\"1\">Abogado especializado en lesiones personales en Redlands, California<\/span><span class=\"ez-toc-section-end\"><\/span><\/h2>\n<p>La mayor\u00eda de las lesiones ocurren de forma inesperada y pueden acarrear enormes dificultades para las v\u00edctimas. Las v\u00edctimas de lesiones suelen tener que hacer frente a gastos m\u00e9dicos muy elevados y a la p\u00e9rdida de ingresos si no pueden trabajar. En <a href=\"\/es\/\">Bentley &amp; More, LLP<\/a>, ... estamos aqu\u00ed para ayudarte cuando necesites contar con un abogado especializado en lesiones personales en Redlands a tu lado. Nuestro experimentado equipo legal investigar\u00e1 a fondo cada aspecto de tu caso. No nos da miedo enfrentarnos a las agresivas compa\u00f1\u00edas de seguros para conseguir la m\u00e1xima indemnizaci\u00f3n en tu nombre. <a href=\"https:\/\/www.bentleymore.com\/es\/contactenos\/\">Cont\u00e1ctenos hoy mismo<\/a> para una evaluaci\u00f3n gratuita de su caso.<\/p>\n<h2><span class=\"ez-toc-section\" id=\"why-choose-bentley-more-llp-for-your-redlands-injury-case\"><\/span>\u00bfPor qu\u00e9 elegir a Bentley &amp; More, LLP para su caso de lesiones en Redlands?<span class=\"ez-toc-section-end\"><\/span><\/h2>\n<p>Si ha sufrido lesiones debido a la negligencia de otra persona, necesita la ayuda de un abogado especializado en lesiones que cuente con los recursos necesarios para hacer frente a las compa\u00f1\u00edas de seguros. Bentley &amp; More, LLP est\u00e1 listo para ayudarle.<\/p>\n<ul>\n<li>Nuestros abogados son litigantes tenaces que cuentan con d\u00e9cadas de experiencia defendiendo a las v\u00edctimas de lesiones personales en Redlands.<\/li>\n<li>Aunque somos eficaces a la hora de resolver conflictos en materia de acuerdos mediante negociaciones, no tenemos ning\u00fan problema en llevar un caso a juicio si eso es lo que hace falta para ganar su caso.<\/li>\n<li>Aceptamos todos los casos de lesiones personales en Redlands con honorarios contingentes. Esto significa que nuestros clientes no pagar\u00e1n honorarios legales hasta que obtengamos una indemnizaci\u00f3n mediante un acuerdo o veredicto favorable.<\/li>\n<\/ul>\n<h2><span class=\"ez-toc-section\" id=\"what-will-a-redlands-injury-attorney-do-to-help\"><\/span>\u00bfC\u00f3mo puede ayudar un abogado especializado en lesiones de Redlands?<span class=\"ez-toc-section-end\"><\/span><\/h2>\n<p>Un abogado te representar\u00e1 durante todo este proceso. Un abogado especializado en lesiones personales de Redlands contar\u00e1 con los recursos necesarios para:<\/p>\n<ul>\n<li>Recopile todas las pruebas necesarias para demostrar la responsabilidad<\/li>\n<li>Aseg\u00farate de que te examine un profesional m\u00e9dico de confianza<\/li>\n<li>Calcula correctamente tus p\u00e9rdidas totales<\/li>\n<li>Negocia para obtener la m\u00e1xima indemnizaci\u00f3n por tu reclamaci\u00f3n<\/li>\n<\/ul>\n<h2><span class=\"ez-toc-section\" id=\"redlands-personal-injury-cases-can-be-complex\"><\/span>Los casos de lesiones personales en Redlands pueden ser complejos<span class=\"ez-toc-section-end\"><\/span><\/h2>\n<p>Redlands es una comunidad pr\u00f3spera en el condado de San Bernardino, pero la realidad es que los residentes de aqu\u00ed pueden sufrir lesiones de diversas formas. En Bentley &amp; More, LLP, nuestros abogados especializados en lesiones personales en Redlands ayudan habitualmente a clientes que han sufrido da\u00f1os debido a lo siguiente:<\/p>\n<ul>\n<li><a href=\"\/es\/abogado-especializado-en-accidentes-automovilisticos-en-redlands\/\">Accidentes de tr\u00e1fico<\/a>, accidentes de camiones, accidentes de peatones y accidentes de bicicleta<\/li>\n<li>Accidentes de construcci\u00f3n y otros incidentes de lesiones laborales<\/li>\n<li>Incidentes relacionados con la responsabilidad civil de los propietarios de inmuebles, como resbalones y ca\u00eddas, explosiones y mordeduras de perro<\/li>\n<li>Casos de productos defectuosos, como los cigarrillos electr\u00f3nicos que explotan<\/li>\n<li>Demandas por abuso y negligencia en residencias de ancianos<\/li>\n<\/ul>\n<p>Por supuesto, estas listas no son exhaustivas, y le recomendamos que se ponga en contacto con nuestros abogados especializados en lesiones personales en Redlands para obtener una consulta gratuita sobre su caso espec\u00edfico. Nuestros abogados especializados en lesiones en Redlands saben que existen diversos tipos de lesiones que pueden producirse debido a la negligencia de otras personas. Contamos con una amplia experiencia ayudando a clientes que han sufrido lo siguiente:<\/p>\n<ul>\n<li>Fracturas y luxaciones<\/li>\n<li>Laceraciones graves<\/li>\n<li>Lesiones cerebrales traum\u00e1ticas<\/li>\n<li>Heridas abiertas en la cabeza<\/li>\n<li>Lesiones de la m\u00e9dula espinal<\/li>\n<li>Lesiones por amputaci\u00f3n<\/li>\n<li>Hemorragia interna<\/li>\n<li>Da\u00f1o en los \u00f3rganos internos<\/li>\n<\/ul>\n<p>Adem\u00e1s de estas lesiones, tambi\u00e9n ayudamos a nuestros clientes a afrontar y obtener una indemnizaci\u00f3n por el da\u00f1o emocional y psicol\u00f3gico invisible que sufren en estos incidentes.<\/p>\n<h2><span class=\"ez-toc-section\" id=\"how-much-compensation-is-available\"><\/span>\u00bfA cu\u00e1nto asciende la indemnizaci\u00f3n?<span class=\"ez-toc-section-end\"><\/span><\/h2>\n<p>El monto total de la indemnizaci\u00f3n a la que se puede tener derecho en una demanda por lesiones personales en Redlands variar\u00e1 en funci\u00f3n de los factores relacionados con cada caso concreto. En Bentley &amp; More, LLP, ayudamos habitualmente a las v\u00edctimas de lesiones a obtener los siguientes tipos de indemnizaci\u00f3n:<\/p>\n<ul>\n<li>Cobertura de todos los gastos m\u00e9dicos relacionados con la lesi\u00f3n<\/li>\n<li>P\u00e9rdida de ingresos y prestaciones si no pueden trabajar mientras se recuperan<\/li>\n<li>P\u00e9rdida de ingresos futuros en caso de discapacidad<\/li>\n<li>Indemnizaci\u00f3n por da\u00f1os y perjuicios por dolor y sufrimiento<\/li>\n<li>Indemnizaci\u00f3n por p\u00e9rdida de disfrute personal<\/li>\n<\/ul>\n<p>Cuando necesites un <a href=\"https:\/\/www.bentleymore.com\/es\/abogado-especializado-en-lesiones-personales-en-el-condado-de-orange\/\">Orange County, bufete de abogados especializado en lesiones personales<\/a>, puede ponerse en contacto con nosotros para una <a href=\"https:\/\/www.bentleymore.com\/es\/contactenos\/\">Consulta gratuita sobre su caso haciendo clic aqu\u00ed<\/a> o llamando al (949) 870-3800.<\/p>","protected":false},"excerpt":{"rendered":"<p>Personal Injury Attorney in Redlands, CA Most injuries happen unexpectedly, and they can lead to tremendous hardships for victims. Injury victims often incur tremendous medical expenses and lost income if they cannot work. At Bentley &amp; More, LLP, we are here to help when you need a Redlands personal injury lawyer by your side. Our&#8230; <a href=\"https:\/\/www.bentleymore.com\/es\/redlands-personal-injury-lawyer\/\">Leer m\u00e1s<\/a><\/p>","protected":false},"author":4,"featured_media":0,"parent":0,"menu_order":0,"comment_status":"closed","ping_status":"closed","template":"","meta":{"_acf_changed":false,"footnotes":""},"class_list":["post-3066","page","type-page","status-publish","hentry"],"acf":[],"yoast_head":"<!-- This site is optimized with the Yoast SEO Premium plugin v26.7 (Yoast SEO v27.5) - https:\/\/yoast.com\/product\/yoast-seo-premium-wordpress\/ -->\n<title>Redlands Personal Injury Lawyer - Free Consultation<\/title>\n<meta name=\"description\" content=\"Need a Redlands Personal Injury Lawyer after negligence? Bentley &amp; More LLP. fights for injury compensation. Book your free consultation.\" \/>\n<meta name=\"robots\" content=\"index, follow, max-snippet:-1, max-image-preview:large, max-video-preview:-1\" \/>\n<link rel=\"canonical\" href=\"https:\/\/www.bentleymore.com\/es\/abogado-especializado-en-lesiones-personales-en-redlands\/\" \/>\n<meta property=\"og:locale\" content=\"es_MX\" \/>\n<meta property=\"og:type\" content=\"article\" \/>\n<meta property=\"og:title\" content=\"Redlands Personal Injury Lawyer\" \/>\n<meta property=\"og:description\" content=\"Need a Redlands Personal Injury Lawyer after negligence? Bentley &amp; More LLP. fights for injury compensation. Book your free consultation.\" \/>\n<meta property=\"og:url\" content=\"https:\/\/www.bentleymore.com\/es\/abogado-especializado-en-lesiones-personales-en-redlands\/\" \/>\n<meta property=\"og:site_name\" content=\"Bentley &amp; More LLP\" \/>\n<meta property=\"article:publisher\" content=\"https:\/\/www.facebook.com\/BentleyMoreLLP\/\" \/>\n<meta property=\"article:modified_time\" content=\"2026-03-05T16:42:03+00:00\" \/>\n<meta property=\"og:image\" content=\"https:\/\/www.bentleymore.com\/wp-content\/uploads\/2023\/04\/logo.png\" \/>\n\t<meta property=\"og:image:width\" content=\"462\" \/>\n\t<meta property=\"og:image:height\" content=\"109\" \/>\n\t<meta property=\"og:image:type\" content=\"image\/png\" \/>\n<meta name=\"twitter:card\" content=\"summary_large_image\" \/>\n<meta name=\"twitter:site\" content=\"@bentleymore\" \/>\n<meta name=\"twitter:label1\" content=\"Tiempo de lectura\" \/>\n\t<meta name=\"twitter:data1\" content=\"3 minutos\" \/>\n<script type=\"application\/ld+json\" class=\"yoast-schema-graph\">{\"@context\":\"https:\\\/\\\/schema.org\",\"@graph\":[{\"@type\":\"WebPage\",\"@id\":\"https:\\\/\\\/www.bentleymore.com\\\/redlands-personal-injury-lawyer\\\/\",\"url\":\"https:\\\/\\\/www.bentleymore.com\\\/redlands-personal-injury-lawyer\\\/\",\"name\":\"Redlands Personal Injury Lawyer - Free Consultation\",\"isPartOf\":{\"@id\":\"https:\\\/\\\/www.bentleymore.com\\\/#website\"},\"datePublished\":\"2020-06-08T18:42:54+00:00\",\"dateModified\":\"2026-03-05T16:42:03+00:00\",\"description\":\"Need a Redlands Personal Injury Lawyer after negligence? Bentley & More LLP. fights for injury compensation. Book your free consultation.\",\"breadcrumb\":{\"@id\":\"https:\\\/\\\/www.bentleymore.com\\\/redlands-personal-injury-lawyer\\\/#breadcrumb\"},\"inLanguage\":\"es\",\"potentialAction\":[{\"@type\":\"ReadAction\",\"target\":[\"https:\\\/\\\/www.bentleymore.com\\\/redlands-personal-injury-lawyer\\\/\"]}]},{\"@type\":\"BreadcrumbList\",\"@id\":\"https:\\\/\\\/www.bentleymore.com\\\/redlands-personal-injury-lawyer\\\/#breadcrumb\",\"itemListElement\":[{\"@type\":\"ListItem\",\"position\":1,\"name\":\"Home\",\"item\":\"https:\\\/\\\/www.bentleymore.com\\\/\"},{\"@type\":\"ListItem\",\"position\":2,\"name\":\"Redlands Personal Injury Lawyer\"}]},{\"@type\":\"WebSite\",\"@id\":\"https:\\\/\\\/www.bentleymore.com\\\/#website\",\"url\":\"https:\\\/\\\/www.bentleymore.com\\\/\",\"name\":\"Bentley & More LLP\",\"description\":\"Real Trial Lawyers\",\"publisher\":{\"@id\":\"https:\\\/\\\/www.bentleymore.com\\\/#organization\"},\"alternateName\":\"Bentley & More\",\"potentialAction\":[{\"@type\":\"SearchAction\",\"target\":{\"@type\":\"EntryPoint\",\"urlTemplate\":\"https:\\\/\\\/www.bentleymore.com\\\/?s={search_term_string}\"},\"query-input\":{\"@type\":\"PropertyValueSpecification\",\"valueRequired\":true,\"valueName\":\"search_term_string\"}}],\"inLanguage\":\"es\"},{\"@type\":\"Organization\",\"@id\":\"https:\\\/\\\/www.bentleymore.com\\\/#organization\",\"name\":\"Bentley & More LLP\",\"alternateName\":\"Bentley & More\",\"url\":\"https:\\\/\\\/www.bentleymore.com\\\/\",\"logo\":{\"@type\":\"ImageObject\",\"inLanguage\":\"es\",\"@id\":\"https:\\\/\\\/www.bentleymore.com\\\/#\\\/schema\\\/logo\\\/image\\\/\",\"url\":\"https:\\\/\\\/www.bentleymore.com\\\/wp-content\\\/uploads\\\/2023\\\/04\\\/logo.png\",\"contentUrl\":\"https:\\\/\\\/www.bentleymore.com\\\/wp-content\\\/uploads\\\/2023\\\/04\\\/logo.png\",\"width\":462,\"height\":109,\"caption\":\"Bentley & More LLP\"},\"image\":{\"@id\":\"https:\\\/\\\/www.bentleymore.com\\\/#\\\/schema\\\/logo\\\/image\\\/\"},\"sameAs\":[\"https:\\\/\\\/www.facebook.com\\\/BentleyMoreLLP\\\/\",\"https:\\\/\\\/x.com\\\/bentleymore\",\"https:\\\/\\\/www.instagram.com\\\/bentleyandmorellp\\\/\",\"https:\\\/\\\/www.yelp.com\\\/biz\\\/bentley-and-more-irvine\",\"https:\\\/\\\/www.linkedin.com\\\/company\\\/bentley-&-more-llp\\\/\",\"https:\\\/\\\/maps.app.goo.gl\\\/RZrMqUo474ugpWBRA\",\"https:\\\/\\\/www.bestlawyers.com\\\/firms\\\/bentley-more-llp\\\/75461\\\/US\",\"https:\\\/\\\/www.orangecountylawyers.com\\\/attorneys\\\/bentley-more-llp\\\/\",\"https:\\\/\\\/profiles.superlawyers.com\\\/california\\\/newport-beach\\\/lawfirm\\\/bentley-and-more-llp\\\/ce1e2f49-0a84-468f-bc17-eade2a364682.html\",\"https:\\\/\\\/uphelp.org\\\/sponsors\\\/bentley-more-llp\\\/\",\"https:\\\/\\\/law.usnews.com\\\/law-firms\\\/bentley-&-more-llp-160536\",\"https:\\\/\\\/www.martindale.com\\\/organization\\\/bentley-more-llp-158828293\\\/newport-beach-california-161028413-f\\\/\",\"https:\\\/\\\/lawyers.findlaw.com\\\/profile\\\/lawfirm\\\/bentley--more-llp\\\/ca\\\/newport-beach\\\/NTAwMzkxM18x\",\"https:\\\/\\\/www.bestlawfirms.com\\\/firms\\\/bentley-more-llp\\\/75461\\\/US\",\"https:\\\/\\\/natlawreview.com\\\/organization\\\/bentley-more-llp\",\"https:\\\/\\\/bentley-more-llp.wheree.com\\\/\",\"https:\\\/\\\/www.callupcontact.com\\\/b\\\/businessprofile\\\/Bentley_amp_More_LLP\\\/9968345\"],\"telephone\":\"+19498703800\",\"legalName\":\"Bentley & More LLP\"}]}<\/script>\n<!-- \/ Yoast SEO Premium plugin. -->","yoast_head_json":{"title":"Abogado especializado en lesiones personales en Redlands - Consulta gratuita","description":"\u00bfNecesita un abogado especializado en lesiones personales en Redlands tras un caso de negligencia? Bentley &amp; More LLP lucha por conseguirle una indemnizaci\u00f3n por sus lesiones. Reserve su consulta gratuita.","robots":{"index":"index","follow":"follow","max-snippet":"max-snippet:-1","max-image-preview":"max-image-preview:large","max-video-preview":"max-video-preview:-1"},"canonical":"https:\/\/www.bentleymore.com\/es\/abogado-especializado-en-lesiones-personales-en-redlands\/","og_locale":"es_MX","og_type":"article","og_title":"Redlands Personal Injury Lawyer","og_description":"Need a Redlands Personal Injury Lawyer after negligence? Bentley & More LLP. fights for injury compensation. Book your free consultation.","og_url":"https:\/\/www.bentleymore.com\/es\/abogado-especializado-en-lesiones-personales-en-redlands\/","og_site_name":"Bentley &amp; More LLP","article_publisher":"https:\/\/www.facebook.com\/BentleyMoreLLP\/","article_modified_time":"2026-03-05T16:42:03+00:00","og_image":[{"width":462,"height":109,"url":"https:\/\/www.bentleymore.com\/wp-content\/uploads\/2023\/04\/logo.png","type":"image\/png"}],"twitter_card":"summary_large_image","twitter_site":"@bentleymore","twitter_misc":{"Tiempo de lectura":"3 minutos"},"schema":{"@context":"https:\/\/schema.org","@graph":[{"@type":"WebPage","@id":"https:\/\/www.bentleymore.com\/redlands-personal-injury-lawyer\/","url":"https:\/\/www.bentleymore.com\/redlands-personal-injury-lawyer\/","name":"Abogado especializado en lesiones personales en Redlands - Consulta gratuita","isPartOf":{"@id":"https:\/\/www.bentleymore.com\/#website"},"datePublished":"2020-06-08T18:42:54+00:00","dateModified":"2026-03-05T16:42:03+00:00","description":"\u00bfNecesita un abogado especializado en lesiones personales en Redlands tras un caso de negligencia? Bentley &amp; More LLP lucha por conseguirle una indemnizaci\u00f3n por sus lesiones. Reserve su consulta gratuita.","breadcrumb":{"@id":"https:\/\/www.bentleymore.com\/redlands-personal-injury-lawyer\/#breadcrumb"},"inLanguage":"es","potentialAction":[{"@type":"ReadAction","target":["https:\/\/www.bentleymore.com\/redlands-personal-injury-lawyer\/"]}]},{"@type":"BreadcrumbList","@id":"https:\/\/www.bentleymore.com\/redlands-personal-injury-lawyer\/#breadcrumb","itemListElement":[{"@type":"ListItem","position":1,"name":"Home","item":"https:\/\/www.bentleymore.com\/"},{"@type":"ListItem","position":2,"name":"Redlands Personal Injury Lawyer"}]},{"@type":"WebSite","@id":"https:\/\/www.bentleymore.com\/#website","url":"https:\/\/www.bentleymore.com\/","name":"Bentley &amp; More LLP","description":"Abogados litigantes de verdad","publisher":{"@id":"https:\/\/www.bentleymore.com\/#organization"},"alternateName":"Bentley & More","potentialAction":[{"@type":"SearchAction","target":{"@type":"EntryPoint","urlTemplate":"https:\/\/www.bentleymore.com\/?s={search_term_string}"},"query-input":{"@type":"PropertyValueSpecification","valueRequired":true,"valueName":"search_term_string"}}],"inLanguage":"es"},{"@type":"Organization","@id":"https:\/\/www.bentleymore.com\/#organization","name":"Bentley &amp; More LLP","alternateName":"Bentley & More","url":"https:\/\/www.bentleymore.com\/","logo":{"@type":"ImageObject","inLanguage":"es","@id":"https:\/\/www.bentleymore.com\/#\/schema\/logo\/image\/","url":"https:\/\/www.bentleymore.com\/wp-content\/uploads\/2023\/04\/logo.png","contentUrl":"https:\/\/www.bentleymore.com\/wp-content\/uploads\/2023\/04\/logo.png","width":462,"height":109,"caption":"Bentley & More LLP"},"image":{"@id":"https:\/\/www.bentleymore.com\/#\/schema\/logo\/image\/"},"sameAs":["https:\/\/www.facebook.com\/BentleyMoreLLP\/","https:\/\/x.com\/bentleymore","https:\/\/www.instagram.com\/bentleyandmorellp\/","https:\/\/www.yelp.com\/biz\/bentley-and-more-irvine","https:\/\/www.linkedin.com\/company\/bentley-&-more-llp\/","https:\/\/maps.app.goo.gl\/RZrMqUo474ugpWBRA","https:\/\/www.bestlawyers.com\/firms\/bentley-more-llp\/75461\/US","https:\/\/www.orangecountylawyers.com\/attorneys\/bentley-more-llp\/","https:\/\/profiles.superlawyers.com\/california\/newport-beach\/lawfirm\/bentley-and-more-llp\/ce1e2f49-0a84-468f-bc17-eade2a364682.html","https:\/\/uphelp.org\/sponsors\/bentley-more-llp\/","https:\/\/law.usnews.com\/law-firms\/bentley-&-more-llp-160536","https:\/\/www.martindale.com\/organization\/bentley-more-llp-158828293\/newport-beach-california-161028413-f\/","https:\/\/lawyers.findlaw.com\/profile\/lawfirm\/bentley--more-llp\/ca\/newport-beach\/NTAwMzkxM18x","https:\/\/www.bestlawfirms.com\/firms\/bentley-more-llp\/75461\/US","https:\/\/natlawreview.com\/organization\/bentley-more-llp","https:\/\/bentley-more-llp.wheree.com\/","https:\/\/www.callupcontact.com\/b\/businessprofile\/Bentley_amp_More_LLP\/9968345"],"telephone":"+19498703800","legalName":"Bentley & More LLP"}]}},"_links":{"self":[{"href":"https:\/\/www.bentleymore.com\/es\/wp-json\/wp\/v2\/pages\/3066","targetHints":{"allow":["GET"]}}],"collection":[{"href":"https:\/\/www.bentleymore.com\/es\/wp-json\/wp\/v2\/pages"}],"about":[{"href":"https:\/\/www.bentleymore.com\/es\/wp-json\/wp\/v2\/types\/page"}],"author":[{"embeddable":true,"href":"https:\/\/www.bentleymore.com\/es\/wp-json\/wp\/v2\/users\/4"}],"replies":[{"embeddable":true,"href":"https:\/\/www.bentleymore.com\/es\/wp-json\/wp\/v2\/comments?post=3066"}],"version-history":[{"count":1,"href":"https:\/\/www.bentleymore.com\/es\/wp-json\/wp\/v2\/pages\/3066\/revisions"}],"predecessor-version":[{"id":7452,"href":"https:\/\/www.bentleymore.com\/es\/wp-json\/wp\/v2\/pages\/3066\/revisions\/7452"}],"wp:attachment":[{"href":"https:\/\/www.bentleymore.com\/es\/wp-json\/wp\/v2\/media?parent=3066"}],"curies":[{"name":"wp","href":"https:\/\/api.w.org\/{rel}","templated":true}]}}