{"id":3217,"date":"2020-07-13T12:35:55","date_gmt":"2020-07-13T19:35:55","guid":{"rendered":"https:\/\/www.bentleymore.com\/?page_id=3217"},"modified":"2026-03-05T09:40:20","modified_gmt":"2026-03-05T16:40:20","slug":"abogado-especializado-en-accidentes-automovilisticos-en-redlands","status":"publish","type":"page","link":"https:\/\/www.bentleymore.com\/es\/redlands-car-accident-attorney\/","title":{"rendered":"Abogado especializado en accidentes automovil\u00edsticos en Redlands"},"content":{"rendered":"<div id=\"ez-toc-container\" class=\"ez-toc-v2_0_82_2 counter-hierarchy ez-toc-counter ez-toc-transparent ez-toc-container-direction\">\n<div class=\"ez-toc-title-container\">\n<p class=\"ez-toc-title ez-toc-toggle\" style=\"cursor:pointer\">\u00cdndice<\/p>\n<span class=\"ez-toc-title-toggle\"><a href=\"#\" class=\"ez-toc-pull-right ez-toc-btn ez-toc-btn-xs ez-toc-btn-default ez-toc-toggle\" aria-label=\"Toggle Table of Content\"><span class=\"ez-toc-js-icon-con\"><span class=\"\"><span class=\"eztoc-hide\" style=\"display:none;\">Alternar<\/span><span class=\"ez-toc-icon-toggle-span\"><svg style=\"fill: #999;color:#999\" xmlns=\"http:\/\/www.w3.org\/2000\/svg\" class=\"list-377408\" width=\"20px\" height=\"20px\" viewbox=\"0 0 24 24\" fill=\"none\"><path d=\"M6 6H4v2h2V6zm14 0H8v2h12V6zM4 11h2v2H4v-2zm16 0H8v2h12v-2zM4 16h2v2H4v-2zm16 0H8v2h12v-2z\" fill=\"currentColor\"><\/path><\/svg><svg style=\"fill: #999;color:#999\" class=\"arrow-unsorted-368013\" xmlns=\"http:\/\/www.w3.org\/2000\/svg\" width=\"10px\" height=\"10px\" viewbox=\"0 0 24 24\" version=\"1.2\" baseprofile=\"tiny\"><path d=\"M18.2 9.3l-6.2-6.3-6.2 6.3c-.2.2-.3.4-.3.7s.1.5.3.7c.2.2.4.3.7.3h11c.3 0 .5-.1.7-.3.2-.2.3-.5.3-.7s-.1-.5-.3-.7zM5.8 14.7l6.2 6.3 6.2-6.3c.2-.2.3-.5.3-.7s-.1-.5-.3-.7c-.2-.2-.4-.3-.7-.3h-11c-.3 0-.5.1-.7.3-.2.2-.3.5-.3.7s.1.5.3.7z\"\/><\/svg><\/span><\/span><\/span><\/a><\/span><\/div>\n<nav><ul class='ez-toc-list ez-toc-list-level-1 eztoc-toggle-hide-by-default' ><li class='ez-toc-page-1 ez-toc-heading-level-2'><a class=\"ez-toc-link ez-toc-heading-1\" href=\"https:\/\/www.bentleymore.com\/es\/redlands-car-accident-attorney\/#car-accident-lawyer-in-redlands-ca\" >Abogado especializado en accidentes de tr\u00e1fico en Redlands, California<\/a><\/li><li class='ez-toc-page-1 ez-toc-heading-level-2'><a class=\"ez-toc-link ez-toc-heading-2\" href=\"https:\/\/www.bentleymore.com\/es\/redlands-car-accident-attorney\/#why-choose-bentley-more-llp-for-this-case\" >\u00bfPor qu\u00e9 elegir a Bentley &amp; More, LLP para este caso?<\/a><\/li><li class='ez-toc-page-1 ez-toc-heading-level-2'><a class=\"ez-toc-link ez-toc-heading-3\" href=\"https:\/\/www.bentleymore.com\/es\/redlands-car-accident-attorney\/#what-will-a-redlands-accident-lawyer-do-to-help\" >\u00bfC\u00f3mo puede ayudar un abogado especializado en accidentes de Redlands?<\/a><\/li><li class='ez-toc-page-1 ez-toc-heading-level-2'><a class=\"ez-toc-link ez-toc-heading-4\" href=\"https:\/\/www.bentleymore.com\/es\/redlands-car-accident-attorney\/#redlands-car-accidents-can-cause-severe-injuries\" >Los accidentes automovil\u00edsticos en Redlands pueden provocar lesiones graves<\/a><\/li><li class='ez-toc-page-1 ez-toc-heading-level-2'><a class=\"ez-toc-link ez-toc-heading-5\" href=\"https:\/\/www.bentleymore.com\/es\/redlands-car-accident-attorney\/#is-there-compensation-available-for-the-victim\" >\u00bfExiste alguna indemnizaci\u00f3n para la v\u00edctima?<\/a><\/li><\/ul><\/nav><\/div>\n<h2><span class=\"ez-toc-section\" id=\"car-accident-lawyer-in-redlands-ca\"><\/span><span data-sheets-root=\"1\">Abogado especializado en accidentes de tr\u00e1fico en Redlands, California<\/span><span class=\"ez-toc-section-end\"><\/span><\/h2>\n<p>Las lesiones causadas por accidentes automovil\u00edsticos pueden ser devastadoras y suponer para las v\u00edctimas enormes gastos m\u00e9dicos y de bolsillo. En caso de que usted o un ser querido resulten heridos por la negligencia de otro conductor, es posible que necesite la ayuda de un abogado especializado en accidentes automovil\u00edsticos en Redlands. En <a href=\"\/es\/\">Bentley &amp; More, LLP<\/a>, nuestro equipo, compuesto por profesionales con amplios conocimientos y experiencia, estar\u00e1 a su lado, llevar\u00e1 a cabo una investigaci\u00f3n exhaustiva del incidente y trabajar\u00e1 para conseguir la indemnizaci\u00f3n que usted necesita. <a href=\"https:\/\/www.bentleymore.com\/es\/contactenos\/\">Cont\u00e1ctenos hoy mismo<\/a> para hablar sobre su caso.<\/p>\n<h2><span class=\"ez-toc-section\" id=\"why-choose-bentley-more-llp-for-this-case\"><\/span>\u00bfPor qu\u00e9 elegir a Bentley &amp; More, LLP para este caso?<span class=\"ez-toc-section-end\"><\/span><\/h2>\n<p>Tras sufrir un grave accidente automovil\u00edstico, necesitas contar con un abogado especializado en accidentes en quien puedas confiar tanto a nivel personal como profesional. Bentley &amp; More, LLP est\u00e1 listo para apoyarte.<\/p>\n<ul>\n<li>Contamos con amplios recursos a nuestra disposici\u00f3n que utilizamos para llevar a cabo una investigaci\u00f3n exhaustiva de los casos que aceptamos.<\/li>\n<li>Nuestros abogados son litigantes tenaces con amplia experiencia en la defensa de clientes en Redlands, y no dudamos en llevar un caso a juicio si es necesario.<\/li>\n<li>Aceptamos todos los casos de accidentes automovil\u00edsticos en Redlands con honorarios contingentes, lo que significa que nuestros clientes solo pagan los honorarios legales despu\u00e9s de que consigamos la indemnizaci\u00f3n que se merecen.<\/li>\n<\/ul>\n<h2><span class=\"ez-toc-section\" id=\"what-will-a-redlands-accident-lawyer-do-to-help\"><\/span>\u00bfC\u00f3mo puede ayudar un abogado especializado en accidentes de Redlands?<span class=\"ez-toc-section-end\"><\/span><\/h2>\n<p>La realidad es que la mayor\u00eda de las personas que sufren lesiones en un accidente automovil\u00edstico en Redlands no cuentan con los recursos necesarios para investigar adecuadamente su caso. Un abogado especializado en accidentes automovil\u00edsticos en Redlands cuenta con la experiencia y la capacidad legal necesarias para reunir todas las pruebas requeridas para demostrar la responsabilidad. Un abogado especializado en accidentes puede:<\/p>\n<ul>\n<li>Recupere cualquier foto o video de vigilancia relacionado con el accidente, hable con los testigos presenciales y revise minuciosamente todos los informes del accidente.<\/li>\n<li>Colabora con profesionales m\u00e9dicos de confianza para evaluar adecuadamente a sus clientes y ayudar a calcular los gastos totales.<\/li>\n<li>Colaborar con todas las partes implicadas para lograr un acuerdo justo en nombre de su cliente.<\/li>\n<\/ul>\n<h2><span class=\"ez-toc-section\" id=\"redlands-car-accidents-can-cause-severe-injuries\"><\/span>Los accidentes automovil\u00edsticos en Redlands pueden provocar lesiones graves<span class=\"ez-toc-section-end\"><\/span><\/h2>\n<p>Un accidente automovil\u00edstico puede ser una experiencia incre\u00edblemente aterradora, y no es raro que las v\u00edctimas de accidentes automovil\u00edsticos sufran lesiones graves. En Bentley &amp; More, LLP, nuestro equipo ayuda habitualmente a clientes que han sufrido lo siguiente en un accidente:<\/p>\n<ul>\n<li>Lesiones por latigazo cervical u otras lesiones en el cuello y la espalda<\/li>\n<li>Lesi\u00f3n medular con posible par\u00e1lisis<\/li>\n<li>Lesiones cerebrales traum\u00e1ticas<\/li>\n<li>Conmociones cerebrales<\/li>\n<li>Da\u00f1o en \u00f3rganos internos o hemorragia interna<\/li>\n<li>Huesos rotos o dislocados<\/li>\n<li>Laceraciones graves<\/li>\n<li>y m\u00e1s<\/li>\n<\/ul>\n<p>Seg\u00fan el <a href=\"https:\/\/www.ots.ca.gov\/\">California Oficina de Seguridad Vial<\/a>, sabemos que se registraron un total de 3.563 muertes por accidentes de tr\u00e1nsito y m\u00e1s de 272.000 heridos en accidentes de tr\u00e1nsito durante el \u00faltimo a\u00f1o del que se tienen datos disponibles en todo el estado. En muchos casos, estos accidentes son causados por la negligencia de otros conductores. Nuestros abogados especializados en accidentes automovil\u00edsticos en Redlands ayudan habitualmente a clientes que han resultado heridos porque otro conductor:<\/p>\n<ul>\n<li>Conduc\u00eda bajo los efectos del alcohol o las drogas<\/li>\n<li>Conduc\u00eda distra\u00eddo por su tel\u00e9fono celular u otro dispositivo electr\u00f3nico<\/li>\n<li>Incumplimiento de las normas de tr\u00e1nsito<\/li>\n<li>Conduc\u00eda a una velocidad excesiva para las condiciones del momento<\/li>\n<li>No cedi\u00f3 el paso<\/li>\n<\/ul>\n<h2><span class=\"ez-toc-section\" id=\"is-there-compensation-available-for-the-victim\"><\/span>\u00bfExiste alguna indemnizaci\u00f3n para la v\u00edctima?<span class=\"ez-toc-section-end\"><\/span><\/h2>\n<p>Si usted o un ser querido han resultado lesionados en un accidente automovil\u00edstico causado por la negligencia de otro conductor, es posible que tenga derecho a una indemnizaci\u00f3n considerable. Aunque no hay dos casos de accidentes automovil\u00edsticos iguales, el experto equipo legal de Bentley &amp; More, LLP suele ayudar a las v\u00edctimas a obtener lo siguiente:<\/p>\n<ul>\n<li>Cualquier gasto m\u00e9dico relacionado con un accidente<\/li>\n<li>Cualquier ingreso que una persona deje de percibir al no poder trabajar<\/li>\n<li>Gastos corrientes del hogar<\/li>\n<li>Indemnizaci\u00f3n por p\u00e9rdida de disfrute personal<\/li>\n<li>Indemnizaci\u00f3n por da\u00f1os y perjuicios por dolor y sufrimiento<\/li>\n<\/ul>\n<p>Si necesita un abogado especializado en accidentes automovil\u00edsticos en Redlands, puede ponerse en contacto con nosotros para una <a href=\"https:\/\/www.bentleymore.com\/es\/contactenos\/\">Consulta gratuita sobre su caso haciendo clic aqu\u00ed<\/a> o llamando al (949) 870-3800.<\/p>","protected":false},"excerpt":{"rendered":"<p>Car Accident Lawyer in Redlands, CA Car accident injuries can be devastating and leave victims with tremendous medical and out-of-pocket expenses. In the event you or a loved one are injured due to the negligence of another driver, you may need assistance from a Redlands car accident attorney. At Bentley &amp; More, LLP, our knowledgeable&#8230; <a href=\"https:\/\/www.bentleymore.com\/es\/redlands-car-accident-attorney\/\">Leer m\u00e1s<\/a><\/p>","protected":false},"author":4,"featured_media":0,"parent":0,"menu_order":0,"comment_status":"closed","ping_status":"closed","template":"","meta":{"_acf_changed":false,"footnotes":""},"class_list":["post-3217","page","type-page","status-publish","hentry"],"acf":[],"yoast_head":"<!-- This site is optimized with the Yoast SEO Premium plugin v26.7 (Yoast SEO v27.5) - https:\/\/yoast.com\/product\/yoast-seo-premium-wordpress\/ -->\n<title>Redlands Car Accident Attorney - Auto Accident Lawyer<\/title>\n<meta name=\"description\" content=\"Have you suffered injuries in a car accident? Contact the Redlands car accident attorneys at Bentley &amp; More LLP today for help with your case.\" \/>\n<meta name=\"robots\" content=\"index, follow, max-snippet:-1, max-image-preview:large, max-video-preview:-1\" \/>\n<link rel=\"canonical\" href=\"https:\/\/www.bentleymore.com\/es\/abogado-especializado-en-accidentes-automovilisticos-en-redlands\/\" \/>\n<meta property=\"og:locale\" content=\"es_MX\" \/>\n<meta property=\"og:type\" content=\"article\" \/>\n<meta property=\"og:title\" content=\"Redlands Car Accident Attorney\" \/>\n<meta property=\"og:description\" content=\"Have you suffered injuries in a car accident? Contact the Redlands car accident attorneys at Bentley &amp; More LLP today for help with your case.\" \/>\n<meta property=\"og:url\" content=\"https:\/\/www.bentleymore.com\/es\/abogado-especializado-en-accidentes-automovilisticos-en-redlands\/\" \/>\n<meta property=\"og:site_name\" content=\"Bentley &amp; More LLP\" \/>\n<meta property=\"article:publisher\" content=\"https:\/\/www.facebook.com\/BentleyMoreLLP\/\" \/>\n<meta property=\"article:modified_time\" content=\"2026-03-05T16:40:20+00:00\" \/>\n<meta property=\"og:image\" content=\"https:\/\/www.bentleymore.com\/wp-content\/uploads\/2023\/04\/logo.png\" \/>\n\t<meta property=\"og:image:width\" content=\"462\" \/>\n\t<meta property=\"og:image:height\" content=\"109\" \/>\n\t<meta property=\"og:image:type\" content=\"image\/png\" \/>\n<meta name=\"twitter:card\" content=\"summary_large_image\" \/>\n<meta name=\"twitter:site\" content=\"@bentleymore\" \/>\n<meta name=\"twitter:label1\" content=\"Tiempo de lectura\" \/>\n\t<meta name=\"twitter:data1\" content=\"3 minutos\" \/>\n<script type=\"application\/ld+json\" class=\"yoast-schema-graph\">{\"@context\":\"https:\\\/\\\/schema.org\",\"@graph\":[{\"@type\":\"WebPage\",\"@id\":\"https:\\\/\\\/www.bentleymore.com\\\/redlands-car-accident-attorney\\\/\",\"url\":\"https:\\\/\\\/www.bentleymore.com\\\/redlands-car-accident-attorney\\\/\",\"name\":\"Redlands Car Accident Attorney - Auto Accident Lawyer\",\"isPartOf\":{\"@id\":\"https:\\\/\\\/www.bentleymore.com\\\/#website\"},\"datePublished\":\"2020-07-13T19:35:55+00:00\",\"dateModified\":\"2026-03-05T16:40:20+00:00\",\"description\":\"Have you suffered injuries in a car accident? Contact the Redlands car accident attorneys at Bentley & More LLP today for help with your case.\",\"breadcrumb\":{\"@id\":\"https:\\\/\\\/www.bentleymore.com\\\/redlands-car-accident-attorney\\\/#breadcrumb\"},\"inLanguage\":\"es\",\"potentialAction\":[{\"@type\":\"ReadAction\",\"target\":[\"https:\\\/\\\/www.bentleymore.com\\\/redlands-car-accident-attorney\\\/\"]}]},{\"@type\":\"BreadcrumbList\",\"@id\":\"https:\\\/\\\/www.bentleymore.com\\\/redlands-car-accident-attorney\\\/#breadcrumb\",\"itemListElement\":[{\"@type\":\"ListItem\",\"position\":1,\"name\":\"Home\",\"item\":\"https:\\\/\\\/www.bentleymore.com\\\/\"},{\"@type\":\"ListItem\",\"position\":2,\"name\":\"Redlands Car Accident Attorney\"}]},{\"@type\":\"WebSite\",\"@id\":\"https:\\\/\\\/www.bentleymore.com\\\/#website\",\"url\":\"https:\\\/\\\/www.bentleymore.com\\\/\",\"name\":\"Bentley & More LLP\",\"description\":\"Real Trial Lawyers\",\"publisher\":{\"@id\":\"https:\\\/\\\/www.bentleymore.com\\\/#organization\"},\"alternateName\":\"Bentley & More\",\"potentialAction\":[{\"@type\":\"SearchAction\",\"target\":{\"@type\":\"EntryPoint\",\"urlTemplate\":\"https:\\\/\\\/www.bentleymore.com\\\/?s={search_term_string}\"},\"query-input\":{\"@type\":\"PropertyValueSpecification\",\"valueRequired\":true,\"valueName\":\"search_term_string\"}}],\"inLanguage\":\"es\"},{\"@type\":\"Organization\",\"@id\":\"https:\\\/\\\/www.bentleymore.com\\\/#organization\",\"name\":\"Bentley & More LLP\",\"alternateName\":\"Bentley & More\",\"url\":\"https:\\\/\\\/www.bentleymore.com\\\/\",\"logo\":{\"@type\":\"ImageObject\",\"inLanguage\":\"es\",\"@id\":\"https:\\\/\\\/www.bentleymore.com\\\/#\\\/schema\\\/logo\\\/image\\\/\",\"url\":\"https:\\\/\\\/www.bentleymore.com\\\/wp-content\\\/uploads\\\/2023\\\/04\\\/logo.png\",\"contentUrl\":\"https:\\\/\\\/www.bentleymore.com\\\/wp-content\\\/uploads\\\/2023\\\/04\\\/logo.png\",\"width\":462,\"height\":109,\"caption\":\"Bentley & More LLP\"},\"image\":{\"@id\":\"https:\\\/\\\/www.bentleymore.com\\\/#\\\/schema\\\/logo\\\/image\\\/\"},\"sameAs\":[\"https:\\\/\\\/www.facebook.com\\\/BentleyMoreLLP\\\/\",\"https:\\\/\\\/x.com\\\/bentleymore\",\"https:\\\/\\\/www.instagram.com\\\/bentleyandmorellp\\\/\",\"https:\\\/\\\/www.yelp.com\\\/biz\\\/bentley-and-more-irvine\",\"https:\\\/\\\/www.linkedin.com\\\/company\\\/bentley-&-more-llp\\\/\",\"https:\\\/\\\/maps.app.goo.gl\\\/RZrMqUo474ugpWBRA\",\"https:\\\/\\\/www.bestlawyers.com\\\/firms\\\/bentley-more-llp\\\/75461\\\/US\",\"https:\\\/\\\/www.orangecountylawyers.com\\\/attorneys\\\/bentley-more-llp\\\/\",\"https:\\\/\\\/profiles.superlawyers.com\\\/california\\\/newport-beach\\\/lawfirm\\\/bentley-and-more-llp\\\/ce1e2f49-0a84-468f-bc17-eade2a364682.html\",\"https:\\\/\\\/uphelp.org\\\/sponsors\\\/bentley-more-llp\\\/\",\"https:\\\/\\\/law.usnews.com\\\/law-firms\\\/bentley-&-more-llp-160536\",\"https:\\\/\\\/www.martindale.com\\\/organization\\\/bentley-more-llp-158828293\\\/newport-beach-california-161028413-f\\\/\",\"https:\\\/\\\/lawyers.findlaw.com\\\/profile\\\/lawfirm\\\/bentley--more-llp\\\/ca\\\/newport-beach\\\/NTAwMzkxM18x\",\"https:\\\/\\\/www.bestlawfirms.com\\\/firms\\\/bentley-more-llp\\\/75461\\\/US\",\"https:\\\/\\\/natlawreview.com\\\/organization\\\/bentley-more-llp\",\"https:\\\/\\\/bentley-more-llp.wheree.com\\\/\",\"https:\\\/\\\/www.callupcontact.com\\\/b\\\/businessprofile\\\/Bentley_amp_More_LLP\\\/9968345\"],\"telephone\":\"+19498703800\",\"legalName\":\"Bentley & More LLP\"}]}<\/script>\n<!-- \/ Yoast SEO Premium plugin. -->","yoast_head_json":{"title":"Abogado especializado en accidentes de tr\u00e1fico en Redlands - Abogado especializado en accidentes de autom\u00f3vil","description":"\u00bfHa sufrido lesiones en un accidente automovil\u00edstico? P\u00f3ngase en contacto hoy mismo con los abogados especializados en accidentes automovil\u00edsticos de Redlands de Bentley &amp; More LLP para que le ayuden con su caso.","robots":{"index":"index","follow":"follow","max-snippet":"max-snippet:-1","max-image-preview":"max-image-preview:large","max-video-preview":"max-video-preview:-1"},"canonical":"https:\/\/www.bentleymore.com\/es\/abogado-especializado-en-accidentes-automovilisticos-en-redlands\/","og_locale":"es_MX","og_type":"article","og_title":"Redlands Car Accident Attorney","og_description":"Have you suffered injuries in a car accident? Contact the Redlands car accident attorneys at Bentley & More LLP today for help with your case.","og_url":"https:\/\/www.bentleymore.com\/es\/abogado-especializado-en-accidentes-automovilisticos-en-redlands\/","og_site_name":"Bentley &amp; More LLP","article_publisher":"https:\/\/www.facebook.com\/BentleyMoreLLP\/","article_modified_time":"2026-03-05T16:40:20+00:00","og_image":[{"width":462,"height":109,"url":"https:\/\/www.bentleymore.com\/wp-content\/uploads\/2023\/04\/logo.png","type":"image\/png"}],"twitter_card":"summary_large_image","twitter_site":"@bentleymore","twitter_misc":{"Tiempo de lectura":"3 minutos"},"schema":{"@context":"https:\/\/schema.org","@graph":[{"@type":"WebPage","@id":"https:\/\/www.bentleymore.com\/redlands-car-accident-attorney\/","url":"https:\/\/www.bentleymore.com\/redlands-car-accident-attorney\/","name":"Abogado especializado en accidentes de tr\u00e1fico en Redlands - Abogado especializado en accidentes de autom\u00f3vil","isPartOf":{"@id":"https:\/\/www.bentleymore.com\/#website"},"datePublished":"2020-07-13T19:35:55+00:00","dateModified":"2026-03-05T16:40:20+00:00","description":"\u00bfHa sufrido lesiones en un accidente automovil\u00edstico? P\u00f3ngase en contacto hoy mismo con los abogados especializados en accidentes automovil\u00edsticos de Redlands de Bentley &amp; More LLP para que le ayuden con su caso.","breadcrumb":{"@id":"https:\/\/www.bentleymore.com\/redlands-car-accident-attorney\/#breadcrumb"},"inLanguage":"es","potentialAction":[{"@type":"ReadAction","target":["https:\/\/www.bentleymore.com\/redlands-car-accident-attorney\/"]}]},{"@type":"BreadcrumbList","@id":"https:\/\/www.bentleymore.com\/redlands-car-accident-attorney\/#breadcrumb","itemListElement":[{"@type":"ListItem","position":1,"name":"Home","item":"https:\/\/www.bentleymore.com\/"},{"@type":"ListItem","position":2,"name":"Redlands Car Accident Attorney"}]},{"@type":"WebSite","@id":"https:\/\/www.bentleymore.com\/#website","url":"https:\/\/www.bentleymore.com\/","name":"Bentley &amp; More LLP","description":"Abogados litigantes de verdad","publisher":{"@id":"https:\/\/www.bentleymore.com\/#organization"},"alternateName":"Bentley & More","potentialAction":[{"@type":"SearchAction","target":{"@type":"EntryPoint","urlTemplate":"https:\/\/www.bentleymore.com\/?s={search_term_string}"},"query-input":{"@type":"PropertyValueSpecification","valueRequired":true,"valueName":"search_term_string"}}],"inLanguage":"es"},{"@type":"Organization","@id":"https:\/\/www.bentleymore.com\/#organization","name":"Bentley &amp; More LLP","alternateName":"Bentley & More","url":"https:\/\/www.bentleymore.com\/","logo":{"@type":"ImageObject","inLanguage":"es","@id":"https:\/\/www.bentleymore.com\/#\/schema\/logo\/image\/","url":"https:\/\/www.bentleymore.com\/wp-content\/uploads\/2023\/04\/logo.png","contentUrl":"https:\/\/www.bentleymore.com\/wp-content\/uploads\/2023\/04\/logo.png","width":462,"height":109,"caption":"Bentley & More LLP"},"image":{"@id":"https:\/\/www.bentleymore.com\/#\/schema\/logo\/image\/"},"sameAs":["https:\/\/www.facebook.com\/BentleyMoreLLP\/","https:\/\/x.com\/bentleymore","https:\/\/www.instagram.com\/bentleyandmorellp\/","https:\/\/www.yelp.com\/biz\/bentley-and-more-irvine","https:\/\/www.linkedin.com\/company\/bentley-&-more-llp\/","https:\/\/maps.app.goo.gl\/RZrMqUo474ugpWBRA","https:\/\/www.bestlawyers.com\/firms\/bentley-more-llp\/75461\/US","https:\/\/www.orangecountylawyers.com\/attorneys\/bentley-more-llp\/","https:\/\/profiles.superlawyers.com\/california\/newport-beach\/lawfirm\/bentley-and-more-llp\/ce1e2f49-0a84-468f-bc17-eade2a364682.html","https:\/\/uphelp.org\/sponsors\/bentley-more-llp\/","https:\/\/law.usnews.com\/law-firms\/bentley-&-more-llp-160536","https:\/\/www.martindale.com\/organization\/bentley-more-llp-158828293\/newport-beach-california-161028413-f\/","https:\/\/lawyers.findlaw.com\/profile\/lawfirm\/bentley--more-llp\/ca\/newport-beach\/NTAwMzkxM18x","https:\/\/www.bestlawfirms.com\/firms\/bentley-more-llp\/75461\/US","https:\/\/natlawreview.com\/organization\/bentley-more-llp","https:\/\/bentley-more-llp.wheree.com\/","https:\/\/www.callupcontact.com\/b\/businessprofile\/Bentley_amp_More_LLP\/9968345"],"telephone":"+19498703800","legalName":"Bentley & More LLP"}]}},"_links":{"self":[{"href":"https:\/\/www.bentleymore.com\/es\/wp-json\/wp\/v2\/pages\/3217","targetHints":{"allow":["GET"]}}],"collection":[{"href":"https:\/\/www.bentleymore.com\/es\/wp-json\/wp\/v2\/pages"}],"about":[{"href":"https:\/\/www.bentleymore.com\/es\/wp-json\/wp\/v2\/types\/page"}],"author":[{"embeddable":true,"href":"https:\/\/www.bentleymore.com\/es\/wp-json\/wp\/v2\/users\/4"}],"replies":[{"embeddable":true,"href":"https:\/\/www.bentleymore.com\/es\/wp-json\/wp\/v2\/comments?post=3217"}],"version-history":[{"count":1,"href":"https:\/\/www.bentleymore.com\/es\/wp-json\/wp\/v2\/pages\/3217\/revisions"}],"predecessor-version":[{"id":7453,"href":"https:\/\/www.bentleymore.com\/es\/wp-json\/wp\/v2\/pages\/3217\/revisions\/7453"}],"wp:attachment":[{"href":"https:\/\/www.bentleymore.com\/es\/wp-json\/wp\/v2\/media?parent=3217"}],"curies":[{"name":"wp","href":"https:\/\/api.w.org\/{rel}","templated":true}]}}