{"id":3220,"date":"2020-07-13T12:48:03","date_gmt":"2020-07-13T19:48:03","guid":{"rendered":"https:\/\/www.bentleymore.com\/?page_id=3220"},"modified":"2026-03-03T01:11:18","modified_gmt":"2026-03-03T08:11:18","slug":"abogado-especializado-en-lesiones-personales-en-upland","status":"publish","type":"page","link":"https:\/\/www.bentleymore.com\/es\/upland-personal-injury-lawyer\/","title":{"rendered":"Abogado especializado en lesiones personales en Upland"},"content":{"rendered":"<div id=\"ez-toc-container\" class=\"ez-toc-v2_0_82_2 counter-hierarchy ez-toc-counter ez-toc-transparent ez-toc-container-direction\">\n<div class=\"ez-toc-title-container\">\n<p class=\"ez-toc-title ez-toc-toggle\" style=\"cursor:pointer\">\u00cdndice<\/p>\n<span class=\"ez-toc-title-toggle\"><a href=\"#\" class=\"ez-toc-pull-right ez-toc-btn ez-toc-btn-xs ez-toc-btn-default ez-toc-toggle\" aria-label=\"Toggle Table of Content\"><span class=\"ez-toc-js-icon-con\"><span class=\"\"><span class=\"eztoc-hide\" style=\"display:none;\">Alternar<\/span><span class=\"ez-toc-icon-toggle-span\"><svg style=\"fill: #999;color:#999\" xmlns=\"http:\/\/www.w3.org\/2000\/svg\" class=\"list-377408\" width=\"20px\" height=\"20px\" viewbox=\"0 0 24 24\" fill=\"none\"><path d=\"M6 6H4v2h2V6zm14 0H8v2h12V6zM4 11h2v2H4v-2zm16 0H8v2h12v-2zM4 16h2v2H4v-2zm16 0H8v2h12v-2z\" fill=\"currentColor\"><\/path><\/svg><svg style=\"fill: #999;color:#999\" class=\"arrow-unsorted-368013\" xmlns=\"http:\/\/www.w3.org\/2000\/svg\" width=\"10px\" height=\"10px\" viewbox=\"0 0 24 24\" version=\"1.2\" baseprofile=\"tiny\"><path d=\"M18.2 9.3l-6.2-6.3-6.2 6.3c-.2.2-.3.4-.3.7s.1.5.3.7c.2.2.4.3.7.3h11c.3 0 .5-.1.7-.3.2-.2.3-.5.3-.7s-.1-.5-.3-.7zM5.8 14.7l6.2 6.3 6.2-6.3c.2-.2.3-.5.3-.7s-.1-.5-.3-.7c-.2-.2-.4-.3-.7-.3h-11c-.3 0-.5.1-.7.3-.2.2-.3.5-.3.7s.1.5.3.7z\"\/><\/svg><\/span><\/span><\/span><\/a><\/span><\/div>\n<nav><ul class='ez-toc-list ez-toc-list-level-1 eztoc-toggle-hide-by-default' ><li class='ez-toc-page-1 ez-toc-heading-level-2'><a class=\"ez-toc-link ez-toc-heading-1\" href=\"https:\/\/www.bentleymore.com\/es\/upland-personal-injury-lawyer\/#personal-injury-attorney-in-upland-ca\" >Abogado especializado en lesiones personales en Upland, California<\/a><\/li><li class='ez-toc-page-1 ez-toc-heading-level-2'><a class=\"ez-toc-link ez-toc-heading-2\" href=\"https:\/\/www.bentleymore.com\/es\/upland-personal-injury-lawyer\/#why-choose-bentley-more-llp-for-your-upland-personal-injury-case\" >\u00bfPor qu\u00e9 elegir a Bentley &amp; More, LLP para su caso de lesiones personales en Upland?<\/a><\/li><li class='ez-toc-page-1 ez-toc-heading-level-2'><a class=\"ez-toc-link ez-toc-heading-3\" href=\"https:\/\/www.bentleymore.com\/es\/upland-personal-injury-lawyer\/#how-will-an-upland-injury-attorney-help-your-case\" >\u00bfC\u00f3mo puede ayudarte un abogado especializado en lesiones de Upland con tu caso?<\/a><\/li><li class='ez-toc-page-1 ez-toc-heading-level-2'><a class=\"ez-toc-link ez-toc-heading-4\" href=\"https:\/\/www.bentleymore.com\/es\/upland-personal-injury-lawyer\/#personal-injuries-can-have-long-lasting-impacts-on-upland-victims\" >Las lesiones personales pueden tener consecuencias duraderas para las v\u00edctimas de Upland<\/a><\/li><li class='ez-toc-page-1 ez-toc-heading-level-2'><a class=\"ez-toc-link ez-toc-heading-5\" href=\"https:\/\/www.bentleymore.com\/es\/upland-personal-injury-lawyer\/#what-kind-of-compensation-is-available-in-upland\" >\u00bfQu\u00e9 tipo de indemnizaci\u00f3n se ofrece en Upland?<\/a><\/li><\/ul><\/nav><\/div>\n<h2><span class=\"ez-toc-section\" id=\"personal-injury-attorney-in-upland-ca\"><\/span><span data-sheets-root=\"1\">Abogado especializado en lesiones personales en Upland, California<\/span><span class=\"ez-toc-section-end\"><\/span><\/h2>\n<p>Las lesiones personales pueden suponer un duro rev\u00e9s para las v\u00edctimas. Una persona que haya sufrido da\u00f1os por la negligencia de otra no solo tendr\u00e1 que hacer frente a enormes gastos m\u00e9dicos, sino que tambi\u00e9n podr\u00eda sufrir discapacidades a largo plazo. En <a href=\"\/es\/\">Bentley &amp; More, LLP<\/a>, nuestro equipo de profesionales cualificados y con amplia experiencia est\u00e1 a su disposici\u00f3n para ayudarle cuando necesite un abogado especializado en lesiones personales en Upland. Contamos con los recursos necesarios para llevar a cabo una investigaci\u00f3n exhaustiva de su caso con el fin de obtener la m\u00e1xima indemnizaci\u00f3n.<\/p>\n<h2><span class=\"ez-toc-section\" id=\"why-choose-bentley-more-llp-for-your-upland-personal-injury-case\"><\/span>\u00bfPor qu\u00e9 elegir a Bentley &amp; More, LLP para su caso de lesiones personales en Upland?<span class=\"ez-toc-section-end\"><\/span><\/h2>\n<p>Si ha sufrido una lesi\u00f3n grave causada por un tercero, acuda a un equipo con amplia experiencia en el manejo de estos casos. Bentley &amp; More, LLP est\u00e1 listo para ponerse manos a la obra.<\/p>\n<ul>\n<li>Nuestro equipo cuenta con amplios recursos que podemos aplicar a cada caso de lesiones personales en Upland, lo que significa que tenemos la capacidad de llevar a cabo investigaciones exhaustivas sobre el incidente.<\/li>\n<li>Tratamos a cada cliente con respeto y dignidad, y nos tomamos el tiempo necesario para conocer sus objetivos y necesidades.<\/li>\n<li>Aceptamos todos los casos de lesiones personales en Upland con honorarios contingentes, lo que significa que nuestros clientes no pagar\u00e1n ning\u00fan gasto legal hasta que consigamos la indemnizaci\u00f3n que necesitan mediante un acuerdo o veredicto favorable.<\/li>\n<\/ul>\n<h2><span class=\"ez-toc-section\" id=\"how-will-an-upland-injury-attorney-help-your-case\"><\/span>\u00bfC\u00f3mo puede ayudarte un abogado especializado en lesiones de Upland con tu caso?<span class=\"ez-toc-section-end\"><\/span><\/h2>\n<p>Cuando contratas a un abogado especializado en lesiones personales en Upland, lo haces porque este cuenta con los recursos necesarios para llevar a cabo una investigaci\u00f3n exhaustiva del incidente que te caus\u00f3 las lesiones. Un abogado puede:<\/p>\n<ul>\n<li>Re\u00fana todas las pruebas que demuestren la responsabilidad en su caso, incluyendo im\u00e1genes de c\u00e1maras de vigilancia, informes del accidente, declaraciones de testigos presenciales y dem\u00e1s.<\/li>\n<li>Aseg\u00farese de que su cliente sea evaluado por un profesional m\u00e9dico de confianza, quien tambi\u00e9n le ayudar\u00e1 a calcular sus gastos totales.<\/li>\n<li>Negociar con todas las partes implicadas para alcanzar un acuerdo justo en nombre de su cliente.<\/li>\n<\/ul>\n<h2><span class=\"ez-toc-section\" id=\"personal-injuries-can-have-long-lasting-impacts-on-upland-victims\"><\/span>Las lesiones personales pueden tener consecuencias duraderas para las v\u00edctimas de Upland<span class=\"ez-toc-section-end\"><\/span><\/h2>\n<p>Los casos de lesiones personales se producen cuando las acciones imprudentes, negligentes o intencionales de otra persona o entidad causan da\u00f1os a otra persona. En estos casos, las v\u00edctimas deben poder obtener una indemnizaci\u00f3n por sus p\u00e9rdidas. En Bentley &amp; More, LLP, nuestro equipo cuenta con una amplia experiencia en ayudar a clientes que han sufrido da\u00f1os de diversa \u00edndole en toda la zona de Upland. Esto incluye los siguientes incidentes:<\/p>\n<ul>\n<li>Accidentes de tr\u00e1fico<\/li>\n<li><a href=\"https:\/\/www.bentleymore.com\/es\/abogado-especializado-en-accidentes-de-camiones-en-el-condado-de-orange\/\">Accidentes de camiones<\/a><\/li>\n<li><a href=\"https:\/\/www.bentleymore.com\/es\/abogado-especializado-en-accidentes-de-bicicleta-en-el-condado-de-orange\/\">Accidentes de bicicleta<\/a><\/li>\n<li><a href=\"https:\/\/www.bentleymore.com\/es\/abogado-especializado-en-accidentes-de-peatones-en-el-condado-de-orange\/\">Accidentes de peatones<\/a><\/li>\n<li><a href=\"\/es\/abogado-especializado-en-accidentes-de-motocicleta-en-el-condado-de-orange\/\">Accidentes de motocicleta<\/a><\/li>\n<li><a href=\"\/es\/abogados-especializados-en-indemnizaciones-por-accidentes-laborales-en-el-condado-de-orange\/\">Accidentes laborales<\/a><\/li>\n<li><a href=\"https:\/\/www.bentleymore.com\/es\/abogado-especializado-en-accidentes-de-construccion-en-irvine\/\">Accidentes de construcci\u00f3n<\/a><\/li>\n<li><a href=\"https:\/\/www.bentleymore.com\/es\/abogado-especializado-en-accidentes-de-cuatrimotos-en-santa-ana\/\">Accidentes de cuatrimotos<\/a><\/li>\n<li>Mordeduras de perro<\/li>\n<li><a href=\"https:\/\/www.bentleymore.com\/es\/abogado-especializado-en-casos-de-maltrato-en-residencias-de-ancianos-en-irvine\/\">Abuso y negligencia en residencias de ancianos<\/a><\/li>\n<li><a href=\"https:\/\/www.bentleymore.com\/es\/abogado-especializado-en-resbalones-y-caidas-en-santa-ana\/\">Accidentes por resbalones y ca\u00eddas<\/a><\/li>\n<li><a href=\"https:\/\/www.bentleymore.com\/es\/abogado-especializado-en-responsabilidad-civil-por-las-instalaciones-en-santa-ana\/\">Negligencia del propietario<\/a><\/li>\n<li><a href=\"https:\/\/www.bentleymore.com\/es\/abogado-especializado-en-responsabilidad-por-productos-defectuosos-en-santa-ana\/\">Casos de productos defectuosos<\/a><\/li>\n<li><a href=\"\/es\/abogado-especializado-en-explosiones-de-cigarrillos-electronicos-en-el-condado-de-orange\/\">Explosiones de cigarrillos electr\u00f3nicos<\/a><\/li>\n<\/ul>\n<p>Las lesiones que se producen en estos incidentes pueden ser desde relativamente leves hasta graves. Nuestro <a href=\"https:\/\/www.bentleymore.com\/es\/abogado-especializado-en-lesiones-personales-en-el-condado-de-orange\/\">Orange County, abogados especializados en lesiones personales<\/a> Tenga en cuenta que las v\u00edctimas que sufren las siguientes lesiones pueden incurrir en gastos m\u00e9dicos muy elevados:<\/p>\n<ul>\n<li>Huesos rotos o dislocados<\/li>\n<li>Lesiones por amputaci\u00f3n<\/li>\n<li>Lesiones cerebrales traum\u00e1ticas<\/li>\n<li>Lesi\u00f3n medular<\/li>\n<li>Quemaduras graves<\/li>\n<li>Hemorragia interna<\/li>\n<li>Da\u00f1o en los \u00f3rganos internos<\/li>\n<li>Laceraciones graves o heridas punzantes<\/li>\n<\/ul>\n<p>Nuestro equipo tambi\u00e9n ayuda a los clientes que sufren lesiones causadas por una exposici\u00f3n prolongada, especialmente en el lugar de trabajo. Esto puede incluir lesiones por movimientos repetitivos, como el s\u00edndrome del t\u00fanel carpiano, as\u00ed como da\u00f1os respiratorios, p\u00e9rdida de la audici\u00f3n y de la visi\u00f3n, c\u00e1nceres ocupacionales y otras afecciones.<\/p>\n<h2><span class=\"ez-toc-section\" id=\"what-kind-of-compensation-is-available-in-upland\"><\/span>\u00bfQu\u00e9 tipo de indemnizaci\u00f3n se ofrece en Upland?<span class=\"ez-toc-section-end\"><\/span><\/h2>\n<p>Si usted o un ser querido ha sufrido una lesi\u00f3n causada por la negligencia de un tercero en Upland, California, es posible que tenga derecho a recibir diversos tipos de indemnizaci\u00f3n por su reclamo. En Bentley &amp; More, LLP, nuestro equipo de profesionales ayuda habitualmente a v\u00edctimas de lesiones personales en estos casos, y nuestro objetivo es conseguir lo siguiente:<\/p>\n<ul>\n<li>Cobertura de todos los gastos m\u00e9dicos relacionados con lesiones<\/li>\n<li>Los ingresos perdidos se producen cuando una v\u00edctima no puede trabajar<\/li>\n<li>Cualquier gasto de bolsillo ocasionado por el incidente<\/li>\n<li>Indemnizaci\u00f3n por da\u00f1os y perjuicios por dolor y sufrimiento<\/li>\n<li>Indemnizaci\u00f3n por p\u00e9rdida del disfrute de la vida<\/li>\n<\/ul>\n<p>Si necesita un abogado especializado en lesiones personales en Upland, puede ponerse en contacto con nosotros para una <a href=\"https:\/\/www.bentleymore.com\/es\/contactenos\/\">Consulta gratuita sobre su caso haciendo clic aqu\u00ed<\/a> o llamando al <strong>(949) 870-3800<\/strong>.<\/p>","protected":false},"excerpt":{"rendered":"<p>Personal Injury Attorney in Upland, CA Personal injuries can lead to significant setbacks for victims. Not only will a person harmed due to the negligence of somebody else be left with tremendous medical bills, but they could face long-term disabilities. At Bentley &amp; More, LLP, our skilled and experienced team is here to help when&#8230; <a href=\"https:\/\/www.bentleymore.com\/es\/upland-personal-injury-lawyer\/\">Leer m\u00e1s<\/a><\/p>","protected":false},"author":4,"featured_media":0,"parent":0,"menu_order":0,"comment_status":"closed","ping_status":"closed","template":"","meta":{"_acf_changed":false,"footnotes":""},"class_list":["post-3220","page","type-page","status-publish","hentry"],"acf":[],"yoast_head":"<!-- This site is optimized with the Yoast SEO Premium plugin v26.7 (Yoast SEO v27.5) - https:\/\/yoast.com\/product\/yoast-seo-premium-wordpress\/ -->\n<title>Upland Personal Injury Lawyer - Free Consultation<\/title>\n<meta name=\"description\" content=\"Want Upland Personal Injury Lawyer after negligence? Bentley &amp; More LLP. fights for maximum compensation. Schedule free consultation.\" \/>\n<meta name=\"robots\" content=\"index, follow, max-snippet:-1, max-image-preview:large, max-video-preview:-1\" \/>\n<link rel=\"canonical\" href=\"https:\/\/www.bentleymore.com\/es\/abogado-especializado-en-lesiones-personales-en-upland\/\" \/>\n<meta property=\"og:locale\" content=\"es_MX\" \/>\n<meta property=\"og:type\" content=\"article\" \/>\n<meta property=\"og:title\" content=\"Upland Personal Injury Lawyer\" \/>\n<meta property=\"og:description\" content=\"Want Upland Personal Injury Lawyer after negligence? Bentley &amp; More LLP. fights for maximum compensation. Schedule free consultation.\" \/>\n<meta property=\"og:url\" content=\"https:\/\/www.bentleymore.com\/es\/abogado-especializado-en-lesiones-personales-en-upland\/\" \/>\n<meta property=\"og:site_name\" content=\"Bentley &amp; More LLP\" \/>\n<meta property=\"article:publisher\" content=\"https:\/\/www.facebook.com\/BentleyMoreLLP\/\" \/>\n<meta property=\"article:modified_time\" content=\"2026-03-03T08:11:18+00:00\" \/>\n<meta property=\"og:image\" content=\"https:\/\/www.bentleymore.com\/wp-content\/uploads\/2023\/04\/logo.png\" \/>\n\t<meta property=\"og:image:width\" content=\"462\" \/>\n\t<meta property=\"og:image:height\" content=\"109\" \/>\n\t<meta property=\"og:image:type\" content=\"image\/png\" \/>\n<meta name=\"twitter:card\" content=\"summary_large_image\" \/>\n<meta name=\"twitter:site\" content=\"@bentleymore\" \/>\n<meta name=\"twitter:label1\" content=\"Tiempo de lectura\" \/>\n\t<meta name=\"twitter:data1\" content=\"3 minutos\" \/>\n<script type=\"application\/ld+json\" class=\"yoast-schema-graph\">{\"@context\":\"https:\\\/\\\/schema.org\",\"@graph\":[{\"@type\":\"WebPage\",\"@id\":\"https:\\\/\\\/www.bentleymore.com\\\/upland-personal-injury-lawyer\\\/\",\"url\":\"https:\\\/\\\/www.bentleymore.com\\\/upland-personal-injury-lawyer\\\/\",\"name\":\"Upland Personal Injury Lawyer - Free Consultation\",\"isPartOf\":{\"@id\":\"https:\\\/\\\/www.bentleymore.com\\\/#website\"},\"datePublished\":\"2020-07-13T19:48:03+00:00\",\"dateModified\":\"2026-03-03T08:11:18+00:00\",\"description\":\"Want Upland Personal Injury Lawyer after negligence? Bentley & More LLP. fights for maximum compensation. Schedule free consultation.\",\"breadcrumb\":{\"@id\":\"https:\\\/\\\/www.bentleymore.com\\\/upland-personal-injury-lawyer\\\/#breadcrumb\"},\"inLanguage\":\"es\",\"potentialAction\":[{\"@type\":\"ReadAction\",\"target\":[\"https:\\\/\\\/www.bentleymore.com\\\/upland-personal-injury-lawyer\\\/\"]}]},{\"@type\":\"BreadcrumbList\",\"@id\":\"https:\\\/\\\/www.bentleymore.com\\\/upland-personal-injury-lawyer\\\/#breadcrumb\",\"itemListElement\":[{\"@type\":\"ListItem\",\"position\":1,\"name\":\"Home\",\"item\":\"https:\\\/\\\/www.bentleymore.com\\\/\"},{\"@type\":\"ListItem\",\"position\":2,\"name\":\"Upland Personal Injury Lawyer\"}]},{\"@type\":\"WebSite\",\"@id\":\"https:\\\/\\\/www.bentleymore.com\\\/#website\",\"url\":\"https:\\\/\\\/www.bentleymore.com\\\/\",\"name\":\"Bentley & More LLP\",\"description\":\"Real Trial Lawyers\",\"publisher\":{\"@id\":\"https:\\\/\\\/www.bentleymore.com\\\/#organization\"},\"alternateName\":\"Bentley & More\",\"potentialAction\":[{\"@type\":\"SearchAction\",\"target\":{\"@type\":\"EntryPoint\",\"urlTemplate\":\"https:\\\/\\\/www.bentleymore.com\\\/?s={search_term_string}\"},\"query-input\":{\"@type\":\"PropertyValueSpecification\",\"valueRequired\":true,\"valueName\":\"search_term_string\"}}],\"inLanguage\":\"es\"},{\"@type\":\"Organization\",\"@id\":\"https:\\\/\\\/www.bentleymore.com\\\/#organization\",\"name\":\"Bentley & More LLP\",\"alternateName\":\"Bentley & More\",\"url\":\"https:\\\/\\\/www.bentleymore.com\\\/\",\"logo\":{\"@type\":\"ImageObject\",\"inLanguage\":\"es\",\"@id\":\"https:\\\/\\\/www.bentleymore.com\\\/#\\\/schema\\\/logo\\\/image\\\/\",\"url\":\"https:\\\/\\\/www.bentleymore.com\\\/wp-content\\\/uploads\\\/2023\\\/04\\\/logo.png\",\"contentUrl\":\"https:\\\/\\\/www.bentleymore.com\\\/wp-content\\\/uploads\\\/2023\\\/04\\\/logo.png\",\"width\":462,\"height\":109,\"caption\":\"Bentley & More LLP\"},\"image\":{\"@id\":\"https:\\\/\\\/www.bentleymore.com\\\/#\\\/schema\\\/logo\\\/image\\\/\"},\"sameAs\":[\"https:\\\/\\\/www.facebook.com\\\/BentleyMoreLLP\\\/\",\"https:\\\/\\\/x.com\\\/bentleymore\",\"https:\\\/\\\/www.instagram.com\\\/bentleyandmorellp\\\/\",\"https:\\\/\\\/www.yelp.com\\\/biz\\\/bentley-and-more-irvine\",\"https:\\\/\\\/www.linkedin.com\\\/company\\\/bentley-&-more-llp\\\/\",\"https:\\\/\\\/maps.app.goo.gl\\\/RZrMqUo474ugpWBRA\",\"https:\\\/\\\/www.bestlawyers.com\\\/firms\\\/bentley-more-llp\\\/75461\\\/US\",\"https:\\\/\\\/www.orangecountylawyers.com\\\/attorneys\\\/bentley-more-llp\\\/\",\"https:\\\/\\\/profiles.superlawyers.com\\\/california\\\/newport-beach\\\/lawfirm\\\/bentley-and-more-llp\\\/ce1e2f49-0a84-468f-bc17-eade2a364682.html\",\"https:\\\/\\\/uphelp.org\\\/sponsors\\\/bentley-more-llp\\\/\",\"https:\\\/\\\/law.usnews.com\\\/law-firms\\\/bentley-&-more-llp-160536\",\"https:\\\/\\\/www.martindale.com\\\/organization\\\/bentley-more-llp-158828293\\\/newport-beach-california-161028413-f\\\/\",\"https:\\\/\\\/lawyers.findlaw.com\\\/profile\\\/lawfirm\\\/bentley--more-llp\\\/ca\\\/newport-beach\\\/NTAwMzkxM18x\",\"https:\\\/\\\/www.bestlawfirms.com\\\/firms\\\/bentley-more-llp\\\/75461\\\/US\",\"https:\\\/\\\/natlawreview.com\\\/organization\\\/bentley-more-llp\",\"https:\\\/\\\/bentley-more-llp.wheree.com\\\/\",\"https:\\\/\\\/www.callupcontact.com\\\/b\\\/businessprofile\\\/Bentley_amp_More_LLP\\\/9968345\"],\"telephone\":\"+19498703800\",\"legalName\":\"Bentley & More LLP\"}]}<\/script>\n<!-- \/ Yoast SEO Premium plugin. -->","yoast_head_json":{"title":"Abogado especializado en lesiones personales en Upland - Consulta gratuita","description":"\u00bfNecesita un abogado especializado en lesiones personales en Upland tras un caso de negligencia? Bentley &amp; More LLP lucha para conseguir la m\u00e1xima indemnizaci\u00f3n. Concierte una consulta gratuita.","robots":{"index":"index","follow":"follow","max-snippet":"max-snippet:-1","max-image-preview":"max-image-preview:large","max-video-preview":"max-video-preview:-1"},"canonical":"https:\/\/www.bentleymore.com\/es\/abogado-especializado-en-lesiones-personales-en-upland\/","og_locale":"es_MX","og_type":"article","og_title":"Upland Personal Injury Lawyer","og_description":"Want Upland Personal Injury Lawyer after negligence? Bentley & More LLP. fights for maximum compensation. Schedule free consultation.","og_url":"https:\/\/www.bentleymore.com\/es\/abogado-especializado-en-lesiones-personales-en-upland\/","og_site_name":"Bentley &amp; More LLP","article_publisher":"https:\/\/www.facebook.com\/BentleyMoreLLP\/","article_modified_time":"2026-03-03T08:11:18+00:00","og_image":[{"width":462,"height":109,"url":"https:\/\/www.bentleymore.com\/wp-content\/uploads\/2023\/04\/logo.png","type":"image\/png"}],"twitter_card":"summary_large_image","twitter_site":"@bentleymore","twitter_misc":{"Tiempo de lectura":"3 minutos"},"schema":{"@context":"https:\/\/schema.org","@graph":[{"@type":"WebPage","@id":"https:\/\/www.bentleymore.com\/upland-personal-injury-lawyer\/","url":"https:\/\/www.bentleymore.com\/upland-personal-injury-lawyer\/","name":"Abogado especializado en lesiones personales en Upland - Consulta gratuita","isPartOf":{"@id":"https:\/\/www.bentleymore.com\/#website"},"datePublished":"2020-07-13T19:48:03+00:00","dateModified":"2026-03-03T08:11:18+00:00","description":"\u00bfNecesita un abogado especializado en lesiones personales en Upland tras un caso de negligencia? Bentley &amp; More LLP lucha para conseguir la m\u00e1xima indemnizaci\u00f3n. Concierte una consulta gratuita.","breadcrumb":{"@id":"https:\/\/www.bentleymore.com\/upland-personal-injury-lawyer\/#breadcrumb"},"inLanguage":"es","potentialAction":[{"@type":"ReadAction","target":["https:\/\/www.bentleymore.com\/upland-personal-injury-lawyer\/"]}]},{"@type":"BreadcrumbList","@id":"https:\/\/www.bentleymore.com\/upland-personal-injury-lawyer\/#breadcrumb","itemListElement":[{"@type":"ListItem","position":1,"name":"Home","item":"https:\/\/www.bentleymore.com\/"},{"@type":"ListItem","position":2,"name":"Upland Personal Injury Lawyer"}]},{"@type":"WebSite","@id":"https:\/\/www.bentleymore.com\/#website","url":"https:\/\/www.bentleymore.com\/","name":"Bentley &amp; More LLP","description":"Abogados litigantes de verdad","publisher":{"@id":"https:\/\/www.bentleymore.com\/#organization"},"alternateName":"Bentley & More","potentialAction":[{"@type":"SearchAction","target":{"@type":"EntryPoint","urlTemplate":"https:\/\/www.bentleymore.com\/?s={search_term_string}"},"query-input":{"@type":"PropertyValueSpecification","valueRequired":true,"valueName":"search_term_string"}}],"inLanguage":"es"},{"@type":"Organization","@id":"https:\/\/www.bentleymore.com\/#organization","name":"Bentley &amp; More LLP","alternateName":"Bentley & More","url":"https:\/\/www.bentleymore.com\/","logo":{"@type":"ImageObject","inLanguage":"es","@id":"https:\/\/www.bentleymore.com\/#\/schema\/logo\/image\/","url":"https:\/\/www.bentleymore.com\/wp-content\/uploads\/2023\/04\/logo.png","contentUrl":"https:\/\/www.bentleymore.com\/wp-content\/uploads\/2023\/04\/logo.png","width":462,"height":109,"caption":"Bentley & More LLP"},"image":{"@id":"https:\/\/www.bentleymore.com\/#\/schema\/logo\/image\/"},"sameAs":["https:\/\/www.facebook.com\/BentleyMoreLLP\/","https:\/\/x.com\/bentleymore","https:\/\/www.instagram.com\/bentleyandmorellp\/","https:\/\/www.yelp.com\/biz\/bentley-and-more-irvine","https:\/\/www.linkedin.com\/company\/bentley-&-more-llp\/","https:\/\/maps.app.goo.gl\/RZrMqUo474ugpWBRA","https:\/\/www.bestlawyers.com\/firms\/bentley-more-llp\/75461\/US","https:\/\/www.orangecountylawyers.com\/attorneys\/bentley-more-llp\/","https:\/\/profiles.superlawyers.com\/california\/newport-beach\/lawfirm\/bentley-and-more-llp\/ce1e2f49-0a84-468f-bc17-eade2a364682.html","https:\/\/uphelp.org\/sponsors\/bentley-more-llp\/","https:\/\/law.usnews.com\/law-firms\/bentley-&-more-llp-160536","https:\/\/www.martindale.com\/organization\/bentley-more-llp-158828293\/newport-beach-california-161028413-f\/","https:\/\/lawyers.findlaw.com\/profile\/lawfirm\/bentley--more-llp\/ca\/newport-beach\/NTAwMzkxM18x","https:\/\/www.bestlawfirms.com\/firms\/bentley-more-llp\/75461\/US","https:\/\/natlawreview.com\/organization\/bentley-more-llp","https:\/\/bentley-more-llp.wheree.com\/","https:\/\/www.callupcontact.com\/b\/businessprofile\/Bentley_amp_More_LLP\/9968345"],"telephone":"+19498703800","legalName":"Bentley & More LLP"}]}},"_links":{"self":[{"href":"https:\/\/www.bentleymore.com\/es\/wp-json\/wp\/v2\/pages\/3220","targetHints":{"allow":["GET"]}}],"collection":[{"href":"https:\/\/www.bentleymore.com\/es\/wp-json\/wp\/v2\/pages"}],"about":[{"href":"https:\/\/www.bentleymore.com\/es\/wp-json\/wp\/v2\/types\/page"}],"author":[{"embeddable":true,"href":"https:\/\/www.bentleymore.com\/es\/wp-json\/wp\/v2\/users\/4"}],"replies":[{"embeddable":true,"href":"https:\/\/www.bentleymore.com\/es\/wp-json\/wp\/v2\/comments?post=3220"}],"version-history":[{"count":2,"href":"https:\/\/www.bentleymore.com\/es\/wp-json\/wp\/v2\/pages\/3220\/revisions"}],"predecessor-version":[{"id":7331,"href":"https:\/\/www.bentleymore.com\/es\/wp-json\/wp\/v2\/pages\/3220\/revisions\/7331"}],"wp:attachment":[{"href":"https:\/\/www.bentleymore.com\/es\/wp-json\/wp\/v2\/media?parent=3220"}],"curies":[{"name":"wp","href":"https:\/\/api.w.org\/{rel}","templated":true}]}}