{"id":3332,"date":"2020-08-17T14:50:44","date_gmt":"2020-08-17T21:50:44","guid":{"rendered":"https:\/\/www.bentleymore.com\/?page_id=3332"},"modified":"2026-03-03T01:37:19","modified_gmt":"2026-03-03T08:37:19","slug":"abogado-especializado-en-accidentes-de-trafico-en-upland","status":"publish","type":"page","link":"https:\/\/www.bentleymore.com\/es\/upland-car-accident-attorney\/","title":{"rendered":"Abogado especializado en accidentes de tr\u00e1fico en Upland"},"content":{"rendered":"<div id=\"ez-toc-container\" class=\"ez-toc-v2_0_82_2 counter-hierarchy ez-toc-counter ez-toc-transparent ez-toc-container-direction\">\n<div class=\"ez-toc-title-container\">\n<p class=\"ez-toc-title ez-toc-toggle\" style=\"cursor:pointer\">\u00cdndice<\/p>\n<span class=\"ez-toc-title-toggle\"><a href=\"#\" class=\"ez-toc-pull-right ez-toc-btn ez-toc-btn-xs ez-toc-btn-default ez-toc-toggle\" aria-label=\"Toggle Table of Content\"><span class=\"ez-toc-js-icon-con\"><span class=\"\"><span class=\"eztoc-hide\" style=\"display:none;\">Alternar<\/span><span class=\"ez-toc-icon-toggle-span\"><svg style=\"fill: #999;color:#999\" xmlns=\"http:\/\/www.w3.org\/2000\/svg\" class=\"list-377408\" width=\"20px\" height=\"20px\" viewbox=\"0 0 24 24\" fill=\"none\"><path d=\"M6 6H4v2h2V6zm14 0H8v2h12V6zM4 11h2v2H4v-2zm16 0H8v2h12v-2zM4 16h2v2H4v-2zm16 0H8v2h12v-2z\" fill=\"currentColor\"><\/path><\/svg><svg style=\"fill: #999;color:#999\" class=\"arrow-unsorted-368013\" xmlns=\"http:\/\/www.w3.org\/2000\/svg\" width=\"10px\" height=\"10px\" viewbox=\"0 0 24 24\" version=\"1.2\" baseprofile=\"tiny\"><path d=\"M18.2 9.3l-6.2-6.3-6.2 6.3c-.2.2-.3.4-.3.7s.1.5.3.7c.2.2.4.3.7.3h11c.3 0 .5-.1.7-.3.2-.2.3-.5.3-.7s-.1-.5-.3-.7zM5.8 14.7l6.2 6.3 6.2-6.3c.2-.2.3-.5.3-.7s-.1-.5-.3-.7c-.2-.2-.4-.3-.7-.3h-11c-.3 0-.5.1-.7.3-.2.2-.3.5-.3.7s.1.5.3.7z\"\/><\/svg><\/span><\/span><\/span><\/a><\/span><\/div>\n<nav><ul class='ez-toc-list ez-toc-list-level-1 eztoc-toggle-hide-by-default' ><li class='ez-toc-page-1 ez-toc-heading-level-2'><a class=\"ez-toc-link ez-toc-heading-1\" href=\"https:\/\/www.bentleymore.com\/es\/upland-car-accident-attorney\/#car-accident-lawyer-in-upland-ca\" >Abogado especializado en accidentes de tr\u00e1fico en Upland, California<\/a><\/li><li class='ez-toc-page-1 ez-toc-heading-level-2'><a class=\"ez-toc-link ez-toc-heading-2\" href=\"https:\/\/www.bentleymore.com\/es\/upland-car-accident-attorney\/#why-choose-bentley-more-llp-for-your-upland-car-accident-case\" >\u00bfPor qu\u00e9 elegir a Bentley &amp; More, LLP para su caso de accidente automovil\u00edstico en Upland?<\/a><\/li><li class='ez-toc-page-1 ez-toc-heading-level-2'><a class=\"ez-toc-link ez-toc-heading-3\" href=\"https:\/\/www.bentleymore.com\/es\/upland-car-accident-attorney\/#how-will-an-upland-car-accident-attorney-help-your-case\" >\u00bfC\u00f3mo puede ayudarte un abogado especializado en accidentes automovil\u00edsticos de Upland con tu caso?<\/a><\/li><li class='ez-toc-page-1 ez-toc-heading-level-2'><a class=\"ez-toc-link ez-toc-heading-4\" href=\"https:\/\/www.bentleymore.com\/es\/upland-car-accident-attorney\/#car-accidents-in-upland-can-be-devastating\" >Los accidentes automovil\u00edsticos en Upland pueden tener consecuencias devastadoras<\/a><\/li><li class='ez-toc-page-1 ez-toc-heading-level-2'><a class=\"ez-toc-link ez-toc-heading-5\" href=\"https:\/\/www.bentleymore.com\/es\/upland-car-accident-attorney\/#we-can-help-secure-compensation-%e2%80%93-call-for-a-free-consultation\" >Podemos ayudarle a obtener una indemnizaci\u00f3n: ll\u00e1menos para una consulta gratuita<\/a><\/li><\/ul><\/nav><\/div>\n<h2><span class=\"ez-toc-section\" id=\"car-accident-lawyer-in-upland-ca\"><\/span><span data-sheets-root=\"1\">Abogado especializado en accidentes de tr\u00e1fico en Upland, California<\/span><span class=\"ez-toc-section-end\"><\/span><\/h2>\n<p>Los accidentes automovil\u00edsticos en Upland pueden provocar lesiones graves a todas las personas involucradas. Quienes sufren lesiones en accidentes automovil\u00edsticos causadas por la negligencia de otros conductores deber\u00edan poder obtener una indemnizaci\u00f3n por sus p\u00e9rdidas. Sin embargo, las compa\u00f1\u00edas de seguros suelen presentar obst\u00e1culos importantes para obtener esta indemnizaci\u00f3n, y el equipo de Bentley &amp; More, LLP est\u00e1 listo para ayudarte. Si t\u00fa o un ser querido necesitan un abogado especializado en accidentes automovil\u00edsticos en Upland, d\u00e9janos ayudarte a obtener hoy mismo la indemnizaci\u00f3n a la que tienes derecho.<\/p>\n<h2><span class=\"ez-toc-section\" id=\"why-choose-bentley-more-llp-for-your-upland-car-accident-case\"><\/span>\u00bfPor qu\u00e9 elegir a Bentley &amp; More, LLP para su caso de accidente automovil\u00edstico en Upland?<span class=\"ez-toc-section-end\"><\/span><\/h2>\n<p>Si ha sufrido lesiones graves en un accidente automovil\u00edstico, acuda a un abogado en quien pueda confiar tanto a nivel personal como profesional. Bentley &amp; More, LLP est\u00e1 listo para ayudarle hoy mismo.<\/p>\n<ul>\n<li>Contamos con amplios recursos que nos permiten investigar cada accidente automovil\u00edstico para determinar qui\u00e9n es el responsable.<\/li>\n<li>Nos enorgullece conocer personalmente a nuestros clientes. Cada cliente tendr\u00e1 siempre a su disposici\u00f3n a su abogado para cualquier pregunta o inquietud que tenga sobre su caso.<\/li>\n<li>Aceptamos casos de accidentes automovil\u00edsticos en Upland con honorarios contingentes, lo que significa que nuestros clientes no pagan honorarios legales hasta que consigamos la indemnizaci\u00f3n que necesitan mediante un acuerdo o veredicto favorable.<\/li>\n<\/ul>\n<h2><span class=\"ez-toc-section\" id=\"how-will-an-upland-car-accident-attorney-help-your-case\"><\/span>\u00bfC\u00f3mo puede ayudarte un abogado especializado en accidentes automovil\u00edsticos de Upland con tu caso?<span class=\"ez-toc-section-end\"><\/span><\/h2>\n<p>Lo m\u00e1s dif\u00edcil de un caso de accidente automovil\u00edstico es lidiar con las compa\u00f1\u00edas de seguros agresivas. Estas compa\u00f1\u00edas son \u201centidades con fines de lucro\u201d que har\u00e1n todo lo posible por limitar la cantidad de dinero que pagar\u00e1n en tu caso. Desafortunadamente, la mayor\u00eda de las personas no cuenta con los recursos necesarios para investigar a fondo su caso de accidente automovil\u00edstico y demostrar la responsabilidad. Un abogado especializado en accidentes automovil\u00edsticos de Upland puede:<\/p>\n<ul>\n<li>Obtenga todas las pruebas necesarias para demostrar la responsabilidad, incluyendo im\u00e1genes de c\u00e1maras de vigilancia, declaraciones de testigos presenciales, informes policiales y dem\u00e1s.<\/li>\n<li>Aseg\u00farate de que te eval\u00fae un profesional m\u00e9dico de confianza que pueda ayudarte a calcular correctamente el total de los gastos previstos.<\/li>\n<li>Negociar con todas las partes implicadas con el fin de alcanzar un acuerdo justo o preparar el caso para el juicio si la compa\u00f1\u00eda de seguros rechaza la reclamaci\u00f3n o se niega a pagar una indemnizaci\u00f3n adecuada.<\/li>\n<\/ul>\n<h2><span class=\"ez-toc-section\" id=\"car-accidents-in-upland-can-be-devastating\"><\/span>Los accidentes automovil\u00edsticos en Upland pueden tener consecuencias devastadoras<span class=\"ez-toc-section-end\"><\/span><\/h2>\n<p>La realidad es que los accidentes de tr\u00e1fico no son infrecuentes. Seg\u00fan los datos disponibles de la <a href=\"https:\/\/www.ots.ca.gov\/media-and-research\/data-and-statistics\/\" target=\"_blank\" rel=\"noopener noreferrer\">California Oficina de Seguridad Vial<\/a>, sabemos que m\u00e1s de 272 000 personas resultaron heridas a causa de accidentes de tr\u00e1nsito durante el \u00faltimo a\u00f1o del que se tienen datos en todo el estado. La OTS tambi\u00e9n informa que 3563 personas perdieron la vida en accidentes de tr\u00e1nsito durante ese mismo a\u00f1o.<\/p>\n<p>Aunque muchos accidentes automovil\u00edsticos solo provocan lesiones leves, miles de personas sufren lesiones graves que pueden afectarles de por vida. No es raro que nuestros abogados especializados en accidentes automovil\u00edsticos de Upland ayuden a clientes que han sufrido lo siguiente:<\/p>\n<ul>\n<li>Huesos rotos o dislocados<\/li>\n<li>Lesiones graves en el cuello o la espalda<\/li>\n<li>Lesiones de la m\u00e9dula espinal<\/li>\n<li>Lesiones cerebrales traum\u00e1ticas<\/li>\n<li>Lesiones por aplastamiento<\/li>\n<li>Da\u00f1o en \u00f3rganos internos o hemorragia interna<\/li>\n<li>Lesiones por amputaci\u00f3n<\/li>\n<\/ul>\n<h2><span class=\"ez-toc-section\" id=\"we-can-help-secure-compensation-%e2%80%93-call-for-a-free-consultation\"><\/span>Podemos ayudarle a obtener una indemnizaci\u00f3n: ll\u00e1menos para una consulta gratuita<span class=\"ez-toc-section-end\"><\/span><\/h2>\n<p>Si usted o un ser querido ha resultado lesionado en un accidente automovil\u00edstico causado por la negligencia de otro conductor, debe ponerse en contacto con Bentley &amp; More, LLP de inmediato. Nuestro equipo, cualificado y con amplia experiencia, cuenta con los recursos necesarios para llevar a cabo una investigaci\u00f3n exhaustiva del incidente con el fin de garantizar que usted reciba la indemnizaci\u00f3n que necesita. Esto puede incluir:<\/p>\n<ul>\n<li>Cobertura total de tus gastos m\u00e9dicos relacionados con el accidente<\/li>\n<li>Salarios perdidos si no puede trabajar mientras se recupera<\/li>\n<li>Cualquier gasto de bolsillo del hogar<\/li>\n<li>Gastos por da\u00f1os materiales<\/li>\n<li>Indemnizaci\u00f3n por da\u00f1os y perjuicios por dolor y sufrimiento<\/li>\n<li>Indemnizaci\u00f3n por p\u00e9rdida de disfrute personal<\/li>\n<\/ul>\n<p>Si necesitas un <a href=\"https:\/\/www.bentleymore.com\/es\/abogado-especializado-en-accidentes-automovilisticos-en-el-condado-de-orange\/\">Orange County, abogados especializados en accidentes automovil\u00edsticos<\/a>, puede ponerse en contacto con nosotros para una <a href=\"https:\/\/www.bentleymore.com\/es\/contactenos\/\">Consulta gratuita sobre su caso haciendo clic aqu\u00ed<\/a> o llamando al (949) 870-3800.<\/p>","protected":false},"excerpt":{"rendered":"<p>Car Accident Lawyer in Upland, CA Car accidents in Upland can result in severe injuries for everybody involved. Those who sustain car accident injuries caused by the negligence of other drivers should be able to recover compensation for their losses. However, insurance carriers often present significant obstacles to recovering this compensation, and the team at&#8230; <a href=\"https:\/\/www.bentleymore.com\/es\/upland-car-accident-attorney\/\">Leer m\u00e1s<\/a><\/p>","protected":false},"author":4,"featured_media":0,"parent":0,"menu_order":0,"comment_status":"closed","ping_status":"closed","template":"","meta":{"_acf_changed":false,"footnotes":""},"class_list":["post-3332","page","type-page","status-publish","hentry"],"acf":[],"yoast_head":"<!-- This site is optimized with the Yoast SEO Premium plugin v26.7 (Yoast SEO v27.5) - https:\/\/yoast.com\/product\/yoast-seo-premium-wordpress\/ -->\n<title>Upland Car Accident Attorney - Auto Accident Lawyer<\/title>\n<meta name=\"description\" content=\"Trying to find Upland Car Accident Attorney after a collision? Bentley &amp; More LLP. handles auto injury litigation. Talk to our lawyers today.\" \/>\n<meta name=\"robots\" content=\"index, follow, max-snippet:-1, max-image-preview:large, max-video-preview:-1\" \/>\n<link rel=\"canonical\" href=\"https:\/\/www.bentleymore.com\/es\/abogado-especializado-en-accidentes-de-trafico-en-upland\/\" \/>\n<meta property=\"og:locale\" content=\"es_MX\" \/>\n<meta property=\"og:type\" content=\"article\" \/>\n<meta property=\"og:title\" content=\"Upland Car Accident Attorney\" \/>\n<meta property=\"og:description\" content=\"Trying to find Upland Car Accident Attorney after a collision? Bentley &amp; More LLP. handles auto injury litigation. Talk to our lawyers today.\" \/>\n<meta property=\"og:url\" content=\"https:\/\/www.bentleymore.com\/es\/abogado-especializado-en-accidentes-de-trafico-en-upland\/\" \/>\n<meta property=\"og:site_name\" content=\"Bentley &amp; More LLP\" \/>\n<meta property=\"article:publisher\" content=\"https:\/\/www.facebook.com\/BentleyMoreLLP\/\" \/>\n<meta property=\"article:modified_time\" content=\"2026-03-03T08:37:19+00:00\" \/>\n<meta property=\"og:image\" content=\"https:\/\/www.bentleymore.com\/wp-content\/uploads\/2023\/04\/logo.png\" \/>\n\t<meta property=\"og:image:width\" content=\"462\" \/>\n\t<meta property=\"og:image:height\" content=\"109\" \/>\n\t<meta property=\"og:image:type\" content=\"image\/png\" \/>\n<meta name=\"twitter:card\" content=\"summary_large_image\" \/>\n<meta name=\"twitter:site\" content=\"@bentleymore\" \/>\n<meta name=\"twitter:label1\" content=\"Tiempo de lectura\" \/>\n\t<meta name=\"twitter:data1\" content=\"3 minutos\" \/>\n<script type=\"application\/ld+json\" class=\"yoast-schema-graph\">{\"@context\":\"https:\\\/\\\/schema.org\",\"@graph\":[{\"@type\":\"WebPage\",\"@id\":\"https:\\\/\\\/www.bentleymore.com\\\/upland-car-accident-attorney\\\/\",\"url\":\"https:\\\/\\\/www.bentleymore.com\\\/upland-car-accident-attorney\\\/\",\"name\":\"Upland Car Accident Attorney - Auto Accident Lawyer\",\"isPartOf\":{\"@id\":\"https:\\\/\\\/www.bentleymore.com\\\/#website\"},\"datePublished\":\"2020-08-17T21:50:44+00:00\",\"dateModified\":\"2026-03-03T08:37:19+00:00\",\"description\":\"Trying to find Upland Car Accident Attorney after a collision? Bentley & More LLP. handles auto injury litigation. Talk to our lawyers today.\",\"breadcrumb\":{\"@id\":\"https:\\\/\\\/www.bentleymore.com\\\/upland-car-accident-attorney\\\/#breadcrumb\"},\"inLanguage\":\"es\",\"potentialAction\":[{\"@type\":\"ReadAction\",\"target\":[\"https:\\\/\\\/www.bentleymore.com\\\/upland-car-accident-attorney\\\/\"]}]},{\"@type\":\"BreadcrumbList\",\"@id\":\"https:\\\/\\\/www.bentleymore.com\\\/upland-car-accident-attorney\\\/#breadcrumb\",\"itemListElement\":[{\"@type\":\"ListItem\",\"position\":1,\"name\":\"Home\",\"item\":\"https:\\\/\\\/www.bentleymore.com\\\/\"},{\"@type\":\"ListItem\",\"position\":2,\"name\":\"Upland Car Accident Attorney\"}]},{\"@type\":\"WebSite\",\"@id\":\"https:\\\/\\\/www.bentleymore.com\\\/#website\",\"url\":\"https:\\\/\\\/www.bentleymore.com\\\/\",\"name\":\"Bentley & More LLP\",\"description\":\"Real Trial Lawyers\",\"publisher\":{\"@id\":\"https:\\\/\\\/www.bentleymore.com\\\/#organization\"},\"alternateName\":\"Bentley & More\",\"potentialAction\":[{\"@type\":\"SearchAction\",\"target\":{\"@type\":\"EntryPoint\",\"urlTemplate\":\"https:\\\/\\\/www.bentleymore.com\\\/?s={search_term_string}\"},\"query-input\":{\"@type\":\"PropertyValueSpecification\",\"valueRequired\":true,\"valueName\":\"search_term_string\"}}],\"inLanguage\":\"es\"},{\"@type\":\"Organization\",\"@id\":\"https:\\\/\\\/www.bentleymore.com\\\/#organization\",\"name\":\"Bentley & More LLP\",\"alternateName\":\"Bentley & More\",\"url\":\"https:\\\/\\\/www.bentleymore.com\\\/\",\"logo\":{\"@type\":\"ImageObject\",\"inLanguage\":\"es\",\"@id\":\"https:\\\/\\\/www.bentleymore.com\\\/#\\\/schema\\\/logo\\\/image\\\/\",\"url\":\"https:\\\/\\\/www.bentleymore.com\\\/wp-content\\\/uploads\\\/2023\\\/04\\\/logo.png\",\"contentUrl\":\"https:\\\/\\\/www.bentleymore.com\\\/wp-content\\\/uploads\\\/2023\\\/04\\\/logo.png\",\"width\":462,\"height\":109,\"caption\":\"Bentley & More LLP\"},\"image\":{\"@id\":\"https:\\\/\\\/www.bentleymore.com\\\/#\\\/schema\\\/logo\\\/image\\\/\"},\"sameAs\":[\"https:\\\/\\\/www.facebook.com\\\/BentleyMoreLLP\\\/\",\"https:\\\/\\\/x.com\\\/bentleymore\",\"https:\\\/\\\/www.instagram.com\\\/bentleyandmorellp\\\/\",\"https:\\\/\\\/www.yelp.com\\\/biz\\\/bentley-and-more-irvine\",\"https:\\\/\\\/www.linkedin.com\\\/company\\\/bentley-&-more-llp\\\/\",\"https:\\\/\\\/maps.app.goo.gl\\\/RZrMqUo474ugpWBRA\",\"https:\\\/\\\/www.bestlawyers.com\\\/firms\\\/bentley-more-llp\\\/75461\\\/US\",\"https:\\\/\\\/www.orangecountylawyers.com\\\/attorneys\\\/bentley-more-llp\\\/\",\"https:\\\/\\\/profiles.superlawyers.com\\\/california\\\/newport-beach\\\/lawfirm\\\/bentley-and-more-llp\\\/ce1e2f49-0a84-468f-bc17-eade2a364682.html\",\"https:\\\/\\\/uphelp.org\\\/sponsors\\\/bentley-more-llp\\\/\",\"https:\\\/\\\/law.usnews.com\\\/law-firms\\\/bentley-&-more-llp-160536\",\"https:\\\/\\\/www.martindale.com\\\/organization\\\/bentley-more-llp-158828293\\\/newport-beach-california-161028413-f\\\/\",\"https:\\\/\\\/lawyers.findlaw.com\\\/profile\\\/lawfirm\\\/bentley--more-llp\\\/ca\\\/newport-beach\\\/NTAwMzkxM18x\",\"https:\\\/\\\/www.bestlawfirms.com\\\/firms\\\/bentley-more-llp\\\/75461\\\/US\",\"https:\\\/\\\/natlawreview.com\\\/organization\\\/bentley-more-llp\",\"https:\\\/\\\/bentley-more-llp.wheree.com\\\/\",\"https:\\\/\\\/www.callupcontact.com\\\/b\\\/businessprofile\\\/Bentley_amp_More_LLP\\\/9968345\"],\"telephone\":\"+19498703800\",\"legalName\":\"Bentley & More LLP\"}]}<\/script>\n<!-- \/ Yoast SEO Premium plugin. -->","yoast_head_json":{"title":"Abogado especializado en accidentes de tr\u00e1fico en Upland - Abogado especializado en accidentes de autom\u00f3vil","description":"\u00bfBusca un abogado especializado en accidentes automovil\u00edsticos en Upland tras un choque? Bentley &amp; More LLP se dedica a los litigios por lesiones en accidentes automovil\u00edsticos. Hable hoy mismo con nuestros abogados.","robots":{"index":"index","follow":"follow","max-snippet":"max-snippet:-1","max-image-preview":"max-image-preview:large","max-video-preview":"max-video-preview:-1"},"canonical":"https:\/\/www.bentleymore.com\/es\/abogado-especializado-en-accidentes-de-trafico-en-upland\/","og_locale":"es_MX","og_type":"article","og_title":"Upland Car Accident Attorney","og_description":"Trying to find Upland Car Accident Attorney after a collision? Bentley & More LLP. handles auto injury litigation. Talk to our lawyers today.","og_url":"https:\/\/www.bentleymore.com\/es\/abogado-especializado-en-accidentes-de-trafico-en-upland\/","og_site_name":"Bentley &amp; More LLP","article_publisher":"https:\/\/www.facebook.com\/BentleyMoreLLP\/","article_modified_time":"2026-03-03T08:37:19+00:00","og_image":[{"width":462,"height":109,"url":"https:\/\/www.bentleymore.com\/wp-content\/uploads\/2023\/04\/logo.png","type":"image\/png"}],"twitter_card":"summary_large_image","twitter_site":"@bentleymore","twitter_misc":{"Tiempo de lectura":"3 minutos"},"schema":{"@context":"https:\/\/schema.org","@graph":[{"@type":"WebPage","@id":"https:\/\/www.bentleymore.com\/upland-car-accident-attorney\/","url":"https:\/\/www.bentleymore.com\/upland-car-accident-attorney\/","name":"Abogado especializado en accidentes de tr\u00e1fico en Upland - Abogado especializado en accidentes de autom\u00f3vil","isPartOf":{"@id":"https:\/\/www.bentleymore.com\/#website"},"datePublished":"2020-08-17T21:50:44+00:00","dateModified":"2026-03-03T08:37:19+00:00","description":"\u00bfBusca un abogado especializado en accidentes automovil\u00edsticos en Upland tras un choque? Bentley &amp; More LLP se dedica a los litigios por lesiones en accidentes automovil\u00edsticos. Hable hoy mismo con nuestros abogados.","breadcrumb":{"@id":"https:\/\/www.bentleymore.com\/upland-car-accident-attorney\/#breadcrumb"},"inLanguage":"es","potentialAction":[{"@type":"ReadAction","target":["https:\/\/www.bentleymore.com\/upland-car-accident-attorney\/"]}]},{"@type":"BreadcrumbList","@id":"https:\/\/www.bentleymore.com\/upland-car-accident-attorney\/#breadcrumb","itemListElement":[{"@type":"ListItem","position":1,"name":"Home","item":"https:\/\/www.bentleymore.com\/"},{"@type":"ListItem","position":2,"name":"Upland Car Accident Attorney"}]},{"@type":"WebSite","@id":"https:\/\/www.bentleymore.com\/#website","url":"https:\/\/www.bentleymore.com\/","name":"Bentley &amp; More LLP","description":"Abogados litigantes de verdad","publisher":{"@id":"https:\/\/www.bentleymore.com\/#organization"},"alternateName":"Bentley & More","potentialAction":[{"@type":"SearchAction","target":{"@type":"EntryPoint","urlTemplate":"https:\/\/www.bentleymore.com\/?s={search_term_string}"},"query-input":{"@type":"PropertyValueSpecification","valueRequired":true,"valueName":"search_term_string"}}],"inLanguage":"es"},{"@type":"Organization","@id":"https:\/\/www.bentleymore.com\/#organization","name":"Bentley &amp; More LLP","alternateName":"Bentley & More","url":"https:\/\/www.bentleymore.com\/","logo":{"@type":"ImageObject","inLanguage":"es","@id":"https:\/\/www.bentleymore.com\/#\/schema\/logo\/image\/","url":"https:\/\/www.bentleymore.com\/wp-content\/uploads\/2023\/04\/logo.png","contentUrl":"https:\/\/www.bentleymore.com\/wp-content\/uploads\/2023\/04\/logo.png","width":462,"height":109,"caption":"Bentley & More LLP"},"image":{"@id":"https:\/\/www.bentleymore.com\/#\/schema\/logo\/image\/"},"sameAs":["https:\/\/www.facebook.com\/BentleyMoreLLP\/","https:\/\/x.com\/bentleymore","https:\/\/www.instagram.com\/bentleyandmorellp\/","https:\/\/www.yelp.com\/biz\/bentley-and-more-irvine","https:\/\/www.linkedin.com\/company\/bentley-&-more-llp\/","https:\/\/maps.app.goo.gl\/RZrMqUo474ugpWBRA","https:\/\/www.bestlawyers.com\/firms\/bentley-more-llp\/75461\/US","https:\/\/www.orangecountylawyers.com\/attorneys\/bentley-more-llp\/","https:\/\/profiles.superlawyers.com\/california\/newport-beach\/lawfirm\/bentley-and-more-llp\/ce1e2f49-0a84-468f-bc17-eade2a364682.html","https:\/\/uphelp.org\/sponsors\/bentley-more-llp\/","https:\/\/law.usnews.com\/law-firms\/bentley-&-more-llp-160536","https:\/\/www.martindale.com\/organization\/bentley-more-llp-158828293\/newport-beach-california-161028413-f\/","https:\/\/lawyers.findlaw.com\/profile\/lawfirm\/bentley--more-llp\/ca\/newport-beach\/NTAwMzkxM18x","https:\/\/www.bestlawfirms.com\/firms\/bentley-more-llp\/75461\/US","https:\/\/natlawreview.com\/organization\/bentley-more-llp","https:\/\/bentley-more-llp.wheree.com\/","https:\/\/www.callupcontact.com\/b\/businessprofile\/Bentley_amp_More_LLP\/9968345"],"telephone":"+19498703800","legalName":"Bentley & More LLP"}]}},"_links":{"self":[{"href":"https:\/\/www.bentleymore.com\/es\/wp-json\/wp\/v2\/pages\/3332","targetHints":{"allow":["GET"]}}],"collection":[{"href":"https:\/\/www.bentleymore.com\/es\/wp-json\/wp\/v2\/pages"}],"about":[{"href":"https:\/\/www.bentleymore.com\/es\/wp-json\/wp\/v2\/types\/page"}],"author":[{"embeddable":true,"href":"https:\/\/www.bentleymore.com\/es\/wp-json\/wp\/v2\/users\/4"}],"replies":[{"embeddable":true,"href":"https:\/\/www.bentleymore.com\/es\/wp-json\/wp\/v2\/comments?post=3332"}],"version-history":[{"count":2,"href":"https:\/\/www.bentleymore.com\/es\/wp-json\/wp\/v2\/pages\/3332\/revisions"}],"predecessor-version":[{"id":7333,"href":"https:\/\/www.bentleymore.com\/es\/wp-json\/wp\/v2\/pages\/3332\/revisions\/7333"}],"wp:attachment":[{"href":"https:\/\/www.bentleymore.com\/es\/wp-json\/wp\/v2\/media?parent=3332"}],"curies":[{"name":"wp","href":"https:\/\/api.w.org\/{rel}","templated":true}]}}