{"id":3399,"date":"2020-10-02T14:51:03","date_gmt":"2020-10-02T21:51:03","guid":{"rendered":"https:\/\/www.bentleymore.com\/?page_id=3399"},"modified":"2026-03-06T00:18:15","modified_gmt":"2026-03-06T07:18:15","slug":"abogado-especializado-en-accidentes-de-trafico-en-moreno-valley","status":"publish","type":"page","link":"https:\/\/www.bentleymore.com\/es\/moreno-valley-car-accident-attorney\/","title":{"rendered":"Abogado especializado en accidentes automovil\u00edsticos en Moreno Valley"},"content":{"rendered":"<div id=\"ez-toc-container\" class=\"ez-toc-v2_0_82_2 counter-hierarchy ez-toc-counter ez-toc-transparent ez-toc-container-direction\">\n<div class=\"ez-toc-title-container\">\n<p class=\"ez-toc-title ez-toc-toggle\" style=\"cursor:pointer\">\u00cdndice<\/p>\n<span class=\"ez-toc-title-toggle\"><a href=\"#\" class=\"ez-toc-pull-right ez-toc-btn ez-toc-btn-xs ez-toc-btn-default ez-toc-toggle\" aria-label=\"Toggle Table of Content\"><span class=\"ez-toc-js-icon-con\"><span class=\"\"><span class=\"eztoc-hide\" style=\"display:none;\">Alternar<\/span><span class=\"ez-toc-icon-toggle-span\"><svg style=\"fill: #999;color:#999\" xmlns=\"http:\/\/www.w3.org\/2000\/svg\" class=\"list-377408\" width=\"20px\" height=\"20px\" viewbox=\"0 0 24 24\" fill=\"none\"><path d=\"M6 6H4v2h2V6zm14 0H8v2h12V6zM4 11h2v2H4v-2zm16 0H8v2h12v-2zM4 16h2v2H4v-2zm16 0H8v2h12v-2z\" fill=\"currentColor\"><\/path><\/svg><svg style=\"fill: #999;color:#999\" class=\"arrow-unsorted-368013\" xmlns=\"http:\/\/www.w3.org\/2000\/svg\" width=\"10px\" height=\"10px\" viewbox=\"0 0 24 24\" version=\"1.2\" baseprofile=\"tiny\"><path d=\"M18.2 9.3l-6.2-6.3-6.2 6.3c-.2.2-.3.4-.3.7s.1.5.3.7c.2.2.4.3.7.3h11c.3 0 .5-.1.7-.3.2-.2.3-.5.3-.7s-.1-.5-.3-.7zM5.8 14.7l6.2 6.3 6.2-6.3c.2-.2.3-.5.3-.7s-.1-.5-.3-.7c-.2-.2-.4-.3-.7-.3h-11c-.3 0-.5.1-.7.3-.2.2-.3.5-.3.7s.1.5.3.7z\"\/><\/svg><\/span><\/span><\/span><\/a><\/span><\/div>\n<nav><ul class='ez-toc-list ez-toc-list-level-1 eztoc-toggle-hide-by-default' ><li class='ez-toc-page-1 ez-toc-heading-level-2'><a class=\"ez-toc-link ez-toc-heading-1\" href=\"https:\/\/www.bentleymore.com\/es\/moreno-valley-car-accident-attorney\/#moreno-valley-car-accident-lawyer-in-moreno-valley-ca\" >Abogado especializado en accidentes de tr\u00e1fico en Moreno Valley, California<\/a><\/li><li class='ez-toc-page-1 ez-toc-heading-level-2'><a class=\"ez-toc-link ez-toc-heading-2\" href=\"https:\/\/www.bentleymore.com\/es\/moreno-valley-car-accident-attorney\/#should-i-contact-an-attorney-for-a-car-accident\" >\u00bfDeber\u00eda contactar a un abogado por un accidente automovil\u00edstico?<\/a><\/li><li class='ez-toc-page-1 ez-toc-heading-level-2'><a class=\"ez-toc-link ez-toc-heading-3\" href=\"https:\/\/www.bentleymore.com\/es\/moreno-valley-car-accident-attorney\/#when-should-you-contact-an-attorney-after-a-car-accident\" >\u00bfCu\u00e1ndo debes contactar a un abogado despu\u00e9s de un accidente automovil\u00edstico?<\/a><\/li><li class='ez-toc-page-1 ez-toc-heading-level-2'><a class=\"ez-toc-link ez-toc-heading-4\" href=\"https:\/\/www.bentleymore.com\/es\/moreno-valley-car-accident-attorney\/#why-do-you-need-an-attorney-for-moreno-valley-car-accident-case\" >\u00bfPor qu\u00e9 necesitas un abogado para un caso de accidente automovil\u00edstico en Moreno Valley?<\/a><\/li><li class='ez-toc-page-1 ez-toc-heading-level-2'><a class=\"ez-toc-link ez-toc-heading-5\" href=\"https:\/\/www.bentleymore.com\/es\/moreno-valley-car-accident-attorney\/#moreno-valley-car-accidents-often-result-in-severe-injuries\" >Los accidentes automovil\u00edsticos en Moreno Valley suelen provocar lesiones graves<\/a><\/li><li class='ez-toc-page-1 ez-toc-heading-level-2'><a class=\"ez-toc-link ez-toc-heading-6\" href=\"https:\/\/www.bentleymore.com\/es\/moreno-valley-car-accident-attorney\/#what-type-of-compensation-is-available-in-these-cases\" >\u00bfQu\u00e9 tipo de indemnizaci\u00f3n se puede obtener en estos casos?<\/a><\/li><\/ul><\/nav><\/div>\n<h2><span class=\"ez-toc-section\" id=\"moreno-valley-car-accident-lawyer-in-moreno-valley-ca\"><\/span><span data-sheets-root=\"1\">Abogado especializado en accidentes de tr\u00e1fico en Moreno Valley, California<\/span><span class=\"ez-toc-section-end\"><\/span><\/h2>\n<p>Sufrir un accidente automovil\u00edstico es una experiencia aterradora, y estos incidentes casi siempre son inesperados. Desafortunadamente, si has resultado lesionado en un accidente automovil\u00edstico causado por las acciones imprudentes o negligentes de otro conductor, es posible que te resulte dif\u00edcil conseguir la indemnizaci\u00f3n que necesitas.<\/p>\n<p>En Bentley &amp; More LLP, estamos aqu\u00ed para ayudarte cuando necesites un abogado especializado en accidentes automovil\u00edsticos en Moreno Valley. Nuestro equipo investigar\u00e1 el accidente para que podamos conseguirte la indemnizaci\u00f3n que necesitas frente a las aseguradoras m\u00e1s agresivas. Tambi\u00e9n podemos ayudarte si eres v\u00edctima de un <a href=\"https:\/\/www.bentleymore.com\/es\/abogado-especializado-en-lesiones-personales-en-moreno-valley\/\">Lesiones personales en Moreno Valley<\/a> en este caso tambi\u00e9n.<\/p>\n<p><strong>Llame hoy mismo para una consulta gratuita al (949)-870-3800<\/strong><\/p>\n<h2><span class=\"ez-toc-section\" id=\"should-i-contact-an-attorney-for-a-car-accident\"><\/span>\u00bfDeber\u00eda contactar a un abogado por un accidente automovil\u00edstico?<span class=\"ez-toc-section-end\"><\/span><\/h2>\n<p><img loading=\"lazy\" decoding=\"async\" class=\"aligncenter size-large wp-image-2667\" src=\"https:\/\/www.bentleymore.com\/wp-content\/uploads\/2020\/02\/head_desk-1024x544.jpg\" alt=\"Abogados especializados en accidentes automovil\u00edsticos en Morena Valley\" width=\"1024\" height=\"544\" srcset=\"https:\/\/www.bentleymore.com\/wp-content\/uploads\/2020\/02\/head_desk-1024x544.jpg 1024w, https:\/\/www.bentleymore.com\/wp-content\/uploads\/2020\/02\/head_desk-300x159.jpg 300w, https:\/\/www.bentleymore.com\/wp-content\/uploads\/2020\/02\/head_desk-768x408.jpg 768w, https:\/\/www.bentleymore.com\/wp-content\/uploads\/2020\/02\/head_desk.jpg 1920w\" sizes=\"auto, (max-width: 1024px) 100vw, 1024px\" \/><\/p>\n<p>Contratar a un abogado tras sufrir un accidente automovil\u00edstico puede ser la mejor decisi\u00f3n que tomes. En Bentley &amp; More LLP, sabemos lo que se necesita para ayudar a las v\u00edctimas a superar esta situaci\u00f3n.<\/p>\n<ul>\n<li>Nuestros abogados especializados en accidentes automovil\u00edsticos en Moreno Valley cuentan con una amplia experiencia en litigios, por lo que no tenemos ning\u00fan problema en llevar su caso a juicio si es necesario.<\/li>\n<li>Nuestros abogados se esfuerzan por establecer una relaci\u00f3n personal con cada cliente para poder comprender sus objetivos y necesidades a medida que avanzamos en su caso.<\/li>\n<li>Aceptamos casos de accidentes automovil\u00edsticos en Moreno Valley con honorarios contingentes, lo que significa que no cobraremos ning\u00fan honorario legal hasta que hayamos conseguido la indemnizaci\u00f3n que usted se merece.<\/li>\n<\/ul>\n<h2><span class=\"ez-toc-section\" id=\"when-should-you-contact-an-attorney-after-a-car-accident\"><\/span>\u00bfCu\u00e1ndo debes contactar a un abogado despu\u00e9s de un accidente automovil\u00edstico?<span class=\"ez-toc-section-end\"><\/span><\/h2>\n<p>Deber\u00edas ponerte en contacto con un abogado lo antes posible. Cuando el otro conductor avise a su seguro y la polic\u00eda acuda a tomarte declaraci\u00f3n, contar con un abogado de tu lado te ayudar\u00e1 a saber c\u00f3mo responder a las preguntas. Lo m\u00e1s importante es no admitir ni aceptar la culpa del accidente.<\/p>\n<h2><span class=\"ez-toc-section\" id=\"why-do-you-need-an-attorney-for-moreno-valley-car-accident-case\"><\/span>\u00bfPor qu\u00e9 necesitas un abogado para un caso de accidente automovil\u00edstico en Moreno Valley?<span class=\"ez-toc-section-end\"><\/span><\/h2>\n<p>Un abogado con experiencia ser\u00e1 un recurso inestimable para las v\u00edctimas de accidentes automovil\u00edsticos en Moreno Valley. Un abogado les proporcionar\u00e1 algo de lo que carecen la mayor\u00eda de las v\u00edctimas de accidentes: recursos.<\/p>\n<p>A menudo se necesitan amplios recursos para llevar a cabo lo siguiente:<\/p>\n<ul>\n<li>Llevar a cabo investigaciones exhaustivas para determinar la responsabilidad. Esto incluye recopilar pruebas de videovigilancia, declaraciones de testigos presenciales, datos de la \u201ccaja negra\u201d del veh\u00edculo, etc.<\/li>\n<li>Revisar minuciosamente la p\u00f3liza de seguro del cliente, as\u00ed como la p\u00f3liza de seguro de la parte culpable.<\/li>\n<li>Calcule con precisi\u00f3n las p\u00e9rdidas totales del cliente con la ayuda de profesionales m\u00e9dicos y econ\u00f3micos de confianza.<\/li>\n<li>Redacta una carta de reclamaci\u00f3n para enviarla a las compa\u00f1\u00edas de seguros o a las partes responsables, con el fin de obtener una indemnizaci\u00f3n.<\/li>\n<li>Prepare el caso de accidente automovil\u00edstico para el juicio, si es necesario, con el fin de obtener la m\u00e1xima indemnizaci\u00f3n.<\/li>\n<\/ul>\n<h2><span class=\"ez-toc-section\" id=\"moreno-valley-car-accidents-often-result-in-severe-injuries\"><\/span>Los accidentes automovil\u00edsticos en Moreno Valley suelen provocar lesiones graves<span class=\"ez-toc-section-end\"><\/span><\/h2>\n<p>Cuando nos dirigimos a la <a href=\"https:\/\/www.ots.ca.gov\/\" target=\"_blank\" rel=\"noopener noreferrer\">California Oficina de Seguridad Vial<\/a>, los datos indican que se registraron aproximadamente 272 000 heridos en accidentes de tr\u00e1nsito en todo el estado durante el \u00faltimo a\u00f1o del que se dispone de informaci\u00f3n.<\/p>\n<p>Lamentablemente, muchas de las lesiones por accidentes automovil\u00edsticos en las que asistimos a nuestros clientes en Bentley &amp; More LLP son graves. No es raro que nuestros abogados de Moreno Valley y Carson ayuden a clientes que han sufrido lo siguiente:<\/p>\n<ul>\n<li>Lesi\u00f3n medular con par\u00e1lisis<\/li>\n<li>Otros traumatismos graves en el cuello o la espalda, incluido el latigazo cervical<\/li>\n<li>Lesiones cerebrales traum\u00e1ticas<\/li>\n<li>Heridas abiertas en la cabeza<\/li>\n<li>Conmociones cerebrales<\/li>\n<li>Huesos rotos o dislocados<\/li>\n<li>Laceraciones graves o heridas punzantes<\/li>\n<li>Amputaciones o lesiones por aplastamiento<\/li>\n<li>Da\u00f1o en \u00f3rganos internos o hemorragia interna<\/li>\n<li>Lesiones emocionales o psicol\u00f3gicas graves<\/li>\n<\/ul>\n<h2><span class=\"ez-toc-section\" id=\"what-type-of-compensation-is-available-in-these-cases\"><\/span>\u00bfQu\u00e9 tipo de indemnizaci\u00f3n se puede obtener en estos casos?<span class=\"ez-toc-section-end\"><\/span><\/h2>\n<p>Si usted o un ser querido ha resultado lesionado en un accidente automovil\u00edstico en Moreno Valley causado por la imprudencia o negligencia de otro conductor, es posible que pueda obtener diversos tipos de indemnizaci\u00f3n en su demanda. En Bentley &amp; More LLP, nos dedicamos a ayudar a las v\u00edctimas de accidentes automovil\u00edsticos y a conseguirles la indemnizaci\u00f3n que se merecen.<\/p>\n<p>Esto puede incluir cobertura para:<\/p>\n<ul>\n<li>Todos los gastos m\u00e9dicos relacionados con el accidente<\/li>\n<li>Cualquier p\u00e9rdida de ingresos si no puede trabajar<\/li>\n<li>Los gastos de bolsillo en los que incurre su hogar<\/li>\n<li>Gastos por da\u00f1os materiales<\/li>\n<li>Indemnizaci\u00f3n por da\u00f1os y perjuicios por dolor y sufrimiento<\/li>\n<li>Indemnizaci\u00f3n por p\u00e9rdida del disfrute de la vida<\/li>\n<\/ul>\n<p>Si necesita un abogado especializado en accidentes automovil\u00edsticos en Moreno Valley, puede ponerse en contacto con nosotros para una consulta gratuita sobre su caso llamando al <a href=\"https:\/\/www.bentleymore.com\/es\/contactenos\/\" target=\"_blank\" rel=\"noopener noreferrer\">haciendo clic aqu\u00ed<\/a> o llamando al (949)-870-3800.<\/p>","protected":false},"excerpt":{"rendered":"<p>Moreno Valley Car Accident Lawyer in Moreno Valley, CA Getting into a car accident is a scary experience, and these incidents are almost always unexpected. Unfortunately, if you have been injured in a car accident caused by the careless or negligent actions of another driver, you may be left struggling to secure the compensation you&#8230; <a href=\"https:\/\/www.bentleymore.com\/es\/moreno-valley-car-accident-attorney\/\">Leer m\u00e1s<\/a><\/p>","protected":false},"author":4,"featured_media":0,"parent":0,"menu_order":0,"comment_status":"closed","ping_status":"closed","template":"","meta":{"_acf_changed":false,"footnotes":""},"class_list":["post-3399","page","type-page","status-publish","hentry"],"acf":[],"yoast_head":"<!-- This site is optimized with the Yoast SEO Premium plugin v26.7 (Yoast SEO v27.5) - https:\/\/yoast.com\/product\/yoast-seo-premium-wordpress\/ -->\n<title>Moreno Valley Car Accident Attorney - Auto Accident Lawyer<\/title>\n<meta name=\"description\" content=\"Trying to find Moreno Valley Car Accident Attorney after a collision? Bentley &amp; More LLP. handles auto injury litigation. Schedule free consultation.\" \/>\n<meta name=\"robots\" content=\"index, follow, max-snippet:-1, max-image-preview:large, max-video-preview:-1\" \/>\n<link rel=\"canonical\" href=\"https:\/\/www.bentleymore.com\/es\/abogado-especializado-en-accidentes-de-trafico-en-moreno-valley\/\" \/>\n<meta property=\"og:locale\" content=\"es_MX\" \/>\n<meta property=\"og:type\" content=\"article\" \/>\n<meta property=\"og:title\" content=\"Moreno Valley Car Accident Attorney\" \/>\n<meta property=\"og:description\" content=\"Trying to find Moreno Valley Car Accident Attorney after a collision? Bentley &amp; More LLP. handles auto injury litigation. Schedule free consultation.\" \/>\n<meta property=\"og:url\" content=\"https:\/\/www.bentleymore.com\/es\/abogado-especializado-en-accidentes-de-trafico-en-moreno-valley\/\" \/>\n<meta property=\"og:site_name\" content=\"Bentley &amp; More LLP\" \/>\n<meta property=\"article:publisher\" content=\"https:\/\/www.facebook.com\/BentleyMoreLLP\/\" \/>\n<meta property=\"article:modified_time\" content=\"2026-03-06T07:18:15+00:00\" \/>\n<meta property=\"og:image\" content=\"https:\/\/www.bentleymore.com\/wp-content\/uploads\/2020\/02\/head_desk.jpg\" \/>\n\t<meta property=\"og:image:width\" content=\"1920\" \/>\n\t<meta property=\"og:image:height\" content=\"1020\" \/>\n\t<meta property=\"og:image:type\" content=\"image\/jpeg\" \/>\n<meta name=\"twitter:card\" content=\"summary_large_image\" \/>\n<meta name=\"twitter:site\" content=\"@bentleymore\" \/>\n<meta name=\"twitter:label1\" content=\"Tiempo de lectura\" \/>\n\t<meta name=\"twitter:data1\" content=\"4 minutos\" \/>\n<script type=\"application\/ld+json\" class=\"yoast-schema-graph\">{\"@context\":\"https:\\\/\\\/schema.org\",\"@graph\":[{\"@type\":\"WebPage\",\"@id\":\"https:\\\/\\\/www.bentleymore.com\\\/moreno-valley-car-accident-attorney\\\/\",\"url\":\"https:\\\/\\\/www.bentleymore.com\\\/moreno-valley-car-accident-attorney\\\/\",\"name\":\"Moreno Valley Car Accident Attorney - Auto Accident Lawyer\",\"isPartOf\":{\"@id\":\"https:\\\/\\\/www.bentleymore.com\\\/#website\"},\"primaryImageOfPage\":{\"@id\":\"https:\\\/\\\/www.bentleymore.com\\\/moreno-valley-car-accident-attorney\\\/#primaryimage\"},\"image\":{\"@id\":\"https:\\\/\\\/www.bentleymore.com\\\/moreno-valley-car-accident-attorney\\\/#primaryimage\"},\"thumbnailUrl\":\"https:\\\/\\\/www.bentleymore.com\\\/wp-content\\\/uploads\\\/2020\\\/02\\\/head_desk-1024x544.jpg\",\"datePublished\":\"2020-10-02T21:51:03+00:00\",\"dateModified\":\"2026-03-06T07:18:15+00:00\",\"description\":\"Trying to find Moreno Valley Car Accident Attorney after a collision? Bentley & More LLP. handles auto injury litigation. Schedule free consultation.\",\"breadcrumb\":{\"@id\":\"https:\\\/\\\/www.bentleymore.com\\\/moreno-valley-car-accident-attorney\\\/#breadcrumb\"},\"inLanguage\":\"es\",\"potentialAction\":[{\"@type\":\"ReadAction\",\"target\":[\"https:\\\/\\\/www.bentleymore.com\\\/moreno-valley-car-accident-attorney\\\/\"]}]},{\"@type\":\"ImageObject\",\"inLanguage\":\"es\",\"@id\":\"https:\\\/\\\/www.bentleymore.com\\\/moreno-valley-car-accident-attorney\\\/#primaryimage\",\"url\":\"https:\\\/\\\/www.bentleymore.com\\\/wp-content\\\/uploads\\\/2020\\\/02\\\/head_desk-1024x544.jpg\",\"contentUrl\":\"https:\\\/\\\/www.bentleymore.com\\\/wp-content\\\/uploads\\\/2020\\\/02\\\/head_desk-1024x544.jpg\"},{\"@type\":\"BreadcrumbList\",\"@id\":\"https:\\\/\\\/www.bentleymore.com\\\/moreno-valley-car-accident-attorney\\\/#breadcrumb\",\"itemListElement\":[{\"@type\":\"ListItem\",\"position\":1,\"name\":\"Home\",\"item\":\"https:\\\/\\\/www.bentleymore.com\\\/\"},{\"@type\":\"ListItem\",\"position\":2,\"name\":\"Moreno Valley Car Accident Attorney\"}]},{\"@type\":\"WebSite\",\"@id\":\"https:\\\/\\\/www.bentleymore.com\\\/#website\",\"url\":\"https:\\\/\\\/www.bentleymore.com\\\/\",\"name\":\"Bentley & More LLP\",\"description\":\"Real Trial Lawyers\",\"publisher\":{\"@id\":\"https:\\\/\\\/www.bentleymore.com\\\/#organization\"},\"alternateName\":\"Bentley & More\",\"potentialAction\":[{\"@type\":\"SearchAction\",\"target\":{\"@type\":\"EntryPoint\",\"urlTemplate\":\"https:\\\/\\\/www.bentleymore.com\\\/?s={search_term_string}\"},\"query-input\":{\"@type\":\"PropertyValueSpecification\",\"valueRequired\":true,\"valueName\":\"search_term_string\"}}],\"inLanguage\":\"es\"},{\"@type\":\"Organization\",\"@id\":\"https:\\\/\\\/www.bentleymore.com\\\/#organization\",\"name\":\"Bentley & More LLP\",\"alternateName\":\"Bentley & More\",\"url\":\"https:\\\/\\\/www.bentleymore.com\\\/\",\"logo\":{\"@type\":\"ImageObject\",\"inLanguage\":\"es\",\"@id\":\"https:\\\/\\\/www.bentleymore.com\\\/#\\\/schema\\\/logo\\\/image\\\/\",\"url\":\"https:\\\/\\\/www.bentleymore.com\\\/wp-content\\\/uploads\\\/2023\\\/04\\\/logo.png\",\"contentUrl\":\"https:\\\/\\\/www.bentleymore.com\\\/wp-content\\\/uploads\\\/2023\\\/04\\\/logo.png\",\"width\":462,\"height\":109,\"caption\":\"Bentley & More LLP\"},\"image\":{\"@id\":\"https:\\\/\\\/www.bentleymore.com\\\/#\\\/schema\\\/logo\\\/image\\\/\"},\"sameAs\":[\"https:\\\/\\\/www.facebook.com\\\/BentleyMoreLLP\\\/\",\"https:\\\/\\\/x.com\\\/bentleymore\",\"https:\\\/\\\/www.instagram.com\\\/bentleyandmorellp\\\/\",\"https:\\\/\\\/www.yelp.com\\\/biz\\\/bentley-and-more-irvine\",\"https:\\\/\\\/www.linkedin.com\\\/company\\\/bentley-&-more-llp\\\/\",\"https:\\\/\\\/maps.app.goo.gl\\\/RZrMqUo474ugpWBRA\",\"https:\\\/\\\/www.bestlawyers.com\\\/firms\\\/bentley-more-llp\\\/75461\\\/US\",\"https:\\\/\\\/www.orangecountylawyers.com\\\/attorneys\\\/bentley-more-llp\\\/\",\"https:\\\/\\\/profiles.superlawyers.com\\\/california\\\/newport-beach\\\/lawfirm\\\/bentley-and-more-llp\\\/ce1e2f49-0a84-468f-bc17-eade2a364682.html\",\"https:\\\/\\\/uphelp.org\\\/sponsors\\\/bentley-more-llp\\\/\",\"https:\\\/\\\/law.usnews.com\\\/law-firms\\\/bentley-&-more-llp-160536\",\"https:\\\/\\\/www.martindale.com\\\/organization\\\/bentley-more-llp-158828293\\\/newport-beach-california-161028413-f\\\/\",\"https:\\\/\\\/lawyers.findlaw.com\\\/profile\\\/lawfirm\\\/bentley--more-llp\\\/ca\\\/newport-beach\\\/NTAwMzkxM18x\",\"https:\\\/\\\/www.bestlawfirms.com\\\/firms\\\/bentley-more-llp\\\/75461\\\/US\",\"https:\\\/\\\/natlawreview.com\\\/organization\\\/bentley-more-llp\",\"https:\\\/\\\/bentley-more-llp.wheree.com\\\/\",\"https:\\\/\\\/www.callupcontact.com\\\/b\\\/businessprofile\\\/Bentley_amp_More_LLP\\\/9968345\"],\"telephone\":\"+19498703800\",\"legalName\":\"Bentley & More LLP\"}]}<\/script>\n<!-- \/ Yoast SEO Premium plugin. -->","yoast_head_json":{"title":"Abogado especializado en accidentes de tr\u00e1fico en Moreno Valley - Abogado especializado en accidentes de autom\u00f3vil","description":"\u00bfBusca un abogado especializado en accidentes automovil\u00edsticos en Moreno Valley tras una colisi\u00f3n? Bentley &amp; More LLP se dedica a los litigios por lesiones en accidentes de tr\u00e1fico. Concierte una consulta gratuita.","robots":{"index":"index","follow":"follow","max-snippet":"max-snippet:-1","max-image-preview":"max-image-preview:large","max-video-preview":"max-video-preview:-1"},"canonical":"https:\/\/www.bentleymore.com\/es\/abogado-especializado-en-accidentes-de-trafico-en-moreno-valley\/","og_locale":"es_MX","og_type":"article","og_title":"Moreno Valley Car Accident Attorney","og_description":"Trying to find Moreno Valley Car Accident Attorney after a collision? Bentley & More LLP. handles auto injury litigation. Schedule free consultation.","og_url":"https:\/\/www.bentleymore.com\/es\/abogado-especializado-en-accidentes-de-trafico-en-moreno-valley\/","og_site_name":"Bentley &amp; More LLP","article_publisher":"https:\/\/www.facebook.com\/BentleyMoreLLP\/","article_modified_time":"2026-03-06T07:18:15+00:00","og_image":[{"width":1920,"height":1020,"url":"https:\/\/www.bentleymore.com\/wp-content\/uploads\/2020\/02\/head_desk.jpg","type":"image\/jpeg"}],"twitter_card":"summary_large_image","twitter_site":"@bentleymore","twitter_misc":{"Tiempo de lectura":"4 minutos"},"schema":{"@context":"https:\/\/schema.org","@graph":[{"@type":"WebPage","@id":"https:\/\/www.bentleymore.com\/moreno-valley-car-accident-attorney\/","url":"https:\/\/www.bentleymore.com\/moreno-valley-car-accident-attorney\/","name":"Abogado especializado en accidentes de tr\u00e1fico en Moreno Valley - Abogado especializado en accidentes de autom\u00f3vil","isPartOf":{"@id":"https:\/\/www.bentleymore.com\/#website"},"primaryImageOfPage":{"@id":"https:\/\/www.bentleymore.com\/moreno-valley-car-accident-attorney\/#primaryimage"},"image":{"@id":"https:\/\/www.bentleymore.com\/moreno-valley-car-accident-attorney\/#primaryimage"},"thumbnailUrl":"https:\/\/www.bentleymore.com\/wp-content\/uploads\/2020\/02\/head_desk-1024x544.jpg","datePublished":"2020-10-02T21:51:03+00:00","dateModified":"2026-03-06T07:18:15+00:00","description":"\u00bfBusca un abogado especializado en accidentes automovil\u00edsticos en Moreno Valley tras una colisi\u00f3n? Bentley &amp; More LLP se dedica a los litigios por lesiones en accidentes de tr\u00e1fico. Concierte una consulta gratuita.","breadcrumb":{"@id":"https:\/\/www.bentleymore.com\/moreno-valley-car-accident-attorney\/#breadcrumb"},"inLanguage":"es","potentialAction":[{"@type":"ReadAction","target":["https:\/\/www.bentleymore.com\/moreno-valley-car-accident-attorney\/"]}]},{"@type":"ImageObject","inLanguage":"es","@id":"https:\/\/www.bentleymore.com\/moreno-valley-car-accident-attorney\/#primaryimage","url":"https:\/\/www.bentleymore.com\/wp-content\/uploads\/2020\/02\/head_desk-1024x544.jpg","contentUrl":"https:\/\/www.bentleymore.com\/wp-content\/uploads\/2020\/02\/head_desk-1024x544.jpg"},{"@type":"BreadcrumbList","@id":"https:\/\/www.bentleymore.com\/moreno-valley-car-accident-attorney\/#breadcrumb","itemListElement":[{"@type":"ListItem","position":1,"name":"Home","item":"https:\/\/www.bentleymore.com\/"},{"@type":"ListItem","position":2,"name":"Moreno Valley Car Accident Attorney"}]},{"@type":"WebSite","@id":"https:\/\/www.bentleymore.com\/#website","url":"https:\/\/www.bentleymore.com\/","name":"Bentley &amp; More LLP","description":"Abogados litigantes de verdad","publisher":{"@id":"https:\/\/www.bentleymore.com\/#organization"},"alternateName":"Bentley & More","potentialAction":[{"@type":"SearchAction","target":{"@type":"EntryPoint","urlTemplate":"https:\/\/www.bentleymore.com\/?s={search_term_string}"},"query-input":{"@type":"PropertyValueSpecification","valueRequired":true,"valueName":"search_term_string"}}],"inLanguage":"es"},{"@type":"Organization","@id":"https:\/\/www.bentleymore.com\/#organization","name":"Bentley &amp; More LLP","alternateName":"Bentley & More","url":"https:\/\/www.bentleymore.com\/","logo":{"@type":"ImageObject","inLanguage":"es","@id":"https:\/\/www.bentleymore.com\/#\/schema\/logo\/image\/","url":"https:\/\/www.bentleymore.com\/wp-content\/uploads\/2023\/04\/logo.png","contentUrl":"https:\/\/www.bentleymore.com\/wp-content\/uploads\/2023\/04\/logo.png","width":462,"height":109,"caption":"Bentley & More LLP"},"image":{"@id":"https:\/\/www.bentleymore.com\/#\/schema\/logo\/image\/"},"sameAs":["https:\/\/www.facebook.com\/BentleyMoreLLP\/","https:\/\/x.com\/bentleymore","https:\/\/www.instagram.com\/bentleyandmorellp\/","https:\/\/www.yelp.com\/biz\/bentley-and-more-irvine","https:\/\/www.linkedin.com\/company\/bentley-&-more-llp\/","https:\/\/maps.app.goo.gl\/RZrMqUo474ugpWBRA","https:\/\/www.bestlawyers.com\/firms\/bentley-more-llp\/75461\/US","https:\/\/www.orangecountylawyers.com\/attorneys\/bentley-more-llp\/","https:\/\/profiles.superlawyers.com\/california\/newport-beach\/lawfirm\/bentley-and-more-llp\/ce1e2f49-0a84-468f-bc17-eade2a364682.html","https:\/\/uphelp.org\/sponsors\/bentley-more-llp\/","https:\/\/law.usnews.com\/law-firms\/bentley-&-more-llp-160536","https:\/\/www.martindale.com\/organization\/bentley-more-llp-158828293\/newport-beach-california-161028413-f\/","https:\/\/lawyers.findlaw.com\/profile\/lawfirm\/bentley--more-llp\/ca\/newport-beach\/NTAwMzkxM18x","https:\/\/www.bestlawfirms.com\/firms\/bentley-more-llp\/75461\/US","https:\/\/natlawreview.com\/organization\/bentley-more-llp","https:\/\/bentley-more-llp.wheree.com\/","https:\/\/www.callupcontact.com\/b\/businessprofile\/Bentley_amp_More_LLP\/9968345"],"telephone":"+19498703800","legalName":"Bentley & More LLP"}]}},"_links":{"self":[{"href":"https:\/\/www.bentleymore.com\/es\/wp-json\/wp\/v2\/pages\/3399","targetHints":{"allow":["GET"]}}],"collection":[{"href":"https:\/\/www.bentleymore.com\/es\/wp-json\/wp\/v2\/pages"}],"about":[{"href":"https:\/\/www.bentleymore.com\/es\/wp-json\/wp\/v2\/types\/page"}],"author":[{"embeddable":true,"href":"https:\/\/www.bentleymore.com\/es\/wp-json\/wp\/v2\/users\/4"}],"replies":[{"embeddable":true,"href":"https:\/\/www.bentleymore.com\/es\/wp-json\/wp\/v2\/comments?post=3399"}],"version-history":[{"count":2,"href":"https:\/\/www.bentleymore.com\/es\/wp-json\/wp\/v2\/pages\/3399\/revisions"}],"predecessor-version":[{"id":7536,"href":"https:\/\/www.bentleymore.com\/es\/wp-json\/wp\/v2\/pages\/3399\/revisions\/7536"}],"wp:attachment":[{"href":"https:\/\/www.bentleymore.com\/es\/wp-json\/wp\/v2\/media?parent=3399"}],"curies":[{"name":"wp","href":"https:\/\/api.w.org\/{rel}","templated":true}]}}