{"id":3405,"date":"2020-10-02T15:50:26","date_gmt":"2020-10-02T22:50:26","guid":{"rendered":"https:\/\/www.bentleymore.com\/?page_id=3405"},"modified":"2026-03-06T00:13:21","modified_gmt":"2026-03-06T07:13:21","slug":"abogado-especializado-en-lesiones-personales-en-moreno-valley","status":"publish","type":"page","link":"https:\/\/www.bentleymore.com\/es\/moreno-valley-personal-injury-lawyer\/","title":{"rendered":"Abogado especializado en lesiones personales en Moreno Valley"},"content":{"rendered":"<div id=\"ez-toc-container\" class=\"ez-toc-v2_0_82_2 counter-hierarchy ez-toc-counter ez-toc-transparent ez-toc-container-direction\">\n<div class=\"ez-toc-title-container\">\n<p class=\"ez-toc-title ez-toc-toggle\" style=\"cursor:pointer\">\u00cdndice<\/p>\n<span class=\"ez-toc-title-toggle\"><a href=\"#\" class=\"ez-toc-pull-right ez-toc-btn ez-toc-btn-xs ez-toc-btn-default ez-toc-toggle\" aria-label=\"Toggle Table of Content\"><span class=\"ez-toc-js-icon-con\"><span class=\"\"><span class=\"eztoc-hide\" style=\"display:none;\">Alternar<\/span><span class=\"ez-toc-icon-toggle-span\"><svg style=\"fill: #999;color:#999\" xmlns=\"http:\/\/www.w3.org\/2000\/svg\" class=\"list-377408\" width=\"20px\" height=\"20px\" viewbox=\"0 0 24 24\" fill=\"none\"><path d=\"M6 6H4v2h2V6zm14 0H8v2h12V6zM4 11h2v2H4v-2zm16 0H8v2h12v-2zM4 16h2v2H4v-2zm16 0H8v2h12v-2z\" fill=\"currentColor\"><\/path><\/svg><svg style=\"fill: #999;color:#999\" class=\"arrow-unsorted-368013\" xmlns=\"http:\/\/www.w3.org\/2000\/svg\" width=\"10px\" height=\"10px\" viewbox=\"0 0 24 24\" version=\"1.2\" baseprofile=\"tiny\"><path d=\"M18.2 9.3l-6.2-6.3-6.2 6.3c-.2.2-.3.4-.3.7s.1.5.3.7c.2.2.4.3.7.3h11c.3 0 .5-.1.7-.3.2-.2.3-.5.3-.7s-.1-.5-.3-.7zM5.8 14.7l6.2 6.3 6.2-6.3c.2-.2.3-.5.3-.7s-.1-.5-.3-.7c-.2-.2-.4-.3-.7-.3h-11c-.3 0-.5.1-.7.3-.2.2-.3.5-.3.7s.1.5.3.7z\"\/><\/svg><\/span><\/span><\/span><\/a><\/span><\/div>\n<nav><ul class='ez-toc-list ez-toc-list-level-1 eztoc-toggle-hide-by-default' ><li class='ez-toc-page-1 ez-toc-heading-level-2'><a class=\"ez-toc-link ez-toc-heading-1\" href=\"https:\/\/www.bentleymore.com\/es\/moreno-valley-personal-injury-lawyer\/#personal-injury-attorney-in-moreno-valley-ca\" >Abogado especializado en lesiones personales en Moreno Valley, California<\/a><\/li><li class='ez-toc-page-1 ez-toc-heading-level-2'><a class=\"ez-toc-link ez-toc-heading-2\" href=\"https:\/\/www.bentleymore.com\/es\/moreno-valley-personal-injury-lawyer\/#why-choose-bentley-more-llp-for-this-case\" >\u00bfPor qu\u00e9 elegir a Bentley &amp; More LLP para este caso?<\/a><\/li><li class='ez-toc-page-1 ez-toc-heading-level-2'><a class=\"ez-toc-link ez-toc-heading-3\" href=\"https:\/\/www.bentleymore.com\/es\/moreno-valley-personal-injury-lawyer\/#how-can-an-attorney-help-this-case\" >\u00bfC\u00f3mo puede ayudar un abogado en este caso?<\/a><\/li><li class='ez-toc-page-1 ez-toc-heading-level-2'><a class=\"ez-toc-link ez-toc-heading-4\" href=\"https:\/\/www.bentleymore.com\/es\/moreno-valley-personal-injury-lawyer\/#most-common-causes-of-injuries-that-occur-in-moreno-valley\" >Las causas m\u00e1s comunes de las lesiones que se producen en Moreno Valley<\/a><\/li><li class='ez-toc-page-1 ez-toc-heading-level-2'><a class=\"ez-toc-link ez-toc-heading-5\" href=\"https:\/\/www.bentleymore.com\/es\/moreno-valley-personal-injury-lawyer\/#how-long-do-you-have-to-file-a-personal-injury-case-in-moreno-valley\" >\u00bfCu\u00e1nto tiempo tienes para presentar una demanda por lesiones personales en Moreno Valley?<\/a><\/li><\/ul><\/nav><\/div>\n<h2><span class=\"ez-toc-section\" id=\"personal-injury-attorney-in-moreno-valley-ca\"><\/span><span data-sheets-root=\"1\">Abogado especializado en lesiones personales en Moreno Valley, California<\/span><span class=\"ez-toc-section-end\"><\/span><\/h2>\n<p>Las lesiones pueden suponer una carga considerable para las v\u00edctimas. Cualquier persona que sufra una lesi\u00f3n grave causada por la imprudencia o la negligencia de otra persona tendr\u00e1 que hacer frente a la carga econ\u00f3mica que suponen los gastos m\u00e9dicos y la p\u00e9rdida de ingresos, adem\u00e1s del dolor y el sufrimiento provocados por las lesiones y la recuperaci\u00f3n.<\/p>\n<p>En Bentley &amp; More LLP, estamos a su disposici\u00f3n para ayudarle cuando necesite un abogado especializado en lesiones personales en Moreno Valley. Nuestro equipo est\u00e1 listo para ponerse manos a la obra y conseguir que reciba una indemnizaci\u00f3n completa por sus p\u00e9rdidas.<\/p>\n<p><strong>Llame hoy mismo para una consulta gratuita al (949)-870-3800<\/strong><\/p>\n<h2><span class=\"ez-toc-section\" id=\"why-choose-bentley-more-llp-for-this-case\"><\/span>\u00bfPor qu\u00e9 elegir a Bentley &amp; More LLP para este caso?<span class=\"ez-toc-section-end\"><\/span><\/h2>\n<p><img loading=\"lazy\" decoding=\"async\" class=\"aligncenter size-full wp-image-2123\" src=\"https:\/\/www.bentleymore.com\/wp-content\/uploads\/2019\/04\/RRGPhotography-5125-1-2.jpg\" alt=\"Abogado especializado en lesiones personales en Morena Valley\" width=\"680\" height=\"650\" srcset=\"https:\/\/www.bentleymore.com\/wp-content\/uploads\/2019\/04\/RRGPhotography-5125-1-2.jpg 680w, https:\/\/www.bentleymore.com\/wp-content\/uploads\/2019\/04\/RRGPhotography-5125-1-2-300x287.jpg 300w\" sizes=\"auto, (max-width: 680px) 100vw, 680px\" \/><\/p>\n<p>Una de las decisiones m\u00e1s importantes que puede tomar tras sufrir una lesi\u00f3n es buscar la ayuda de un abogado con experiencia. Bentley &amp; More LLP est\u00e1 listo para apoyarle. Tambi\u00e9n podemos ayudarle si ha sufrido una lesi\u00f3n en un <a href=\"https:\/\/www.bentleymore.com\/es\/abogado-especializado-en-accidentes-de-trafico-en-moreno-valley\/\">Accidente de tr\u00e1fico en Moreno Valley<\/a>.<\/p>\n<ul>\n<li style=\"list-style-type: none;\">\n<ul>\n<li>Nuestro equipo cuenta con los recursos necesarios para ocuparse de todos los aspectos de su caso, desde la investigaci\u00f3n inicial hasta el juicio.<\/li>\n<li>Nuestros abogados se centran en establecer una relaci\u00f3n personal con los clientes. Nos tomamos el tiempo de conocer a cada persona a la que prestamos servicio para poder dise\u00f1ar la mejor estrategia de cara al futuro y satisfacer as\u00ed sus necesidades.<\/li>\n<li>Nuestro equipo acepta casos de lesiones personales en Moreno Valley con honorarios contingentes. Esto significa que no cobraremos ning\u00fan honorario legal hasta que consigamos la indemnizaci\u00f3n que usted se merece.<\/li>\n<\/ul>\n<\/li>\n<\/ul>\n<h2><span class=\"ez-toc-section\" id=\"how-can-an-attorney-help-this-case\"><\/span>\u00bfC\u00f3mo puede ayudar un abogado en este caso?<span class=\"ez-toc-section-end\"><\/span><\/h2>\n<p>Un abogado ser\u00e1 un recurso inestimable en un caso de lesiones personales en Moreno Valley. Un abogado se encargar\u00e1 de todos los aspectos del caso para que usted pueda centrarse en recuperarse y estar con su familia.<\/p>\n<p><strong>Esto incluye:<\/strong><\/p>\n<ul>\n<li style=\"list-style-type: none;\">\n<ul>\n<li style=\"list-style-type: none;\">\n<ul>\n<li>Llevar a cabo una investigaci\u00f3n exhaustiva del incidente con el fin de determinar la responsabilidad en la demanda por da\u00f1os personales.<\/li>\n<li>Colaboramos con profesionales m\u00e9dicos de confianza para garantizar que recibas la atenci\u00f3n adecuada. Esto incluye tanto la gesti\u00f3n de la situaci\u00f3n m\u00e9dica de emergencia inicial como toda la atenci\u00f3n m\u00e9dica de seguimiento.<\/li>\n<li>Re\u00fana todas las facturas m\u00e9dicas, los comprobantes de la p\u00e9rdida de ingresos y los recibos de cualquier gasto de su propio bolsillo para poder calcular el total de sus p\u00e9rdidas.<\/li>\n<li>Redacci\u00f3n de cartas de requerimiento para enviar a <a href=\"https:\/\/www.bentleymore.com\/es\/blog\/como-presentar-una-reclamacion-por-accidente-de-trafico-ante-la-aaa\/\">compa\u00f1\u00edas de seguros<\/a> o a las partes responsables, con el fin de obtener una indemnizaci\u00f3n.<\/li>\n<li>Prepararemos a fondo el caso de Moreno Valley para llevarlo a juicio si fuera necesario, con el fin de garantizar que reciba la atenci\u00f3n que necesita.<\/li>\n<\/ul>\n<\/li>\n<\/ul>\n<\/li>\n<\/ul>\n<h2><span class=\"ez-toc-section\" id=\"most-common-causes-of-injuries-that-occur-in-moreno-valley\"><\/span>Las causas m\u00e1s comunes de las lesiones que se producen en Moreno Valley<span class=\"ez-toc-section-end\"><\/span><\/h2>\n<p>En Bentley &amp; More LLP, nuestros abogados especializados en lesiones personales de Moreno Valley cuentan con experiencia en ayudar a clientes que han sufrido lesiones de diversa \u00edndole.<\/p>\n<p><strong>Ayudamos habitualmente a clientes que han sufrido da\u00f1os debido a:<\/strong><\/p>\n<ul>\n<li style=\"list-style-type: none;\">\n<ul>\n<li style=\"list-style-type: none;\">\n<ul>\n<li>Accidentes de tr\u00e1fico<\/li>\n<li>Accidentes de camiones comerciales<\/li>\n<li>Accidentes de motocicleta<\/li>\n<li>Accidentes de bicicleta<\/li>\n<li>Accidentes de peatones<\/li>\n<li>Accidentes de cuatrimotos<\/li>\n<li>Mordeduras de perro<\/li>\n<li>Accidentes laborales<\/li>\n<li>Lesiones por quemaduras<\/li>\n<li>Explosiones de cigarrillos electr\u00f3nicos<\/li>\n<li>Accidentes por resbalones y ca\u00eddas<\/li>\n<li>Negligencia del propietario<\/li>\n<li>Casos de productos defectuosos<\/li>\n<li>Incidentes con explosiones<\/li>\n<li>Abuso y negligencia en residencias de ancianos<\/li>\n<li>\u2026y m\u00e1s<\/li>\n<\/ul>\n<\/li>\n<\/ul>\n<\/li>\n<\/ul>\n<h2><span class=\"ez-toc-section\" id=\"how-long-do-you-have-to-file-a-personal-injury-case-in-moreno-valley\"><\/span>\u00bfCu\u00e1nto tiempo tienes para presentar una demanda por lesiones personales en Moreno Valley?<span class=\"ez-toc-section-end\"><\/span><\/h2>\n<p>Es importante tener en cuenta que cada estado establece un plazo l\u00edmite para que las v\u00edctimas puedan presentar demandas contra la persona o entidad que les caus\u00f3 la lesi\u00f3n. El plazo de prescripci\u00f3n para las lesiones personales en California es de dos a\u00f1os a partir de la fecha en que ocurri\u00f3 la lesi\u00f3n. Si no se presenta una demanda dentro de este plazo de dos a\u00f1os, la v\u00edctima no podr\u00e1 obtener la indemnizaci\u00f3n que necesita.<\/p>\n<p>Si usted o un ser querido ha sufrido lesiones debido a las acciones imprudentes, negligentes o intencionales de otra persona, p\u00f3ngase en contacto con un abogado hoy mismo. En Bentley &amp; More LLP, nuestro equipo investigar\u00e1 cada aspecto de su caso para que podamos conseguir la indemnizaci\u00f3n que necesita para superar esta situaci\u00f3n.<\/p>\n<p>Si necesita un abogado especializado en lesiones personales en Moreno Valley, puede ponerse en contacto con nosotros para una consulta gratuita sobre su caso llamando al <a href=\"https:\/\/www.bentleymore.com\/es\/contactenos\/\">haciendo clic aqu\u00ed<\/a> o llamando al 949-264-0226.<\/p>","protected":false},"excerpt":{"rendered":"<p>Personal Injury Attorney in Moreno Valley, CA Injuries can lead to significant burdens for victims. Any person who sustains a severe injury caused by the careless or negligent actions of another person is going to be left in dealing with the financial burden of medical bills and lost wages as well as pain and suffering&#8230; <a href=\"https:\/\/www.bentleymore.com\/es\/moreno-valley-personal-injury-lawyer\/\">Leer m\u00e1s<\/a><\/p>","protected":false},"author":4,"featured_media":0,"parent":0,"menu_order":0,"comment_status":"closed","ping_status":"closed","template":"","meta":{"_acf_changed":false,"footnotes":""},"class_list":["post-3405","page","type-page","status-publish","hentry"],"acf":[],"yoast_head":"<!-- This site is optimized with the Yoast SEO Premium plugin v26.7 (Yoast SEO v27.5) - https:\/\/yoast.com\/product\/yoast-seo-premium-wordpress\/ -->\n<title>Moreno Valley Personal Injury Lawyer - Free Consultation<\/title>\n<meta name=\"description\" content=\"Want Moreno Valley Personal Injury Lawyer after an accident? Bentley &amp; More LLP. pursues negligence claims. Book your free consultation.\" \/>\n<meta name=\"robots\" content=\"index, follow, max-snippet:-1, max-image-preview:large, max-video-preview:-1\" \/>\n<link rel=\"canonical\" href=\"https:\/\/www.bentleymore.com\/es\/abogado-especializado-en-lesiones-personales-en-moreno-valley\/\" \/>\n<meta property=\"og:locale\" content=\"es_MX\" \/>\n<meta property=\"og:type\" content=\"article\" \/>\n<meta property=\"og:title\" content=\"Moreno Valley Personal Injury Lawyer\" \/>\n<meta property=\"og:description\" content=\"Want Moreno Valley Personal Injury Lawyer after an accident? Bentley &amp; More LLP. pursues negligence claims. Book your free consultation.\" \/>\n<meta property=\"og:url\" content=\"https:\/\/www.bentleymore.com\/es\/abogado-especializado-en-lesiones-personales-en-moreno-valley\/\" \/>\n<meta property=\"og:site_name\" content=\"Bentley &amp; More LLP\" \/>\n<meta property=\"article:publisher\" content=\"https:\/\/www.facebook.com\/BentleyMoreLLP\/\" \/>\n<meta property=\"article:modified_time\" content=\"2026-03-06T07:13:21+00:00\" \/>\n<meta property=\"og:image\" content=\"https:\/\/www.bentleymore.com\/wp-content\/uploads\/2019\/04\/RRGPhotography-5125-1-2.jpg\" \/>\n\t<meta property=\"og:image:width\" content=\"680\" \/>\n\t<meta property=\"og:image:height\" content=\"650\" \/>\n\t<meta property=\"og:image:type\" content=\"image\/jpeg\" \/>\n<meta name=\"twitter:card\" content=\"summary_large_image\" \/>\n<meta name=\"twitter:site\" content=\"@bentleymore\" \/>\n<meta name=\"twitter:label1\" content=\"Tiempo de lectura\" \/>\n\t<meta name=\"twitter:data1\" content=\"3 minutos\" \/>\n<script type=\"application\/ld+json\" class=\"yoast-schema-graph\">{\"@context\":\"https:\\\/\\\/schema.org\",\"@graph\":[{\"@type\":\"WebPage\",\"@id\":\"https:\\\/\\\/www.bentleymore.com\\\/moreno-valley-personal-injury-lawyer\\\/\",\"url\":\"https:\\\/\\\/www.bentleymore.com\\\/moreno-valley-personal-injury-lawyer\\\/\",\"name\":\"Moreno Valley Personal Injury Lawyer - Free Consultation\",\"isPartOf\":{\"@id\":\"https:\\\/\\\/www.bentleymore.com\\\/#website\"},\"primaryImageOfPage\":{\"@id\":\"https:\\\/\\\/www.bentleymore.com\\\/moreno-valley-personal-injury-lawyer\\\/#primaryimage\"},\"image\":{\"@id\":\"https:\\\/\\\/www.bentleymore.com\\\/moreno-valley-personal-injury-lawyer\\\/#primaryimage\"},\"thumbnailUrl\":\"https:\\\/\\\/www.bentleymore.com\\\/wp-content\\\/uploads\\\/2019\\\/04\\\/RRGPhotography-5125-1-2.jpg\",\"datePublished\":\"2020-10-02T22:50:26+00:00\",\"dateModified\":\"2026-03-06T07:13:21+00:00\",\"description\":\"Want Moreno Valley Personal Injury Lawyer after an accident? Bentley & More LLP. pursues negligence claims. Book your free consultation.\",\"breadcrumb\":{\"@id\":\"https:\\\/\\\/www.bentleymore.com\\\/moreno-valley-personal-injury-lawyer\\\/#breadcrumb\"},\"inLanguage\":\"es\",\"potentialAction\":[{\"@type\":\"ReadAction\",\"target\":[\"https:\\\/\\\/www.bentleymore.com\\\/moreno-valley-personal-injury-lawyer\\\/\"]}]},{\"@type\":\"ImageObject\",\"inLanguage\":\"es\",\"@id\":\"https:\\\/\\\/www.bentleymore.com\\\/moreno-valley-personal-injury-lawyer\\\/#primaryimage\",\"url\":\"https:\\\/\\\/www.bentleymore.com\\\/wp-content\\\/uploads\\\/2019\\\/04\\\/RRGPhotography-5125-1-2.jpg\",\"contentUrl\":\"https:\\\/\\\/www.bentleymore.com\\\/wp-content\\\/uploads\\\/2019\\\/04\\\/RRGPhotography-5125-1-2.jpg\"},{\"@type\":\"BreadcrumbList\",\"@id\":\"https:\\\/\\\/www.bentleymore.com\\\/moreno-valley-personal-injury-lawyer\\\/#breadcrumb\",\"itemListElement\":[{\"@type\":\"ListItem\",\"position\":1,\"name\":\"Home\",\"item\":\"https:\\\/\\\/www.bentleymore.com\\\/\"},{\"@type\":\"ListItem\",\"position\":2,\"name\":\"Moreno Valley Personal Injury Lawyer\"}]},{\"@type\":\"WebSite\",\"@id\":\"https:\\\/\\\/www.bentleymore.com\\\/#website\",\"url\":\"https:\\\/\\\/www.bentleymore.com\\\/\",\"name\":\"Bentley & More LLP\",\"description\":\"Real Trial Lawyers\",\"publisher\":{\"@id\":\"https:\\\/\\\/www.bentleymore.com\\\/#organization\"},\"alternateName\":\"Bentley & More\",\"potentialAction\":[{\"@type\":\"SearchAction\",\"target\":{\"@type\":\"EntryPoint\",\"urlTemplate\":\"https:\\\/\\\/www.bentleymore.com\\\/?s={search_term_string}\"},\"query-input\":{\"@type\":\"PropertyValueSpecification\",\"valueRequired\":true,\"valueName\":\"search_term_string\"}}],\"inLanguage\":\"es\"},{\"@type\":\"Organization\",\"@id\":\"https:\\\/\\\/www.bentleymore.com\\\/#organization\",\"name\":\"Bentley & More LLP\",\"alternateName\":\"Bentley & More\",\"url\":\"https:\\\/\\\/www.bentleymore.com\\\/\",\"logo\":{\"@type\":\"ImageObject\",\"inLanguage\":\"es\",\"@id\":\"https:\\\/\\\/www.bentleymore.com\\\/#\\\/schema\\\/logo\\\/image\\\/\",\"url\":\"https:\\\/\\\/www.bentleymore.com\\\/wp-content\\\/uploads\\\/2023\\\/04\\\/logo.png\",\"contentUrl\":\"https:\\\/\\\/www.bentleymore.com\\\/wp-content\\\/uploads\\\/2023\\\/04\\\/logo.png\",\"width\":462,\"height\":109,\"caption\":\"Bentley & More LLP\"},\"image\":{\"@id\":\"https:\\\/\\\/www.bentleymore.com\\\/#\\\/schema\\\/logo\\\/image\\\/\"},\"sameAs\":[\"https:\\\/\\\/www.facebook.com\\\/BentleyMoreLLP\\\/\",\"https:\\\/\\\/x.com\\\/bentleymore\",\"https:\\\/\\\/www.instagram.com\\\/bentleyandmorellp\\\/\",\"https:\\\/\\\/www.yelp.com\\\/biz\\\/bentley-and-more-irvine\",\"https:\\\/\\\/www.linkedin.com\\\/company\\\/bentley-&-more-llp\\\/\",\"https:\\\/\\\/maps.app.goo.gl\\\/RZrMqUo474ugpWBRA\",\"https:\\\/\\\/www.bestlawyers.com\\\/firms\\\/bentley-more-llp\\\/75461\\\/US\",\"https:\\\/\\\/www.orangecountylawyers.com\\\/attorneys\\\/bentley-more-llp\\\/\",\"https:\\\/\\\/profiles.superlawyers.com\\\/california\\\/newport-beach\\\/lawfirm\\\/bentley-and-more-llp\\\/ce1e2f49-0a84-468f-bc17-eade2a364682.html\",\"https:\\\/\\\/uphelp.org\\\/sponsors\\\/bentley-more-llp\\\/\",\"https:\\\/\\\/law.usnews.com\\\/law-firms\\\/bentley-&-more-llp-160536\",\"https:\\\/\\\/www.martindale.com\\\/organization\\\/bentley-more-llp-158828293\\\/newport-beach-california-161028413-f\\\/\",\"https:\\\/\\\/lawyers.findlaw.com\\\/profile\\\/lawfirm\\\/bentley--more-llp\\\/ca\\\/newport-beach\\\/NTAwMzkxM18x\",\"https:\\\/\\\/www.bestlawfirms.com\\\/firms\\\/bentley-more-llp\\\/75461\\\/US\",\"https:\\\/\\\/natlawreview.com\\\/organization\\\/bentley-more-llp\",\"https:\\\/\\\/bentley-more-llp.wheree.com\\\/\",\"https:\\\/\\\/www.callupcontact.com\\\/b\\\/businessprofile\\\/Bentley_amp_More_LLP\\\/9968345\"],\"telephone\":\"+19498703800\",\"legalName\":\"Bentley & More LLP\"}]}<\/script>\n<!-- \/ Yoast SEO Premium plugin. -->","yoast_head_json":{"title":"Abogado especializado en lesiones personales en Moreno Valley - Consulta gratuita","description":"\u00bfNecesita un abogado especializado en lesiones personales en Moreno Valley tras un accidente? Bentley &amp; More LLP se encarga de demandas por negligencia. Reserve su consulta gratuita.","robots":{"index":"index","follow":"follow","max-snippet":"max-snippet:-1","max-image-preview":"max-image-preview:large","max-video-preview":"max-video-preview:-1"},"canonical":"https:\/\/www.bentleymore.com\/es\/abogado-especializado-en-lesiones-personales-en-moreno-valley\/","og_locale":"es_MX","og_type":"article","og_title":"Moreno Valley Personal Injury Lawyer","og_description":"Want Moreno Valley Personal Injury Lawyer after an accident? Bentley & More LLP. pursues negligence claims. Book your free consultation.","og_url":"https:\/\/www.bentleymore.com\/es\/abogado-especializado-en-lesiones-personales-en-moreno-valley\/","og_site_name":"Bentley &amp; More LLP","article_publisher":"https:\/\/www.facebook.com\/BentleyMoreLLP\/","article_modified_time":"2026-03-06T07:13:21+00:00","og_image":[{"width":680,"height":650,"url":"https:\/\/www.bentleymore.com\/wp-content\/uploads\/2019\/04\/RRGPhotography-5125-1-2.jpg","type":"image\/jpeg"}],"twitter_card":"summary_large_image","twitter_site":"@bentleymore","twitter_misc":{"Tiempo de lectura":"3 minutos"},"schema":{"@context":"https:\/\/schema.org","@graph":[{"@type":"WebPage","@id":"https:\/\/www.bentleymore.com\/moreno-valley-personal-injury-lawyer\/","url":"https:\/\/www.bentleymore.com\/moreno-valley-personal-injury-lawyer\/","name":"Abogado especializado en lesiones personales en Moreno Valley - Consulta gratuita","isPartOf":{"@id":"https:\/\/www.bentleymore.com\/#website"},"primaryImageOfPage":{"@id":"https:\/\/www.bentleymore.com\/moreno-valley-personal-injury-lawyer\/#primaryimage"},"image":{"@id":"https:\/\/www.bentleymore.com\/moreno-valley-personal-injury-lawyer\/#primaryimage"},"thumbnailUrl":"https:\/\/www.bentleymore.com\/wp-content\/uploads\/2019\/04\/RRGPhotography-5125-1-2.jpg","datePublished":"2020-10-02T22:50:26+00:00","dateModified":"2026-03-06T07:13:21+00:00","description":"\u00bfNecesita un abogado especializado en lesiones personales en Moreno Valley tras un accidente? Bentley &amp; More LLP se encarga de demandas por negligencia. Reserve su consulta gratuita.","breadcrumb":{"@id":"https:\/\/www.bentleymore.com\/moreno-valley-personal-injury-lawyer\/#breadcrumb"},"inLanguage":"es","potentialAction":[{"@type":"ReadAction","target":["https:\/\/www.bentleymore.com\/moreno-valley-personal-injury-lawyer\/"]}]},{"@type":"ImageObject","inLanguage":"es","@id":"https:\/\/www.bentleymore.com\/moreno-valley-personal-injury-lawyer\/#primaryimage","url":"https:\/\/www.bentleymore.com\/wp-content\/uploads\/2019\/04\/RRGPhotography-5125-1-2.jpg","contentUrl":"https:\/\/www.bentleymore.com\/wp-content\/uploads\/2019\/04\/RRGPhotography-5125-1-2.jpg"},{"@type":"BreadcrumbList","@id":"https:\/\/www.bentleymore.com\/moreno-valley-personal-injury-lawyer\/#breadcrumb","itemListElement":[{"@type":"ListItem","position":1,"name":"Home","item":"https:\/\/www.bentleymore.com\/"},{"@type":"ListItem","position":2,"name":"Moreno Valley Personal Injury Lawyer"}]},{"@type":"WebSite","@id":"https:\/\/www.bentleymore.com\/#website","url":"https:\/\/www.bentleymore.com\/","name":"Bentley &amp; More LLP","description":"Abogados litigantes de verdad","publisher":{"@id":"https:\/\/www.bentleymore.com\/#organization"},"alternateName":"Bentley & More","potentialAction":[{"@type":"SearchAction","target":{"@type":"EntryPoint","urlTemplate":"https:\/\/www.bentleymore.com\/?s={search_term_string}"},"query-input":{"@type":"PropertyValueSpecification","valueRequired":true,"valueName":"search_term_string"}}],"inLanguage":"es"},{"@type":"Organization","@id":"https:\/\/www.bentleymore.com\/#organization","name":"Bentley &amp; More LLP","alternateName":"Bentley & More","url":"https:\/\/www.bentleymore.com\/","logo":{"@type":"ImageObject","inLanguage":"es","@id":"https:\/\/www.bentleymore.com\/#\/schema\/logo\/image\/","url":"https:\/\/www.bentleymore.com\/wp-content\/uploads\/2023\/04\/logo.png","contentUrl":"https:\/\/www.bentleymore.com\/wp-content\/uploads\/2023\/04\/logo.png","width":462,"height":109,"caption":"Bentley & More LLP"},"image":{"@id":"https:\/\/www.bentleymore.com\/#\/schema\/logo\/image\/"},"sameAs":["https:\/\/www.facebook.com\/BentleyMoreLLP\/","https:\/\/x.com\/bentleymore","https:\/\/www.instagram.com\/bentleyandmorellp\/","https:\/\/www.yelp.com\/biz\/bentley-and-more-irvine","https:\/\/www.linkedin.com\/company\/bentley-&-more-llp\/","https:\/\/maps.app.goo.gl\/RZrMqUo474ugpWBRA","https:\/\/www.bestlawyers.com\/firms\/bentley-more-llp\/75461\/US","https:\/\/www.orangecountylawyers.com\/attorneys\/bentley-more-llp\/","https:\/\/profiles.superlawyers.com\/california\/newport-beach\/lawfirm\/bentley-and-more-llp\/ce1e2f49-0a84-468f-bc17-eade2a364682.html","https:\/\/uphelp.org\/sponsors\/bentley-more-llp\/","https:\/\/law.usnews.com\/law-firms\/bentley-&-more-llp-160536","https:\/\/www.martindale.com\/organization\/bentley-more-llp-158828293\/newport-beach-california-161028413-f\/","https:\/\/lawyers.findlaw.com\/profile\/lawfirm\/bentley--more-llp\/ca\/newport-beach\/NTAwMzkxM18x","https:\/\/www.bestlawfirms.com\/firms\/bentley-more-llp\/75461\/US","https:\/\/natlawreview.com\/organization\/bentley-more-llp","https:\/\/bentley-more-llp.wheree.com\/","https:\/\/www.callupcontact.com\/b\/businessprofile\/Bentley_amp_More_LLP\/9968345"],"telephone":"+19498703800","legalName":"Bentley & More LLP"}]}},"_links":{"self":[{"href":"https:\/\/www.bentleymore.com\/es\/wp-json\/wp\/v2\/pages\/3405","targetHints":{"allow":["GET"]}}],"collection":[{"href":"https:\/\/www.bentleymore.com\/es\/wp-json\/wp\/v2\/pages"}],"about":[{"href":"https:\/\/www.bentleymore.com\/es\/wp-json\/wp\/v2\/types\/page"}],"author":[{"embeddable":true,"href":"https:\/\/www.bentleymore.com\/es\/wp-json\/wp\/v2\/users\/4"}],"replies":[{"embeddable":true,"href":"https:\/\/www.bentleymore.com\/es\/wp-json\/wp\/v2\/comments?post=3405"}],"version-history":[{"count":2,"href":"https:\/\/www.bentleymore.com\/es\/wp-json\/wp\/v2\/pages\/3405\/revisions"}],"predecessor-version":[{"id":7537,"href":"https:\/\/www.bentleymore.com\/es\/wp-json\/wp\/v2\/pages\/3405\/revisions\/7537"}],"wp:attachment":[{"href":"https:\/\/www.bentleymore.com\/es\/wp-json\/wp\/v2\/media?parent=3405"}],"curies":[{"name":"wp","href":"https:\/\/api.w.org\/{rel}","templated":true}]}}