{"id":7917,"date":"2026-04-23T03:19:06","date_gmt":"2026-04-23T10:19:06","guid":{"rendered":"https:\/\/www.bentleymore.com\/?page_id=7917"},"modified":"2026-04-23T05:06:31","modified_gmt":"2026-04-23T12:06:31","slug":"santa-ana-broken-bones-lawyer","status":"publish","type":"page","link":"https:\/\/www.bentleymore.com\/es\/santa-ana-broken-bones-lawyer\/","title":{"rendered":"Santa Ana Abogado especializado en fracturas \u00f3seas"},"content":{"rendered":"<p><img loading=\"lazy\" decoding=\"async\" class=\"aligncenter wp-image-8222 size-full\" title=\"Skilled Santa Ana Broken Bones Lawyer\" src=\"https:\/\/www.bentleymore.com\/wp-content\/uploads\/2026\/04\/santa-ana-broken-bones-lawyer.webp\" alt=\"Skilled Santa Ana Broken Bones Lawyer\" width=\"1200\" height=\"600\" srcset=\"https:\/\/www.bentleymore.com\/wp-content\/uploads\/2026\/04\/santa-ana-broken-bones-lawyer.webp 1200w, https:\/\/www.bentleymore.com\/wp-content\/uploads\/2026\/04\/santa-ana-broken-bones-lawyer-300x150.webp 300w, https:\/\/www.bentleymore.com\/wp-content\/uploads\/2026\/04\/santa-ana-broken-bones-lawyer-1024x512.webp 1024w, https:\/\/www.bentleymore.com\/wp-content\/uploads\/2026\/04\/santa-ana-broken-bones-lawyer-768x384.webp 768w, https:\/\/www.bentleymore.com\/wp-content\/uploads\/2026\/04\/santa-ana-broken-bones-lawyer-18x9.webp 18w\" sizes=\"auto, (max-width: 1200px) 100vw, 1200px\" \/><\/p>\n<div id=\"ez-toc-container\" class=\"ez-toc-v2_0_82_2 ez-toc-wrap-left counter-hierarchy ez-toc-counter ez-toc-transparent ez-toc-container-direction\">\n<div class=\"ez-toc-title-container\">\n<p class=\"ez-toc-title ez-toc-toggle\" style=\"cursor:pointer\">\u00cdndice<\/p>\n<span class=\"ez-toc-title-toggle\"><a href=\"#\" class=\"ez-toc-pull-right ez-toc-btn ez-toc-btn-xs ez-toc-btn-default ez-toc-toggle\" aria-label=\"Toggle Table of Content\"><span class=\"ez-toc-js-icon-con\"><span class=\"\"><span class=\"eztoc-hide\" style=\"display:none;\">Alternar<\/span><span class=\"ez-toc-icon-toggle-span\"><svg style=\"fill: #999;color:#999\" xmlns=\"http:\/\/www.w3.org\/2000\/svg\" class=\"list-377408\" width=\"20px\" height=\"20px\" viewbox=\"0 0 24 24\" fill=\"none\"><path d=\"M6 6H4v2h2V6zm14 0H8v2h12V6zM4 11h2v2H4v-2zm16 0H8v2h12v-2zM4 16h2v2H4v-2zm16 0H8v2h12v-2z\" fill=\"currentColor\"><\/path><\/svg><svg style=\"fill: #999;color:#999\" class=\"arrow-unsorted-368013\" xmlns=\"http:\/\/www.w3.org\/2000\/svg\" width=\"10px\" height=\"10px\" viewbox=\"0 0 24 24\" version=\"1.2\" baseprofile=\"tiny\"><path d=\"M18.2 9.3l-6.2-6.3-6.2 6.3c-.2.2-.3.4-.3.7s.1.5.3.7c.2.2.4.3.7.3h11c.3 0 .5-.1.7-.3.2-.2.3-.5.3-.7s-.1-.5-.3-.7zM5.8 14.7l6.2 6.3 6.2-6.3c.2-.2.3-.5.3-.7s-.1-.5-.3-.7c-.2-.2-.4-.3-.7-.3h-11c-.3 0-.5.1-.7.3-.2.2-.3.5-.3.7s.1.5.3.7z\"\/><\/svg><\/span><\/span><\/span><\/a><\/span><\/div>\n<nav><ul class='ez-toc-list ez-toc-list-level-1 eztoc-toggle-hide-by-default' ><li class='ez-toc-page-1 ez-toc-heading-level-2'><a class=\"ez-toc-link ez-toc-heading-1\" href=\"https:\/\/www.bentleymore.com\/es\/santa-ana-broken-bones-lawyer\/#broken-bones-attorney-in-santa-ana-ca\" >Broken Bones Attorney in Santa Ana, CA<\/a><\/li><li class='ez-toc-page-1 ez-toc-heading-level-2'><a class=\"ez-toc-link ez-toc-heading-2\" href=\"https:\/\/www.bentleymore.com\/es\/santa-ana-broken-bones-lawyer\/#trial-ready-injury-lawyers-serving-santa-ana\" >Trial-Ready Injury Lawyers Serving Santa Ana<\/a><\/li><li class='ez-toc-page-1 ez-toc-heading-level-2'><a class=\"ez-toc-link ez-toc-heading-3\" href=\"https:\/\/www.bentleymore.com\/es\/santa-ana-broken-bones-lawyer\/#understanding-broken-bone-injury-claims\" >Understanding Broken Bone Injury Claims<\/a><\/li><li class='ez-toc-page-1 ez-toc-heading-level-2'><a class=\"ez-toc-link ez-toc-heading-4\" href=\"https:\/\/www.bentleymore.com\/es\/santa-ana-broken-bones-lawyer\/#compensation-you-may-be-owed\" >Indemnizaci\u00f3n a la que podr\u00eda tener derecho<\/a><\/li><li class='ez-toc-page-1 ez-toc-heading-level-2'><a class=\"ez-toc-link ez-toc-heading-5\" href=\"https:\/\/www.bentleymore.com\/es\/santa-ana-broken-bones-lawyer\/#why-you-should-hire-a-broken-bones-lawyer-in-santa-ana\" >Why You Should Hire a Broken Bones Lawyer in Santa Ana<\/a><\/li><li class='ez-toc-page-1 ez-toc-heading-level-2'><a class=\"ez-toc-link ez-toc-heading-6\" href=\"https:\/\/www.bentleymore.com\/es\/santa-ana-broken-bones-lawyer\/#contact-an-experienced-injury-law-firm-today\" >P\u00f3ngase en contacto hoy mismo con un bufete de abogados especializado en lesiones<\/a><\/li><li class='ez-toc-page-1 ez-toc-heading-level-2'><a class=\"ez-toc-link ez-toc-heading-7\" href=\"https:\/\/www.bentleymore.com\/es\/santa-ana-broken-bones-lawyer\/#client-testimonials\" >Testimonios de clientes<\/a><\/li><\/ul><\/nav><\/div>\n<h2><span class=\"ez-toc-section\" id=\"broken-bones-attorney-in-santa-ana-ca\"><\/span>Broken Bones Attorney in Santa Ana, CA<span class=\"ez-toc-section-end\"><\/span><\/h2>\n<p>Broken bones may be one of the more common types of injuries in California, but that doesn\u2019t mean they are not serious forms of harm that can lead to missed time from work and impaired mobility. When broken bones result from someone\u2019s negligence or wrongful acts, the injured party has the right to pursue compensation with the <strong>help of a Santa Ana broken bones lawyer<\/strong>. A fair settlement can lead to compensation for medical bills, lost wages, and other losses.<\/p>\n<p style=\"text-align: center;\"><a class=\"onsite-btn\" href=\"\/es\/contactenos\/\" target=\"_self\" rel=\"noopener nofollow\">Programa una consulta gratuita<\/a><\/p>\n<h2><span class=\"ez-toc-section\" id=\"trial-ready-injury-lawyers-serving-santa-ana\"><\/span>Trial-Ready Injury Lawyers Serving Santa Ana<span class=\"ez-toc-section-end\"><\/span><\/h2>\n<p>If you are seeking compensation and accountability for a broken bone injury, you can rely on the <a href=\"https:\/\/www.bentleymore.com\/es\/abogados\/\">dedicated team<\/a> de\u00a0<a href=\"https:\/\/www.bentleymore.com\/es\/abogado-especializado-en-lesiones-personales-en-santa-ana\/\">Santa Ana, abogados especializados en lesiones personales<\/a>\u00a0 en <a href=\"https:\/\/www.bentleymore.com\/es\/\">Bentley &amp; More LLP<\/a> for help and trusted support. Our law firm has received numerous awards and recognition for the high level of service we provide our clients and our <a href=\"https:\/\/www.bentleymore.com\/es\/resultados-del-caso\/\">consistent track record of securing large settlements<\/a> and court verdicts.<\/p>\n<p>We understand the complexities of injury claims and how to keep the process focused on your losses and the harm you experienced. Whether you suffered broken bones due to a\u00a0<a href=\"https:\/\/www.bentleymore.com\/es\/abogado-especializado-en-accidentes-de-motocicleta-en-santa-ana\/\">accidente de motocicleta<\/a>\u00a0or someone else\u2019s misconduct, you can rely on our decades of combined legal experience to see that you are fairly and fully compensated.<\/p>\n<h2><span class=\"ez-toc-section\" id=\"understanding-broken-bone-injury-claims\"><\/span>Understanding Broken Bone Injury Claims<span class=\"ez-toc-section-end\"><\/span><\/h2>\n<p>Not all broken bones are the same. The type of fracture someone suffers can directly affect the recovery timeline, treatment, and overall value of a claim. In 2023, there were<a href=\"https:\/\/www.ots.ca.gov\/media-and-research\/crash-rankings-results\/?wpv_view_count=1327&amp;wpv-wpcf-year=2023&amp;wpv-wpcf-city_county=Santa+Ana&amp;wpv_filter_submit=Submit\" target=\"_blank\" rel=\"noopener\"> 1,972 people killed or injured<\/a> in Santa Ana due to car crashes, and broken bones are one type of injury that can result from those collisions. In a city with an annual violent crime rate of<a href=\"https:\/\/crimegrade.org\/violent-crime-santa-ana-ca\/\" target=\"_blank\" rel=\"noopener\"> 3,266 por cada 1 000 habitantes<\/a>, assaults can also lead to broken bones. And our <a href=\"https:\/\/www.bentleymore.com\/es\/abogados-especializados-en-accidentes-de-trafico-en-santa-ana\/\">Santa Ana: abogados especializados en accidentes de tr\u00e1fico<\/a>\u00a0frequently represent those suffering from severe fractures.<\/p>\n<p>Broken bones are one type of injury that can result from those collisions, a\u00a0<a href=\"https:\/\/www.bentleymore.com\/es\/santa-ana-pedestrian-accident-lawyer\/\">accidente de peatones<\/a>, or a bike crash. In a city with an annual violent crime rate of 3.266 per 1,000 residents, assaults or a\u00a0<a href=\"https:\/\/www.bentleymore.com\/es\/abogado-especializado-en-resbalones-y-caidas-en-santa-ana\/\">resbal\u00f3n y ca\u00edda<\/a>\u00a0can also lead to broken bones.<\/p>\n<p>These injuries occur in Floral Park, French Park, Wilshire Square, and elsewhere in <a href=\"https:\/\/en.wikipedia.org\/wiki\/Santa_Ana,_California\" target=\"_blank\" rel=\"noopener\">Santa Ana<\/a> including job sites where\u00a0<a href=\"https:\/\/www.bentleymore.com\/es\/abogados-especializados-en-accidentes-de-construccion-en-santa-ana\/\">abogados especializados en accidentes de construcci\u00f3n<\/a> are needed to protect worker rights. Following an injury, urgent treatment may be given at Providence Mission Hospital, which is located at 27700 Medical Center in nearby Mission Viejo.<\/p>\n<h2><span class=\"ez-toc-section\" id=\"compensation-you-may-be-owed\"><\/span>Indemnizaci\u00f3n a la que podr\u00eda tener derecho<span class=\"ez-toc-section-end\"><\/span><\/h2>\n<p>Broken bones can lead to multiple hardships and setbacks. A long recovery could mean time away from work, and\u00a0<a href=\"https:\/\/www.bentleymore.com\/es\/abogados-especializados-en-indemnizaciones-laborales-en-santa-ana\/\">workers\u2019 compensation lawyers<\/a>\u00a0can help those injured on the job navigate the path to recovery. Medical bills can add financial stress to an already challenging situation, but an injury claim can account for the financial losses you suffered. Economic damages account for tangible losses like lost wages and treatment costs, while non-economic damages reflect the emotional harm and pain you suffered. Both can be accounted for in a settlement.<\/p>\n<h2><span class=\"ez-toc-section\" id=\"why-you-should-hire-a-broken-bones-lawyer-in-santa-ana\"><\/span>Why You Should Hire a Broken Bones Lawyer in Santa Ana<span class=\"ez-toc-section-end\"><\/span><\/h2>\n<p>Anyone seeking compensation for a broken bone injury should take the time to research and hire a broken bones lawyer. California\u2019s broken bone injury laws place the burden on claimants to prove their case. A Santa Ana broken bones attorney can gather evidence and pursue a fair settlement while you recover. Their understanding of broken bone injury laws and the legal process can make sure that your broken bones claim leads to full and fair compensation.<\/p>\n<h2><span class=\"ez-toc-section\" id=\"contact-an-experienced-injury-law-firm-today\"><\/span>P\u00f3ngase en contacto hoy mismo con un bufete de abogados especializado en lesiones<span class=\"ez-toc-section-end\"><\/span><\/h2>\n<p>If you were injured in Santa Ana due to someone else\u2019s negligence or wrongful acts, Bentley &amp; More LLP is here to help. We take the time to learn about our clients\u2019 struggles because our relationships with the people we represent matter. Don\u2019t risk your financial future on unproven legal representation.<a href=\"https:\/\/www.bentleymore.com\/es\/contactenos\/\"> P\u00f3ngase en contacto con nuestra oficina hoy mismo<\/a> to schedule your initial consultation so you can gain the high-quality legal representation your case deserves.<\/p>\n<p style=\"text-align: center;\"><a class=\"onsite-btn\" href=\"\/es\/contactenos\/\" target=\"_self\" rel=\"noopener nofollow\">Programa una consulta gratuita<\/a><\/p>\n<hr \/>\n<h2><span class=\"ez-toc-section\" id=\"client-testimonials\"><\/span>Testimonios de clientes<span class=\"ez-toc-section-end\"><\/span><\/h2>\n<p>\u201cNo puedo agradecer lo suficiente a Bentley &amp; More, especialmente a Steve. Tras el fallecimiento de mi pap\u00e1 en un accidente automovil\u00edstico, consiguieron un acuerdo por el que estamos muy agradecidos. Desde el principio, se aseguraron de que estuvi\u00e9ramos bien atendidos, encarg\u00e1ndose de todo para que no tuvi\u00e9ramos que preocuparnos. Steve hizo mucho m\u00e1s de lo que se esperaba de \u00e9l, siempre estuvo ah\u00ed cuando necesit\u00e1bamos apoyo, y fue un gran alivio saber que est\u00e1bamos en buenas manos. Si est\u00e1s buscando un bufete que realmente se preocupe, Bentley &amp; More es el indicado. \u00a1Los recomiendo mucho!\u201d \u2013 Kevin Jim\u00e9nez \u2b50\u2b50\u2b50\u2b50\u2b50<\/p>\n<p><a href=\"https:\/\/maps.app.goo.gl\/Auwj9YKEZ2uSygiV9\" target=\"_blank\" rel=\"noopener nofollow\">Opiniones de Google<\/a>.<\/p>\n<hr \/>\n<h3>Oficina de Bentley &amp; More LLP<\/h3>\n<p>Direcci\u00f3n: 4931 Birch Street Newport Beach, CA 92660<br \/>\nTel\u00e9fono: <a href=\"tel:949-870-3800\">(949) 870-3800<\/a><\/p>\n<p><iframe loading=\"lazy\" style=\"border: 0;\" src=\"https:\/\/www.google.com\/maps\/embed?pb=!1m18!1m12!1m3!1d3441.670740215625!2d-117.8590126!3d33.667345!2m3!1f0!2f0!3f0!3m2!1i1024!2i768!4f13.1!3m3!1m2!1s0x80dcde86c65bdfad%3A0xd60a2dad4b7224b0!2sBentley%20%26%20More%20LLP!5e1!3m2!1sen!2sni!4v1759352169624!5m2!1sen!2sni\" width=\"600\" height=\"450\" allowfullscreen=\"allowfullscreen\"><\/iframe><\/p>","protected":false},"excerpt":{"rendered":"<p>Broken Bones Attorney in Santa Ana, CA Broken bones may be one of the more common types of injuries in California, but that doesn\u2019t mean they are not serious forms of harm that can lead to missed time from work and impaired mobility. When broken bones result from someone\u2019s negligence or wrongful acts, the injured&#8230; <a href=\"https:\/\/www.bentleymore.com\/es\/santa-ana-broken-bones-lawyer\/\">Leer m\u00e1s<\/a><\/p>","protected":false},"author":7,"featured_media":0,"parent":0,"menu_order":0,"comment_status":"closed","ping_status":"closed","template":"template-location.php","meta":{"_acf_changed":false,"footnotes":""},"class_list":["post-7917","page","type-page","status-publish","hentry"],"acf":[],"yoast_head":"<!-- This site is optimized with the Yoast SEO Premium plugin v26.7 (Yoast SEO v27.4) - https:\/\/yoast.com\/product\/yoast-seo-premium-wordpress\/ -->\n<title>Santa Ana Broken Bones Lawyer - Free Consultation<\/title>\n<meta name=\"robots\" content=\"index, follow, max-snippet:-1, max-image-preview:large, max-video-preview:-1\" \/>\n<link rel=\"canonical\" href=\"https:\/\/www.bentleymore.com\/es\/santa-ana-broken-bones-lawyer\/\" \/>\n<meta property=\"og:locale\" content=\"es_MX\" \/>\n<meta property=\"og:type\" content=\"article\" \/>\n<meta property=\"og:title\" content=\"Orange County Car Accident Lawyer | Bentley &amp; More LLP\" \/>\n<meta property=\"og:description\" content=\"Experienced car accident lawyers helping you get maximum compensation for injuries, damages, and losses. Free consultation.\" \/>\n<meta property=\"og:url\" content=\"https:\/\/www.bentleymore.com\/es\/santa-ana-broken-bones-lawyer\/\" \/>\n<meta property=\"og:site_name\" content=\"Bentley &amp; More LLP\" \/>\n<meta property=\"article:publisher\" content=\"https:\/\/www.facebook.com\/BentleyMoreLLP\/\" \/>\n<meta property=\"article:modified_time\" content=\"2026-04-23T12:06:31+00:00\" \/>\n<meta property=\"og:image\" content=\"https:\/\/www.bentleymore.com\/wp-content\/uploads\/2026\/04\/santa-ana-broken-bones-lawyer.webp\" \/>\n\t<meta property=\"og:image:width\" content=\"1200\" \/>\n\t<meta property=\"og:image:height\" content=\"600\" \/>\n\t<meta property=\"og:image:type\" content=\"image\/webp\" \/>\n<meta name=\"twitter:card\" content=\"summary_large_image\" \/>\n<meta name=\"twitter:title\" content=\"Santa Ana Broken Bones Lawyer\" \/>\n<meta name=\"twitter:site\" content=\"@bentleymore\" \/>\n<meta name=\"twitter:label1\" content=\"Tiempo de lectura\" \/>\n\t<meta name=\"twitter:data1\" content=\"4 minutos\" \/>\n<script type=\"application\/ld+json\" class=\"yoast-schema-graph\">{\"@context\":\"https:\\\/\\\/schema.org\",\"@graph\":[{\"@type\":\"WebPage\",\"@id\":\"https:\\\/\\\/www.bentleymore.com\\\/santa-ana-broken-bones-lawyer\\\/\",\"url\":\"https:\\\/\\\/www.bentleymore.com\\\/santa-ana-broken-bones-lawyer\\\/\",\"name\":\"Santa Ana Broken Bones Lawyer - Free Consultation\",\"isPartOf\":{\"@id\":\"https:\\\/\\\/www.bentleymore.com\\\/#website\"},\"primaryImageOfPage\":{\"@id\":\"https:\\\/\\\/www.bentleymore.com\\\/santa-ana-broken-bones-lawyer\\\/#primaryimage\"},\"image\":{\"@id\":\"https:\\\/\\\/www.bentleymore.com\\\/santa-ana-broken-bones-lawyer\\\/#primaryimage\"},\"thumbnailUrl\":\"https:\\\/\\\/www.bentleymore.com\\\/wp-content\\\/uploads\\\/2026\\\/04\\\/santa-ana-broken-bones-lawyer.webp\",\"datePublished\":\"2026-04-23T10:19:06+00:00\",\"dateModified\":\"2026-04-23T12:06:31+00:00\",\"breadcrumb\":{\"@id\":\"https:\\\/\\\/www.bentleymore.com\\\/santa-ana-broken-bones-lawyer\\\/#breadcrumb\"},\"inLanguage\":\"es\",\"potentialAction\":[{\"@type\":\"ReadAction\",\"target\":[\"https:\\\/\\\/www.bentleymore.com\\\/santa-ana-broken-bones-lawyer\\\/\"]}]},{\"@type\":\"ImageObject\",\"inLanguage\":\"es\",\"@id\":\"https:\\\/\\\/www.bentleymore.com\\\/santa-ana-broken-bones-lawyer\\\/#primaryimage\",\"url\":\"https:\\\/\\\/www.bentleymore.com\\\/wp-content\\\/uploads\\\/2026\\\/04\\\/santa-ana-broken-bones-lawyer.webp\",\"contentUrl\":\"https:\\\/\\\/www.bentleymore.com\\\/wp-content\\\/uploads\\\/2026\\\/04\\\/santa-ana-broken-bones-lawyer.webp\"},{\"@type\":\"BreadcrumbList\",\"@id\":\"https:\\\/\\\/www.bentleymore.com\\\/santa-ana-broken-bones-lawyer\\\/#breadcrumb\",\"itemListElement\":[{\"@type\":\"ListItem\",\"position\":1,\"name\":\"Home\",\"item\":\"https:\\\/\\\/www.bentleymore.com\\\/\"},{\"@type\":\"ListItem\",\"position\":2,\"name\":\"Santa Ana Broken Bones Lawyer\"}]},{\"@type\":\"WebSite\",\"@id\":\"https:\\\/\\\/www.bentleymore.com\\\/#website\",\"url\":\"https:\\\/\\\/www.bentleymore.com\\\/\",\"name\":\"Bentley & More LLP\",\"description\":\"Real Trial Lawyers\",\"publisher\":{\"@id\":\"https:\\\/\\\/www.bentleymore.com\\\/#organization\"},\"alternateName\":\"Bentley & More\",\"potentialAction\":[{\"@type\":\"SearchAction\",\"target\":{\"@type\":\"EntryPoint\",\"urlTemplate\":\"https:\\\/\\\/www.bentleymore.com\\\/?s={search_term_string}\"},\"query-input\":{\"@type\":\"PropertyValueSpecification\",\"valueRequired\":true,\"valueName\":\"search_term_string\"}}],\"inLanguage\":\"es\"},{\"@type\":\"Organization\",\"@id\":\"https:\\\/\\\/www.bentleymore.com\\\/#organization\",\"name\":\"Bentley & More LLP\",\"alternateName\":\"Bentley & More\",\"url\":\"https:\\\/\\\/www.bentleymore.com\\\/\",\"logo\":{\"@type\":\"ImageObject\",\"inLanguage\":\"es\",\"@id\":\"https:\\\/\\\/www.bentleymore.com\\\/#\\\/schema\\\/logo\\\/image\\\/\",\"url\":\"https:\\\/\\\/www.bentleymore.com\\\/wp-content\\\/uploads\\\/2023\\\/04\\\/logo.png\",\"contentUrl\":\"https:\\\/\\\/www.bentleymore.com\\\/wp-content\\\/uploads\\\/2023\\\/04\\\/logo.png\",\"width\":462,\"height\":109,\"caption\":\"Bentley & More LLP\"},\"image\":{\"@id\":\"https:\\\/\\\/www.bentleymore.com\\\/#\\\/schema\\\/logo\\\/image\\\/\"},\"sameAs\":[\"https:\\\/\\\/www.facebook.com\\\/BentleyMoreLLP\\\/\",\"https:\\\/\\\/x.com\\\/bentleymore\",\"https:\\\/\\\/www.instagram.com\\\/bentleyandmorellp\\\/\",\"https:\\\/\\\/www.yelp.com\\\/biz\\\/bentley-and-more-irvine\",\"https:\\\/\\\/www.linkedin.com\\\/company\\\/bentley-&-more-llp\\\/\",\"https:\\\/\\\/maps.app.goo.gl\\\/RZrMqUo474ugpWBRA\",\"https:\\\/\\\/www.bestlawyers.com\\\/firms\\\/bentley-more-llp\\\/75461\\\/US\",\"https:\\\/\\\/www.orangecountylawyers.com\\\/attorneys\\\/bentley-more-llp\\\/\",\"https:\\\/\\\/profiles.superlawyers.com\\\/california\\\/newport-beach\\\/lawfirm\\\/bentley-and-more-llp\\\/ce1e2f49-0a84-468f-bc17-eade2a364682.html\",\"https:\\\/\\\/uphelp.org\\\/sponsors\\\/bentley-more-llp\\\/\",\"https:\\\/\\\/law.usnews.com\\\/law-firms\\\/bentley-&-more-llp-160536\",\"https:\\\/\\\/www.martindale.com\\\/organization\\\/bentley-more-llp-158828293\\\/newport-beach-california-161028413-f\\\/\",\"https:\\\/\\\/lawyers.findlaw.com\\\/profile\\\/lawfirm\\\/bentley--more-llp\\\/ca\\\/newport-beach\\\/NTAwMzkxM18x\",\"https:\\\/\\\/www.bestlawfirms.com\\\/firms\\\/bentley-more-llp\\\/75461\\\/US\",\"https:\\\/\\\/natlawreview.com\\\/organization\\\/bentley-more-llp\",\"https:\\\/\\\/bentley-more-llp.wheree.com\\\/\",\"https:\\\/\\\/www.callupcontact.com\\\/b\\\/businessprofile\\\/Bentley_amp_More_LLP\\\/9968345\"],\"telephone\":\"+19498703800\",\"legalName\":\"Bentley & More LLP\"}]}<\/script>\n<!-- \/ Yoast SEO Premium plugin. -->","yoast_head_json":{"title":"Santa Ana Broken Bones Lawyer - Free Consultation","robots":{"index":"index","follow":"follow","max-snippet":"max-snippet:-1","max-image-preview":"max-image-preview:large","max-video-preview":"max-video-preview:-1"},"canonical":"https:\/\/www.bentleymore.com\/es\/santa-ana-broken-bones-lawyer\/","og_locale":"es_MX","og_type":"article","og_title":"Orange County Car Accident Lawyer | Bentley & More LLP","og_description":"Experienced car accident lawyers helping you get maximum compensation for injuries, damages, and losses. Free consultation.","og_url":"https:\/\/www.bentleymore.com\/es\/santa-ana-broken-bones-lawyer\/","og_site_name":"Bentley &amp; More LLP","article_publisher":"https:\/\/www.facebook.com\/BentleyMoreLLP\/","article_modified_time":"2026-04-23T12:06:31+00:00","og_image":[{"width":1200,"height":600,"url":"https:\/\/www.bentleymore.com\/wp-content\/uploads\/2026\/04\/santa-ana-broken-bones-lawyer.webp","type":"image\/webp"}],"twitter_card":"summary_large_image","twitter_title":"Santa Ana Broken Bones Lawyer","twitter_site":"@bentleymore","twitter_misc":{"Tiempo de lectura":"4 minutos"},"schema":{"@context":"https:\/\/schema.org","@graph":[{"@type":"WebPage","@id":"https:\/\/www.bentleymore.com\/santa-ana-broken-bones-lawyer\/","url":"https:\/\/www.bentleymore.com\/santa-ana-broken-bones-lawyer\/","name":"Santa Ana Broken Bones Lawyer - Free Consultation","isPartOf":{"@id":"https:\/\/www.bentleymore.com\/#website"},"primaryImageOfPage":{"@id":"https:\/\/www.bentleymore.com\/santa-ana-broken-bones-lawyer\/#primaryimage"},"image":{"@id":"https:\/\/www.bentleymore.com\/santa-ana-broken-bones-lawyer\/#primaryimage"},"thumbnailUrl":"https:\/\/www.bentleymore.com\/wp-content\/uploads\/2026\/04\/santa-ana-broken-bones-lawyer.webp","datePublished":"2026-04-23T10:19:06+00:00","dateModified":"2026-04-23T12:06:31+00:00","breadcrumb":{"@id":"https:\/\/www.bentleymore.com\/santa-ana-broken-bones-lawyer\/#breadcrumb"},"inLanguage":"es","potentialAction":[{"@type":"ReadAction","target":["https:\/\/www.bentleymore.com\/santa-ana-broken-bones-lawyer\/"]}]},{"@type":"ImageObject","inLanguage":"es","@id":"https:\/\/www.bentleymore.com\/santa-ana-broken-bones-lawyer\/#primaryimage","url":"https:\/\/www.bentleymore.com\/wp-content\/uploads\/2026\/04\/santa-ana-broken-bones-lawyer.webp","contentUrl":"https:\/\/www.bentleymore.com\/wp-content\/uploads\/2026\/04\/santa-ana-broken-bones-lawyer.webp"},{"@type":"BreadcrumbList","@id":"https:\/\/www.bentleymore.com\/santa-ana-broken-bones-lawyer\/#breadcrumb","itemListElement":[{"@type":"ListItem","position":1,"name":"Home","item":"https:\/\/www.bentleymore.com\/"},{"@type":"ListItem","position":2,"name":"Santa Ana Broken Bones Lawyer"}]},{"@type":"WebSite","@id":"https:\/\/www.bentleymore.com\/#website","url":"https:\/\/www.bentleymore.com\/","name":"Bentley &amp; More LLP","description":"Abogados litigantes de verdad","publisher":{"@id":"https:\/\/www.bentleymore.com\/#organization"},"alternateName":"Bentley & More","potentialAction":[{"@type":"SearchAction","target":{"@type":"EntryPoint","urlTemplate":"https:\/\/www.bentleymore.com\/?s={search_term_string}"},"query-input":{"@type":"PropertyValueSpecification","valueRequired":true,"valueName":"search_term_string"}}],"inLanguage":"es"},{"@type":"Organization","@id":"https:\/\/www.bentleymore.com\/#organization","name":"Bentley &amp; More LLP","alternateName":"Bentley & More","url":"https:\/\/www.bentleymore.com\/","logo":{"@type":"ImageObject","inLanguage":"es","@id":"https:\/\/www.bentleymore.com\/#\/schema\/logo\/image\/","url":"https:\/\/www.bentleymore.com\/wp-content\/uploads\/2023\/04\/logo.png","contentUrl":"https:\/\/www.bentleymore.com\/wp-content\/uploads\/2023\/04\/logo.png","width":462,"height":109,"caption":"Bentley & More LLP"},"image":{"@id":"https:\/\/www.bentleymore.com\/#\/schema\/logo\/image\/"},"sameAs":["https:\/\/www.facebook.com\/BentleyMoreLLP\/","https:\/\/x.com\/bentleymore","https:\/\/www.instagram.com\/bentleyandmorellp\/","https:\/\/www.yelp.com\/biz\/bentley-and-more-irvine","https:\/\/www.linkedin.com\/company\/bentley-&-more-llp\/","https:\/\/maps.app.goo.gl\/RZrMqUo474ugpWBRA","https:\/\/www.bestlawyers.com\/firms\/bentley-more-llp\/75461\/US","https:\/\/www.orangecountylawyers.com\/attorneys\/bentley-more-llp\/","https:\/\/profiles.superlawyers.com\/california\/newport-beach\/lawfirm\/bentley-and-more-llp\/ce1e2f49-0a84-468f-bc17-eade2a364682.html","https:\/\/uphelp.org\/sponsors\/bentley-more-llp\/","https:\/\/law.usnews.com\/law-firms\/bentley-&-more-llp-160536","https:\/\/www.martindale.com\/organization\/bentley-more-llp-158828293\/newport-beach-california-161028413-f\/","https:\/\/lawyers.findlaw.com\/profile\/lawfirm\/bentley--more-llp\/ca\/newport-beach\/NTAwMzkxM18x","https:\/\/www.bestlawfirms.com\/firms\/bentley-more-llp\/75461\/US","https:\/\/natlawreview.com\/organization\/bentley-more-llp","https:\/\/bentley-more-llp.wheree.com\/","https:\/\/www.callupcontact.com\/b\/businessprofile\/Bentley_amp_More_LLP\/9968345"],"telephone":"+19498703800","legalName":"Bentley & More LLP"}]}},"_links":{"self":[{"href":"https:\/\/www.bentleymore.com\/es\/wp-json\/wp\/v2\/pages\/7917","targetHints":{"allow":["GET"]}}],"collection":[{"href":"https:\/\/www.bentleymore.com\/es\/wp-json\/wp\/v2\/pages"}],"about":[{"href":"https:\/\/www.bentleymore.com\/es\/wp-json\/wp\/v2\/types\/page"}],"author":[{"embeddable":true,"href":"https:\/\/www.bentleymore.com\/es\/wp-json\/wp\/v2\/users\/7"}],"replies":[{"embeddable":true,"href":"https:\/\/www.bentleymore.com\/es\/wp-json\/wp\/v2\/comments?post=7917"}],"version-history":[{"count":8,"href":"https:\/\/www.bentleymore.com\/es\/wp-json\/wp\/v2\/pages\/7917\/revisions"}],"predecessor-version":[{"id":8271,"href":"https:\/\/www.bentleymore.com\/es\/wp-json\/wp\/v2\/pages\/7917\/revisions\/8271"}],"wp:attachment":[{"href":"https:\/\/www.bentleymore.com\/es\/wp-json\/wp\/v2\/media?parent=7917"}],"curies":[{"name":"wp","href":"https:\/\/api.w.org\/{rel}","templated":true}]}}